{"id":904,"date":"2017-02-15T20:39:01","date_gmt":"2017-02-15T22:39:01","guid":{"rendered":"https:\/\/comoaprenderjapones.net\/?page_id=904"},"modified":"2022-09-05T15:01:47","modified_gmt":"2022-09-05T18:01:47","slug":"metoda-fanusikovskeho-umenia","status":"publish","type":"page","link":"https:\/\/comoaprenderjapones.net\/sk\/metodo-fan-art\/","title":{"rendered":"Met\u00f3da Fan Art 3.0 - Ako kresli\u0165 postavy z anime"},"content":{"rendered":"<div class=\"42f50e0ef69d15b5aee26f1ed3eeb18c\" data-index=\"2\" style=\"float: none; margin:0px;\">\n<script async src=\"https:\/\/pagead2.googlesyndication.com\/pagead\/js\/adsbygoogle.js?client=ca-pub-0652292147574552\"\r\n     crossorigin=\"anonymous\"><\/script>\r\n<!-- Ads responsivo Inicio Post CAJap -->\r\n<ins class=\"adsbygoogle\"\r\n     style=\"display:block\"\r\n     data-ad-client=\"ca-pub-0652292147574552\"\r\n     data-ad-slot=\"3298668993\"\r\n     data-ad-format=\"auto\"><\/ins>\r\n<script>\r\n     (adsbygoogle = window.adsbygoogle || []).push({});\r\n<\/script>\n<\/div>\n\n<div class=\"addthis_inline_share_toolbox\"><\/div>\n\n\n\n<p><em>Nau\u010dte sa, ako <strong>ako kresli\u0165 anime postavy<\/strong> aj bez postupn\u00e9ho \"daru\" <strong>met\u00f3da fan art 3.0 <\/strong>vytvoril<strong> <\/strong>Mayara Rodrigues.\u00a0<\/em><\/p>\n\n\n\n<p>Ka\u017ed\u00fd, kto m\u00e1 r\u00e1d japonsk\u00fa kult\u00faru, najm\u00e4 anime a mangu, bol zvedav\u00fd, \u010di je mo\u017en\u00e9 nau\u010di\u0165 sa kresli\u0165 svoju ob\u013e\u00faben\u00fa postavi\u010dku, aj ke\u010f nem\u00e1 z\u00e1\u013eubu, \"dar\" kresli\u0165.<\/p>\n\n\n\n<p>Ve\u013ek\u00fdm probl\u00e9mom je, \u017ee bez dobrej met\u00f3dy alebo niekoho, kto v\u00e1s to m\u00f4\u017ee nau\u010di\u0165 praktick\u00fdm sp\u00f4sobom, je \u0165a\u017ek\u00e9 nau\u010di\u0165 sa to s\u00e1m.<\/p>\n\n\n\n\n\n\n<p>Pr\u00e1ve s t\u00fdmto z\u00e1merom <a href=\"https:\/\/comoaprenderjapones.net\/sk\/in\/conheca-o-metodo-fan-art\/\" target=\"_blank\" rel=\"noopener\">Mayara sa rozhodla vytvori\u0165 jednoduch\u00fa met\u00f3du<\/a>Je praktick\u00e1 a zameriava sa na to, \u010do je skuto\u010dne d\u00f4le\u017eit\u00e9.<\/p>\n\n\n\n<h2 class=\"wp-block-heading\">\u010co je to fan\u00fa\u0161ikovsk\u00e9 umenie?<\/h2>\n\n\n\n<p>Viete. <strong>\u010do je to fan\u00fa\u0161ikovsk\u00e9 umenie<\/strong>? Ni\u017e\u0161ie n\u00e1jdete stru\u010dn\u00e9 vysvetlenie a potom sa dozviete viac o <a href=\"https:\/\/comoaprenderjapones.net\/sk\/metoda-fanusikovskeho-umenia\/\">Met\u00f3da Fan Art<\/a> ktor\u00fd je v Braz\u00edlii ve\u013emi popul\u00e1rny pre t\u00fdch, ktor\u00ed sa chc\u00fa nau\u010di\u0165 kresli\u0165 anime:<\/p>\n\n\n\n<blockquote class=\"wp-block-quote is-layout-flow wp-block-quote-is-layout-flow\"><p>Fanart, fan art alebo fan\u00fa\u0161ikovsk\u00e9 umenie je umeleck\u00e9 dielo zalo\u017een\u00e9 na postave, fantasy, predmete alebo zn\u00e1mom diele, ktor\u00e9 vytvorili fan\u00fa\u0161ikovia. Tento pojem sa m\u00f4\u017ee vz\u0165ahova\u0165 na fan\u00fa\u0161ikovsk\u00e9 umenie post\u00e1v z konkr\u00e9tnej knihy (kn\u00edh), ako aj na umenie poch\u00e1dzaj\u00face z vizu\u00e1lnych m\u00e9di\u00ed, ako s\u00fa komiksy, filmy a\/alebo videohry. Zvy\u010dajne sa vz\u0165ahuje na umeleck\u00e9 diela amat\u00e9rskych umelcov alebo umelcov, ktor\u00ed nie s\u00fa za svoju pr\u00e1cu platen\u00ed. Je to dielo vytvoren\u00e9 fan\u00fa\u0161ikmi na z\u00e1klade ich vlastnej predstavivosti o p\u00f4vodnom diele.<br \/>Zdroj:&nbsp;<a href=\"https:\/\/pt.wikipedia.org\/wiki\/Fanart\" target=\"_blank\" rel=\"noopener\">Wikipedia<\/a><\/p><\/blockquote>\n\n\n\n<p>Po\u010fme teraz zisti\u0165, \u010do tento kurz je v\u0161etko o, rovnako ako jeho tvorca a posudky od \u013eud\u00ed, ktor\u00ed ho vzali a schv\u00e1lil.<\/p>\n\n\n\n<h2 class=\"wp-block-heading\">\u010co je met\u00f3da Fan Art?<\/h2>\n\n\n\n<p>Met\u00f3da vytvoren\u00e1 s cie\u013eom nau\u010di\u0165 \u013eud\u00ed, ktor\u00ed sa chc\u00fa nau\u010di\u0165 kresli\u0165 svoje ob\u013e\u00faben\u00e9 anime postavy bez v\u00e4\u010d\u0161\u00edch probl\u00e9mov, v dobre vysvetlenom a didaktickom postupe krok za krokom.<\/p>\n\n\n\n<p>Nau\u010dte sa kresli\u0165 podobne, ako autor p\u00f4vodn\u00e9ho anime nakreslil postavu, ktor\u00fa vytvoril.<\/p>\n\n\n\n<h3 class=\"wp-block-heading\"><strong>Mayara Rodrigues tvorca<\/strong> kurzu<\/h3>\n\n\n<div class=\"wp-block-image\">\n<figure class=\"alignleft\"><a href=\"https:\/\/comoaprenderjapones.net\/sk\/in\/conheca-o-metodo-fan-art\/\" rel=\"nofollow noopener\"><img data-recalc-dims=\"1\" decoding=\"async\" width=\"300\" height=\"247\" src=\"https:\/\/i0.wp.com\/comoaprenderjapones.net\/wp-content\/uploads\/2018\/09\/Mayara-Rodrigues.png?resize=300%2C247&#038;ssl=1\" alt=\"Mayara Rodrigues tvorky\u0148a met\u00f3dy Fan Art\" class=\"wp-image-2430\" srcset=\"https:\/\/i0.wp.com\/comoaprenderjapones.net\/wp-content\/uploads\/2018\/09\/Mayara-Rodrigues.png?resize=300%2C247&amp;ssl=1 300w, https:\/\/i0.wp.com\/comoaprenderjapones.net\/wp-content\/uploads\/2018\/09\/Mayara-Rodrigues.png?w=543&amp;ssl=1 543w\" sizes=\"(max-width: 300px) 100vw, 300px\" \/><\/a><figcaption><strong>Mayara Rodrigues<\/strong> tvorca met\u00f3dy Fan Art<\/figcaption><\/figure>\n<\/div>\n\n\n<p><strong>Mayara Rodrigues<\/strong>Ako mnoh\u00ed Braz\u00edl\u010dania, aj on sa za\u010dal zauj\u00edma\u0165 o anime a jeho najob\u013e\u00fabenej\u0161\u00edm bol Digimon, \u010do v \u0148om vyvolalo t\u00fa\u017ebu nau\u010di\u0165 sa kresli\u0165 svoje ob\u013e\u00faben\u00e9 postavi\u010dky.<\/p>\n\n\n\n<p>Ve\u013ek\u00fdm probl\u00e9mom bolo, \u017ee ke\u010f sa pok\u00fa\u0161ala kresli\u0165, nerobila ve\u013ek\u00e9 pokroky a kurz kreslenia nebol ve\u013emi lacn\u00fd ani bl\u00edzko jej domova.<\/p>\n\n\n\n<p>Potom si za\u010dala kupova\u0165 \u010dasopisy, v ktor\u00fdch sa vyu\u010dovalo kreslenie, zvy\u010dajne japonsk\u00fdmi met\u00f3dami.<\/p>\n\n\n\n<p>Po dlhom b\u00e1dan\u00ed a\u017e po dlhom \u010dase, po mnoh\u00fdch rokoch, skuto\u010dne pochopila, ako kresli\u0165 anime.<\/p>\n\n\n\n<p class=\"has-text-align-center\"><a class=\"fasc-button fasc-size-large fasc-type-popout fasc-rounded-medium ico-fa fasc-ico-before fa-youtube-play\" style=\"background-color: #cc2f1a; color: #ffffff;\" target=\"_blank\" rel=\"nofollow noopener\" href=\"https:\/\/comoaprenderjapones.net\/sk\/in\/conheca-historia-da-mayara-rodrigues\/\">Viac o jeho pr\u00edbehu sa dozviete kliknut\u00edm sem!<\/a><\/p>\n\n\n\n<h3 class=\"wp-block-heading\">\u010co je obsahom met\u00f3dy Fan Art?<\/h3>\n\n\n\n<p>Kurz sa nezdr\u017eiava, preto\u017ee ide priamo k veci. Sta\u010d\u00ed sa pozrie\u0165 na t\u00e9my, ktor\u00e9 s\u00fa zahrnut\u00e9 v online kurze <strong>met\u00f3da fan art 3.0<\/strong> m\u00e1:<\/p>\n\n\n\n<ol class=\"wp-block-list\"><li>Anal\u00fdza obrazu<\/li><li>Techniky skicovania<\/li><li>Anat\u00f3mia tv\u00e1re + vari\u00e1cie uhlov<\/li><li>Anat\u00f3mia tela a pohyby<\/li><li>Tajomstvo tvorby anime\/manga vlasov...<\/li><li>Dokonal\u00e9 ruky a nohy va\u0161ej postavy...<\/li><li>Kreslenie oble\u010denia post\u00e1v<\/li><li>Dokon\u010denie kresieb perom<\/li><li>\u00davod do ma\u013eovania + Svetlo a tie\u0148<\/li><\/ol>\n\n\n\n<h3 class=\"wp-block-heading\">Bonusy pre Fan Art Method 3.0<\/h3>\n\n\n\n<p>A tie\u017e ako zvyky <strong>+ 5 bonusov<\/strong> na \u010fal\u0161ie vylep\u0161enie va\u0161ich n\u00e1vrhov:<\/p>\n\n\n\n<ul class=\"wp-block-list\"><li>Tajomstvo kreslenia o\u010d\u00ed<\/li><li>Vykurovanie a sledovanie<\/li><li>Pou\u017e\u00edvanie v\u0161etk\u00fdch modulov kurzu v jednom v\u00fdkrese<\/li><li>Pr\u00edstup do exkluz\u00edvnej skupiny \u0161tudentov<\/li><li>Osved\u010denie o absolvovan\u00ed<\/li><\/ul>\n\n\n<div class=\"wp-block-image\">\n<figure class=\"aligncenter\"><img data-recalc-dims=\"1\" decoding=\"async\" width=\"900\" height=\"475\" src=\"https:\/\/i0.wp.com\/comoaprenderjapones.net\/wp-content\/uploads\/2017\/02\/Area_de_Membros_Metodo_fan_art.jpg?resize=900%2C475&#038;ssl=1\" alt=\"\u010clensk\u00e1 oblas\u0165 Met\u00f3da fan\u00fa\u0161ikovsk\u00e9ho umenia\" class=\"wp-image-906\" srcset=\"https:\/\/i0.wp.com\/comoaprenderjapones.net\/wp-content\/uploads\/2017\/02\/Area_de_Membros_Metodo_fan_art.jpg?w=900&amp;ssl=1 900w, https:\/\/i0.wp.com\/comoaprenderjapones.net\/wp-content\/uploads\/2017\/02\/Area_de_Membros_Metodo_fan_art.jpg?resize=300%2C158&amp;ssl=1 300w, https:\/\/i0.wp.com\/comoaprenderjapones.net\/wp-content\/uploads\/2017\/02\/Area_de_Membros_Metodo_fan_art.jpg?resize=768%2C405&amp;ssl=1 768w\" sizes=\"(max-width: 900px) 100vw, 900px\" \/><\/figure>\n<\/div>\n\n\n<p>K dispoz\u00edcii budete ma\u0165 aj uzavret\u00fa skupinu na Facebooku, v ktorej m\u00f4\u017eete autorovi kurzu polo\u017ei\u0165 ak\u00e9ko\u013evek ot\u00e1zky.<\/p>\n\n\n\n<p>Samozrejme, z\u00e1zrak neexistuje, ale ur\u010dite sa nau\u010d\u00edte od t\u00fdch, ktor\u00ed sa v tejto oblasti vyznaj\u00fa, ke\u010f budete cvi\u010di\u0165 ka\u017ed\u00fd de\u0148 a uvid\u00edte, ako r\u00fdchlo napredujete.<\/p>\n\n\n\n<h2 class=\"wp-block-heading\">Budem sa u\u010di\u0165 kresli\u0165 anime postavy?<\/h2>\n\n\n\n<p>Pre t\u00fdch z v\u00e1s, ktor\u00ed sa chc\u00fa nau\u010di\u0165 kresli\u0165 anime postavy jednoduch\u00fdm a priamo\u010diarym sp\u00f4sobom, je ur\u010den\u00fd <strong>met\u00f3da fan art funguje<\/strong> a je pre v\u00e1s ide\u00e1lny!<\/p>\n\n\n\n<p>Pozrite si Mayarov\u00fdch \u0161tudentov, ktor\u00ed u\u017e dosahuj\u00fa vynikaj\u00face v\u00fdsledky a plnia si svoj sen nau\u010di\u0165 sa kresli\u0165 svoje ob\u013e\u00faben\u00e9 anime postavy.<\/p>\n\n\n\n<h3 class=\"wp-block-heading\">Svedectv\u00e1 \u0161tudentov<\/h3>\n\n\n\n<p>Pozrite si posudky od svojich \u0161tudentov, ktor\u00ed s\u00fa \u0161\u0165astn\u00ed, \u017ee nakreslili svoje ob\u013e\u00faben\u00e9 anime postavi\u010dky:<br \/><\/p>\n\n\n<div class=\"message_box announce\"><p><\/p>\n<blockquote><p>Gratulujem ku kurzu Mayara, mysl\u00edm, \u017ee to bolo ve\u013emi dobr\u00e9. U\u017e som ho odporu\u010dila nieko\u013ek\u00fdm priate\u013eom, stoj\u00ed to za to. Ve\u013emi priamo\u010diary, som u\u017e na 4. module a rozdiel je absurdn\u00fd oproti mojim star\u00fdm kresb\u00e1m a teraz, ka\u017ed\u00fdm d\u0148om sa zlep\u0161ujem. Gratulujem a prajem ve\u013ea \u00faspechov. Bjs<\/p>\n<p><strong>Jo\u00e3o Gabriel Alvarenga<\/strong><\/p><\/blockquote>\n<p><\/p><\/div>\n\n\n<div class=\"message_box announce\"><p><\/p>\n<blockquote><p>Kedysi som sa zbl\u00e1znil, ke\u010f som chcel nakresli\u0165 Erena Yeagera!!! U\u017e som si ho trochu prekop\u00edrovala, ale dnes som ho nakreslila bez toho, aby som sa na\u0148ho pozrela!!! Pod\u013ea v\u0161etk\u00e9ho, \u010do ste u\u010dili v kurze!!!<br \/>\nTooo \u0161\u0165astn\u00fd dmais, idem urobi\u0165 plag\u00e1t \u010doskoro da\u0165 tu v mojej izbe hehehe!!! V\u010faka Mayy, tvoj kurz je \u00fa\u017easn\u00fd!!!<\/p>\n<p><strong>Marcos Vinicius Viana<\/strong><\/p><\/blockquote>\n<p><\/p><\/div>\n\n\n\n<p>Pozrite si tie\u017e svedectv\u00e1 o v\u00fdsledkoch, ktor\u00e9 va\u0161i \u0161tudenti dosiahli pri zobrazen\u00ed svojich kresieb ni\u017e\u0161ie:<br \/><\/p>\n\n\n<div class=\"tab_widget wp_shortcodes_tabs\"><ul class=\"wps_tabs\"><li><a href=\"#\" data-tab=\"tab-0-depoimento-jonathan\">Jonathanovo svedectvo<\/a><\/li><li><a href=\"#\" data-tab=\"tab-1-depoimento-adson\">Adson testimonial<\/a><\/li><li><a href=\"#\" data-tab=\"tab-2-depoimento-mika\">Svedectvo Mika<\/a><\/li><\/ul><div class=\"tab_container\"><div id=\"tab-0-depoimento-jonathan\" class=\"tab_content clearfix\"><img data-recalc-dims=\"1\" decoding=\"async\" class=\"size-full wp-image-909 aligncenter\" src=\"https:\/\/i0.wp.com\/comoaprenderjapones.net\/wp-content\/uploads\/2017\/02\/Metodo_fan_art_desenho_aluno-7.jpg?resize=509%2C626&#038;ssl=1\" alt=\"\" width=\"509\" height=\"626\" srcset=\"https:\/\/i0.wp.com\/comoaprenderjapones.net\/wp-content\/uploads\/2017\/02\/Metodo_fan_art_desenho_aluno-7.jpg?w=509&amp;ssl=1 509w, https:\/\/i0.wp.com\/comoaprenderjapones.net\/wp-content\/uploads\/2017\/02\/Metodo_fan_art_desenho_aluno-7.jpg?resize=244%2C300&amp;ssl=1 244w\" sizes=\"(max-width: 509px) 100vw, 509px\" \/>Jonathanove svedectvo o met\u00f3de fan\u00fa\u0161ikovsk\u00e9ho umenia<\/div><div id=\"tab-1-depoimento-adson\" class=\"tab_content clearfix\"><img data-recalc-dims=\"1\" decoding=\"async\" class=\"size-full wp-image-910 aligncenter\" src=\"https:\/\/i0.wp.com\/comoaprenderjapones.net\/wp-content\/uploads\/2017\/02\/Metodo_fan_art_desenhoaluno7.jpg?resize=495%2C515&#038;ssl=1\" alt=\"\" width=\"495\" height=\"515\" srcset=\"https:\/\/i0.wp.com\/comoaprenderjapones.net\/wp-content\/uploads\/2017\/02\/Metodo_fan_art_desenhoaluno7.jpg?w=495&amp;ssl=1 495w, https:\/\/i0.wp.com\/comoaprenderjapones.net\/wp-content\/uploads\/2017\/02\/Metodo_fan_art_desenhoaluno7.jpg?resize=288%2C300&amp;ssl=1 288w\" sizes=\"(max-width: 495px) 100vw, 495px\" \/>Svedectvo Adsona o met\u00f3de fanartu<\/div><div id=\"tab-2-depoimento-mika\" class=\"tab_content clearfix\"><\/p>\n<p><img data-recalc-dims=\"1\" decoding=\"async\" class=\"size-full wp-image-914 aligncenter\" src=\"https:\/\/i0.wp.com\/comoaprenderjapones.net\/wp-content\/uploads\/2017\/02\/Metodo_Fan_Art_desenhoaluno5.jpg?resize=516%2C546&#038;ssl=1\" alt=\"\" width=\"516\" height=\"546\" srcset=\"https:\/\/i0.wp.com\/comoaprenderjapones.net\/wp-content\/uploads\/2017\/02\/Metodo_Fan_Art_desenhoaluno5.jpg?w=516&amp;ssl=1 516w, https:\/\/i0.wp.com\/comoaprenderjapones.net\/wp-content\/uploads\/2017\/02\/Metodo_Fan_Art_desenhoaluno5.jpg?resize=284%2C300&amp;ssl=1 284w\" sizes=\"(max-width: 516px) 100vw, 516px\" \/><\/p>\n<p>Mikovo svedectvo o met\u00f3de fan\u00fa\u0161ikovsk\u00e9ho umenia.<\/p>\n<p><\/div><\/div><\/div><div class=\"clear\"><\/div>\n\n\n\n<h2 class=\"wp-block-heading\">Funguje met\u00f3da Fan Art?<\/h2>\n\n\n\n<p>Rozhodne! Ak ste videli <a href=\"https:\/\/comoaprenderjapones.net\/sk\/metoda-fanusikovskeho-umenia\/#depoimentos-dos-alunos\">posudky \u0161tudentov<\/a> ste u\u017e pochopili, \u017ee Mayara Rodrigues vie, o \u010dom hovor\u00ed, a z\u00e1rove\u0148 pod\u00e1va jednoduch\u00fa a ve\u013emi didaktick\u00fa prezent\u00e1ciu.<\/p>\n\n\n\n<p>Budete sledova\u0165 videokurzy rozdelen\u00e9 do modulov, aby ste mohli napredova\u0165 a uplat\u0148ova\u0165 v praxi v\u0161etko, \u010do ste sa nau\u010dili, jednoducho a bez zbyto\u010dn\u00e9ho plytvania \u010dasom.<\/p>\n\n\n\n<p>Ste presved\u010den\u00ed, \u017ee aj ke\u010f ste nikdy predt\u00fdm nekreslili, m\u00f4\u017eete sa nau\u010di\u0165 techniky, aby ste mohli za\u010da\u0165 kresli\u0165 anime postavy praktick\u00fdm sp\u00f4sobom!<\/p>\n\n\n\n<p class=\"has-text-align-center\"><a class=\"fasc-button fasc-size-large fasc-type-glossy fasc-rounded-medium ico-fa fasc-ico-before fa-share-square-o\" style=\"background-color: #48aa3f; color: #ffffff;\" target=\"_blank\" rel=\"nofollow noopener\" href=\"https:\/\/comoaprenderjapones.net\/sk\/in\/conheca-o-metodo-fan-art\/\">Zistite TERAZ o met\u00f3de a pre\u010do je dnes tak\u00e1 popul\u00e1rna!<\/a><\/p>\n\n\n\n<h2 class=\"wp-block-heading\">\u010casto kladen\u00e9 ot\u00e1zky<\/h2>\n\n\n<div id=\"rank-math-faq\" class=\"rank-math-block\">\n<div class=\"rank-math-list\">\n<div id=\"faq-question-1662400697637\" class=\"rank-math-list-item\">\n<h3 class=\"rank-math-question\"><strong>Je tento kurz pre m\u0148a vhodn\u00fd?<\/strong><\/h3>\n<div class=\"rank-math-answer\">\n\n<p>Ak m\u00e1te 8, 16 alebo dokonca 40 rokov (bez oh\u013eadu na vek) a chcete sa nau\u010di\u0165 kresli\u0165 anime a manga postavy, potom je tento kurz ur\u010den\u00fd pr\u00e1ve v\u00e1m!<\/p>\n\n<\/div>\n<\/div>\n<div id=\"faq-question-1662400711600\" class=\"rank-math-list-item\">\n<h3 class=\"rank-math-question\"><strong>\u010co je s\u00fa\u010das\u0165ou met\u00f3dy Fan Art?<\/strong><\/h3>\n<div class=\"rank-math-answer\">\n\n<p>K dispoz\u00edcii je viac ako 35 video lekci\u00ed, audio nahr\u00e1vky a texty.<\/p>\n\n<\/div>\n<\/div>\n<div id=\"faq-question-1662400722590\" class=\"rank-math-list-item\">\n<h3 class=\"rank-math-question\"><strong>Ako dlho trv\u00e1 kurz?<\/strong><\/h3>\n<div class=\"rank-math-answer\">\n\n<p>Pr\u00edstup je do\u017eivotn\u00fd, t. j. na dobu neur\u010dit\u00fa.<\/p>\n\n<\/div>\n<\/div>\n<div id=\"faq-question-1662400736069\" class=\"rank-math-list-item\">\n<h3 class=\"rank-math-question\"><strong>M\u00f4\u017eem kurz zaplati\u0165 na spl\u00e1tky?<\/strong><\/h3>\n<div class=\"rank-math-answer\">\n\n<p>\u00c1no, kurz Fan Art Method 3.0 m\u00f4\u017eete zaplati\u0165 a\u017e v 10 spl\u00e1tkach na kreditn\u00fa kartu. Ak chcete, m\u00f4\u017eete dokonca pou\u017ei\u0165 2 kreditn\u00e9 karty.<\/p>\n\n<\/div>\n<\/div>\n<div id=\"faq-question-1662400747920\" class=\"rank-math-list-item\">\n<h3 class=\"rank-math-question\"><strong>Je bezpe\u010dn\u00e9 k\u00fapi\u0165 si met\u00f3du Fan Art?<\/strong><\/h3>\n<div class=\"rank-math-answer\">\n\n<p>\u00c1no.\u00a0<a href=\"https:\/\/comoaprenderjapones.net\/sk\/in\/comprar-metodo-fan-art-3-0-ck\/\" target=\"_blank\" rel=\"noreferrer noopener\">Platforma Hotmart na uskuto\u010dnenie platby<\/a>\u00a0\u010do je ve\u013emi bezpe\u010dn\u00e9.<\/p>\n\n<\/div>\n<\/div>\n<div id=\"faq-question-1662400768520\" class=\"rank-math-list-item\">\n<h3 class=\"rank-math-question\"><strong>Kde m\u00f4\u017eem polo\u017ei\u0165 ot\u00e1zky?<\/strong><\/h3>\n<div class=\"rank-math-answer\">\n\n<p>K dispoz\u00edcii je podpora Whatsapp, kde m\u00f4\u017eete kl\u00e1s\u0165 ot\u00e1zky.<\/p>\n\n<\/div>\n<\/div>\n<div id=\"faq-question-1662400782852\" class=\"rank-math-list-item\">\n<h3 class=\"rank-math-question\"><strong>Potrebujem nie\u010do na kurz?<\/strong><\/h3>\n<div class=\"rank-math-answer\">\n\n<p>V kurze sa okrem in\u00e9ho uk\u00e1\u017ee pripojenie na internet a jednoduch\u00e9 veci, ako s\u00fa ceruzky.<\/p>\n\n<\/div>\n<\/div>\n<div id=\"faq-question-1662400805354\" class=\"rank-math-list-item\">\n<h3 class=\"rank-math-question\"><strong>M\u00e1 kurz certifik\u00e1t?<\/strong><\/h3>\n<div class=\"rank-math-answer\">\n\n<p>\u00c1no, existuje osved\u010denie o absolvovan\u00ed kurzu.<\/p>\n\n<\/div>\n<\/div>\n<div id=\"faq-question-1662400813086\" class=\"rank-math-list-item\">\n<h3 class=\"rank-math-question\"><strong>Je kurz garantovan\u00fd?<\/strong><\/h3>\n<div class=\"rank-math-answer\">\n\n<p>\u00c1no, z\u00e1ruka je bezpodmiene\u010dn\u00e1 po dobu 7 dn\u00ed, tak\u017ee ak sa v\u00e1m kurz nep\u00e1\u010di, m\u00f4\u017eete po\u017eiada\u0165 o vr\u00e1tenie pe\u0148az\u00ed v plnej v\u00fd\u0161ke.<\/p>\n\n<\/div>\n<\/div>\n<\/div>\n<\/div>\n\n\n<p><strong>P\u00e1\u010dil sa v\u00e1m tip? Zdie\u013eajte ho s priate\u013emi kliknut\u00edm na tla\u010didl\u00e1 ni\u017e\u0161ie!<\/strong><\/p>\n\n<div style=\"font-size: 0px; height: 0px; line-height: 0px; margin: 0; padding: 0; clear: both;\"><\/div>","protected":false},"excerpt":{"rendered":"<p>Aprenda a como desenhar personagem de animes mesmo sem ter o \u201cdom\u201d passo a passo com o m\u00e9todo fan art 3.0 criado pela Mayara Rodrigues.\u00a0 Quem gosta da cultura japonesa, principalmente pelos animes, mangas j\u00e1<\/p>","protected":false},"author":1,"featured_media":3028,"parent":0,"menu_order":0,"comment_status":"closed","ping_status":"closed","template":"","meta":{"footnotes":""},"class_list":["post-904","page","type-page","status-publish","has-post-thumbnail"],"jetpack-related-posts":[{"id":94,"url":"https:\/\/comoaprenderjapones.net\/sk\/programa-japones-online\/","url_meta":{"origin":904,"position":0},"title":"Programa Japon\u00eas Online + Evento gr\u00e1tis Intensiv\u00e3o de japon\u00eas","author":"Rafael Avelino","date":"20 de okt\u00f3ber de 2014","format":false,"excerpt":"Conhe\u00e7a o curso de japon\u00eas Programa Japon\u00eas Online do Sensei Luiz Rafael! \u3053\u3093\u306b\u3061\u306f! Est\u00e1 procurando um m\u00e9todo eficiente que te ensine do ZERO a ter um n\u00edvel de flu\u00eancia que possa consumir conte\u00fados totalmente em japon\u00eas? O m\u00e9todo criado pelo Luiz Rafael j\u00e1 passou por muitas atualiza\u00e7\u00f5es e est\u00e1 no\u2026","rel":"","context":"Podobn\u00fd pr\u00edspevok","block_context":{"text":"Podobn\u00fd pr\u00edspevok","link":""},"img":{"alt_text":"Programa Japon\u00eas Online - Intensiv\u00e3o de japon\u00eas","src":"https:\/\/i0.wp.com\/comoaprenderjapones.net\/wp-content\/uploads\/2021\/01\/programa-japones-online-intensivao-de-japones-2021.jpg?fit=1200%2C932&ssl=1&resize=350%2C200","width":350,"height":200,"srcset":"https:\/\/i0.wp.com\/comoaprenderjapones.net\/wp-content\/uploads\/2021\/01\/programa-japones-online-intensivao-de-japones-2021.jpg?fit=1200%2C932&ssl=1&resize=350%2C200 1x, https:\/\/i0.wp.com\/comoaprenderjapones.net\/wp-content\/uploads\/2021\/01\/programa-japones-online-intensivao-de-japones-2021.jpg?fit=1200%2C932&ssl=1&resize=525%2C300 1.5x, https:\/\/i0.wp.com\/comoaprenderjapones.net\/wp-content\/uploads\/2021\/01\/programa-japones-online-intensivao-de-japones-2021.jpg?fit=1200%2C932&ssl=1&resize=700%2C400 2x, https:\/\/i0.wp.com\/comoaprenderjapones.net\/wp-content\/uploads\/2021\/01\/programa-japones-online-intensivao-de-japones-2021.jpg?fit=1200%2C932&ssl=1&resize=1050%2C600 3x"},"classes":[]},{"id":35,"url":"https:\/\/comoaprenderjapones.net\/sk\/sobre\/","url_meta":{"origin":904,"position":1},"title":"O str\u00e1nke","author":"Rafael Avelino","date":"24 de august de 2014","format":false,"excerpt":"Ol\u00e1 Minna! Sou Rafael admin deste site, como vai? Muito obrigado por visitar este site que pretende passar dicas de como aprender japon\u00eas para quem est\u00e1 iniciando, assim como eu. Vamos tentar abordar tudo que possa ajudar no seu aprendizado do idioma japon\u00eas, que vai desde animes,m\u00fasicas,mangas e tamb\u00e9m o\u2026","rel":"","context":"Podobn\u00fd pr\u00edspevok","block_context":{"text":"Podobn\u00fd pr\u00edspevok","link":""},"img":{"alt_text":"","src":"","width":0,"height":0},"classes":[]},{"id":860,"url":"https:\/\/comoaprenderjapones.net\/sk\/japones-expresso-curso-online-japones\/","url_meta":{"origin":904,"position":2},"title":"Japanese Express: Online kurz japon\u010diny","author":"Rafael Avelino","date":"14 de november de 2016","format":false,"excerpt":"Conhe\u00e7a curso online japon\u00eas expresso promete te ajudar a sair do zero no idioma japon\u00eas e tamb\u00e9m para quem tem viagem marcada para o Jap\u00e3o. CURSO N\u00c3O EST\u00c1 DISPONIVEL. Conhe\u00e7a o curso Completo do Sensei Luiz Rafael o ???? Programa Japon\u00eas Online! Quem gosta da cultura japonesa, seja animes, mangas,\u2026","rel":"","context":"Podobn\u00fd pr\u00edspevok","block_context":{"text":"Podobn\u00fd pr\u00edspevok","link":""},"img":{"alt_text":"Japon\u00eas Expresso curso online de japon\u00eas","src":"https:\/\/i0.wp.com\/comoaprenderjapones.net\/wp-content\/uploads\/2016\/11\/Japones_Expresso.jpg?fit=1200%2C696&ssl=1&resize=350%2C200","width":350,"height":200,"srcset":"https:\/\/i0.wp.com\/comoaprenderjapones.net\/wp-content\/uploads\/2016\/11\/Japones_Expresso.jpg?fit=1200%2C696&ssl=1&resize=350%2C200 1x, https:\/\/i0.wp.com\/comoaprenderjapones.net\/wp-content\/uploads\/2016\/11\/Japones_Expresso.jpg?fit=1200%2C696&ssl=1&resize=525%2C300 1.5x, https:\/\/i0.wp.com\/comoaprenderjapones.net\/wp-content\/uploads\/2016\/11\/Japones_Expresso.jpg?fit=1200%2C696&ssl=1&resize=700%2C400 2x, https:\/\/i0.wp.com\/comoaprenderjapones.net\/wp-content\/uploads\/2016\/11\/Japones_Expresso.jpg?fit=1200%2C696&ssl=1&resize=1050%2C600 3x"},"classes":[]}],"jetpack_sharing_enabled":true,"amp_enabled":true,"_links":{"self":[{"href":"https:\/\/comoaprenderjapones.net\/sk\/wp-json\/wp\/v2\/pages\/904","targetHints":{"allow":["GET"]}}],"collection":[{"href":"https:\/\/comoaprenderjapones.net\/sk\/wp-json\/wp\/v2\/pages"}],"about":[{"href":"https:\/\/comoaprenderjapones.net\/sk\/wp-json\/wp\/v2\/types\/page"}],"author":[{"embeddable":true,"href":"https:\/\/comoaprenderjapones.net\/sk\/wp-json\/wp\/v2\/users\/1"}],"replies":[{"embeddable":true,"href":"https:\/\/comoaprenderjapones.net\/sk\/wp-json\/wp\/v2\/comments?post=904"}],"version-history":[{"count":0,"href":"https:\/\/comoaprenderjapones.net\/sk\/wp-json\/wp\/v2\/pages\/904\/revisions"}],"wp:featuredmedia":[{"embeddable":true,"href":"https:\/\/comoaprenderjapones.net\/sk\/wp-json\/wp\/v2\/media\/3028"}],"wp:attachment":[{"href":"https:\/\/comoaprenderjapones.net\/sk\/wp-json\/wp\/v2\/media?parent=904"}],"curies":[{"name":"wp","href":"https:\/\/api.w.org\/{rel}","templated":true}]}}