{"id":2786,"date":"2020-06-12T00:13:06","date_gmt":"2020-06-12T03:13:06","guid":{"rendered":"https:\/\/comoaprenderjapones.net\/?page_id=2786"},"modified":"2021-02-18T00:01:51","modified_gmt":"2021-02-18T03:01:51","slug":"sledite","status":"publish","type":"page","link":"https:\/\/comoaprenderjapones.net\/sl\/acompanhe\/","title":{"rendered":"Sledite"},"content":{"rendered":"<div class=\"a8d57f2815830ab33b1e7afc05ed7716\" data-index=\"2\" style=\"float: none; margin:0px;\">\n<script async src=\"https:\/\/pagead2.googlesyndication.com\/pagead\/js\/adsbygoogle.js?client=ca-pub-0652292147574552\"\r\n     crossorigin=\"anonymous\"><\/script>\r\n<!-- Ads responsivo Inicio Post CAJap -->\r\n<ins class=\"adsbygoogle\"\r\n     style=\"display:block\"\r\n     data-ad-client=\"ca-pub-0652292147574552\"\r\n     data-ad-slot=\"3298668993\"\r\n     data-ad-format=\"auto\"><\/ins>\r\n<script>\r\n     (adsbygoogle = window.adsbygoogle || []).push({});\r\n<\/script>\n<\/div>\n\n<p>Da ne boste zamudili ni\u010desar novega ali nasvetov, vam bom navedel ve\u010d mo\u017enosti. <strong>sledite comoaprenderjapones.net<\/strong> tako, kot \u017eelite in vam je najbolj v\u0161e\u010d.<\/p>\n\n\n\n<h2 class=\"wp-block-heading\">Spremljajte vir<\/h2>\n\n\n\n<p>Eden od najbolj tradicionalnih na\u010dinov za takoj\u0161nje prejemanje novic, ko je nekaj objavljeno tukaj.<\/p>\n\n\n\n<p>Comoaprenderjapones Feed <a rel=\"noreferrer noopener\" href=\"https:\/\/comoaprenderjapones.net\/sl\/feed\/\" target=\"_blank\">https:\/\/comoaprenderjapones.net\/feed\/<\/a><\/p>\n\n\n\n<p>\u010ce \u017eelite, lahko sledite tudi na Feedly:<\/p>\n\n\n\n<div class=\"wp-block-image\"><figure class=\"aligncenter size-large\"><a href=\"https:\/\/feedly.com\/i\/subscription\/feed\/https:\/\/comoaprenderjapones.net\/feed\/\" target=\"_blank\" rel=\"noopener noreferrer\"><img data-recalc-dims=\"1\" decoding=\"async\" width=\"262\" height=\"112\" src=\"https:\/\/i0.wp.com\/comoaprenderjapones.net\/wp-content\/uploads\/2020\/06\/feedly-follow.png?resize=262%2C112&#038;ssl=1\" alt=\"Sledite na Feedly howtolearnjapones.net\" class=\"wp-image-2789\"\/><\/a><\/figure><\/div>\n\n\n\n<h2 class=\"wp-block-heading\">Dru\u017eabna omre\u017eja<\/h2>\n\n\n\n<p>na\u010din, ki je danes najbolj znan po priljubljenosti spletnih strani, kot so Facebook, Twitter itd.<\/p>\n\n\n\n<p>Na spletni strani <strong>Telegram<\/strong> vedno i\u0161\u010dete \u010dlanke, videoposnetke, vsebine, povezane z u\u010denjem japon\u0161\u010dine, in tudi brezpla\u010dno prenosljivo \u0161tudijsko gradivo:<\/p>\n\n\n\n<p class=\"has-text-align-center\"><a rel=\"noreferrer noopener\" href=\"https:\/\/t.me\/comoaprenderjapones\" target=\"_blank\">&gt;&gt;Kanal Telegram<\/a><\/p>\n\n\n\n<p>Tudi v spodnjih dru\u017eabnih omre\u017ejih velja ista utemeljitev, vendar z omejitvami glede na spletno mesto:<\/p>\n\n\n\n<p class=\"has-text-align-center\"><a href=\"https:\/\/www.instagram.com\/comoaprenderjapones\/\" target=\"_blank\" rel=\"noreferrer noopener\">Sledite na Instagramu<\/a><\/p>\n\n\n\n<p class=\"has-text-align-center\"><a href=\"https:\/\/br.pinterest.com\/comoaprenderjapones\/\" target=\"_blank\" rel=\"noreferrer noopener\">Sledite na Pinterestu<\/a><\/p>\n\n\n\n<p class=\"has-text-align-center\"><a href=\"https:\/\/twitter.com\/aprendernihon\" target=\"_blank\" rel=\"noreferrer noopener\">Sledite na Twitterju<\/a><\/p>\n\n\n\n<p class=\"has-text-align-center\"><a rel=\"noreferrer noopener\" href=\"https:\/\/www.facebook.com\/comoaprenderjapones\" target=\"_blank\">V\u0161e\u010d mi je stran na Facebooku <\/a><\/p>\n\n\n\n<p>Sledite <a href=\"https:\/\/www.youtube.com\/channel\/UCjxodUsYbBfqO3eZE2UMDZw?sub_confirmation=1\" target=\"_blank\" rel=\"noreferrer noopener\">z naro\u010dnino na kanal comoaprederjapones<\/a> na YouTubu:<\/p>\n\n\n\n<div align=\"center\"><div class=\"g-ytsubscribe\" data-channelid=\"UCjxodUsYbBfqO3eZE2UMDZw\" data-layout=\"full\" data-count=\"default\"><\/div><\/div>\n\n\n\n<p>Zahvaljujemo se vam za va\u0161e zanimanje za spremljanje spletnega mesta. Upam, da vam bo v veliko pomo\u010d, in ne pozabite ga pokazati svojim prijateljem!<\/p>\n\n<div style=\"font-size: 0px; height: 0px; line-height: 0px; margin: 0; padding: 0; clear: both;\"><\/div>","protected":false},"excerpt":{"rendered":"<p>Para n\u00e3o perder alguma novidade ou dica logo em seguida vou indicar v\u00e1rias op\u00e7\u00f5es para que voc\u00ea acompanhe o comoaprenderjapones.net da maneira que desejar e que mais goste. Acompanhe pelo Feed Um dos meios mais<\/p>","protected":false},"author":1,"featured_media":0,"parent":0,"menu_order":0,"comment_status":"closed","ping_status":"closed","template":"","meta":{"footnotes":""},"class_list":["post-2786","page","type-page","status-publish"],"jetpack-related-posts":[{"id":4016,"url":"https:\/\/comoaprenderjapones.net\/sl\/curso-japones-club-por-skdesu\/","url_meta":{"origin":2786,"position":0},"title":"Curso Japon\u00eas Club por Skdesu","author":"Rafael Avelino","date":"2 de februar de 2023","format":false,"excerpt":"Advertorial Aprenda a L\u00edngua Japonesa com o Curso Japon\u00eas Club e Tenha a solu\u00e7\u00e3o definitiva para superar qualquer desafio! Mang\u00e1 Death Note Olha s\u00f3 o que voc\u00ea tem no Curso Japon\u00eas Club! + de 140 v\u00eddeo aulas em Alta Defini\u00e7\u00e3o Jogos e Atividades Interativas Pagamento \u00danico (N\u00e3o tem Mensalidades) Acesso\u2026","rel":"","context":"Similar post","block_context":{"text":"Similar post","link":""},"img":{"alt_text":"","src":"https:\/\/i0.wp.com\/comoaprenderjapones.net\/wp-content\/uploads\/2023\/02\/japones-club-advertorial.jpg?fit=1023%2C499&ssl=1&resize=350%2C200","width":350,"height":200,"srcset":"https:\/\/i0.wp.com\/comoaprenderjapones.net\/wp-content\/uploads\/2023\/02\/japones-club-advertorial.jpg?fit=1023%2C499&ssl=1&resize=350%2C200 1x, https:\/\/i0.wp.com\/comoaprenderjapones.net\/wp-content\/uploads\/2023\/02\/japones-club-advertorial.jpg?fit=1023%2C499&ssl=1&resize=525%2C300 1.5x, https:\/\/i0.wp.com\/comoaprenderjapones.net\/wp-content\/uploads\/2023\/02\/japones-club-advertorial.jpg?fit=1023%2C499&ssl=1&resize=700%2C400 2x"},"classes":[]},{"id":35,"url":"https:\/\/comoaprenderjapones.net\/sl\/sobre\/","url_meta":{"origin":2786,"position":1},"title":"O","author":"Rafael Avelino","date":"24 de avgust de 2014","format":false,"excerpt":"Ol\u00e1 Minna! Sou Rafael admin deste site, como vai? Muito obrigado por visitar este site que pretende passar dicas de como aprender japon\u00eas para quem est\u00e1 iniciando, assim como eu. Vamos tentar abordar tudo que possa ajudar no seu aprendizado do idioma japon\u00eas, que vai desde animes,m\u00fasicas,mangas e tamb\u00e9m o\u2026","rel":"","context":"Similar post","block_context":{"text":"Similar post","link":""},"img":{"alt_text":"","src":"","width":0,"height":0},"classes":[]},{"id":2,"url":"https:\/\/comoaprenderjapones.net\/sl\/contato\/","url_meta":{"origin":2786,"position":2},"title":"Pi\u0161ite na","author":"Rafael Avelino","date":"12 de avgust de 2014","format":false,"excerpt":"Za predloge ali vpra\u0161anja po\u0161ljite e-po\u0161to na contato@comoaprenderjapones.net in odgovoril vam bom v najkraj\u0161em mo\u017enem \u010dasu!","rel":"","context":"Similar post","block_context":{"text":"Similar post","link":""},"img":{"alt_text":"","src":"","width":0,"height":0},"classes":[]},{"id":94,"url":"https:\/\/comoaprenderjapones.net\/sl\/programa-japones-online\/","url_meta":{"origin":2786,"position":3},"title":"Spletni program japon\u0161\u010dine + brezpla\u010dni intenzivni dogodek o japon\u0161\u010dini","author":"Rafael Avelino","date":"20 de oktober de 2014","format":false,"excerpt":"Conhe\u00e7a o curso de japon\u00eas Programa Japon\u00eas Online do Sensei Luiz Rafael! \u3053\u3093\u306b\u3061\u306f! Est\u00e1 procurando um m\u00e9todo eficiente que te ensine do ZERO a ter um n\u00edvel de flu\u00eancia que possa consumir conte\u00fados totalmente em japon\u00eas? O m\u00e9todo criado pelo Luiz Rafael j\u00e1 passou por muitas atualiza\u00e7\u00f5es e est\u00e1 no\u2026","rel":"","context":"Similar post","block_context":{"text":"Similar post","link":""},"img":{"alt_text":"Programa Japon\u00eas Online - Intensiv\u00e3o de japon\u00eas","src":"https:\/\/i0.wp.com\/comoaprenderjapones.net\/wp-content\/uploads\/2021\/01\/programa-japones-online-intensivao-de-japones-2021.jpg?fit=1200%2C932&ssl=1&resize=350%2C200","width":350,"height":200,"srcset":"https:\/\/i0.wp.com\/comoaprenderjapones.net\/wp-content\/uploads\/2021\/01\/programa-japones-online-intensivao-de-japones-2021.jpg?fit=1200%2C932&ssl=1&resize=350%2C200 1x, https:\/\/i0.wp.com\/comoaprenderjapones.net\/wp-content\/uploads\/2021\/01\/programa-japones-online-intensivao-de-japones-2021.jpg?fit=1200%2C932&ssl=1&resize=525%2C300 1.5x, https:\/\/i0.wp.com\/comoaprenderjapones.net\/wp-content\/uploads\/2021\/01\/programa-japones-online-intensivao-de-japones-2021.jpg?fit=1200%2C932&ssl=1&resize=700%2C400 2x, https:\/\/i0.wp.com\/comoaprenderjapones.net\/wp-content\/uploads\/2021\/01\/programa-japones-online-intensivao-de-japones-2021.jpg?fit=1200%2C932&ssl=1&resize=1050%2C600 3x"},"classes":[]},{"id":179,"url":"https:\/\/comoaprenderjapones.net\/sl\/mapa-site\/","url_meta":{"origin":2786,"position":4},"title":"Zemljevid spletnega mesta","author":"Rafael Avelino","date":"31 de januar de 2015","format":false,"excerpt":"Mapa do Site Veja todos os artigos publicados aqui no Como Aprender Japon\u00eas","rel":"","context":"Similar post","block_context":{"text":"Similar post","link":""},"img":{"alt_text":"","src":"","width":0,"height":0},"classes":[]},{"id":860,"url":"https:\/\/comoaprenderjapones.net\/sl\/japones-expresso-curso-online-japones\/","url_meta":{"origin":2786,"position":5},"title":"Japon\u00eas Expresso: Curso online de japon\u00eas","author":"Rafael Avelino","date":"14 de november de 2016","format":false,"excerpt":"Conhe\u00e7a curso online japon\u00eas expresso promete te ajudar a sair do zero no idioma japon\u00eas e tamb\u00e9m para quem tem viagem marcada para o Jap\u00e3o. CURSO N\u00c3O EST\u00c1 DISPONIVEL. Conhe\u00e7a o curso Completo do Sensei Luiz Rafael o ???? Programa Japon\u00eas Online! Quem gosta da cultura japonesa, seja animes, mangas,\u2026","rel":"","context":"Similar post","block_context":{"text":"Similar post","link":""},"img":{"alt_text":"Japon\u00eas Expresso curso online de japon\u00eas","src":"https:\/\/i0.wp.com\/comoaprenderjapones.net\/wp-content\/uploads\/2016\/11\/Japones_Expresso.jpg?fit=1200%2C696&ssl=1&resize=350%2C200","width":350,"height":200,"srcset":"https:\/\/i0.wp.com\/comoaprenderjapones.net\/wp-content\/uploads\/2016\/11\/Japones_Expresso.jpg?fit=1200%2C696&ssl=1&resize=350%2C200 1x, https:\/\/i0.wp.com\/comoaprenderjapones.net\/wp-content\/uploads\/2016\/11\/Japones_Expresso.jpg?fit=1200%2C696&ssl=1&resize=525%2C300 1.5x, https:\/\/i0.wp.com\/comoaprenderjapones.net\/wp-content\/uploads\/2016\/11\/Japones_Expresso.jpg?fit=1200%2C696&ssl=1&resize=700%2C400 2x, https:\/\/i0.wp.com\/comoaprenderjapones.net\/wp-content\/uploads\/2016\/11\/Japones_Expresso.jpg?fit=1200%2C696&ssl=1&resize=1050%2C600 3x"},"classes":[]}],"jetpack_sharing_enabled":true,"amp_enabled":true,"_links":{"self":[{"href":"https:\/\/comoaprenderjapones.net\/sl\/wp-json\/wp\/v2\/pages\/2786","targetHints":{"allow":["GET"]}}],"collection":[{"href":"https:\/\/comoaprenderjapones.net\/sl\/wp-json\/wp\/v2\/pages"}],"about":[{"href":"https:\/\/comoaprenderjapones.net\/sl\/wp-json\/wp\/v2\/types\/page"}],"author":[{"embeddable":true,"href":"https:\/\/comoaprenderjapones.net\/sl\/wp-json\/wp\/v2\/users\/1"}],"replies":[{"embeddable":true,"href":"https:\/\/comoaprenderjapones.net\/sl\/wp-json\/wp\/v2\/comments?post=2786"}],"version-history":[{"count":0,"href":"https:\/\/comoaprenderjapones.net\/sl\/wp-json\/wp\/v2\/pages\/2786\/revisions"}],"wp:attachment":[{"href":"https:\/\/comoaprenderjapones.net\/sl\/wp-json\/wp\/v2\/media?parent=2786"}],"curies":[{"name":"wp","href":"https:\/\/api.w.org\/{rel}","templated":true}]}}