{"id":9,"date":"2014-08-24T02:32:54","date_gmt":"2014-08-24T02:32:54","guid":{"rendered":"https:\/\/comoaprenderjapones.net\/?page_id=9"},"modified":"2022-02-07T19:38:46","modified_gmt":"2022-02-07T22:38:46","slug":"politika-zasebnosti","status":"publish","type":"page","link":"https:\/\/comoaprenderjapones.net\/sl\/politica-de-privacidade\/","title":{"rendered":"Pravilnik o zasebnosti"},"content":{"rendered":"<div class=\"a8d57f2815830ab33b1e7afc05ed7716\" data-index=\"2\" style=\"float: none; margin:0px;\">\n<script async src=\"https:\/\/pagead2.googlesyndication.com\/pagead\/js\/adsbygoogle.js?client=ca-pub-0652292147574552\"\r\n     crossorigin=\"anonymous\"><\/script>\r\n<!-- Ads responsivo Inicio Post CAJap -->\r\n<ins class=\"adsbygoogle\"\r\n     style=\"display:block\"\r\n     data-ad-client=\"ca-pub-0652292147574552\"\r\n     data-ad-slot=\"3298668993\"\r\n     data-ad-format=\"auto\"><\/ins>\r\n<script>\r\n     (adsbygoogle = window.adsbygoogle || []).push({});\r\n<\/script>\n<\/div>\n\n<p>Ta pravilnik o zasebnosti je bil pripravljen za zagotavljanje zaupnosti, zasebnosti in varstva osebnih podatkov obiskovalcev tega spletnega mesta in uporabnikov na\u0161ih storitev ter za za\u0161\u010dito teh podatkov pred izgubo, zlorabo, nepoobla\u0161\u010denim dostopom, spreminjanjem in uni\u010denjem.<\/p>\n\n\n\n<h2 class=\"wp-block-heading\" id=\"1-coleta-e-uso-das-informacoes\">1. Zbiranje in uporaba informacij<\/h2>\n\n\n\n<p>Dostop do tega spletnega mesta je lahko pogojen z registracijo obiskovalca, pri \u010demer se zahtevajo informacije, na podlagi katerih je mogo\u010de obiskovalca identificirati in vzpostaviti stik z na\u0161imi uporabniki. Z odlo\u010ditvijo, da posreduje svoje podatke, uporabnik izjavlja, da je seznanjen s pogoji tega pravilnika in jih sprejema.Spletna stran s pomo\u010djo pi\u0161kotkov prejema in samodejno shranjuje tudi informacije o dejavnostih brskalnika, vklju\u010dno z naslovom IP in obiskano stranjo. Ti zapisi dejavnosti (dnevniki) se bodo uporabljali samo za statisti\u010dne namene in merjenje opravljenih storitev.<\/p>\n\n\n\n<h3 class=\"wp-block-heading\" id=\"cookies-e-web-beacons\">Pi\u0161kotki in spletni svetilniki<\/h3>\n\n\n\n<p>Uporabljamo&nbsp;<a style=\"font-weight: inherit; font-style: inherit; color: #469db9;\" href=\"https:\/\/pt.wikipedia.org\/wiki\/Cookie\" target=\"_blank\" rel=\"noopener\">pi\u0161kotki<\/a>&nbsp;za shranjevanje informacij, kot so va\u0161e osebne nastavitve, ko obi\u0161\u010dete&nbsp;<strong>Kako se nau\u010diti japon\u0161\u010dine<\/strong>. To je lahko preprosto pojavno okno ali povezava na razli\u010dnih storitvah, ki jih zagotavljamo, na primer na forumih.<\/p>\n\n\n\n<p>Google uporablja novo&nbsp;<a style=\"font-weight: inherit; font-style: inherit; color: #469db9;\" href=\"https:\/\/www.doubleclick.com\/privacy\/faq.aspx?ctx=tltp\" target=\"_blank\" rel=\"noopener\">Pi\u0161kotek DART<\/a>&nbsp;za prikazovanje oglasov na podlagi va\u0161ih interesov in obiska na\u0161ega bloga ter drugih spletnih mest. Uporabo pi\u0161kotka DART lahko odjavite tako, da obi\u0161\u010dete Googlovo ogla\u0161evalsko stran in program dru\u017ebe za nadzor.<\/p>\n\n\n\n<p>Uporabnik se zaveda in se strinja, da bodo zbrani podatki uporabljeni v naslednje namene: (a) za obve\u0161\u010danje o novih vsebinah, novicah in dogodkih; (b) za posodobitev kontaktnih podatkov; (c) za optimizacijo uporabnosti in interaktivne izku\u0161nje med uporabnikovim brskanjem po spletnem mestu; (d) za pripravo splo\u0161ne statistike, ne da bi identificirali uporabnike; (e) za odzivanje na dvome in zahteve uporabnikov ter (f) za izpolnjevanje pravnih ali sodnih dolo\u010dil. Prav tako si pridr\u017eujemo pravico do uporabe teh zapisov na individualni osnovi v primerih preiskave civilnih ali kazenskih prekr\u0161kov, zlasti kadar obstaja sum goljufije, hekerskih napadov, sistemskih sprememb ali neprimernega dostopa do za\u0161\u010ditenih informacij in registracijskih podatkov drugih uporabnikov.<\/p>\n\n\n\n<h2 class=\"wp-block-heading\" id=\"2-guarda-e-responsabilidade-pelas-informacoes-coletadas\">2. Hramba in odgovornost za zbrane informacije<\/h2>\n\n\n\n<p>Vsi podatki, ki jih posredujejo uporabniki, se pridobivajo in shranjujejo v skladu z najstro\u017ejimi standardi varnosti in zanesljivosti. Po svojih najbolj\u0161ih mo\u010deh si bomo prizadevali ohraniti celovitost podatkov, ki nam jih posredujete, zato ne odgovarjamo za \u0161kodo, ki bi nastala zaradi dostopa in\/ali uporabe podatkov s strani tretjih oseb. Dostop do zbranih informacij je omejen na zaposlene in poobla\u0161\u010dene osebe. Za tiste, ki neupravi\u010deno uporabljajo tak\u0161ne podatke v nasprotju s tem pravilnikom o zasebnosti, veljajo upravne in disciplinske sankcije, pri \u010demer niso izklju\u010deni veljavni pravni ukrepi. Razen na podlagi zakonske ali sodne odlo\u010ditve se podatki uporabnikov, registriranih na tem spletnem mestu, nikoli ne bodo prenesli tretjim osebam ali uporabili za druge namene, kot za tiste, za katere so bili zbrani. Vsi zbrani osebni podatki bodo vklju\u010deni v podatkovno zbirko tega spletnega mesta, za kar bo odgovoren skrbnik spletnega mesta.<\/p>\n\n\n\n<h2 class=\"wp-block-heading\" id=\"3-informacoes-opinioes-e-conteudos-gerados-por-terceiros\">3. Informacije, mnenja in vsebine, ki jih ustvarijo tretje osebe<\/h2>\n\n\n\n<p>To spletno mesto omogo\u010da sodelovanje obiskovalcev\/uporabnikov s komentarji, izmenjavo informacij, objavo vsebin, ki jih ustvarijo tretje osebe, in raz\u0161irjanjem oglasov. Obiskovalci, uporabniki in ogla\u0161evalci se zavedajo, da ne smejo objavljati informacij, mnenj ali vsebin, ki so nemoralne, nezakonite, rasisti\u010dne, \u017ealjive, \u0161kodljive, pornografske, kaznive ali kakr\u0161ne koli vsebine, ki kr\u0161i pravice avtorja. Prav tako se zavedate, da vse informacije, vsebine ali mnenja, ki so zagotovljeni ali prosto objavljeni na tem spletnem mestu, razen osebnih podatkov, zahtevanih za namene registracije, NISO GOSTOVALNI ali ZA\u0160\u010cITENI s to POLITIKO VARNOSTI OSEBNIH PODATKOV, in da lahko do njih prosto dostopajo in si jih ogledujejo drugi obiskovalci in uporabniki. Prepovedano je tudi ogla\u0161evanje ali kakr\u0161no koli raz\u0161irjanje izdelkov, storitev ali dogodkov, ki ne spo\u0161tujejo zakona, morale in dobrih obi\u010dajev. Odgovorni za to spletno mesto niso odgovorni za informacije, mnenja in vsebine, ki jih ustvarijo tretje osebe, niti za kakovost ali resni\u010dnost izdelkov, storitev ali dogodkov, razkritih prek spletnega mesta.  Vsako nemoralno ali nezakonito prikazovanje, razmno\u017eevanje ali objavo je treba sporo\u010diti organizatorjem tega spletnega mesta in bo nemudoma odstranjena. Obvestilo je treba poslati na naslov oseb, ki so odgovorne za lokacijo.<\/p>\n\n\n\n<h2 class=\"wp-block-heading\" id=\"4-responsabilidade-dos-usuarios\">4. Odgovornost uporabnikov<\/h2>\n\n\n\n<p>Uporabnik je odgovoren, da hrani svoje geslo in prijavo za dostop. Ne priporo\u010damo uporabe o\u010ditnih gesel, kot so posebni datumi, imena ali \u0161tevil\u010dna zaporedja. \u010ce uporabnik ugotovi ali samo sumi, da je bilo njegovo geslo razbito, ga mora spremeniti na svoji registracijski strani. Zavezani smo k varovanju zasebnosti otrok na spletu. Morebitna registracija mladoletnih oseb je mogo\u010da le za sodelovanje v omejenih obmo\u010djih spletnega mesta z izobra\u017eevalno vsebino. Podatki o mladoletnikih se bodo uporabljali le za odgovore na poizvedbe, akademska vpra\u0161anja, razporejanje predavanj v \u0161olah ali zaradi splo\u0161ne statistike. Priporo\u010damo tudi, da so mladoletniki vedno pod vodstvom in nadzorom svojih skrbnikov, ki lahko kadar koli zahtevajo preklic registracije. Ta pravilnik se nenehno izbolj\u0161uje in izpopolnjuje. Zato priporo\u010damo, da se o njem redno posvetuje.<\/p>\n\n<div style=\"font-size: 0px; height: 0px; line-height: 0px; margin: 0; padding: 0; clear: both;\"><\/div>","protected":false},"excerpt":{"rendered":"<p>Esta Pol\u00edtica de Privacidade foi elaborada visando zelar pela confidencialidade, privacidade e prote\u00e7\u00e3o dos dados pessoais dos visitantes deste site e dos usu\u00e1rios de nossos servi\u00e7os, protegendo essas informa\u00e7\u00f5es de perdas, uso impr\u00f3prio, acesso n\u00e3o<\/p>","protected":false},"author":1,"featured_media":0,"parent":0,"menu_order":0,"comment_status":"closed","ping_status":"closed","template":"","meta":{"footnotes":""},"class_list":["post-9","page","type-page","status-publish"],"jetpack-related-posts":[{"id":4016,"url":"https:\/\/comoaprenderjapones.net\/sl\/curso-japones-club-por-skdesu\/","url_meta":{"origin":9,"position":0},"title":"Curso Japon\u00eas Club por Skdesu","author":"Rafael Avelino","date":"2 de februar de 2023","format":false,"excerpt":"Advertorial Aprenda a L\u00edngua Japonesa com o Curso Japon\u00eas Club e Tenha a solu\u00e7\u00e3o definitiva para superar qualquer desafio! Mang\u00e1 Death Note Olha s\u00f3 o que voc\u00ea tem no Curso Japon\u00eas Club! + de 140 v\u00eddeo aulas em Alta Defini\u00e7\u00e3o Jogos e Atividades Interativas Pagamento \u00danico (N\u00e3o tem Mensalidades) Acesso\u2026","rel":"","context":"Similar post","block_context":{"text":"Similar post","link":""},"img":{"alt_text":"","src":"https:\/\/i0.wp.com\/comoaprenderjapones.net\/wp-content\/uploads\/2023\/02\/japones-club-advertorial.jpg?fit=1023%2C499&ssl=1&resize=350%2C200","width":350,"height":200,"srcset":"https:\/\/i0.wp.com\/comoaprenderjapones.net\/wp-content\/uploads\/2023\/02\/japones-club-advertorial.jpg?fit=1023%2C499&ssl=1&resize=350%2C200 1x, https:\/\/i0.wp.com\/comoaprenderjapones.net\/wp-content\/uploads\/2023\/02\/japones-club-advertorial.jpg?fit=1023%2C499&ssl=1&resize=525%2C300 1.5x, https:\/\/i0.wp.com\/comoaprenderjapones.net\/wp-content\/uploads\/2023\/02\/japones-club-advertorial.jpg?fit=1023%2C499&ssl=1&resize=700%2C400 2x"},"classes":[]},{"id":179,"url":"https:\/\/comoaprenderjapones.net\/sl\/mapa-site\/","url_meta":{"origin":9,"position":1},"title":"Zemljevid spletnega mesta","author":"Rafael Avelino","date":"31 de januar de 2015","format":false,"excerpt":"Mapa do Site Veja todos os artigos publicados aqui no Como Aprender Japon\u00eas","rel":"","context":"Similar post","block_context":{"text":"Similar post","link":""},"img":{"alt_text":"","src":"","width":0,"height":0},"classes":[]},{"id":860,"url":"https:\/\/comoaprenderjapones.net\/sl\/japones-expresso-curso-online-japones\/","url_meta":{"origin":9,"position":2},"title":"Japon\u00eas Expresso: Curso online de japon\u00eas","author":"Rafael Avelino","date":"14 de november de 2016","format":false,"excerpt":"Conhe\u00e7a curso online japon\u00eas expresso promete te ajudar a sair do zero no idioma japon\u00eas e tamb\u00e9m para quem tem viagem marcada para o Jap\u00e3o. CURSO N\u00c3O EST\u00c1 DISPONIVEL. Conhe\u00e7a o curso Completo do Sensei Luiz Rafael o ???? Programa Japon\u00eas Online! Quem gosta da cultura japonesa, seja animes, mangas,\u2026","rel":"","context":"Similar post","block_context":{"text":"Similar post","link":""},"img":{"alt_text":"Japon\u00eas Expresso curso online de japon\u00eas","src":"https:\/\/i0.wp.com\/comoaprenderjapones.net\/wp-content\/uploads\/2016\/11\/Japones_Expresso.jpg?fit=1200%2C696&ssl=1&resize=350%2C200","width":350,"height":200,"srcset":"https:\/\/i0.wp.com\/comoaprenderjapones.net\/wp-content\/uploads\/2016\/11\/Japones_Expresso.jpg?fit=1200%2C696&ssl=1&resize=350%2C200 1x, https:\/\/i0.wp.com\/comoaprenderjapones.net\/wp-content\/uploads\/2016\/11\/Japones_Expresso.jpg?fit=1200%2C696&ssl=1&resize=525%2C300 1.5x, https:\/\/i0.wp.com\/comoaprenderjapones.net\/wp-content\/uploads\/2016\/11\/Japones_Expresso.jpg?fit=1200%2C696&ssl=1&resize=700%2C400 2x, https:\/\/i0.wp.com\/comoaprenderjapones.net\/wp-content\/uploads\/2016\/11\/Japones_Expresso.jpg?fit=1200%2C696&ssl=1&resize=1050%2C600 3x"},"classes":[]},{"id":2786,"url":"https:\/\/comoaprenderjapones.net\/sl\/acompanhe\/","url_meta":{"origin":9,"position":3},"title":"Sledite","author":"Rafael Avelino","date":"12 de junij de 2020","format":false,"excerpt":"Para n\u00e3o perder alguma novidade ou dica logo em seguida vou indicar v\u00e1rias op\u00e7\u00f5es para que voc\u00ea acompanhe o comoaprenderjapones.net da maneira que desejar e que mais goste. Acompanhe pelo Feed Um dos meios mais tradicionais para voc\u00ea receber as novidades instantaneamente quando algo \u00e9 publicado por aqui. Feed do\u2026","rel":"","context":"Similar post","block_context":{"text":"Similar post","link":""},"img":{"alt_text":"Acompanhe pelo Feedly o comoaprenderjapones.net","src":"https:\/\/i0.wp.com\/comoaprenderjapones.net\/wp-content\/uploads\/2020\/06\/feedly-follow.png?resize=350%2C200&ssl=1","width":350,"height":200},"classes":[]},{"id":35,"url":"https:\/\/comoaprenderjapones.net\/sl\/sobre\/","url_meta":{"origin":9,"position":4},"title":"O","author":"Rafael Avelino","date":"24 de avgust de 2014","format":false,"excerpt":"Ol\u00e1 Minna! Sou Rafael admin deste site, como vai? Muito obrigado por visitar este site que pretende passar dicas de como aprender japon\u00eas para quem est\u00e1 iniciando, assim como eu. Vamos tentar abordar tudo que possa ajudar no seu aprendizado do idioma japon\u00eas, que vai desde animes,m\u00fasicas,mangas e tamb\u00e9m o\u2026","rel":"","context":"Similar post","block_context":{"text":"Similar post","link":""},"img":{"alt_text":"","src":"","width":0,"height":0},"classes":[]},{"id":94,"url":"https:\/\/comoaprenderjapones.net\/sl\/programa-japones-online\/","url_meta":{"origin":9,"position":5},"title":"Spletni program japon\u0161\u010dine + brezpla\u010dni intenzivni dogodek o japon\u0161\u010dini","author":"Rafael Avelino","date":"20 de oktober de 2014","format":false,"excerpt":"Conhe\u00e7a o curso de japon\u00eas Programa Japon\u00eas Online do Sensei Luiz Rafael! \u3053\u3093\u306b\u3061\u306f! Est\u00e1 procurando um m\u00e9todo eficiente que te ensine do ZERO a ter um n\u00edvel de flu\u00eancia que possa consumir conte\u00fados totalmente em japon\u00eas? O m\u00e9todo criado pelo Luiz Rafael j\u00e1 passou por muitas atualiza\u00e7\u00f5es e est\u00e1 no\u2026","rel":"","context":"Similar post","block_context":{"text":"Similar post","link":""},"img":{"alt_text":"Programa Japon\u00eas Online - Intensiv\u00e3o de japon\u00eas","src":"https:\/\/i0.wp.com\/comoaprenderjapones.net\/wp-content\/uploads\/2021\/01\/programa-japones-online-intensivao-de-japones-2021.jpg?fit=1200%2C932&ssl=1&resize=350%2C200","width":350,"height":200,"srcset":"https:\/\/i0.wp.com\/comoaprenderjapones.net\/wp-content\/uploads\/2021\/01\/programa-japones-online-intensivao-de-japones-2021.jpg?fit=1200%2C932&ssl=1&resize=350%2C200 1x, https:\/\/i0.wp.com\/comoaprenderjapones.net\/wp-content\/uploads\/2021\/01\/programa-japones-online-intensivao-de-japones-2021.jpg?fit=1200%2C932&ssl=1&resize=525%2C300 1.5x, https:\/\/i0.wp.com\/comoaprenderjapones.net\/wp-content\/uploads\/2021\/01\/programa-japones-online-intensivao-de-japones-2021.jpg?fit=1200%2C932&ssl=1&resize=700%2C400 2x, https:\/\/i0.wp.com\/comoaprenderjapones.net\/wp-content\/uploads\/2021\/01\/programa-japones-online-intensivao-de-japones-2021.jpg?fit=1200%2C932&ssl=1&resize=1050%2C600 3x"},"classes":[]}],"jetpack_sharing_enabled":false,"amp_enabled":true,"_links":{"self":[{"href":"https:\/\/comoaprenderjapones.net\/sl\/wp-json\/wp\/v2\/pages\/9","targetHints":{"allow":["GET"]}}],"collection":[{"href":"https:\/\/comoaprenderjapones.net\/sl\/wp-json\/wp\/v2\/pages"}],"about":[{"href":"https:\/\/comoaprenderjapones.net\/sl\/wp-json\/wp\/v2\/types\/page"}],"author":[{"embeddable":true,"href":"https:\/\/comoaprenderjapones.net\/sl\/wp-json\/wp\/v2\/users\/1"}],"replies":[{"embeddable":true,"href":"https:\/\/comoaprenderjapones.net\/sl\/wp-json\/wp\/v2\/comments?post=9"}],"version-history":[{"count":0,"href":"https:\/\/comoaprenderjapones.net\/sl\/wp-json\/wp\/v2\/pages\/9\/revisions"}],"wp:attachment":[{"href":"https:\/\/comoaprenderjapones.net\/sl\/wp-json\/wp\/v2\/media?parent=9"}],"curies":[{"name":"wp","href":"https:\/\/api.w.org\/{rel}","templated":true}]}}