{"id":904,"date":"2017-02-15T20:39:01","date_gmt":"2017-02-15T22:39:01","guid":{"rendered":"https:\/\/comoaprenderjapones.net\/?page_id=904"},"modified":"2022-09-05T15:01:47","modified_gmt":"2022-09-05T18:01:47","slug":"metoda-fan-art","status":"publish","type":"page","link":"https:\/\/comoaprenderjapones.net\/sl\/metodo-fan-art\/","title":{"rendered":"Metoda Fan Art 3.0 - Kako narisati like iz anime"},"content":{"rendered":"<div class=\"a8d57f2815830ab33b1e7afc05ed7716\" data-index=\"2\" style=\"float: none; margin:0px;\">\n<script async src=\"https:\/\/pagead2.googlesyndication.com\/pagead\/js\/adsbygoogle.js?client=ca-pub-0652292147574552\"\r\n     crossorigin=\"anonymous\"><\/script>\r\n<!-- Ads responsivo Inicio Post CAJap -->\r\n<ins class=\"adsbygoogle\"\r\n     style=\"display:block\"\r\n     data-ad-client=\"ca-pub-0652292147574552\"\r\n     data-ad-slot=\"3298668993\"\r\n     data-ad-format=\"auto\"><\/ins>\r\n<script>\r\n     (adsbygoogle = window.adsbygoogle || []).push({});\r\n<\/script>\n<\/div>\n\n<div class=\"addthis_inline_share_toolbox\"><\/div>\n\n\n\n<p><em>Nau\u010dite se, kako <strong>kako narisati anime like<\/strong> tudi brez postopnega \"darila\" <strong>metoda fan art 3.0 <\/strong>ki ga je ustvaril<strong> <\/strong>Mayara Rodrigues.\u00a0<\/em><\/p>\n\n\n\n<p>Vse, ki imajo radi japonsko kulturo, zlasti anime in mango, zanima, ali se je mogo\u010de nau\u010diti risati svoje najljub\u0161e like, tudi \u010de nimajo naklonjenosti, \"daru\" za risanje.<\/p>\n\n\n\n<p>Velika te\u017eava je, da se je brez dobre metode ali nekoga, ki vas lahko nau\u010di na prakti\u010den na\u010din, te\u017eko u\u010diti sami.<\/p>\n\n\n\n\n\n\n<p>S tem v mislih je bilo <a href=\"https:\/\/comoaprenderjapones.net\/sl\/in\/conheca-o-metodo-fan-art\/\" target=\"_blank\" rel=\"noopener\">Mayara se je odlo\u010dila ustvariti preprosto metodo<\/a>Je prakti\u010den in se osredoto\u010da na tisto, kar je zares pomembno.<\/p>\n\n\n\n<h2 class=\"wp-block-heading\">Kaj je fan art?<\/h2>\n\n\n\n<p>Saj veste. <strong>kaj je fan art<\/strong>? V nadaljevanju si oglejte kratko razlago in si preberite ve\u010d o <a href=\"https:\/\/comoaprenderjapones.net\/sl\/metoda-fan-art\/\">Metoda Fan Art<\/a> ki je v Braziliji zelo priljubljen med tistimi, ki se \u017eelijo nau\u010diti risati anime:<\/p>\n\n\n\n<blockquote class=\"wp-block-quote is-layout-flow wp-block-quote-is-layout-flow\"><p>Fanart, fanart ali fan art je umetni\u0161ko delo, ki temelji na liku, fantaziji, predmetu ali znanem delu, ki so ga ustvarili obo\u017eevalci. Izraz se lahko uporablja tako za umetnost, ki jo ustvarijo obo\u017eevalci, in sicer za like iz dolo\u010dene knjige ali knjig, kot tudi za umetnost, ki izhaja iz vizualnih medijev, kot so stripi, filmi in\/ali videoigre. Obi\u010dajno se nana\u0161a na umetni\u0161ka dela amaterskih umetnikov ali umetnikov, ki za svoje delo niso pla\u010dani. Gre za delo, ki ga ustvarijo obo\u017eevalci na podlagi lastne domi\u0161ljije o izvirnem delu.<br \/>Vir:&nbsp;<a href=\"https:\/\/pt.wikipedia.org\/wiki\/Fanart\" target=\"_blank\" rel=\"noopener\">Wikipedija<\/a><\/p><\/blockquote>\n\n\n\n<p>Naj zdaj ugotovimo, kaj je ta te\u010daj vse o, kot tudi njegov ustvarjalec in pri\u010devanja ljudi, ki so ga sprejeli in ga odobrili.<\/p>\n\n\n\n<h2 class=\"wp-block-heading\">Kaj je metoda Fan Art?<\/h2>\n\n\n\n<p>Metoda, namenjena u\u010denju ljudi, ki se \u017eelijo nau\u010diti risati svoje najljub\u0161e like iz animejev brez ve\u010djih te\u017eav, z dobro razlo\u017eenim in didakti\u010dnim postopkom korak za korakom.<\/p>\n\n\n\n<p>Nau\u010dite se risati podobno, kot je prvotni avtor animeja narisal lik, ki ga je ustvaril.<\/p>\n\n\n\n<h3 class=\"wp-block-heading\"><strong>Mayara Rodrigues ustvarjalka<\/strong> te\u010daja<\/h3>\n\n\n<div class=\"wp-block-image\">\n<figure class=\"alignleft\"><a href=\"https:\/\/comoaprenderjapones.net\/sl\/in\/conheca-o-metodo-fan-art\/\" rel=\"nofollow noopener\"><img data-recalc-dims=\"1\" decoding=\"async\" width=\"300\" height=\"247\" src=\"https:\/\/i0.wp.com\/comoaprenderjapones.net\/wp-content\/uploads\/2018\/09\/Mayara-Rodrigues.png?resize=300%2C247&#038;ssl=1\" alt=\"Mayara Rodrigues ustvarjalka metode Fan Art\" class=\"wp-image-2430\" srcset=\"https:\/\/i0.wp.com\/comoaprenderjapones.net\/wp-content\/uploads\/2018\/09\/Mayara-Rodrigues.png?resize=300%2C247&amp;ssl=1 300w, https:\/\/i0.wp.com\/comoaprenderjapones.net\/wp-content\/uploads\/2018\/09\/Mayara-Rodrigues.png?w=543&amp;ssl=1 543w\" sizes=\"(max-width: 300px) 100vw, 300px\" \/><\/a><figcaption><strong>Mayara Rodrigues<\/strong> ustvarjalec metode Fan Art<\/figcaption><\/figure>\n<\/div>\n\n\n<p><strong>Mayara Rodrigues<\/strong>Kot \u0161tevilni Brazilci se je za\u010del zanimati za anime, najraje je imel Digimona, zato se je \u017eelel nau\u010diti risati svoje najljub\u0161e like.<\/p>\n\n\n\n<p>Najve\u010dja te\u017eava je bila, da pri risanju ni veliko napredovala, te\u010daj risanja pa ni bil zelo poceni ali blizu njenega doma.<\/p>\n\n\n\n<p>Nato je za\u010dela kupovati revije, ki so pou\u010devale risanje, obi\u010dajno japonske metode.<\/p>\n\n\n\n<p>Po dolgem \u010dasu, po dolgih letih, je zares razumela, kako narisati anime.<\/p>\n\n\n\n<p class=\"has-text-align-center\"><a class=\"fasc-button fasc-size-large fasc-type-popout fasc-rounded-medium ico-fa fasc-ico-before fa-youtube-play\" style=\"background-color: #cc2f1a; color: #ffffff;\" target=\"_blank\" rel=\"nofollow noopener\" href=\"https:\/\/comoaprenderjapones.net\/sl\/in\/conheca-historia-da-mayara-rodrigues\/\">Ve\u010d o njegovi zgodbi izveste s klikom tukaj!<\/a><\/p>\n\n\n\n<h3 class=\"wp-block-heading\">Kak\u0161na je vsebina metode Fan Art?<\/h3>\n\n\n\n<p>Te\u010daj se ne zapleta, saj gre naravnost k bistvu. Oglejte si samo teme, ki jih obravnava spletni te\u010daj. <strong>metoda fan art 3.0<\/strong> ima:<\/p>\n\n\n\n<ol class=\"wp-block-list\"><li>Analiza slik<\/li><li>Tehnike skiciranja<\/li><li>Anatomija obraza + razli\u010dice kotov<\/li><li>Anatomija telesa in gibov<\/li><li>Skrivnost izdelave anime\/manga las...<\/li><li>Popolne roke in noge va\u0161ega lika...<\/li><li>Risanje obla\u010dil likov<\/li><li>Dokon\u010danje risb s peresom<\/li><li>Uvod v slikarstvo + Svetloba in senca<\/li><\/ol>\n\n\n\n<h3 class=\"wp-block-heading\">Metoda Fan Art 3.0 bonusi<\/h3>\n\n\n\n<p>In tudi kot carine <strong>+ 5 bonusov<\/strong> za nadaljnjo izbolj\u0161avo va\u0161ih modelov:<\/p>\n\n\n\n<ul class=\"wp-block-list\"><li>Skrivnost risanja o\u010di<\/li><li>Ogrevanje in sledenje<\/li><li>Uporaba vseh modulov te\u010daja v eni risbi<\/li><li>Dostop do ekskluzivne skupine \u0161tudentov<\/li><li>Potrdilo o zaklju\u010dku<\/li><\/ul>\n\n\n<div class=\"wp-block-image\">\n<figure class=\"aligncenter\"><img data-recalc-dims=\"1\" decoding=\"async\" width=\"900\" height=\"475\" src=\"https:\/\/i0.wp.com\/comoaprenderjapones.net\/wp-content\/uploads\/2017\/02\/Area_de_Membros_Metodo_fan_art.jpg?resize=900%2C475&#038;ssl=1\" alt=\"Obmo\u010dje za \u010dlane Metoda obo\u017eevalne umetnosti\" class=\"wp-image-906\" srcset=\"https:\/\/i0.wp.com\/comoaprenderjapones.net\/wp-content\/uploads\/2017\/02\/Area_de_Membros_Metodo_fan_art.jpg?w=900&amp;ssl=1 900w, https:\/\/i0.wp.com\/comoaprenderjapones.net\/wp-content\/uploads\/2017\/02\/Area_de_Membros_Metodo_fan_art.jpg?resize=300%2C158&amp;ssl=1 300w, https:\/\/i0.wp.com\/comoaprenderjapones.net\/wp-content\/uploads\/2017\/02\/Area_de_Membros_Metodo_fan_art.jpg?resize=768%2C405&amp;ssl=1 768w\" sizes=\"(max-width: 900px) 100vw, 900px\" \/><\/figure>\n<\/div>\n\n\n<p>Na voljo vam bo tudi zaprta skupina na Facebooku, v kateri boste imeli vpra\u0161anja z avtorjem te\u010daja.<\/p>\n\n\n\n<p>\u010cude\u017e seveda ne obstaja, vendar se boste zagotovo lahko u\u010dili na prakti\u010den na\u010din od nekoga, ki razume temo, tako da boste vsak dan vadili in videli, kako hitro napredujete.<\/p>\n\n\n\n<h2 class=\"wp-block-heading\">Se bom nau\u010dil risati like iz animejev?<\/h2>\n\n\n\n<p>Za vse, ki se \u017eelite nau\u010diti risati like anime na preprost in enostaven na\u010din, je <strong>metoda dela fan art<\/strong> in je idealen za vas!<\/p>\n\n\n\n<p>Spodaj si oglejte Mayarine u\u010dence, ki \u017ee dosegajo odli\u010dne rezultate in uresni\u010dujejo svoje sanje, da bi se nau\u010dili risati svoje najljub\u0161e like iz animejev.<\/p>\n\n\n\n<h3 class=\"wp-block-heading\">Pri\u010devanja \u0161tudentov<\/h3>\n\n\n\n<p>Oglejte si pri\u010devanja u\u010dencev, ki ka\u017eejo, kako so veseli, da so narisali svoje najljub\u0161e like iz animejev:<br \/><\/p>\n\n\n<div class=\"message_box announce\"><p><\/p>\n<blockquote><p>\u010cestitke za te\u010daj Mayara, mislim, da je bil zelo dober. Priporo\u010dila sem ga \u017ee ve\u010d prijateljem, je vreden. Zelo naravnost k stvari, sem \u017ee na 4. modulu in razlika je absurdna od mojih starih risb do zdaj, vsak dan sem bolj\u0161a. \u010cestitke in uspeh za vas. Bjs<\/p>\n<p><strong>Jo\u00e3o Gabriel Alvarenga<\/strong><\/p><\/blockquote>\n<p><\/p><\/div>\n\n\n<div class=\"message_box announce\"><p><\/p>\n<blockquote><p>V\u010dasih sem se po\u0161alil, da bi narisal Erena Yeagerja!!! Nekaj sem ga \u017ee prekopirala, danes pa sem ga narisala, ne da bi ga sploh pogledala!!! Po vsem, kar ste nau\u010dili v te\u010daju!!!<br \/>\nTooo happy dmais, kmalu bom naredila plakat, ki ga bom postavila v svojo sobo, hehehe!!! Hvala Mayy, tvoj te\u010daj je super!!!<\/p>\n<p><strong>Marcos Vinicius Viana<\/strong><\/p><\/blockquote>\n<p><\/p><\/div>\n\n\n\n<p>Oglejte si tudi pri\u010devanja o rezultatih, ki so jih va\u0161i u\u010denci dosegli s prikazom svojih risb v nadaljevanju:<br \/><\/p>\n\n\n<div class=\"tab_widget wp_shortcodes_tabs\"><ul class=\"wps_tabs\"><li><a href=\"#\" data-tab=\"tab-0-depoimento-jonathan\">Jonathanovo pri\u010devanje<\/a><\/li><li><a href=\"#\" data-tab=\"tab-1-depoimento-adson\">Adsonovo pri\u010devanje<\/a><\/li><li><a href=\"#\" data-tab=\"tab-2-depoimento-mika\">Pri\u010devanje Mika<\/a><\/li><\/ul><div class=\"tab_container\"><div id=\"tab-0-depoimento-jonathan\" class=\"tab_content clearfix\"><img data-recalc-dims=\"1\" decoding=\"async\" class=\"size-full wp-image-909 aligncenter\" src=\"https:\/\/i0.wp.com\/comoaprenderjapones.net\/wp-content\/uploads\/2017\/02\/Metodo_fan_art_desenho_aluno-7.jpg?resize=509%2C626&#038;ssl=1\" alt=\"\" width=\"509\" height=\"626\" srcset=\"https:\/\/i0.wp.com\/comoaprenderjapones.net\/wp-content\/uploads\/2017\/02\/Metodo_fan_art_desenho_aluno-7.jpg?w=509&amp;ssl=1 509w, https:\/\/i0.wp.com\/comoaprenderjapones.net\/wp-content\/uploads\/2017\/02\/Metodo_fan_art_desenho_aluno-7.jpg?resize=244%2C300&amp;ssl=1 244w\" sizes=\"(max-width: 509px) 100vw, 509px\" \/>Jonathanovo pri\u010devanje o metodi fan art<\/div><div id=\"tab-1-depoimento-adson\" class=\"tab_content clearfix\"><img data-recalc-dims=\"1\" decoding=\"async\" class=\"size-full wp-image-910 aligncenter\" src=\"https:\/\/i0.wp.com\/comoaprenderjapones.net\/wp-content\/uploads\/2017\/02\/Metodo_fan_art_desenhoaluno7.jpg?resize=495%2C515&#038;ssl=1\" alt=\"\" width=\"495\" height=\"515\" srcset=\"https:\/\/i0.wp.com\/comoaprenderjapones.net\/wp-content\/uploads\/2017\/02\/Metodo_fan_art_desenhoaluno7.jpg?w=495&amp;ssl=1 495w, https:\/\/i0.wp.com\/comoaprenderjapones.net\/wp-content\/uploads\/2017\/02\/Metodo_fan_art_desenhoaluno7.jpg?resize=288%2C300&amp;ssl=1 288w\" sizes=\"(max-width: 495px) 100vw, 495px\" \/>Adsonovo pri\u010devanje o metodi fan arta<\/div><div id=\"tab-2-depoimento-mika\" class=\"tab_content clearfix\"><\/p>\n<p><img data-recalc-dims=\"1\" decoding=\"async\" class=\"size-full wp-image-914 aligncenter\" src=\"https:\/\/i0.wp.com\/comoaprenderjapones.net\/wp-content\/uploads\/2017\/02\/Metodo_Fan_Art_desenhoaluno5.jpg?resize=516%2C546&#038;ssl=1\" alt=\"\" width=\"516\" height=\"546\" srcset=\"https:\/\/i0.wp.com\/comoaprenderjapones.net\/wp-content\/uploads\/2017\/02\/Metodo_Fan_Art_desenhoaluno5.jpg?w=516&amp;ssl=1 516w, https:\/\/i0.wp.com\/comoaprenderjapones.net\/wp-content\/uploads\/2017\/02\/Metodo_Fan_Art_desenhoaluno5.jpg?resize=284%2C300&amp;ssl=1 284w\" sizes=\"(max-width: 516px) 100vw, 516px\" \/><\/p>\n<p>Mikino pri\u010devanje o metodi umetnosti obo\u017eevalcev.<\/p>\n<p><\/div><\/div><\/div><div class=\"clear\"><\/div>\n\n\n\n<h2 class=\"wp-block-heading\">Ali metoda Fan Art deluje?<\/h2>\n\n\n\n<p>Absolutno! \u010ce ste videli <a href=\"https:\/\/comoaprenderjapones.net\/sl\/metoda-fan-art\/#depoimentos-dos-alunos\">pri\u010devanja \u0161tudentov<\/a> ste \u017ee ugotovili, da Mayara Rodrigues ve, o \u010dem govori, ter da je njena predstavitev preprosta in zelo didakti\u010dna.<\/p>\n\n\n\n<p>Ogledali si boste video lekcije, razdeljene v module, tako da boste lahko napredovali in v praksi uporabili vse, kar ste se nau\u010dili, enostavno in brez izgube preve\u010d \u010dasa.<\/p>\n\n\n\n<p>Prepri\u010dani ste, da se lahko nau\u010dite tehnik za prakti\u010dno risanje likov anime, tudi \u010de \u0161e nikoli niste risali!<\/p>\n\n\n\n<p class=\"has-text-align-center\"><a class=\"fasc-button fasc-size-large fasc-type-glossy fasc-rounded-medium ico-fa fasc-ico-before fa-share-square-o\" style=\"background-color: #48aa3f; color: #ffffff;\" target=\"_blank\" rel=\"nofollow noopener\" href=\"https:\/\/comoaprenderjapones.net\/sl\/in\/conheca-o-metodo-fan-art\/\">Izvedite ZDAJ o metodi in zakaj je danes tako priljubljena!<\/a><\/p>\n\n\n\n<h2 class=\"wp-block-heading\">Pogosto zastavljena vpra\u0161anja<\/h2>\n\n\n<div id=\"rank-math-faq\" class=\"rank-math-block\">\n<div class=\"rank-math-list\">\n<div id=\"faq-question-1662400697637\" class=\"rank-math-list-item\">\n<h3 class=\"rank-math-question\"><strong>Ali je te\u010daj primeren zame?<\/strong><\/h3>\n<div class=\"rank-math-answer\">\n\n<p>\u010ce ste stari 8, 16 ali celo 40 let (ne glede na starost) in se \u017eelite nau\u010diti risati like iz animejev in mang, je ta te\u010daj namenjen prav vam!<\/p>\n\n<\/div>\n<\/div>\n<div id=\"faq-question-1662400711600\" class=\"rank-math-list-item\">\n<h3 class=\"rank-math-question\"><strong>Kaj je v metodi Fan Art?<\/strong><\/h3>\n<div class=\"rank-math-answer\">\n\n<p>Na voljo je ve\u010d kot 35 video lekcij ter avdio posnetki in besedila.<\/p>\n\n<\/div>\n<\/div>\n<div id=\"faq-question-1662400722590\" class=\"rank-math-list-item\">\n<h3 class=\"rank-math-question\"><strong>Koliko \u010dasa traja te\u010daj?<\/strong><\/h3>\n<div class=\"rank-math-answer\">\n\n<p>Dostop je do\u017eivljenjski, tj. za nedolo\u010den \u010das.<\/p>\n\n<\/div>\n<\/div>\n<div id=\"faq-question-1662400736069\" class=\"rank-math-list-item\">\n<h3 class=\"rank-math-question\"><strong>Ali lahko te\u010daj pla\u010dam na obroke?<\/strong><\/h3>\n<div class=\"rank-math-answer\">\n\n<p>Da, te\u010daj Fan Art Method 3.0 lahko pla\u010date v najve\u010d 10 obrokih s kreditno kartico. \u010ce \u017eelite, lahko uporabite celo dve kreditni kartici.<\/p>\n\n<\/div>\n<\/div>\n<div id=\"faq-question-1662400747920\" class=\"rank-math-list-item\">\n<h3 class=\"rank-math-question\"><strong>Ali je varno kupiti metodo Fan Art?<\/strong><\/h3>\n<div class=\"rank-math-answer\">\n\n<p>Da,\u00a0<a href=\"https:\/\/comoaprenderjapones.net\/sl\/in\/comprar-metodo-fan-art-3-0-ck\/\" target=\"_blank\" rel=\"noreferrer noopener\">Platforma Hotmart za izvedbo pla\u010dila<\/a>\u00a0ki je zelo varen.<\/p>\n\n<\/div>\n<\/div>\n<div id=\"faq-question-1662400768520\" class=\"rank-math-list-item\">\n<h3 class=\"rank-math-question\"><strong>Kje lahko postavim vpra\u0161anja?<\/strong><\/h3>\n<div class=\"rank-math-answer\">\n\n<p>Na voljo je podpora za Whatsapp, kjer lahko postavite vpra\u0161anja.<\/p>\n\n<\/div>\n<\/div>\n<div id=\"faq-question-1662400782852\" class=\"rank-math-list-item\">\n<h3 class=\"rank-math-question\"><strong>Ali potrebujem kaj za te\u010daj?<\/strong><\/h3>\n<div class=\"rank-math-answer\">\n\n<p>Na te\u010daju bodo med drugim prikazane internetna povezava in preproste stvari, kot so svin\u010dniki.<\/p>\n\n<\/div>\n<\/div>\n<div id=\"faq-question-1662400805354\" class=\"rank-math-list-item\">\n<h3 class=\"rank-math-question\"><strong>Ali je za te\u010daj izdano potrdilo?<\/strong><\/h3>\n<div class=\"rank-math-answer\">\n\n<p>Da, obstaja potrdilo o opravljenem te\u010daju.<\/p>\n\n<\/div>\n<\/div>\n<div id=\"faq-question-1662400813086\" class=\"rank-math-list-item\">\n<h3 class=\"rank-math-question\"><strong>Ali je te\u010daj zagotovljen?<\/strong><\/h3>\n<div class=\"rank-math-answer\">\n\n<p>Da, jamstvo je brezpogojno za 7 dni, tako da \u010de vam te\u010daj ni v\u0161e\u010d, lahko zahtevate vra\u010dilo denarja, pri \u010demer vam bo povrnjen celoten znesek.<\/p>\n\n<\/div>\n<\/div>\n<\/div>\n<\/div>\n\n\n<p><strong>Ali vam je bil nasvet v\u0161e\u010d? Delite ga s prijatelji s klikom na spodnje gumbe!<\/strong><\/p>\n\n<div style=\"font-size: 0px; height: 0px; line-height: 0px; margin: 0; padding: 0; clear: both;\"><\/div>","protected":false},"excerpt":{"rendered":"<p>Aprenda a como desenhar personagem de animes mesmo sem ter o \u201cdom\u201d passo a passo com o m\u00e9todo fan art 3.0 criado pela Mayara Rodrigues.\u00a0 Quem gosta da cultura japonesa, principalmente pelos animes, mangas j\u00e1<\/p>","protected":false},"author":1,"featured_media":3028,"parent":0,"menu_order":0,"comment_status":"closed","ping_status":"closed","template":"","meta":{"footnotes":""},"class_list":["post-904","page","type-page","status-publish","has-post-thumbnail"],"jetpack-related-posts":[],"jetpack_sharing_enabled":true,"amp_enabled":true,"_links":{"self":[{"href":"https:\/\/comoaprenderjapones.net\/sl\/wp-json\/wp\/v2\/pages\/904","targetHints":{"allow":["GET"]}}],"collection":[{"href":"https:\/\/comoaprenderjapones.net\/sl\/wp-json\/wp\/v2\/pages"}],"about":[{"href":"https:\/\/comoaprenderjapones.net\/sl\/wp-json\/wp\/v2\/types\/page"}],"author":[{"embeddable":true,"href":"https:\/\/comoaprenderjapones.net\/sl\/wp-json\/wp\/v2\/users\/1"}],"replies":[{"embeddable":true,"href":"https:\/\/comoaprenderjapones.net\/sl\/wp-json\/wp\/v2\/comments?post=904"}],"version-history":[{"count":0,"href":"https:\/\/comoaprenderjapones.net\/sl\/wp-json\/wp\/v2\/pages\/904\/revisions"}],"wp:featuredmedia":[{"embeddable":true,"href":"https:\/\/comoaprenderjapones.net\/sl\/wp-json\/wp\/v2\/media\/3028"}],"wp:attachment":[{"href":"https:\/\/comoaprenderjapones.net\/sl\/wp-json\/wp\/v2\/media?parent=904"}],"curies":[{"name":"wp","href":"https:\/\/api.w.org\/{rel}","templated":true}]}}