{"id":94,"date":"2014-10-20T14:59:33","date_gmt":"2014-10-20T16:59:33","guid":{"rendered":"https:\/\/comoaprenderjapones.net\/?page_id=94"},"modified":"2022-02-07T19:04:36","modified_gmt":"2022-02-07T22:04:36","slug":"japonski-spletni-program","status":"publish","type":"page","link":"https:\/\/comoaprenderjapones.net\/sl\/programa-japones-online\/","title":{"rendered":"Spletni program japon\u0161\u010dine + brezpla\u010dni intenzivni dogodek o japon\u0161\u010dini"},"content":{"rendered":"<div class=\"a8d57f2815830ab33b1e7afc05ed7716\" data-index=\"2\" style=\"float: none; margin:0px;\">\n<script async src=\"https:\/\/pagead2.googlesyndication.com\/pagead\/js\/adsbygoogle.js?client=ca-pub-0652292147574552\"\r\n     crossorigin=\"anonymous\"><\/script>\r\n<!-- Ads responsivo Inicio Post CAJap -->\r\n<ins class=\"adsbygoogle\"\r\n     style=\"display:block\"\r\n     data-ad-client=\"ca-pub-0652292147574552\"\r\n     data-ad-slot=\"3298668993\"\r\n     data-ad-format=\"auto\"><\/ins>\r\n<script>\r\n     (adsbygoogle = window.adsbygoogle || []).push({});\r\n<\/script>\n<\/div>\n\n<p><em>Spoznajte te\u010daj japon\u0161\u010dine <strong>Japonski spletni program<\/strong> od Senseija Luiza Rafaela!<\/em><\/p>\n\n\n\n<p>\u3053\u3093\u306b\u3061\u306f! I\u0161\u010dete u\u010dinkovito metodo, ki vas bo nau\u010dila od NULE do ravni teko\u010dnosti, na kateri boste lahko v celoti u\u017eivali vsebine v japon\u0161\u010dini?<\/p>\n\n\n\n<p>Metoda, ki jo je ustvaril Luiz Rafael, je bila velikokrat posodobljena in je na trgu \u017ee ve\u010d let ter je trenutno (2021) eden najbolj\u0161ih in najpopolnej\u0161ih spletnih te\u010dajev japon\u0161\u010dine.<\/p>\n\n\n\n<p class=\"has-background\" style=\"background-color:#fff2f2\"><strong>Povzetek \u010dlanka<br \/><\/strong><a href=\"#lingua-japonesa\">Japonski jezik<br \/><\/a><a href=\"#quem-e-luiz-rafael\">Kdo je Luiz Rafael?<br \/><\/a><a href=\"#programa-japones-online\">Japonski spletni program<br \/><\/a><a href=\"#depoimento-aluno\">Pri\u010devanje \u0161tudenta japonskega spletnega programa<br \/><\/a><a href=\"#intensivao-japones\">Intenzivna japon\u0161\u010dina<br \/><\/a><a href=\"#abertura-vagas\">Kako delujejo prosta delovna mesta?<\/a><\/p>\n\n\n\n<p>\u010ce imate radi japonsko kulturo zaradi animejev, tokusatsujev, mang in filmov, je to dober razlog, da jih za\u010dnete gledati brez podnapisov.<\/p>\n\n\n\n<p>Ni nujno, da so to ti razlogi, vendar je tudi potovanje, \u017eivljenje ali \u0161tudij na Japonskem odli\u010den razlog za u\u010denje japonskega jezika.<\/p>\n\n\n\n<p>\u010ce ste se odlo\u010dili, da se boste nau\u010dili japon\u0161\u010dino, vam lahko ta te\u010daj pomaga pri doseganju tega cilja, ne glede na to, za kaj gre.<\/p>\n\n\n\n<h2 class=\"wp-block-heading\" id=\"lingua-japonesa\"><span style=\"color: #e5141b;\">Japonski jezik<\/span><\/h2>\n\n\n\n<p><strong>U\u010denje japon\u0161\u010dine<\/strong> ni nujno tako te\u017eko, kot si mnogi, tudi jaz, predstavljamo. \u010ce poznate pravi na\u010din u\u010denja, se boste veliko la\u017eje u\u010dili.<\/p>\n\n\n\n<p>Seveda <a href=\"https:\/\/pt.wikipedia.org\/wiki\/L%C3%ADngua_japonesa\" target=\"_blank\" rel=\"noopener noreferrer\">Japonski jezik<\/a> To ni enako, kot \u010de bi se u\u010dili angle\u0161\u010dine, saj v angle\u0161kem jeziku besede \u017ee poznamo, poleg tega pa jih veliko uporabljamo v vsakdanjem \u017eivljenju in z razli\u010dnimi izgovorjavami.<\/p>\n\n\n\n<p>Po drugi strani pa morate pri japon\u0161\u010dini vsekakor za\u010deti od za\u010detka, da bi postali teko\u010di. Za za\u010detnike je najbolj te\u017eavna japonska abeceda\/ideogram, ki so trije:<\/p>\n\n\n\n<ul class=\"wp-block-list\"><li>Hiragana s 46 ideogrami.<\/li><li>Katakana s 46 ideogrami.<\/li><li>Kanji ima na tiso\u010de ideogramov, vendar se najpogosteje uporablja pribli\u017eno 2.500 kanjijev.<\/li><\/ul>\n\n\n\n<p>Imamo tudi romaji, ki nam pomaga pravilno brati in izgovarjati ideograme, ter furigano, ki je obi\u010dajno zapisana v hiragani in je na vrhu kanjija ter opisuje, kako se izgovarja.<\/p>\n\n\n\n<p>U\u010denje nihonga ni nujno tako zapleteno, saj <a href=\"https:\/\/comoaprenderjapones.net\/sl\/in\/aprenda-nihongo\/\" target=\"_blank\" rel=\"noreferrer noopener\">Sensei Luiz Rafael<\/a> pravi, da moramo veliko vna\u0161ati, tj. vse, kar prejmemo, bodisi z branjem bodisi s poslu\u0161anjem.<\/p>\n\n\n<div class=\"gb-button-wrapper gb-button-wrapper-9eef6438\">\n\n<a class=\"gb-button gb-button-62a4c394 gb-button-text\" href=\"https:\/\/comoaprenderjapones.net\/sl\/in\/aprenda-nihongo\/\" target=\"_blank\" rel=\"nofollow noopener noreferrer\">Ve\u010d o programu izveste s klikom tukaj!<\/a>\n\n<\/div>\n\n\n<h2 class=\"wp-block-heading\" id=\"quem-e-luiz-rafael\"><span style=\"color: #e5141b;\">Kdo je \u5148\u751f Luiz Rafael?<\/span><\/h2>\n\n\n\n<div class=\"wp-block-image\"><figure class=\"alignleft\"><img data-recalc-dims=\"1\" decoding=\"async\" width=\"371\" height=\"267\" src=\"https:\/\/i0.wp.com\/comoaprenderjapones.net\/wp-content\/uploads\/2014\/10\/Luiz_Rafael_Programa_Japones_Online.png?resize=371%2C267&#038;ssl=1\" alt=\"Luiz Rafael ustvarjalec japonskega spletnega programa\" class=\"wp-image-95\" title=\"Japonski spletni program\" srcset=\"https:\/\/i0.wp.com\/comoaprenderjapones.net\/wp-content\/uploads\/2014\/10\/Luiz_Rafael_Programa_Japones_Online.png?w=371&amp;ssl=1 371w, https:\/\/i0.wp.com\/comoaprenderjapones.net\/wp-content\/uploads\/2014\/10\/Luiz_Rafael_Programa_Japones_Online.png?resize=300%2C215&amp;ssl=1 300w\" sizes=\"(max-width: 371px) 100vw, 371px\" \/><figcaption><strong>Luiz Rafael<\/strong> ustvarjalec japonskega spletnega programa<\/figcaption><\/figure><\/div>\n\n\n\n<p>Luiz je bil eden od tiso\u010dih ljudi, ki se je kot najstnik za\u010del zanimati za japonsko kulturo, bodisi mango, anime ali filme, in se odlo\u010dil, da se bo nau\u010dil japon\u0161\u010dine.<\/p>\n\n\n\n<p>Kot velika ve\u010dina ljudi je tudi on za\u010del na napa\u010den na\u010din, saj je verjel, da bo postal teko\u010d, vendar z obiskovanjem te\u010dajev v \u017eivo ni dosegel zadovoljivih rezultatov.<\/p>\n\n\n\n<p>Takrat je poiskal pravi na\u010din u\u010denja novega jezika in ga tudi preizkusil v praksi, da bi preveril, ali res deluje.<\/p>\n\n\n\n<p>Neverjetno je, da je s to metodo uspel in dosegel svoj cilj - teko\u010de govoriti japonsko.<\/p>\n\n\n\n<h2 class=\"has-text-align-left wp-block-heading\" id=\"programa-japones-online\"><span style=\"color: #e5141b;\">Japonski spletni program<\/span><\/h2>\n\n\n\n<p>Ko je razmi\u0161ljal o tej potrebi in razo\u010daranju tiso\u010dih ljudi, ki se \u017eelijo nau\u010diti nihonga, se je Sensei odlo\u010dil, da <a href=\"https:\/\/comoaprenderjapones.net\/sl\/in\/aprenda-nihongo\/\" target=\"_blank\" rel=\"noreferrer noopener\">ustvariti spletni te\u010daj japonskega jezika<\/a> tako se boste lahko veliko u\u010dinkoviteje u\u010dili.<\/p>\n\n\n\n<p>Metoda, ki jo je razvil Sensei Luiz Rafael, je izjemno u\u010dinkovita. Eden od stebrov je, da se morate najprej nau\u010diti brati, da bi lahko za\u010deli veliko vna\u0161ati. Z u\u010denjem hiragane in katakane lahko za\u010dnete brati mange, knjige in spletne strani.<\/p>\n\n\n\n<p>Ne samo, da je Senseijev na\u010din pou\u010devanja bolj\u0161i od ve\u010dine drugih, ampak boste dobili tudi odli\u010dno podporo. Ne bo vas pustil, da bi obupali, vedno vam bo po\u0161iljal novice, zgodbe in motivacijo, tako da se ne boste nehali u\u010diti, da bi dosegli svoj cilj.<\/p>\n\n\n\n<p>Te\u010daj se ne osredoto\u010da na slovnico, u\u010dite se v svojem tempu na zaprtem spletnem mestu samo za u\u010dence in skupnost na portalu.<\/p>\n\n\n\n<h3 class=\"wp-block-heading\" id=\"depoimento-aluno\"><span style=\"color: #e5141b;\">Pri\u010devanje: \u0161tudent japonskega spletnega programa<\/span><\/h3>\n\n\n\n<p>V nadaljevanju najdete iskreno pri\u010devanje Luisa Eduarda Nunesa o te\u010daju in pomenu resnega pristopa k \u0161tudiju ter o Luizovi metodi, ki je ve\u010d kot le te\u010daj. <a href=\"https:\/\/comoaprenderjapones.net\/sl\/japonski-spletni-program\/\">Te\u010daj japon\u0161\u010dine<\/a> in naju\u010dinkovitej\u0161i na\u010din u\u010denja jezika:<\/p>\n\n\n\n<figure class=\"wp-block-embed is-type-video is-provider-youtube wp-block-embed-youtube wp-embed-aspect-16-9 wp-has-aspect-ratio\"><div class=\"wp-block-embed__wrapper\">\n<iframe title=\"Kako se u\u010diti japon\u0161\u010dine (Lu\u00eds Eduardo Nunes) | Japonski spletni program\" width=\"1200\" height=\"675\" src=\"https:\/\/www.youtube.com\/embed\/xwTbhm8ASq4?feature=oembed\" frameborder=\"0\" allow=\"accelerometer; autoplay; clipboard-write; encrypted-media; gyroscope; picture-in-picture\" allowfullscreen><\/iframe>\n<\/div><figcaption>Eduardo Nunes Pri\u010devanje - Japonski spletni program<\/figcaption><\/figure>\n\n\n\n<p>Po pri\u010dakovanjih je <a href=\"https:\/\/comoaprenderjapones.net\/sl\/in\/aprenda-nihongo\/\" target=\"_blank\" rel=\"noreferrer noopener\">\u0160tevilo mest v spletnem japonskem programu je omejeno<\/a> da bi se lahko Sensei vsakemu posvetil in odgovoril na njegova vpra\u0161anja.<\/p>\n\n\n\n<h2 class=\"wp-block-heading\" id=\"intensivao-japones\"><span style=\"color: #e5141b;\">Intenzivna japon\u0161\u010dina<\/span><\/h2>\n\n\n\n<p>Luiz Rafael vsako leto pribli\u017eno dvakrat (ali ve\u010dkrat) organizira dogodek, imenovan <strong>intenzivni te\u010daji japon\u0161\u010dine<\/strong> v katerem v brezpla\u010dnem mini te\u010daju predstavlja svojo metodologijo za la\u017eje in u\u010dinkovitej\u0161e u\u010denje japon\u0161\u010dine.<\/p>\n\n\n\n<p>Do zdaj je bilo organiziranih \u017ee nekaj intenzivnih te\u010dajev japonskega jezika, zato za informacije o naslednjem kliknite tukaj. <a href=\"https:\/\/comoaprenderjapones.net\/sl\/in\/aprenda-nihongo\/\" target=\"_blank\" rel=\"noreferrer noopener\">kliknite tukaj<\/a>!<\/p>\n\n\n\n<p><em>Ne pozabite, da se ta dogodek odvija le nekajkrat na leto in da bo, ko boste prebrali ta \u010dlanek, morda \u017ee mimo.<\/em><\/p>\n\n\n\n<div class=\"wp-block-image\"><figure class=\"aligncenter size-large\"><img data-recalc-dims=\"1\" decoding=\"async\" width=\"1024\" height=\"318\" src=\"https:\/\/i0.wp.com\/comoaprenderjapones.net\/wp-content\/uploads\/2021\/01\/Intensivao-japones-2021-janeiro.jpg?resize=1024%2C318&#038;ssl=1\" alt=\"Spletni program japonskega jezika Intenzivni japonski jezik\" class=\"wp-image-3146\" srcset=\"https:\/\/i0.wp.com\/comoaprenderjapones.net\/wp-content\/uploads\/2021\/01\/Intensivao-japones-2021-janeiro.jpg?resize=1024%2C318&amp;ssl=1 1024w, https:\/\/i0.wp.com\/comoaprenderjapones.net\/wp-content\/uploads\/2021\/01\/Intensivao-japones-2021-janeiro.jpg?resize=300%2C93&amp;ssl=1 300w, https:\/\/i0.wp.com\/comoaprenderjapones.net\/wp-content\/uploads\/2021\/01\/Intensivao-japones-2021-janeiro.jpg?resize=768%2C239&amp;ssl=1 768w, https:\/\/i0.wp.com\/comoaprenderjapones.net\/wp-content\/uploads\/2021\/01\/Intensivao-japones-2021-janeiro.jpg?resize=150%2C47&amp;ssl=1 150w, https:\/\/i0.wp.com\/comoaprenderjapones.net\/wp-content\/uploads\/2021\/01\/Intensivao-japones-2021-janeiro.jpg?w=1045&amp;ssl=1 1045w\" sizes=\"(max-width: 1024px) 100vw, 1024px\" \/><figcaption>Spletni program japonskega jezika Intenzivni japonski jezik<\/figcaption><\/figure><\/div>\n\n\n\n<p>Ne i\u0161\u010dite ve\u010d na\u010dinov u\u010denja japon\u0161\u010dine na internetu, saj boste s spletnim programom japon\u0161\u010dine imeli na voljo spletno stran samo za \u010dlane z video lekcijami, gradivi, zvo\u010dnimi posnetki in \u0161e veliko ve\u010d!<br \/><\/p>\n\n\n\n<p>Prejeli boste serijo brezpla\u010dnih videoposnetkov, ki pripovedujejo o zgodbi in metodi, ki jo je uporabil \u305b\u3093\u305b\u3044 Luiz Rafael, in o njegovem potovanju do teko\u010de govorice nihongo.<\/p>\n\n\n\n<h3 class=\"wp-block-heading\" id=\"abertura-vagas\"><span style=\"color: #e5141b;\">Kako poteka razpis za japonski spletni program?<\/span><\/h3>\n\n\n\n<p>\u010ce ste spremljali teden NIHONGO, ki obi\u010dajno traja teden dni ali ve\u010d, vam bo Luiz pokazal, kako pou\u010duje s svojo metodologijo in kako bo delovala podpora.<\/p>\n\n\n\n<p>Te\u010daj traja 9 mesecev, vi pa dobite \u0161e 9 mesecev, skupaj 18 mesecev dostopa do te\u010daja in popolno podporo, da z ekipo odgovorite na vsa svoja vpra\u0161anja.<\/p>\n\n\n\n<p>\u0160tevilo mest v programu je omejeno, tako da lahko vsakemu \u0161tudentu zagotovimo odli\u010dno podporo.<\/p>\n\n\n\n<p>Upo\u0161tevajte, da mesta obi\u010dajno zmanjkajo v dveh dneh in so na voljo najve\u010d tri dni, \u010deprav mesta zmanjkajo tudi pred zadnjim dnem.<\/p>\n\n\n\n<p>\u010ce vas zanima u\u010denje japon\u0161\u010dine po najbolj\u0161i metodologiji v Braziliji, kliknite na spodnji gumb:<\/p>\n\n\n<div class=\"gb-button-wrapper gb-button-wrapper-f4deca25\">\n\n<a class=\"gb-button gb-button-7aa7f773 gb-button-text\" href=\"https:\/\/comoaprenderjapones.net\/sl\/in\/aprenda-nihongo\/\" target=\"_blank\" rel=\"nofollow noopener noreferrer\">S klikom tukaj izveste, kako potekajo prosta delovna mesta!<\/a>\n\n<\/div>\n\n\n<p><strong>\u9811\u5f35\u3063\u3066<\/strong>!<\/p>\n\n<div style=\"font-size: 0px; height: 0px; line-height: 0px; margin: 0; padding: 0; clear: both;\"><\/div>","protected":false},"excerpt":{"rendered":"<p>Spoznajte japonski spletni program Senseija Luiza Rafaela \u3053\u3093\u306b\u3061\u306f! I\u0161\u010dete u\u010dinkovito metodo, ki vas od ni\u010dle naprej nau\u010di teko\u010de govoriti tako, da boste lahko vsebine v celoti poslu\u0161ali v<\/p>","protected":false},"author":1,"featured_media":3155,"parent":0,"menu_order":0,"comment_status":"closed","ping_status":"closed","template":"","meta":{"footnotes":""},"class_list":["post-94","page","type-page","status-publish","has-post-thumbnail"],"jetpack-related-posts":[{"id":860,"url":"https:\/\/comoaprenderjapones.net\/sl\/japones-expresso-curso-online-japones\/","url_meta":{"origin":94,"position":0},"title":"Japon\u00eas Expresso: Curso online de japon\u00eas","author":"Rafael Avelino","date":"14 de november de 2016","format":false,"excerpt":"Conhe\u00e7a curso online japon\u00eas expresso promete te ajudar a sair do zero no idioma japon\u00eas e tamb\u00e9m para quem tem viagem marcada para o Jap\u00e3o. CURSO N\u00c3O EST\u00c1 DISPONIVEL. Conhe\u00e7a o curso Completo do Sensei Luiz Rafael o ???? Programa Japon\u00eas Online! Quem gosta da cultura japonesa, seja animes, mangas,\u2026","rel":"","context":"Similar post","block_context":{"text":"Similar post","link":""},"img":{"alt_text":"Japon\u00eas Expresso curso online de japon\u00eas","src":"https:\/\/i0.wp.com\/comoaprenderjapones.net\/wp-content\/uploads\/2016\/11\/Japones_Expresso.jpg?fit=1200%2C696&ssl=1&resize=350%2C200","width":350,"height":200,"srcset":"https:\/\/i0.wp.com\/comoaprenderjapones.net\/wp-content\/uploads\/2016\/11\/Japones_Expresso.jpg?fit=1200%2C696&ssl=1&resize=350%2C200 1x, https:\/\/i0.wp.com\/comoaprenderjapones.net\/wp-content\/uploads\/2016\/11\/Japones_Expresso.jpg?fit=1200%2C696&ssl=1&resize=525%2C300 1.5x, https:\/\/i0.wp.com\/comoaprenderjapones.net\/wp-content\/uploads\/2016\/11\/Japones_Expresso.jpg?fit=1200%2C696&ssl=1&resize=700%2C400 2x, https:\/\/i0.wp.com\/comoaprenderjapones.net\/wp-content\/uploads\/2016\/11\/Japones_Expresso.jpg?fit=1200%2C696&ssl=1&resize=1050%2C600 3x"},"classes":[]},{"id":4016,"url":"https:\/\/comoaprenderjapones.net\/sl\/curso-japones-club-por-skdesu\/","url_meta":{"origin":94,"position":1},"title":"Curso Japon\u00eas Club por Skdesu","author":"Rafael Avelino","date":"2 de februar de 2023","format":false,"excerpt":"Advertorial Aprenda a L\u00edngua Japonesa com o Curso Japon\u00eas Club e Tenha a solu\u00e7\u00e3o definitiva para superar qualquer desafio! Mang\u00e1 Death Note Olha s\u00f3 o que voc\u00ea tem no Curso Japon\u00eas Club! + de 140 v\u00eddeo aulas em Alta Defini\u00e7\u00e3o Jogos e Atividades Interativas Pagamento \u00danico (N\u00e3o tem Mensalidades) Acesso\u2026","rel":"","context":"Similar post","block_context":{"text":"Similar post","link":""},"img":{"alt_text":"","src":"https:\/\/i0.wp.com\/comoaprenderjapones.net\/wp-content\/uploads\/2023\/02\/japones-club-advertorial.jpg?fit=1023%2C499&ssl=1&resize=350%2C200","width":350,"height":200,"srcset":"https:\/\/i0.wp.com\/comoaprenderjapones.net\/wp-content\/uploads\/2023\/02\/japones-club-advertorial.jpg?fit=1023%2C499&ssl=1&resize=350%2C200 1x, https:\/\/i0.wp.com\/comoaprenderjapones.net\/wp-content\/uploads\/2023\/02\/japones-club-advertorial.jpg?fit=1023%2C499&ssl=1&resize=525%2C300 1.5x, https:\/\/i0.wp.com\/comoaprenderjapones.net\/wp-content\/uploads\/2023\/02\/japones-club-advertorial.jpg?fit=1023%2C499&ssl=1&resize=700%2C400 2x"},"classes":[]},{"id":35,"url":"https:\/\/comoaprenderjapones.net\/sl\/sobre\/","url_meta":{"origin":94,"position":2},"title":"O","author":"Rafael Avelino","date":"24 de avgust de 2014","format":false,"excerpt":"Ol\u00e1 Minna! Sou Rafael admin deste site, como vai? Muito obrigado por visitar este site que pretende passar dicas de como aprender japon\u00eas para quem est\u00e1 iniciando, assim como eu. Vamos tentar abordar tudo que possa ajudar no seu aprendizado do idioma japon\u00eas, que vai desde animes,m\u00fasicas,mangas e tamb\u00e9m o\u2026","rel":"","context":"Similar post","block_context":{"text":"Similar post","link":""},"img":{"alt_text":"","src":"","width":0,"height":0},"classes":[]},{"id":179,"url":"https:\/\/comoaprenderjapones.net\/sl\/mapa-site\/","url_meta":{"origin":94,"position":3},"title":"Zemljevid spletnega mesta","author":"Rafael Avelino","date":"31 de januar de 2015","format":false,"excerpt":"Mapa do Site Veja todos os artigos publicados aqui no Como Aprender Japon\u00eas","rel":"","context":"Similar post","block_context":{"text":"Similar post","link":""},"img":{"alt_text":"","src":"","width":0,"height":0},"classes":[]},{"id":2786,"url":"https:\/\/comoaprenderjapones.net\/sl\/acompanhe\/","url_meta":{"origin":94,"position":4},"title":"Sledite","author":"Rafael Avelino","date":"12 de junij de 2020","format":false,"excerpt":"Para n\u00e3o perder alguma novidade ou dica logo em seguida vou indicar v\u00e1rias op\u00e7\u00f5es para que voc\u00ea acompanhe o comoaprenderjapones.net da maneira que desejar e que mais goste. Acompanhe pelo Feed Um dos meios mais tradicionais para voc\u00ea receber as novidades instantaneamente quando algo \u00e9 publicado por aqui. Feed do\u2026","rel":"","context":"Similar post","block_context":{"text":"Similar post","link":""},"img":{"alt_text":"Acompanhe pelo Feedly o comoaprenderjapones.net","src":"https:\/\/i0.wp.com\/comoaprenderjapones.net\/wp-content\/uploads\/2020\/06\/feedly-follow.png?resize=350%2C200&ssl=1","width":350,"height":200},"classes":[]},{"id":904,"url":"https:\/\/comoaprenderjapones.net\/sl\/metodo-fan-art\/","url_meta":{"origin":94,"position":5},"title":"Metoda Fan Art 3.0 - Kako narisati like iz anime","author":"Rafael Avelino","date":"15 de februar de 2017","format":false,"excerpt":"Aprenda a como desenhar personagem de animes mesmo sem ter o \u201cdom\u201d passo a passo com o m\u00e9todo fan art 3.0 criado pela Mayara Rodrigues.\u00a0 Quem gosta da cultura japonesa, principalmente pelos animes, mangas j\u00e1 teve a curiosidade de saber se \u00e9 poss\u00edvel aprender a desenhar aquele personagem favorito mesmo\u2026","rel":"","context":"Similar post","block_context":{"text":"Similar post","link":""},"img":{"alt_text":"M\u00e9todo Fan Art 3.0 \u2013 Desenhe seu personagem de anime favorito!","src":"https:\/\/i0.wp.com\/comoaprenderjapones.net\/wp-content\/uploads\/2020\/12\/Metod-Fan-Art-3-0-Desenhar-Animes.jpg?fit=1200%2C628&ssl=1&resize=350%2C200","width":350,"height":200,"srcset":"https:\/\/i0.wp.com\/comoaprenderjapones.net\/wp-content\/uploads\/2020\/12\/Metod-Fan-Art-3-0-Desenhar-Animes.jpg?fit=1200%2C628&ssl=1&resize=350%2C200 1x, https:\/\/i0.wp.com\/comoaprenderjapones.net\/wp-content\/uploads\/2020\/12\/Metod-Fan-Art-3-0-Desenhar-Animes.jpg?fit=1200%2C628&ssl=1&resize=525%2C300 1.5x, https:\/\/i0.wp.com\/comoaprenderjapones.net\/wp-content\/uploads\/2020\/12\/Metod-Fan-Art-3-0-Desenhar-Animes.jpg?fit=1200%2C628&ssl=1&resize=700%2C400 2x, https:\/\/i0.wp.com\/comoaprenderjapones.net\/wp-content\/uploads\/2020\/12\/Metod-Fan-Art-3-0-Desenhar-Animes.jpg?fit=1200%2C628&ssl=1&resize=1050%2C600 3x"},"classes":[]}],"jetpack_sharing_enabled":true,"amp_enabled":true,"_links":{"self":[{"href":"https:\/\/comoaprenderjapones.net\/sl\/wp-json\/wp\/v2\/pages\/94","targetHints":{"allow":["GET"]}}],"collection":[{"href":"https:\/\/comoaprenderjapones.net\/sl\/wp-json\/wp\/v2\/pages"}],"about":[{"href":"https:\/\/comoaprenderjapones.net\/sl\/wp-json\/wp\/v2\/types\/page"}],"author":[{"embeddable":true,"href":"https:\/\/comoaprenderjapones.net\/sl\/wp-json\/wp\/v2\/users\/1"}],"replies":[{"embeddable":true,"href":"https:\/\/comoaprenderjapones.net\/sl\/wp-json\/wp\/v2\/comments?post=94"}],"version-history":[{"count":0,"href":"https:\/\/comoaprenderjapones.net\/sl\/wp-json\/wp\/v2\/pages\/94\/revisions"}],"wp:featuredmedia":[{"embeddable":true,"href":"https:\/\/comoaprenderjapones.net\/sl\/wp-json\/wp\/v2\/media\/3155"}],"wp:attachment":[{"href":"https:\/\/comoaprenderjapones.net\/sl\/wp-json\/wp\/v2\/media?parent=94"}],"curies":[{"name":"wp","href":"https:\/\/api.w.org\/{rel}","templated":true}]}}