{"id":860,"date":"2016-11-14T21:13:15","date_gmt":"2016-11-14T23:13:15","guid":{"rendered":"https:\/\/comoaprenderjapones.net\/?page_id=860"},"modified":"2023-02-19T12:30:41","modified_gmt":"2023-02-19T15:30:41","slug":"japansk-express-onlinekurs","status":"publish","type":"page","link":"https:\/\/comoaprenderjapones.net\/sv\/japones-expresso-curso-online-japones\/","title":{"rendered":"Japanese Express: Onlinekurs i japanska"},"content":{"rendered":"<div class=\"ca37210a771ea5350c46bdff28d7a265\" data-index=\"2\" style=\"float: none; margin:0px;\">\n<script async src=\"https:\/\/pagead2.googlesyndication.com\/pagead\/js\/adsbygoogle.js?client=ca-pub-0652292147574552\"\r\n     crossorigin=\"anonymous\"><\/script>\r\n<!-- Ads responsivo Inicio Post CAJap -->\r\n<ins class=\"adsbygoogle\"\r\n     style=\"display:block\"\r\n     data-ad-client=\"ca-pub-0652292147574552\"\r\n     data-ad-slot=\"3298668993\"\r\n     data-ad-format=\"auto\"><\/ins>\r\n<script>\r\n     (adsbygoogle = window.adsbygoogle || []).push({});\r\n<\/script>\n<\/div>\n\n<p><em>L\u00e4s mer om onlinekurser <strong>Japansk express<\/strong> lovar att hj\u00e4lpa dig att komma ig\u00e5ng med japanska och \u00e4ven f\u00f6r dig som reser till Japan.<\/em><\/p>\n\n\n\n<p class=\"has-background has-medium-font-size\" style=\"background-color:#f8c0c0\"><strong>KURSEN \u00c4R INTE TILLG\u00c4NGLIG<\/strong>. Bekanta dig med Sensei Luiz Rafaels fullst\u00e4ndiga kurs ???? <a href=\"https:\/\/comoaprenderjapones.net\/sv\/japanskt-online-program\/\" data-type=\"URL\" data-id=\"https:\/\/comoaprenderjapones.net\/programa-japones-online\/\">Onlineprogram i japanska<\/a>!<\/p>\n\n\n\n<p>Alla som tycker om japansk kultur, vare sig det handlar om anime, manga, filmer, J-dramer eller m\u00e5nga andra faktorer som g\u00f6r denna kultur unik, kommer att ha funderat p\u00e5 att l\u00e4ra sig det japanska spr\u00e5ket f\u00f6r att kunna njuta \u00e4nnu mer av denna m\u00e4rkliga kultur.<\/p>\n\n\n\n<p>Det stora problemet f\u00f6r dem som b\u00f6rjar fr\u00e5n b\u00f6rjan, eller till och med har b\u00f6rjat och slutat, \u00e4r att intrycket \u00e4r att Nihongo \u00e4r ett mycket sv\u00e5rt eller till och med om\u00f6jligt spr\u00e5k att l\u00e4ra sig.<\/p>\n\n\n\n<p>Men det \u00e4r inte sant! Vad som h\u00e4nder \u00e4r att du \u00e4nnu inte har l\u00e4rt dig r\u00e4tt metodik f\u00f6r att studera effektivt.<\/p>\n\n\n\n<p>Vore det inte fantastiskt med en kurs som g\u00e5r rakt p\u00e5 sak, utan en massa fluff, och som riktar sig till dem som snabbt vill l\u00e4ra sig grunderna i spr\u00e5ket f\u00f6r att antingen resa till Japan eller f\u00e5 mer motivation att f\u00f6rdjupa sig \u00e4nnu mer i det japanska spr\u00e5ket?<\/p>\n\n\n\n<p>Det \u00e4r d\u00e4rf\u00f6r \u5148\u751f Luiz skapade <a href=\"https:\/\/comoaprenderjapones.net\/sv\/in\/curso-de-japones-gratis-agosto-de-2020\/\" target=\"_blank\" rel=\"noopener noreferrer\">Japansk express-kurs<\/a> f\u00f6r dig som har detta m\u00e5l och beh\u00f6ver l\u00e4ra dig tillr\u00e4ckligt snabbt f\u00f6r att klara dig i Japan.<\/p>\n\n\n<div class=\"wp-block-image\">\n<figure class=\"aligncenter\"><img data-recalc-dims=\"1\" decoding=\"async\" width=\"960\" height=\"436\" src=\"https:\/\/i0.wp.com\/comoaprenderjapones.net\/wp-content\/uploads\/2016\/11\/Viagem_Japao_curso_japones_expresso.jpg?resize=960%2C436&#038;ssl=1\" alt=\"Resa till Japan: japansk express-kurs\" class=\"wp-image-865\" title=\"Resa till Japan: japansk express-kurs\" srcset=\"https:\/\/i0.wp.com\/comoaprenderjapones.net\/wp-content\/uploads\/2016\/11\/Viagem_Japao_curso_japones_expresso.jpg?w=960&amp;ssl=1 960w, https:\/\/i0.wp.com\/comoaprenderjapones.net\/wp-content\/uploads\/2016\/11\/Viagem_Japao_curso_japones_expresso.jpg?resize=300%2C136&amp;ssl=1 300w, https:\/\/i0.wp.com\/comoaprenderjapones.net\/wp-content\/uploads\/2016\/11\/Viagem_Japao_curso_japones_expresso.jpg?resize=768%2C349&amp;ssl=1 768w\" sizes=\"(max-width: 960px) 100vw, 960px\" \/><\/figure>\n<\/div>\n\n\n<h2 class=\"wp-block-heading\" id=\"o-que-e-o-curso-japones-expresso\">Vad \u00e4r den japanska expressutbildningen?<\/h2>\n\n\n\n<p>Det \u00e4r en sluten kurs exklusivt f\u00f6r studenter d\u00e4r du kan b\u00f6rja fr\u00e5n grunden och l\u00e4ra dig det japanska spr\u00e5ket mycket mer effektivt och snabbt genom videolektioner.<\/p>\n\n\n\n<p>Men denna NYA <a href=\"https:\/\/comoaprenderjapones.net\/sv\/in\/curso-de-japones-gratis-agosto-de-2020\/\" target=\"_blank\" rel=\"noopener noreferrer\">onlinekurs i japanska<\/a> har en stor skillnad mot den andra: den varar i 6 veckor, vilket praktiskt taget \u00e4r en och en halv m\u00e5nad.<\/p>\n\n\n\n<h3 class=\"wp-block-heading\" id=\"para-quem-e-esse-curso\">Vem \u00e4r den h\u00e4r kursen f\u00f6r?<\/h3>\n\n\n\n<p>Kursen syftar till att vara s\u00e5 direkt, enkel och l\u00e4tt som m\u00f6jligt s\u00e5 att alla kan l\u00e4ra sig grunderna i spr\u00e5ket.<\/p>\n\n\n\n<p>Den skapades med personen i \u00e5tanke:<\/p>\n\n\n\n<ul class=\"wp-block-list\">\n<li>Du har ingen tid att f\u00f6rlora och du m\u00e5ste snarast l\u00e4ra dig \u00e5tminstone grunderna f\u00f6r att f\u00e5 viktiga kommunikationsf\u00e4rdigheter i Japan<\/li>\n\n\n\n<li>F\u00f6r dig som inte kan n\u00e5got om spr\u00e5ket och vill l\u00e4ra dig grunderna direkt s\u00e5 att du f\u00e5r mycket mer motivation att forts\u00e4tta med dina studier.<\/li>\n<\/ul>\n\n\n\n<p>Express Japanese \u00e4r mycket inriktad p\u00e5 de typer av m\u00e4nniskor som letar efter en onlinekurs i japanska som \u00e4r snabb och ger tillfredsst\u00e4llande resultat p\u00e5 kortare tid.<\/p>\n\n\n\n<p>Det \u00e4r en <strong>Japanskakurs f\u00f6r dig som reser till Japan<\/strong> snart eller vill l\u00e4ra dig grunderna i spr\u00e5ket snabbt.<\/p>\n\n\n\n<p class=\"has-text-align-center\"><a class=\"fasc-button fasc-size-large fasc-type-flat fasc-rounded-medium ico-fa fasc-ico-before fa-play-circle\" style=\"background-color: #e43f42; color: #ffffff;\" target=\"_blank\" rel=\"noopener noreferrer\" href=\"https:\/\/comoaprenderjapones.net\/sv\/in\/curso-de-japones-gratis-agosto-de-2020\/\">L\u00e4s mer om kursen genom att klicka h\u00e4r!<\/a><\/p>\n\n\n\n<h3 class=\"wp-block-heading\" id=\"qual-o-conteudo-do-curso\">Vad \u00e4r inneh\u00e5llet i kursen?<\/h3>\n\n\n\n<p>Som vanligt \u00e4r kursen 100% online p\u00e5 en st\u00e4ngd webbplats endast f\u00f6r studenter:<\/p>\n\n\n\n<ul class=\"wp-block-list\">\n<li>Ett team som \u00e4r redo att svara p\u00e5 dina fr\u00e5gor<\/li>\n\n\n\n<li>Du kommer att f\u00e5 en inloggning och ett l\u00f6senord f\u00f6r att komma \u00e5t portalen<\/li>\n\n\n\n<li>Inneh\u00e5ll som fokuserar p\u00e5 att ge dig en grund f\u00f6r att kommunicera med modersm\u00e5lstalare<\/li>\n\n\n\n<li>Det finns 6 \u00e4mnen plus bonusar som du kan l\u00e4ra dig snabbt och enkelt i videolektioner plus nedladdningsbara handb\u00f6cker<\/li>\n<\/ul>\n\n\n\n<p>I varje lektion kan du l\u00e4mna en fr\u00e5ga, ungef\u00e4r som en kommentar, som supportteamet kan besvara s\u00e5 snart som m\u00f6jligt.<\/p>\n\n\n\n<h2 class=\"wp-block-heading\" id=\"quem-e-o-criador-do-curso-japones-expresso\">Vem \u00e4r skaparen av den japanska expresskursen?<\/h2>\n\n\n<div class=\"wp-block-image\">\n<figure class=\"alignleft\"><img data-recalc-dims=\"1\" decoding=\"async\" width=\"300\" height=\"244\" src=\"https:\/\/i0.wp.com\/comoaprenderjapones.net\/wp-content\/uploads\/2016\/11\/Luiz_Rafael_Curso_Japones_Expresso.jpg?resize=300%2C244&#038;ssl=1\" alt=\"Luiz Rafael Japansk Express Kurs\" class=\"wp-image-863\" title=\"Luiz Rafael Japansk Express Kurs\"\/><\/figure>\n<\/div>\n\n\n<p>Kursen skapades av \u5148\u751f Luiz Rafael, som ocks\u00e5 \u00e4r skaparen av <a href=\"https:\/\/comoaprenderjapones.net\/sv\/japanskt-online-program\/\">Japanskt onlineprogram<\/a>Jag \u00e4r h\u00e4r f\u00f6r att fylla en lucka d\u00e4r tusentals m\u00e4nniskor vill ha snabba resultat s\u00e5 att de \u00e5tminstone kan \"klara sig\" med grunderna i spr\u00e5ket i Japan.<\/p>\n\n\n\n<p>Luiz har studerat japanska sedan han var 15 \u00e5r gammal och har stor erfarenhet av spr\u00e5kinl\u00e4rning.<\/p>\n\n\n\n<h3 class=\"wp-block-heading\" id=\"o-curso-japones-expresso-e-para-mim\">\u00c4r den japanska expressutbildningen n\u00e5got f\u00f6r mig?<\/h3>\n\n\n\n<p>Om du snart ska resa till Japan eller snabbt vill l\u00e4ra dig grunderna i det japanska spr\u00e5ket, d\u00e5 \u00e4r den h\u00e4r kursen n\u00e5got f\u00f6r dig!<\/p>\n\n\n\n<p>Med enkla lektioner kan alla som \u00e4r intresserade l\u00e4ra sig tillr\u00e4ckligt f\u00f6r att klara sig i Japan, t.ex. att handla, ta t\u00e5get, tacka en inf\u00f6dd osv.<\/p>\n\n\n\n<p>Om du \u00e4r intresserad av att l\u00e4ra dig grunderna i vad du beh\u00f6ver n\u00e4r du reser, eller om du vill b\u00f6rja fr\u00e5n b\u00f6rjan och snabbt l\u00e4ra dig grunderna i spr\u00e5ket, d\u00e5 \u00e4r den h\u00e4r kursen definitivt n\u00e5got f\u00f6r dig!<\/p>\n\n\n\n<h3 class=\"wp-block-heading\" id=\"mais-informacao\">Mer information<\/h3>\n\n\n\n<p>Om du vill veta mer om anm\u00e4lan, support och mycket mer, klicka p\u00e5 knappen nedan:<\/p>\n\n\n\n<p class=\"has-text-align-center\"><a class=\"fasc-button fasc-size-large fasc-type-flat fasc-rounded-medium ico-fa fasc-ico-before fa-mail-forward\" style=\"background-color: #e43f42; color: #ffffff;\" target=\"_blank\" rel=\"noopener noreferrer\" href=\"https:\/\/comoaprenderjapones.net\/sv\/in\/curso-de-japones-gratis-agosto-de-2020\/\">Bekanta dig med Japanese Express-kursen nu genom att klicka h\u00e4r!<\/a><\/p>\n\n<div style=\"font-size: 0px; height: 0px; line-height: 0px; margin: 0; padding: 0; clear: both;\"><\/div>","protected":false},"excerpt":{"rendered":"<p>Conhe\u00e7a curso online japon\u00eas expresso promete te ajudar a sair do zero no idioma japon\u00eas e tamb\u00e9m para quem tem viagem marcada para o Jap\u00e3o. CURSO N\u00c3O EST\u00c1 DISPONIVEL. Conhe\u00e7a o curso Completo do Sensei<\/p>","protected":false},"author":1,"featured_media":861,"parent":0,"menu_order":0,"comment_status":"closed","ping_status":"closed","template":"","meta":{"footnotes":""},"class_list":["post-860","page","type-page","status-publish","has-post-thumbnail"],"jetpack-related-posts":[{"id":94,"url":"https:\/\/comoaprenderjapones.net\/sv\/programa-japones-online\/","url_meta":{"origin":860,"position":0},"title":"Onlineprogram i japanska + gratis intensivkurs i japanska","author":"Rafael Avelino","date":"20 de oktober de 2014","format":false,"excerpt":"Conhe\u00e7a o curso de japon\u00eas Programa Japon\u00eas Online do Sensei Luiz Rafael! \u3053\u3093\u306b\u3061\u306f! Est\u00e1 procurando um m\u00e9todo eficiente que te ensine do ZERO a ter um n\u00edvel de flu\u00eancia que possa consumir conte\u00fados totalmente em japon\u00eas? O m\u00e9todo criado pelo Luiz Rafael j\u00e1 passou por muitas atualiza\u00e7\u00f5es e est\u00e1 no\u2026","rel":"","context":"Liknande inl\u00e4gg","block_context":{"text":"Liknande inl\u00e4gg","link":""},"img":{"alt_text":"Programa Japon\u00eas Online - Intensiv\u00e3o de japon\u00eas","src":"https:\/\/i0.wp.com\/comoaprenderjapones.net\/wp-content\/uploads\/2021\/01\/programa-japones-online-intensivao-de-japones-2021.jpg?fit=1200%2C932&ssl=1&resize=350%2C200","width":350,"height":200,"srcset":"https:\/\/i0.wp.com\/comoaprenderjapones.net\/wp-content\/uploads\/2021\/01\/programa-japones-online-intensivao-de-japones-2021.jpg?fit=1200%2C932&ssl=1&resize=350%2C200 1x, https:\/\/i0.wp.com\/comoaprenderjapones.net\/wp-content\/uploads\/2021\/01\/programa-japones-online-intensivao-de-japones-2021.jpg?fit=1200%2C932&ssl=1&resize=525%2C300 1.5x, https:\/\/i0.wp.com\/comoaprenderjapones.net\/wp-content\/uploads\/2021\/01\/programa-japones-online-intensivao-de-japones-2021.jpg?fit=1200%2C932&ssl=1&resize=700%2C400 2x, https:\/\/i0.wp.com\/comoaprenderjapones.net\/wp-content\/uploads\/2021\/01\/programa-japones-online-intensivao-de-japones-2021.jpg?fit=1200%2C932&ssl=1&resize=1050%2C600 3x"},"classes":[]},{"id":4016,"url":"https:\/\/comoaprenderjapones.net\/sv\/curso-japones-club-por-skdesu\/","url_meta":{"origin":860,"position":1},"title":"Curso Japon\u00eas Club por Skdesu","author":"Rafael Avelino","date":"2 de februari de 2023","format":false,"excerpt":"Advertorial Aprenda a L\u00edngua Japonesa com o Curso Japon\u00eas Club e Tenha a solu\u00e7\u00e3o definitiva para superar qualquer desafio! Mang\u00e1 Death Note Olha s\u00f3 o que voc\u00ea tem no Curso Japon\u00eas Club! + de 140 v\u00eddeo aulas em Alta Defini\u00e7\u00e3o Jogos e Atividades Interativas Pagamento \u00danico (N\u00e3o tem Mensalidades) Acesso\u2026","rel":"","context":"Liknande inl\u00e4gg","block_context":{"text":"Liknande inl\u00e4gg","link":""},"img":{"alt_text":"","src":"https:\/\/i0.wp.com\/comoaprenderjapones.net\/wp-content\/uploads\/2023\/02\/japones-club-advertorial.jpg?fit=1023%2C499&ssl=1&resize=350%2C200","width":350,"height":200,"srcset":"https:\/\/i0.wp.com\/comoaprenderjapones.net\/wp-content\/uploads\/2023\/02\/japones-club-advertorial.jpg?fit=1023%2C499&ssl=1&resize=350%2C200 1x, https:\/\/i0.wp.com\/comoaprenderjapones.net\/wp-content\/uploads\/2023\/02\/japones-club-advertorial.jpg?fit=1023%2C499&ssl=1&resize=525%2C300 1.5x, https:\/\/i0.wp.com\/comoaprenderjapones.net\/wp-content\/uploads\/2023\/02\/japones-club-advertorial.jpg?fit=1023%2C499&ssl=1&resize=700%2C400 2x"},"classes":[]},{"id":35,"url":"https:\/\/comoaprenderjapones.net\/sv\/sobre\/","url_meta":{"origin":860,"position":2},"title":"Om","author":"Rafael Avelino","date":"24 de augusti de 2014","format":false,"excerpt":"Ol\u00e1 Minna! Sou Rafael admin deste site, como vai? Muito obrigado por visitar este site que pretende passar dicas de como aprender japon\u00eas para quem est\u00e1 iniciando, assim como eu. Vamos tentar abordar tudo que possa ajudar no seu aprendizado do idioma japon\u00eas, que vai desde animes,m\u00fasicas,mangas e tamb\u00e9m o\u2026","rel":"","context":"Liknande inl\u00e4gg","block_context":{"text":"Liknande inl\u00e4gg","link":""},"img":{"alt_text":"","src":"","width":0,"height":0},"classes":[]},{"id":179,"url":"https:\/\/comoaprenderjapones.net\/sv\/mapa-site\/","url_meta":{"origin":860,"position":3},"title":"Webbkarta","author":"Rafael Avelino","date":"31 de januari de 2015","format":false,"excerpt":"Mapa do Site Veja todos os artigos publicados aqui no Como Aprender Japon\u00eas","rel":"","context":"Liknande inl\u00e4gg","block_context":{"text":"Liknande inl\u00e4gg","link":""},"img":{"alt_text":"","src":"","width":0,"height":0},"classes":[]},{"id":904,"url":"https:\/\/comoaprenderjapones.net\/sv\/metodo-fan-art\/","url_meta":{"origin":860,"position":4},"title":"Fan Art Method 3.0 - Hur man ritar anime-karakt\u00e4rer","author":"Rafael Avelino","date":"15 de februari de 2017","format":false,"excerpt":"Aprenda a como desenhar personagem de animes mesmo sem ter o \u201cdom\u201d passo a passo com o m\u00e9todo fan art 3.0 criado pela Mayara Rodrigues.\u00a0 Quem gosta da cultura japonesa, principalmente pelos animes, mangas j\u00e1 teve a curiosidade de saber se \u00e9 poss\u00edvel aprender a desenhar aquele personagem favorito mesmo\u2026","rel":"","context":"Liknande inl\u00e4gg","block_context":{"text":"Liknande inl\u00e4gg","link":""},"img":{"alt_text":"M\u00e9todo Fan Art 3.0 \u2013 Desenhe seu personagem de anime favorito!","src":"https:\/\/i0.wp.com\/comoaprenderjapones.net\/wp-content\/uploads\/2020\/12\/Metod-Fan-Art-3-0-Desenhar-Animes.jpg?fit=1200%2C628&ssl=1&resize=350%2C200","width":350,"height":200,"srcset":"https:\/\/i0.wp.com\/comoaprenderjapones.net\/wp-content\/uploads\/2020\/12\/Metod-Fan-Art-3-0-Desenhar-Animes.jpg?fit=1200%2C628&ssl=1&resize=350%2C200 1x, https:\/\/i0.wp.com\/comoaprenderjapones.net\/wp-content\/uploads\/2020\/12\/Metod-Fan-Art-3-0-Desenhar-Animes.jpg?fit=1200%2C628&ssl=1&resize=525%2C300 1.5x, https:\/\/i0.wp.com\/comoaprenderjapones.net\/wp-content\/uploads\/2020\/12\/Metod-Fan-Art-3-0-Desenhar-Animes.jpg?fit=1200%2C628&ssl=1&resize=700%2C400 2x, https:\/\/i0.wp.com\/comoaprenderjapones.net\/wp-content\/uploads\/2020\/12\/Metod-Fan-Art-3-0-Desenhar-Animes.jpg?fit=1200%2C628&ssl=1&resize=1050%2C600 3x"},"classes":[]},{"id":2786,"url":"https:\/\/comoaprenderjapones.net\/sv\/acompanhe\/","url_meta":{"origin":860,"position":5},"title":"F\u00f6lj","author":"Rafael Avelino","date":"12 de juni de 2020","format":false,"excerpt":"Para n\u00e3o perder alguma novidade ou dica logo em seguida vou indicar v\u00e1rias op\u00e7\u00f5es para que voc\u00ea acompanhe o comoaprenderjapones.net da maneira que desejar e que mais goste. Acompanhe pelo Feed Um dos meios mais tradicionais para voc\u00ea receber as novidades instantaneamente quando algo \u00e9 publicado por aqui. Feed do\u2026","rel":"","context":"Liknande inl\u00e4gg","block_context":{"text":"Liknande inl\u00e4gg","link":""},"img":{"alt_text":"Acompanhe pelo Feedly o comoaprenderjapones.net","src":"https:\/\/i0.wp.com\/comoaprenderjapones.net\/wp-content\/uploads\/2020\/06\/feedly-follow.png?resize=350%2C200&ssl=1","width":350,"height":200},"classes":[]}],"jetpack_sharing_enabled":true,"amp_enabled":true,"_links":{"self":[{"href":"https:\/\/comoaprenderjapones.net\/sv\/wp-json\/wp\/v2\/pages\/860","targetHints":{"allow":["GET"]}}],"collection":[{"href":"https:\/\/comoaprenderjapones.net\/sv\/wp-json\/wp\/v2\/pages"}],"about":[{"href":"https:\/\/comoaprenderjapones.net\/sv\/wp-json\/wp\/v2\/types\/page"}],"author":[{"embeddable":true,"href":"https:\/\/comoaprenderjapones.net\/sv\/wp-json\/wp\/v2\/users\/1"}],"replies":[{"embeddable":true,"href":"https:\/\/comoaprenderjapones.net\/sv\/wp-json\/wp\/v2\/comments?post=860"}],"version-history":[{"count":0,"href":"https:\/\/comoaprenderjapones.net\/sv\/wp-json\/wp\/v2\/pages\/860\/revisions"}],"wp:featuredmedia":[{"embeddable":true,"href":"https:\/\/comoaprenderjapones.net\/sv\/wp-json\/wp\/v2\/media\/861"}],"wp:attachment":[{"href":"https:\/\/comoaprenderjapones.net\/sv\/wp-json\/wp\/v2\/media?parent=860"}],"curies":[{"name":"wp","href":"https:\/\/api.w.org\/{rel}","templated":true}]}}