{"id":9,"date":"2014-08-24T02:32:54","date_gmt":"2014-08-24T02:32:54","guid":{"rendered":"https:\/\/comoaprenderjapones.net\/?page_id=9"},"modified":"2022-02-07T19:38:46","modified_gmt":"2022-02-07T22:38:46","slug":"sekretesspolicy","status":"publish","type":"page","link":"https:\/\/comoaprenderjapones.net\/sv\/politica-de-privacidade\/","title":{"rendered":"Integritetspolicy"},"content":{"rendered":"<div class=\"ca37210a771ea5350c46bdff28d7a265\" data-index=\"2\" style=\"float: none; margin:0px;\">\n<script async src=\"https:\/\/pagead2.googlesyndication.com\/pagead\/js\/adsbygoogle.js?client=ca-pub-0652292147574552\"\r\n     crossorigin=\"anonymous\"><\/script>\r\n<!-- Ads responsivo Inicio Post CAJap -->\r\n<ins class=\"adsbygoogle\"\r\n     style=\"display:block\"\r\n     data-ad-client=\"ca-pub-0652292147574552\"\r\n     data-ad-slot=\"3298668993\"\r\n     data-ad-format=\"auto\"><\/ins>\r\n<script>\r\n     (adsbygoogle = window.adsbygoogle || []).push({});\r\n<\/script>\n<\/div>\n\n<p>Denna sekretesspolicy har utarbetats f\u00f6r att s\u00e4kerst\u00e4lla sekretess, integritet och skydd av personuppgifter f\u00f6r bes\u00f6kare p\u00e5 denna webbplats och anv\u00e4ndare av v\u00e5ra tj\u00e4nster, och f\u00f6r att skydda s\u00e5dan information fr\u00e5n f\u00f6rlust, missbruk, obeh\u00f6rig \u00e5tkomst, \u00e4ndring och f\u00f6rst\u00f6relse.<\/p>\n\n\n\n<h2 class=\"wp-block-heading\" id=\"1-coleta-e-uso-das-informacoes\">1. Insamling och anv\u00e4ndning av information<\/h2>\n\n\n\n<p>Tillg\u00e5ng till den h\u00e4r webbplatsen kan vara beroende av att bes\u00f6karen registrerar sig. D\u00e5 kr\u00e4vs information som kan identifiera bes\u00f6karen och m\u00f6jligg\u00f6ra kontakt med v\u00e5ra anv\u00e4ndare. Genom att tillhandah\u00e5lla sina uppgifter f\u00f6rklarar anv\u00e4ndaren att han\/hon k\u00e4nner till och accepterar villkoren i denna policy.Webbplatsen tar ocks\u00e5 emot och lagrar automatiskt, med hj\u00e4lp av cookies, information om webbl\u00e4sarens aktiviteter, inklusive IP-adress och vilken sida som bes\u00f6ks. Dessa aktivitetsregister (loggar) kommer endast att anv\u00e4ndas f\u00f6r statistiska \u00e4ndam\u00e5l och m\u00e4tningar av de tj\u00e4nster som tillhandah\u00e5lls.<\/p>\n\n\n\n<h3 class=\"wp-block-heading\" id=\"cookies-e-web-beacons\">Cookies och webbsignaler<\/h3>\n\n\n\n<p>Vi anv\u00e4nder&nbsp;<a style=\"font-weight: inherit; font-style: inherit; color: #469db9;\" href=\"https:\/\/pt.wikipedia.org\/wiki\/Cookie\" target=\"_blank\" rel=\"noopener\">kakor<\/a>&nbsp;f\u00f6r att lagra information, t.ex. dina personliga preferenser, n\u00e4r du bes\u00f6ker webbplatsen.&nbsp;<strong>Hur man l\u00e4r sig japanska<\/strong>. Det kan vara en enkel popup-f\u00f6nsterruta eller en l\u00e4nk till olika tj\u00e4nster som vi tillhandah\u00e5ller, t.ex. forum.<\/p>\n\n\n\n<p>Google anv\u00e4nder sig av den nya&nbsp;<a style=\"font-weight: inherit; font-style: inherit; color: #469db9;\" href=\"https:\/\/www.doubleclick.com\/privacy\/faq.aspx?ctx=tltp\" target=\"_blank\" rel=\"noopener\">DART-cookie<\/a>&nbsp;f\u00f6r att visa annonser baserat p\u00e5 dina intressen och ditt bes\u00f6k p\u00e5 v\u00e5r blogg och andra webbplatser p\u00e5 webben. Du kan v\u00e4lja bort anv\u00e4ndningen av DART-cookien genom att bes\u00f6ka Googles annonssida och f\u00f6retagets kontrollprogram.<\/p>\n\n\n\n<p>Anv\u00e4ndaren \u00e4r medveten om och godk\u00e4nner att den insamlade informationen kommer att anv\u00e4ndas f\u00f6r f\u00f6ljande \u00e4ndam\u00e5l: a) f\u00f6r att informera om nytt inneh\u00e5ll, nyheter och evenemang, b) f\u00f6r att uppdatera kontaktuppgifter, c) f\u00f6r att optimera anv\u00e4ndbarheten och den interaktiva upplevelsen under anv\u00e4ndarens navigering p\u00e5 webbplatsen, d) f\u00f6r att utarbeta allm\u00e4n statistik utan att identifiera anv\u00e4ndarna, e) f\u00f6r att besvara anv\u00e4ndarnas tvivel och f\u00f6rfr\u00e5gningar och f) f\u00f6r att f\u00f6lja r\u00e4ttsliga eller juridiska beslut. Vi f\u00f6rbeh\u00e5ller oss ocks\u00e5 r\u00e4tten att anv\u00e4nda s\u00e5dana register, p\u00e5 individuell basis, vid utredning av civilr\u00e4ttsliga eller straffr\u00e4ttsliga brott, s\u00e4rskilt n\u00e4r det finns misstankar om bedr\u00e4geri, hackarattacker, systemf\u00f6r\u00e4ndringar eller otillb\u00f6rlig \u00e5tkomst till skyddad information och andra anv\u00e4ndares registreringsuppgifter.<\/p>\n\n\n\n<h2 class=\"wp-block-heading\" id=\"2-guarda-e-responsabilidade-pelas-informacoes-coletadas\">2. F\u00f6rvaring och redovisning av insamlad information<\/h2>\n\n\n\n<p>All information som tillhandah\u00e5lls av anv\u00e4ndarna kommer att inh\u00e4mtas och lagras i enlighet med de str\u00e4ngaste normerna f\u00f6r s\u00e4kerhet och tillf\u00f6rlitlighet. Vi kommer att g\u00f6ra v\u00e5rt b\u00e4sta f\u00f6r att uppr\u00e4tth\u00e5lla integriteten hos den information som tillhandah\u00e5lls oss, varf\u00f6r vi inte \u00e4r ansvariga f\u00f6r skador till f\u00f6ljd av att tredje part f\u00e5r tillg\u00e5ng till den och\/eller anv\u00e4nder den. Tillg\u00e5ngen till den insamlade informationen \u00e4r begr\u00e4nsad till anst\u00e4llda och beh\u00f6riga personer. De som otillb\u00f6rligt anv\u00e4nder s\u00e5dan information i strid med denna sekretesspolicy ska bli f\u00f6rem\u00e5l f\u00f6r administrativa och disciplin\u00e4ra p\u00e5f\u00f6ljder, utan att utesluta till\u00e4mpliga r\u00e4ttsliga \u00e5tg\u00e4rder. Om det inte \u00e4r lagligt eller r\u00e4ttsligt fastst\u00e4llt kommer informationen om anv\u00e4ndare som \u00e4r registrerade p\u00e5 denna webbplats aldrig att \u00f6verf\u00f6ras till tredje part eller anv\u00e4ndas f\u00f6r andra \u00e4ndam\u00e5l \u00e4n de f\u00f6r vilka den samlades in. Alla personuppgifter som samlas in kommer att inf\u00f6rlivas i denna webbplats databas och webbplatsens administrat\u00f6r kommer att vara ansvarig f\u00f6r dem.<\/p>\n\n\n\n<h2 class=\"wp-block-heading\" id=\"3-informacoes-opinioes-e-conteudos-gerados-por-terceiros\">3. Information, \u00e5sikter och inneh\u00e5ll som genereras av tredje parter<\/h2>\n\n\n\n<p>P\u00e5 denna webbplats kan bes\u00f6kare\/anv\u00e4ndare delta genom kommentarer, utbyte av information, publicering av inneh\u00e5ll som genererats av tredje part och spridning av annonser. Bes\u00f6kare, anv\u00e4ndare och annons\u00f6rer \u00e4r medvetna om att de inte f\u00e5r publicera information, \u00e5sikter eller inneh\u00e5ll som \u00e4r omoraliskt, olagligt, rasistiskt, \u00e4rekr\u00e4nkande, skadligt, pornografiskt, kriminellt eller inneh\u00e5ll som kr\u00e4nker upphovsmannens r\u00e4ttigheter. Du \u00e4r ocks\u00e5 medveten om att all information, allt inneh\u00e5ll eller alla \u00e5sikter som tillhandah\u00e5lls eller publiceras fritt p\u00e5 denna webbplats, med undantag f\u00f6r personlig information som beg\u00e4rs i registreringssyfte, INTE SKA vara GOSTAGEBAR ELLER SKYDDAD AV DENNA PRIVACY POLICY, och att andra bes\u00f6kare och anv\u00e4ndare kan f\u00e5 fri tillg\u00e5ng till och titta p\u00e5 dem. Det \u00e4r ocks\u00e5 f\u00f6rbjudet med reklam eller spridning av produkter, tj\u00e4nster eller evenemang som inte respekterar lagen, moralen och goda seder. De som ansvarar f\u00f6r denna webbplats \u00e4r inte ansvariga f\u00f6r information, \u00e5sikter och inneh\u00e5ll som genereras av tredje part, eller f\u00f6r kvaliteten eller sanningshalten hos de produkter, tj\u00e4nster eller h\u00e4ndelser som presenteras p\u00e5 webbplatsen.  Varje omoralisk eller olaglig manifestation, reproduktion eller publicering m\u00e5ste anm\u00e4las till organisat\u00f6rerna av denna webbplats och kommer omedelbart att tas bort. Anm\u00e4lan b\u00f6r skickas till den adress som de ansvariga f\u00f6r omr\u00e5det har.<\/p>\n\n\n\n<h2 class=\"wp-block-heading\" id=\"4-responsabilidade-dos-usuarios\">4. Anv\u00e4ndarnas ansvar<\/h2>\n\n\n\n<p>Det \u00e4r anv\u00e4ndarens ansvar att bevara sitt l\u00f6senord och sin inloggning. Vi rekommenderar inte att du anv\u00e4nder uppenbara l\u00f6senord, t.ex. speciella datum, namn eller numeriska sekvenser. Om anv\u00e4ndaren f\u00e5r k\u00e4nnedom om eller bara misst\u00e4nker att l\u00f6senordet har kn\u00e4ckts ska han eller hon \u00e4ndra det p\u00e5 sin registreringssida. Vi har \u00e5tagit oss att skydda barns integritet p\u00e5 n\u00e4tet. Registrering av minder\u00e5riga sker endast f\u00f6r att de ska kunna delta i begr\u00e4nsade delar av webbplatsen med pedagogiskt inneh\u00e5ll. Minder\u00e5rigas uppgifter kommer endast att anv\u00e4ndas f\u00f6r att besvara f\u00f6rfr\u00e5gningar, akademiska fr\u00e5gor, planera f\u00f6rel\u00e4sningar i skolor eller f\u00f6r allm\u00e4n statistik. Vi rekommenderar ocks\u00e5 att minder\u00e5riga alltid st\u00e5r under ledning och \u00f6vervakning av sina v\u00e5rdnadshavare, som n\u00e4r som helst kan beg\u00e4ra att registreringen avbryts. Denna policy \u00e4r f\u00f6rem\u00e5l f\u00f6r st\u00e4ndiga f\u00f6rb\u00e4ttringar och finjusteringar. Vi rekommenderar d\u00e4rf\u00f6r att den regelbundet konsulteras.<\/p>\n\n<div style=\"font-size: 0px; height: 0px; line-height: 0px; margin: 0; padding: 0; clear: both;\"><\/div>","protected":false},"excerpt":{"rendered":"<p>Esta Pol\u00edtica de Privacidade foi elaborada visando zelar pela confidencialidade, privacidade e prote\u00e7\u00e3o dos dados pessoais dos visitantes deste site e dos usu\u00e1rios de nossos servi\u00e7os, protegendo essas informa\u00e7\u00f5es de perdas, uso impr\u00f3prio, acesso n\u00e3o<\/p>","protected":false},"author":1,"featured_media":0,"parent":0,"menu_order":0,"comment_status":"closed","ping_status":"closed","template":"","meta":{"footnotes":""},"class_list":["post-9","page","type-page","status-publish"],"jetpack-related-posts":[{"id":4016,"url":"https:\/\/comoaprenderjapones.net\/sv\/curso-japones-club-por-skdesu\/","url_meta":{"origin":9,"position":0},"title":"Curso Japon\u00eas Club por Skdesu","author":"Rafael Avelino","date":"2 de februari de 2023","format":false,"excerpt":"Advertorial Aprenda a L\u00edngua Japonesa com o Curso Japon\u00eas Club e Tenha a solu\u00e7\u00e3o definitiva para superar qualquer desafio! Mang\u00e1 Death Note Olha s\u00f3 o que voc\u00ea tem no Curso Japon\u00eas Club! + de 140 v\u00eddeo aulas em Alta Defini\u00e7\u00e3o Jogos e Atividades Interativas Pagamento \u00danico (N\u00e3o tem Mensalidades) Acesso\u2026","rel":"","context":"Liknande inl\u00e4gg","block_context":{"text":"Liknande inl\u00e4gg","link":""},"img":{"alt_text":"","src":"https:\/\/i0.wp.com\/comoaprenderjapones.net\/wp-content\/uploads\/2023\/02\/japones-club-advertorial.jpg?fit=1023%2C499&ssl=1&resize=350%2C200","width":350,"height":200,"srcset":"https:\/\/i0.wp.com\/comoaprenderjapones.net\/wp-content\/uploads\/2023\/02\/japones-club-advertorial.jpg?fit=1023%2C499&ssl=1&resize=350%2C200 1x, https:\/\/i0.wp.com\/comoaprenderjapones.net\/wp-content\/uploads\/2023\/02\/japones-club-advertorial.jpg?fit=1023%2C499&ssl=1&resize=525%2C300 1.5x, https:\/\/i0.wp.com\/comoaprenderjapones.net\/wp-content\/uploads\/2023\/02\/japones-club-advertorial.jpg?fit=1023%2C499&ssl=1&resize=700%2C400 2x"},"classes":[]},{"id":179,"url":"https:\/\/comoaprenderjapones.net\/sv\/mapa-site\/","url_meta":{"origin":9,"position":1},"title":"Webbkarta","author":"Rafael Avelino","date":"31 de januari de 2015","format":false,"excerpt":"Mapa do Site Veja todos os artigos publicados aqui no Como Aprender Japon\u00eas","rel":"","context":"Liknande inl\u00e4gg","block_context":{"text":"Liknande inl\u00e4gg","link":""},"img":{"alt_text":"","src":"","width":0,"height":0},"classes":[]},{"id":860,"url":"https:\/\/comoaprenderjapones.net\/sv\/japones-expresso-curso-online-japones\/","url_meta":{"origin":9,"position":2},"title":"Japanese Express: Onlinekurs i japanska","author":"Rafael Avelino","date":"14 de november de 2016","format":false,"excerpt":"Conhe\u00e7a curso online japon\u00eas expresso promete te ajudar a sair do zero no idioma japon\u00eas e tamb\u00e9m para quem tem viagem marcada para o Jap\u00e3o. CURSO N\u00c3O EST\u00c1 DISPONIVEL. Conhe\u00e7a o curso Completo do Sensei Luiz Rafael o ???? Programa Japon\u00eas Online! Quem gosta da cultura japonesa, seja animes, mangas,\u2026","rel":"","context":"Liknande inl\u00e4gg","block_context":{"text":"Liknande inl\u00e4gg","link":""},"img":{"alt_text":"Japon\u00eas Expresso curso online de japon\u00eas","src":"https:\/\/i0.wp.com\/comoaprenderjapones.net\/wp-content\/uploads\/2016\/11\/Japones_Expresso.jpg?fit=1200%2C696&ssl=1&resize=350%2C200","width":350,"height":200,"srcset":"https:\/\/i0.wp.com\/comoaprenderjapones.net\/wp-content\/uploads\/2016\/11\/Japones_Expresso.jpg?fit=1200%2C696&ssl=1&resize=350%2C200 1x, https:\/\/i0.wp.com\/comoaprenderjapones.net\/wp-content\/uploads\/2016\/11\/Japones_Expresso.jpg?fit=1200%2C696&ssl=1&resize=525%2C300 1.5x, https:\/\/i0.wp.com\/comoaprenderjapones.net\/wp-content\/uploads\/2016\/11\/Japones_Expresso.jpg?fit=1200%2C696&ssl=1&resize=700%2C400 2x, https:\/\/i0.wp.com\/comoaprenderjapones.net\/wp-content\/uploads\/2016\/11\/Japones_Expresso.jpg?fit=1200%2C696&ssl=1&resize=1050%2C600 3x"},"classes":[]},{"id":2786,"url":"https:\/\/comoaprenderjapones.net\/sv\/acompanhe\/","url_meta":{"origin":9,"position":3},"title":"F\u00f6lj","author":"Rafael Avelino","date":"12 de juni de 2020","format":false,"excerpt":"Para n\u00e3o perder alguma novidade ou dica logo em seguida vou indicar v\u00e1rias op\u00e7\u00f5es para que voc\u00ea acompanhe o comoaprenderjapones.net da maneira que desejar e que mais goste. Acompanhe pelo Feed Um dos meios mais tradicionais para voc\u00ea receber as novidades instantaneamente quando algo \u00e9 publicado por aqui. Feed do\u2026","rel":"","context":"Liknande inl\u00e4gg","block_context":{"text":"Liknande inl\u00e4gg","link":""},"img":{"alt_text":"Acompanhe pelo Feedly o comoaprenderjapones.net","src":"https:\/\/i0.wp.com\/comoaprenderjapones.net\/wp-content\/uploads\/2020\/06\/feedly-follow.png?resize=350%2C200&ssl=1","width":350,"height":200},"classes":[]},{"id":35,"url":"https:\/\/comoaprenderjapones.net\/sv\/sobre\/","url_meta":{"origin":9,"position":4},"title":"Om","author":"Rafael Avelino","date":"24 de augusti de 2014","format":false,"excerpt":"Ol\u00e1 Minna! Sou Rafael admin deste site, como vai? Muito obrigado por visitar este site que pretende passar dicas de como aprender japon\u00eas para quem est\u00e1 iniciando, assim como eu. Vamos tentar abordar tudo que possa ajudar no seu aprendizado do idioma japon\u00eas, que vai desde animes,m\u00fasicas,mangas e tamb\u00e9m o\u2026","rel":"","context":"Liknande inl\u00e4gg","block_context":{"text":"Liknande inl\u00e4gg","link":""},"img":{"alt_text":"","src":"","width":0,"height":0},"classes":[]},{"id":94,"url":"https:\/\/comoaprenderjapones.net\/sv\/programa-japones-online\/","url_meta":{"origin":9,"position":5},"title":"Onlineprogram i japanska + gratis intensivkurs i japanska","author":"Rafael Avelino","date":"20 de oktober de 2014","format":false,"excerpt":"Conhe\u00e7a o curso de japon\u00eas Programa Japon\u00eas Online do Sensei Luiz Rafael! \u3053\u3093\u306b\u3061\u306f! Est\u00e1 procurando um m\u00e9todo eficiente que te ensine do ZERO a ter um n\u00edvel de flu\u00eancia que possa consumir conte\u00fados totalmente em japon\u00eas? O m\u00e9todo criado pelo Luiz Rafael j\u00e1 passou por muitas atualiza\u00e7\u00f5es e est\u00e1 no\u2026","rel":"","context":"Liknande inl\u00e4gg","block_context":{"text":"Liknande inl\u00e4gg","link":""},"img":{"alt_text":"Programa Japon\u00eas Online - Intensiv\u00e3o de japon\u00eas","src":"https:\/\/i0.wp.com\/comoaprenderjapones.net\/wp-content\/uploads\/2021\/01\/programa-japones-online-intensivao-de-japones-2021.jpg?fit=1200%2C932&ssl=1&resize=350%2C200","width":350,"height":200,"srcset":"https:\/\/i0.wp.com\/comoaprenderjapones.net\/wp-content\/uploads\/2021\/01\/programa-japones-online-intensivao-de-japones-2021.jpg?fit=1200%2C932&ssl=1&resize=350%2C200 1x, https:\/\/i0.wp.com\/comoaprenderjapones.net\/wp-content\/uploads\/2021\/01\/programa-japones-online-intensivao-de-japones-2021.jpg?fit=1200%2C932&ssl=1&resize=525%2C300 1.5x, https:\/\/i0.wp.com\/comoaprenderjapones.net\/wp-content\/uploads\/2021\/01\/programa-japones-online-intensivao-de-japones-2021.jpg?fit=1200%2C932&ssl=1&resize=700%2C400 2x, https:\/\/i0.wp.com\/comoaprenderjapones.net\/wp-content\/uploads\/2021\/01\/programa-japones-online-intensivao-de-japones-2021.jpg?fit=1200%2C932&ssl=1&resize=1050%2C600 3x"},"classes":[]}],"jetpack_sharing_enabled":false,"amp_enabled":true,"_links":{"self":[{"href":"https:\/\/comoaprenderjapones.net\/sv\/wp-json\/wp\/v2\/pages\/9","targetHints":{"allow":["GET"]}}],"collection":[{"href":"https:\/\/comoaprenderjapones.net\/sv\/wp-json\/wp\/v2\/pages"}],"about":[{"href":"https:\/\/comoaprenderjapones.net\/sv\/wp-json\/wp\/v2\/types\/page"}],"author":[{"embeddable":true,"href":"https:\/\/comoaprenderjapones.net\/sv\/wp-json\/wp\/v2\/users\/1"}],"replies":[{"embeddable":true,"href":"https:\/\/comoaprenderjapones.net\/sv\/wp-json\/wp\/v2\/comments?post=9"}],"version-history":[{"count":0,"href":"https:\/\/comoaprenderjapones.net\/sv\/wp-json\/wp\/v2\/pages\/9\/revisions"}],"wp:attachment":[{"href":"https:\/\/comoaprenderjapones.net\/sv\/wp-json\/wp\/v2\/media?parent=9"}],"curies":[{"name":"wp","href":"https:\/\/api.w.org\/{rel}","templated":true}]}}