{"id":904,"date":"2017-02-15T20:39:01","date_gmt":"2017-02-15T22:39:01","guid":{"rendered":"https:\/\/comoaprenderjapones.net\/?page_id=904"},"modified":"2022-09-05T15:01:47","modified_gmt":"2022-09-05T18:01:47","slug":"fan-art-metod","status":"publish","type":"page","link":"https:\/\/comoaprenderjapones.net\/sv\/metodo-fan-art\/","title":{"rendered":"Fan Art Method 3.0 - Hur man ritar anime-karakt\u00e4rer"},"content":{"rendered":"<div class=\"ca37210a771ea5350c46bdff28d7a265\" data-index=\"2\" style=\"float: none; margin:0px;\">\n<script async src=\"https:\/\/pagead2.googlesyndication.com\/pagead\/js\/adsbygoogle.js?client=ca-pub-0652292147574552\"\r\n     crossorigin=\"anonymous\"><\/script>\r\n<!-- Ads responsivo Inicio Post CAJap -->\r\n<ins class=\"adsbygoogle\"\r\n     style=\"display:block\"\r\n     data-ad-client=\"ca-pub-0652292147574552\"\r\n     data-ad-slot=\"3298668993\"\r\n     data-ad-format=\"auto\"><\/ins>\r\n<script>\r\n     (adsbygoogle = window.adsbygoogle || []).push({});\r\n<\/script>\n<\/div>\n\n<div class=\"addthis_inline_share_toolbox\"><\/div>\n\n\n\n<p><em>L\u00e4r dig hur du <strong>hur man ritar anime karakt\u00e4rer<\/strong> \u00e4ven utan den stegvisa \"g\u00e5van\" fr\u00e5n <strong>fan art 3.0 metod <\/strong>skapad av<strong> <\/strong>Mayara Rodrigues.\u00a0<\/em><\/p>\n\n\n\n<p>Alla som gillar japansk kultur, s\u00e4rskilt anime och manga, har varit nyfikna p\u00e5 om det \u00e4r m\u00f6jligt att l\u00e4ra sig att teckna sin favoritkarakt\u00e4r \u00e4ven om de inte har en affinitet, \"g\u00e5van\" att teckna.<\/p>\n\n\n\n<p>Det stora problemet \u00e4r att utan en bra metod eller n\u00e5gon som kan l\u00e4ra dig p\u00e5 ett praktiskt s\u00e4tt \u00e4r det sv\u00e5rt att l\u00e4ra sig p\u00e5 egen hand.<\/p>\n\n\n\n\n\n\n<p>Det var med detta i \u00e5tanke som <a href=\"https:\/\/comoaprenderjapones.net\/sv\/in\/conheca-o-metodo-fan-art\/\" target=\"_blank\" rel=\"noopener\">Mayara best\u00e4mde sig f\u00f6r att skapa en enkel metod<\/a>Den \u00e4r praktisk och fokuserar p\u00e5 det som verkligen \u00e4r viktigt.<\/p>\n\n\n\n<h2 class=\"wp-block-heading\">Vad \u00e4r fan art?<\/h2>\n\n\n\n<p>Du vet... <strong>vad \u00e4r fan art<\/strong>? Se nedan f\u00f6r en kort f\u00f6rklaring och ta sedan reda p\u00e5 mer om <a href=\"https:\/\/comoaprenderjapones.net\/sv\/fan-art-metod\/\">Metod f\u00f6r fan art<\/a> som \u00e4r mycket popul\u00e4r i Brasilien f\u00f6r dem som vill l\u00e4ra sig att rita anime:<\/p>\n\n\n\n<blockquote class=\"wp-block-quote is-layout-flow wp-block-quote-is-layout-flow\"><p>Fanart, fan art eller fan art \u00e4r ett konstverk baserat p\u00e5 en karakt\u00e4r, fantasi, f\u00f6rem\u00e5l eller ett v\u00e4lk\u00e4nt verk som har skapats av fans. Termen kan till\u00e4mpas b\u00e5de p\u00e5 fan-gjord konst av karakt\u00e4rer fr\u00e5n en viss bok eller vissa b\u00f6cker och p\u00e5 konst som h\u00e4rr\u00f6r fr\u00e5n visuella medier som serier, filmer och\/eller videospel. Det avser vanligtvis konstverk av amat\u00f6rkonstn\u00e4rer eller konstn\u00e4rer som inte f\u00e5r betalt f\u00f6r sitt arbete. Det \u00e4r ett verk som skapats av fans utifr\u00e5n deras egen fantasi om det ursprungliga verket.<br \/>K\u00e4lla:&nbsp;<a href=\"https:\/\/pt.wikipedia.org\/wiki\/Fanart\" target=\"_blank\" rel=\"noopener\">Wikipedia<\/a><\/p><\/blockquote>\n\n\n\n<p>L\u00e5t oss nu ta reda p\u00e5 vad den h\u00e4r kursen handlar om, liksom dess skapare och vittnesm\u00e5l fr\u00e5n m\u00e4nniskor som har tagit den och godk\u00e4nt den.<\/p>\n\n\n\n<h2 class=\"wp-block-heading\">Vad \u00e4r Fan Art-metoden?<\/h2>\n\n\n\n<p>En metod som skapats f\u00f6r att l\u00e4ra m\u00e4nniskor som vill l\u00e4ra sig att rita sin favoritanimefigur utan alltf\u00f6r mycket kr\u00e5ngel i en v\u00e4l f\u00f6rklarad och didaktisk steg-f\u00f6r-steg-process.<\/p>\n\n\n\n<p>L\u00e4r dig att rita p\u00e5 samma s\u00e4tt som den ursprungliga anime-f\u00f6rfattaren ritade den karakt\u00e4r han skapade.<\/p>\n\n\n\n<h3 class=\"wp-block-heading\"><strong>Mayara Rodrigues skapare<\/strong> av kursen<\/h3>\n\n\n<div class=\"wp-block-image\">\n<figure class=\"alignleft\"><a href=\"https:\/\/comoaprenderjapones.net\/sv\/in\/conheca-o-metodo-fan-art\/\" rel=\"nofollow noopener\"><img data-recalc-dims=\"1\" decoding=\"async\" width=\"300\" height=\"247\" src=\"https:\/\/i0.wp.com\/comoaprenderjapones.net\/wp-content\/uploads\/2018\/09\/Mayara-Rodrigues.png?resize=300%2C247&#038;ssl=1\" alt=\"Mayara Rodrigues skapare av fan Art Method\" class=\"wp-image-2430\" srcset=\"https:\/\/i0.wp.com\/comoaprenderjapones.net\/wp-content\/uploads\/2018\/09\/Mayara-Rodrigues.png?resize=300%2C247&amp;ssl=1 300w, https:\/\/i0.wp.com\/comoaprenderjapones.net\/wp-content\/uploads\/2018\/09\/Mayara-Rodrigues.png?w=543&amp;ssl=1 543w\" sizes=\"(max-width: 300px) 100vw, 300px\" \/><\/a><figcaption><strong>Mayara Rodrigues<\/strong> skapare av Fan Art-metoden<\/figcaption><\/figure>\n<\/div>\n\n\n<p><strong>Mayara Rodrigues<\/strong>Som m\u00e5nga brasilianare blev han intresserad av anime och hans favorit var Digimon, vilket gav upphov till en \u00f6nskan om att l\u00e4ra sig teckna sina favoritkarakt\u00e4rer.<\/p>\n\n\n\n<p>Det stora problemet var att hon inte gjorde n\u00e5gra st\u00f6rre framsteg n\u00e4r hon f\u00f6rs\u00f6kte teckna, och en teckningskurs var inte s\u00e4rskilt billig eller n\u00e4ra hennes hem.<\/p>\n\n\n\n<p>Hon b\u00f6rjade sedan k\u00f6pa tidningar som l\u00e4rde ut teckning, vanligtvis japanska metoder.<\/p>\n\n\n\n<p>Efter mycket brainstorming var det f\u00f6rst efter l\u00e5ng tid, m\u00e5nga \u00e5r, som hon verkligen f\u00f6rstod hur man tecknar en anime.<\/p>\n\n\n\n<p class=\"has-text-align-center\"><a class=\"fasc-button fasc-size-large fasc-type-popout fasc-rounded-medium ico-fa fasc-ico-before fa-youtube-play\" style=\"background-color: #cc2f1a; color: #ffffff;\" target=\"_blank\" rel=\"nofollow noopener\" href=\"https:\/\/comoaprenderjapones.net\/sv\/in\/conheca-historia-da-mayara-rodrigues\/\">Ta reda p\u00e5 mer om hans historia genom att klicka h\u00e4r!<\/a><\/p>\n\n\n\n<h3 class=\"wp-block-heading\">Vad \u00e4r inneh\u00e5llet i Fan Art Method?<\/h3>\n\n\n\n<p>Kursen blir inte tr\u00e5kig, utan g\u00e5r rakt p\u00e5 sak. Titta bara p\u00e5 de \u00e4mnen som behandlas i onlinekursen <strong>fan art 3.0 metod<\/strong> har:<\/p>\n\n\n\n<ol class=\"wp-block-list\"><li>Bildanalys<\/li><li>Tekniker f\u00f6r skissande<\/li><li>Ansiktets anatomi + vinkelvariationer<\/li><li>Kroppens och r\u00f6relsernas anatomi<\/li><li>Hemligheten med att g\u00f6ra anime \/ manga h\u00e5r ...<\/li><li>Din karakt\u00e4rs perfekta h\u00e4nder och f\u00f6tter...<\/li><li>Ritning av karakt\u00e4rers kl\u00e4der<\/li><li>F\u00e4rdigst\u00e4llande av pennritningar<\/li><li>Introduktion till m\u00e5leri + Ljus och skugga<\/li><\/ol>\n\n\n\n<h3 class=\"wp-block-heading\">Fan Art Metod 3.0 bonusar<\/h3>\n\n\n\n<p>Och \u00e4ven som tullar <strong>+ 5 bonusar<\/strong> f\u00f6r att ytterligare f\u00f6rb\u00e4ttra din design:<\/p>\n\n\n\n<ul class=\"wp-block-list\"><li>Hemligheten med att dra \u00f6gon<\/li><li>V\u00e4rme och sp\u00e5rning<\/li><li>Anv\u00e4nda alla kursmoduler i en och samma ritning<\/li><li>Tillg\u00e5ng till den exklusiva studentgruppen<\/li><li>Intyg om avslutad utbildning<\/li><\/ul>\n\n\n<div class=\"wp-block-image\">\n<figure class=\"aligncenter\"><img data-recalc-dims=\"1\" decoding=\"async\" width=\"900\" height=\"475\" src=\"https:\/\/i0.wp.com\/comoaprenderjapones.net\/wp-content\/uploads\/2017\/02\/Area_de_Membros_Metodo_fan_art.jpg?resize=900%2C475&#038;ssl=1\" alt=\"Medlemsomr\u00e5de Fan art-metod\" class=\"wp-image-906\" srcset=\"https:\/\/i0.wp.com\/comoaprenderjapones.net\/wp-content\/uploads\/2017\/02\/Area_de_Membros_Metodo_fan_art.jpg?w=900&amp;ssl=1 900w, https:\/\/i0.wp.com\/comoaprenderjapones.net\/wp-content\/uploads\/2017\/02\/Area_de_Membros_Metodo_fan_art.jpg?resize=300%2C158&amp;ssl=1 300w, https:\/\/i0.wp.com\/comoaprenderjapones.net\/wp-content\/uploads\/2017\/02\/Area_de_Membros_Metodo_fan_art.jpg?resize=768%2C405&amp;ssl=1 768w\" sizes=\"(max-width: 900px) 100vw, 900px\" \/><\/figure>\n<\/div>\n\n\n<p>Du kommer ocks\u00e5 att ha en sluten Facebook-grupp f\u00f6r eventuella fr\u00e5gor du kan ha med f\u00f6rfattaren till kursen.<\/p>\n\n\n\n<p>Naturligtvis finns det inga mirakel, men du kan l\u00e4ra dig av dem som kan \u00e4mnet genom att \u00f6va varje dag och se hur snabbt du g\u00f6r framsteg.<\/p>\n\n\n\n<h2 class=\"wp-block-heading\">Kommer jag att l\u00e4ra mig att teckna anime-figurer?<\/h2>\n\n\n\n<p>F\u00f6r dig som vill l\u00e4ra dig att rita animefigurer p\u00e5 ett enkelt och okomplicerat s\u00e4tt, s\u00e5 \u00e4r <strong>fan art metod verk<\/strong> och det \u00e4r perfekt f\u00f6r dig!<\/p>\n\n\n\n<p>Kolla in Mayaras studenter nedan som redan uppn\u00e5r utm\u00e4rkta resultat och f\u00f6rverkligar sin dr\u00f6m om att l\u00e4ra sig teckna sina favoritanimefigurer.<\/p>\n\n\n\n<h3 class=\"wp-block-heading\">Vittnesm\u00e5l fr\u00e5n studenter<\/h3>\n\n\n\n<p>Se vittnesm\u00e5l fr\u00e5n dina elever som visar hur glada de \u00e4r \u00f6ver att ha ritat sina favoritanimefigurer:<br \/><\/p>\n\n\n<div class=\"message_box announce\"><p><\/p>\n<blockquote><p>Grattis till kursen Mayara, jag tyckte att den var mycket bra. Jag har redan rekommenderat den till flera v\u00e4nner, det \u00e4r v\u00e4rt det. Mycket rakt p\u00e5 sak, jag \u00e4r redan p\u00e5 den 4: e modulen och skillnaden \u00e4r absurd fr\u00e5n mina gamla ritningar till nu, varje dag blir jag b\u00e4ttre. Grattis och framg\u00e5ng till dig. Bjs<\/p>\n<p><strong>Jo\u00e3o Gabriel Alvarenga<\/strong><\/p><\/blockquote>\n<p><\/p><\/div>\n\n\n<div class=\"message_box announce\"><p><\/p>\n<blockquote><p>Jag brukade bli galen av att vilja rita Eren Yeager!!! Jag hade redan kopierat lite \u00f6ver, men idag ritade jag honom utan att ens titta !!! F\u00f6ljer allt du l\u00e4rde dig i kursen!!!<br \/>\nTooo glad dmais, jag kommer att g\u00f6ra en affisch snart f\u00f6r att s\u00e4tta h\u00e4r i mitt rum hehehe !!! Tack Mayy, din kurs \u00e4r fantastisk!!!<\/p>\n<p><strong>Marcos Vinicius Viana<\/strong><\/p><\/blockquote>\n<p><\/p><\/div>\n\n\n\n<p>Se ocks\u00e5 vittnesm\u00e5len om de resultat som dina elever har f\u00e5tt genom att visa sina teckningar nedan:<br \/><\/p>\n\n\n<div class=\"tab_widget wp_shortcodes_tabs\"><ul class=\"wps_tabs\"><li><a href=\"#\" data-tab=\"tab-0-depoimento-jonathan\">Jonathans vittnesm\u00e5l<\/a><\/li><li><a href=\"#\" data-tab=\"tab-1-depoimento-adson\">Adson vittnesm\u00e5l<\/a><\/li><li><a href=\"#\" data-tab=\"tab-2-depoimento-mika\">Mika vittnesm\u00e5l<\/a><\/li><\/ul><div class=\"tab_container\"><div id=\"tab-0-depoimento-jonathan\" class=\"tab_content clearfix\"><img data-recalc-dims=\"1\" decoding=\"async\" class=\"size-full wp-image-909 aligncenter\" src=\"https:\/\/i0.wp.com\/comoaprenderjapones.net\/wp-content\/uploads\/2017\/02\/Metodo_fan_art_desenho_aluno-7.jpg?resize=509%2C626&#038;ssl=1\" alt=\"\" width=\"509\" height=\"626\" srcset=\"https:\/\/i0.wp.com\/comoaprenderjapones.net\/wp-content\/uploads\/2017\/02\/Metodo_fan_art_desenho_aluno-7.jpg?w=509&amp;ssl=1 509w, https:\/\/i0.wp.com\/comoaprenderjapones.net\/wp-content\/uploads\/2017\/02\/Metodo_fan_art_desenho_aluno-7.jpg?resize=244%2C300&amp;ssl=1 244w\" sizes=\"(max-width: 509px) 100vw, 509px\" \/>Jonathans vittnesm\u00e5l om fan Art-metoden<\/div><div id=\"tab-1-depoimento-adson\" class=\"tab_content clearfix\"><img data-recalc-dims=\"1\" decoding=\"async\" class=\"size-full wp-image-910 aligncenter\" src=\"https:\/\/i0.wp.com\/comoaprenderjapones.net\/wp-content\/uploads\/2017\/02\/Metodo_fan_art_desenhoaluno7.jpg?resize=495%2C515&#038;ssl=1\" alt=\"\" width=\"495\" height=\"515\" srcset=\"https:\/\/i0.wp.com\/comoaprenderjapones.net\/wp-content\/uploads\/2017\/02\/Metodo_fan_art_desenhoaluno7.jpg?w=495&amp;ssl=1 495w, https:\/\/i0.wp.com\/comoaprenderjapones.net\/wp-content\/uploads\/2017\/02\/Metodo_fan_art_desenhoaluno7.jpg?resize=288%2C300&amp;ssl=1 288w\" sizes=\"(max-width: 495px) 100vw, 495px\" \/>Adson vittnesm\u00e5l om fan art-metoden<\/div><div id=\"tab-2-depoimento-mika\" class=\"tab_content clearfix\"><\/p>\n<p><img data-recalc-dims=\"1\" decoding=\"async\" class=\"size-full wp-image-914 aligncenter\" src=\"https:\/\/i0.wp.com\/comoaprenderjapones.net\/wp-content\/uploads\/2017\/02\/Metodo_Fan_Art_desenhoaluno5.jpg?resize=516%2C546&#038;ssl=1\" alt=\"\" width=\"516\" height=\"546\" srcset=\"https:\/\/i0.wp.com\/comoaprenderjapones.net\/wp-content\/uploads\/2017\/02\/Metodo_Fan_Art_desenhoaluno5.jpg?w=516&amp;ssl=1 516w, https:\/\/i0.wp.com\/comoaprenderjapones.net\/wp-content\/uploads\/2017\/02\/Metodo_Fan_Art_desenhoaluno5.jpg?resize=284%2C300&amp;ssl=1 284w\" sizes=\"(max-width: 516px) 100vw, 516px\" \/><\/p>\n<p>Mikas vittnesm\u00e5l om fan art-metoden.<\/p>\n<p><\/div><\/div><\/div><div class=\"clear\"><\/div>\n\n\n\n<h2 class=\"wp-block-heading\">Fungerar Fan Art-metoden?<\/h2>\n\n\n\n<p>Ja, absolut! Om du har sett <a href=\"https:\/\/comoaprenderjapones.net\/sv\/fan-art-metod\/#depoimentos-dos-alunos\">vittnesm\u00e5l fr\u00e5n studenter<\/a> har du redan insett att Mayara Rodrigues vet vad hon pratar om, och att hon ger en enkel och mycket didaktisk presentation.<\/p>\n\n\n\n<p>Du f\u00e5r se videolektioner uppdelade i moduler s\u00e5 att du kan g\u00e5 vidare och oms\u00e4tta allt du har l\u00e4rt dig i praktiken p\u00e5 ett enkelt s\u00e4tt och utan att sl\u00f6sa f\u00f6r mycket tid.<\/p>\n\n\n\n<p>Du \u00e4r \u00f6vertygad om att \u00e4ven om du aldrig har ritat f\u00f6rut kan du l\u00e4ra dig teknikerna f\u00f6r att b\u00f6rja rita anime-figurer p\u00e5 ett praktiskt s\u00e4tt!<\/p>\n\n\n\n<p class=\"has-text-align-center\"><a class=\"fasc-button fasc-size-large fasc-type-glossy fasc-rounded-medium ico-fa fasc-ico-before fa-share-square-o\" style=\"background-color: #48aa3f; color: #ffffff;\" target=\"_blank\" rel=\"nofollow noopener\" href=\"https:\/\/comoaprenderjapones.net\/sv\/in\/conheca-o-metodo-fan-art\/\">Ta reda p\u00e5 NU om metoden och varf\u00f6r den \u00e4r s\u00e5 popul\u00e4r idag!<\/a><\/p>\n\n\n\n<h2 class=\"wp-block-heading\">Ofta st\u00e4llda fr\u00e5gor<\/h2>\n\n\n<div id=\"rank-math-faq\" class=\"rank-math-block\">\n<div class=\"rank-math-list\">\n<div id=\"faq-question-1662400697637\" class=\"rank-math-list-item\">\n<h3 class=\"rank-math-question\"><strong>\u00c4r kursen r\u00e4tt f\u00f6r mig?<\/strong><\/h3>\n<div class=\"rank-math-answer\">\n\n<p>Om du \u00e4r 8 \u00e5r, 16 \u00e5r eller till och med 40 \u00e5r (oavsett \u00e5lder) och vill l\u00e4ra dig att teckna anime- och mangafigurer, d\u00e5 \u00e4r den h\u00e4r kursen n\u00e5got f\u00f6r dig!<\/p>\n\n<\/div>\n<\/div>\n<div id=\"faq-question-1662400711600\" class=\"rank-math-list-item\">\n<h3 class=\"rank-math-question\"><strong>Vad finns i Fan Art-metoden?<\/strong><\/h3>\n<div class=\"rank-math-answer\">\n\n<p>Det finns mer \u00e4n 35 videolektioner plus ljud och texter.<\/p>\n\n<\/div>\n<\/div>\n<div id=\"faq-question-1662400722590\" class=\"rank-math-list-item\">\n<h3 class=\"rank-math-question\"><strong>Hur l\u00e5ng tid tar kursen?<\/strong><\/h3>\n<div class=\"rank-math-answer\">\n\n<p>Tillg\u00e5ngen g\u00e4ller livet ut, dvs. p\u00e5 obest\u00e4md tid.<\/p>\n\n<\/div>\n<\/div>\n<div id=\"faq-question-1662400736069\" class=\"rank-math-list-item\">\n<h3 class=\"rank-math-question\"><strong>Kan jag betala f\u00f6r kursen i delbetalningar?<\/strong><\/h3>\n<div class=\"rank-math-answer\">\n\n<p>Ja, du kan betala f\u00f6r Fan Art Method 3.0-kursen i upp till 10 delbetalningar med ditt kreditkort. Du kan till och med anv\u00e4nda 2 kreditkort om du vill.<\/p>\n\n<\/div>\n<\/div>\n<div id=\"faq-question-1662400747920\" class=\"rank-math-list-item\">\n<h3 class=\"rank-math-question\"><strong>\u00c4r det s\u00e4kert att k\u00f6pa Fan Art Method?<\/strong><\/h3>\n<div class=\"rank-math-answer\">\n\n<p>Ja, det\u00a0<a href=\"https:\/\/comoaprenderjapones.net\/sv\/in\/comprar-metodo-fan-art-3-0-ck\/\" target=\"_blank\" rel=\"noreferrer noopener\">Hotmart-plattform f\u00f6r att g\u00f6ra betalningen<\/a>\u00a0vilket \u00e4r mycket s\u00e4kert.<\/p>\n\n<\/div>\n<\/div>\n<div id=\"faq-question-1662400768520\" class=\"rank-math-list-item\">\n<h3 class=\"rank-math-question\"><strong>Var kan jag st\u00e4lla fr\u00e5gor?<\/strong><\/h3>\n<div class=\"rank-math-answer\">\n\n<p>Det finns Whatsapp-support f\u00f6r att du ska kunna st\u00e4lla fr\u00e5gor.<\/p>\n\n<\/div>\n<\/div>\n<div id=\"faq-question-1662400782852\" class=\"rank-math-list-item\">\n<h3 class=\"rank-math-question\"><strong>Beh\u00f6ver jag n\u00e5got f\u00f6r kursen?<\/strong><\/h3>\n<div class=\"rank-math-answer\">\n\n<p>En internetuppkoppling och enkla saker som pennor, bland annat, kommer att visas i kursen.<\/p>\n\n<\/div>\n<\/div>\n<div id=\"faq-question-1662400805354\" class=\"rank-math-list-item\">\n<h3 class=\"rank-math-question\"><strong>Har kursen ett certifikat?<\/strong><\/h3>\n<div class=\"rank-math-answer\">\n\n<p>Ja, det finns ett intyg p\u00e5 att kursen \u00e4r avslutad.<\/p>\n\n<\/div>\n<\/div>\n<div id=\"faq-question-1662400813086\" class=\"rank-math-list-item\">\n<h3 class=\"rank-math-question\"><strong>\u00c4r kursen garanterad?<\/strong><\/h3>\n<div class=\"rank-math-answer\">\n\n<p>Ja, garantin \u00e4r ovillkorlig i 7 dagar, s\u00e5 om du inte gillar kursen kan du be om pengarna tillbaka, med full \u00e5terbetalning.<\/p>\n\n<\/div>\n<\/div>\n<\/div>\n<\/div>\n\n\n<p><strong>Gillade du tipset? Dela det med dina v\u00e4nner genom att klicka p\u00e5 knapparna nedan!<\/strong><\/p>\n\n<div style=\"font-size: 0px; height: 0px; line-height: 0px; margin: 0; padding: 0; clear: both;\"><\/div>","protected":false},"excerpt":{"rendered":"<p>Aprenda a como desenhar personagem de animes mesmo sem ter o \u201cdom\u201d passo a passo com o m\u00e9todo fan art 3.0 criado pela Mayara Rodrigues.\u00a0 Quem gosta da cultura japonesa, principalmente pelos animes, mangas j\u00e1<\/p>","protected":false},"author":1,"featured_media":3028,"parent":0,"menu_order":0,"comment_status":"closed","ping_status":"closed","template":"","meta":{"footnotes":""},"class_list":["post-904","page","type-page","status-publish","has-post-thumbnail"],"jetpack-related-posts":[{"id":94,"url":"https:\/\/comoaprenderjapones.net\/sv\/programa-japones-online\/","url_meta":{"origin":904,"position":0},"title":"Onlineprogram i japanska + gratis intensivkurs i japanska","author":"Rafael Avelino","date":"20 de oktober de 2014","format":false,"excerpt":"Conhe\u00e7a o curso de japon\u00eas Programa Japon\u00eas Online do Sensei Luiz Rafael! \u3053\u3093\u306b\u3061\u306f! Est\u00e1 procurando um m\u00e9todo eficiente que te ensine do ZERO a ter um n\u00edvel de flu\u00eancia que possa consumir conte\u00fados totalmente em japon\u00eas? O m\u00e9todo criado pelo Luiz Rafael j\u00e1 passou por muitas atualiza\u00e7\u00f5es e est\u00e1 no\u2026","rel":"","context":"Liknande inl\u00e4gg","block_context":{"text":"Liknande inl\u00e4gg","link":""},"img":{"alt_text":"Programa Japon\u00eas Online - Intensiv\u00e3o de japon\u00eas","src":"https:\/\/i0.wp.com\/comoaprenderjapones.net\/wp-content\/uploads\/2021\/01\/programa-japones-online-intensivao-de-japones-2021.jpg?fit=1200%2C932&ssl=1&resize=350%2C200","width":350,"height":200,"srcset":"https:\/\/i0.wp.com\/comoaprenderjapones.net\/wp-content\/uploads\/2021\/01\/programa-japones-online-intensivao-de-japones-2021.jpg?fit=1200%2C932&ssl=1&resize=350%2C200 1x, https:\/\/i0.wp.com\/comoaprenderjapones.net\/wp-content\/uploads\/2021\/01\/programa-japones-online-intensivao-de-japones-2021.jpg?fit=1200%2C932&ssl=1&resize=525%2C300 1.5x, https:\/\/i0.wp.com\/comoaprenderjapones.net\/wp-content\/uploads\/2021\/01\/programa-japones-online-intensivao-de-japones-2021.jpg?fit=1200%2C932&ssl=1&resize=700%2C400 2x, https:\/\/i0.wp.com\/comoaprenderjapones.net\/wp-content\/uploads\/2021\/01\/programa-japones-online-intensivao-de-japones-2021.jpg?fit=1200%2C932&ssl=1&resize=1050%2C600 3x"},"classes":[]},{"id":35,"url":"https:\/\/comoaprenderjapones.net\/sv\/sobre\/","url_meta":{"origin":904,"position":1},"title":"Om","author":"Rafael Avelino","date":"24 de augusti de 2014","format":false,"excerpt":"Ol\u00e1 Minna! Sou Rafael admin deste site, como vai? Muito obrigado por visitar este site que pretende passar dicas de como aprender japon\u00eas para quem est\u00e1 iniciando, assim como eu. Vamos tentar abordar tudo que possa ajudar no seu aprendizado do idioma japon\u00eas, que vai desde animes,m\u00fasicas,mangas e tamb\u00e9m o\u2026","rel":"","context":"Liknande inl\u00e4gg","block_context":{"text":"Liknande inl\u00e4gg","link":""},"img":{"alt_text":"","src":"","width":0,"height":0},"classes":[]},{"id":860,"url":"https:\/\/comoaprenderjapones.net\/sv\/japones-expresso-curso-online-japones\/","url_meta":{"origin":904,"position":2},"title":"Japanese Express: Onlinekurs i japanska","author":"Rafael Avelino","date":"14 de november de 2016","format":false,"excerpt":"Conhe\u00e7a curso online japon\u00eas expresso promete te ajudar a sair do zero no idioma japon\u00eas e tamb\u00e9m para quem tem viagem marcada para o Jap\u00e3o. CURSO N\u00c3O EST\u00c1 DISPONIVEL. Conhe\u00e7a o curso Completo do Sensei Luiz Rafael o ???? Programa Japon\u00eas Online! Quem gosta da cultura japonesa, seja animes, mangas,\u2026","rel":"","context":"Liknande inl\u00e4gg","block_context":{"text":"Liknande inl\u00e4gg","link":""},"img":{"alt_text":"Japon\u00eas Expresso curso online de japon\u00eas","src":"https:\/\/i0.wp.com\/comoaprenderjapones.net\/wp-content\/uploads\/2016\/11\/Japones_Expresso.jpg?fit=1200%2C696&ssl=1&resize=350%2C200","width":350,"height":200,"srcset":"https:\/\/i0.wp.com\/comoaprenderjapones.net\/wp-content\/uploads\/2016\/11\/Japones_Expresso.jpg?fit=1200%2C696&ssl=1&resize=350%2C200 1x, https:\/\/i0.wp.com\/comoaprenderjapones.net\/wp-content\/uploads\/2016\/11\/Japones_Expresso.jpg?fit=1200%2C696&ssl=1&resize=525%2C300 1.5x, https:\/\/i0.wp.com\/comoaprenderjapones.net\/wp-content\/uploads\/2016\/11\/Japones_Expresso.jpg?fit=1200%2C696&ssl=1&resize=700%2C400 2x, https:\/\/i0.wp.com\/comoaprenderjapones.net\/wp-content\/uploads\/2016\/11\/Japones_Expresso.jpg?fit=1200%2C696&ssl=1&resize=1050%2C600 3x"},"classes":[]}],"jetpack_sharing_enabled":true,"amp_enabled":true,"_links":{"self":[{"href":"https:\/\/comoaprenderjapones.net\/sv\/wp-json\/wp\/v2\/pages\/904","targetHints":{"allow":["GET"]}}],"collection":[{"href":"https:\/\/comoaprenderjapones.net\/sv\/wp-json\/wp\/v2\/pages"}],"about":[{"href":"https:\/\/comoaprenderjapones.net\/sv\/wp-json\/wp\/v2\/types\/page"}],"author":[{"embeddable":true,"href":"https:\/\/comoaprenderjapones.net\/sv\/wp-json\/wp\/v2\/users\/1"}],"replies":[{"embeddable":true,"href":"https:\/\/comoaprenderjapones.net\/sv\/wp-json\/wp\/v2\/comments?post=904"}],"version-history":[{"count":0,"href":"https:\/\/comoaprenderjapones.net\/sv\/wp-json\/wp\/v2\/pages\/904\/revisions"}],"wp:featuredmedia":[{"embeddable":true,"href":"https:\/\/comoaprenderjapones.net\/sv\/wp-json\/wp\/v2\/media\/3028"}],"wp:attachment":[{"href":"https:\/\/comoaprenderjapones.net\/sv\/wp-json\/wp\/v2\/media?parent=904"}],"curies":[{"name":"wp","href":"https:\/\/api.w.org\/{rel}","templated":true}]}}