{"id":94,"date":"2014-10-20T14:59:33","date_gmt":"2014-10-20T16:59:33","guid":{"rendered":"https:\/\/comoaprenderjapones.net\/?page_id=94"},"modified":"2022-02-07T19:04:36","modified_gmt":"2022-02-07T22:04:36","slug":"japanskt-online-program","status":"publish","type":"page","link":"https:\/\/comoaprenderjapones.net\/sv\/japanskt-online-program\/","title":{"rendered":"Onlineprogram i japanska + gratis intensivkurs i japanska"},"content":{"rendered":"<div class=\"ca37210a771ea5350c46bdff28d7a265\" data-index=\"2\" style=\"float: none; margin:0px;\">\n<script async src=\"https:\/\/pagead2.googlesyndication.com\/pagead\/js\/adsbygoogle.js?client=ca-pub-0652292147574552\"\r\n     crossorigin=\"anonymous\"><\/script>\r\n<!-- Ads responsivo Inicio Post CAJap -->\r\n<ins class=\"adsbygoogle\"\r\n     style=\"display:block\"\r\n     data-ad-client=\"ca-pub-0652292147574552\"\r\n     data-ad-slot=\"3298668993\"\r\n     data-ad-format=\"auto\"><\/ins>\r\n<script>\r\n     (adsbygoogle = window.adsbygoogle || []).push({});\r\n<\/script>\n<\/div>\n\n<p><em>L\u00e4s mer om kursen i japanska <strong>Onlineprogram i japanska<\/strong> fr\u00e5n Sensei Luiz Rafael!<\/em><\/p>\n\n\n\n<p>\u3053\u3093\u306b\u3061\u306f! Letar du efter en effektiv metod som kommer att l\u00e4ra dig fr\u00e5n noll till en niv\u00e5 d\u00e4r du kan konsumera inneh\u00e5ll helt p\u00e5 japanska?<\/p>\n\n\n\n<p>Metoden som skapades av Luiz Rafael har genomg\u00e5tt m\u00e5nga uppdateringar och har funnits p\u00e5 marknaden i flera \u00e5r och \u00e4r f\u00f6r n\u00e4rvarande (2021) en av de b\u00e4sta och mest kompletta japanska onlinekurserna.<\/p>\n\n\n\n<p class=\"has-background\" style=\"background-color:#fff2f2\"><strong>Sammanfattning av artikeln<br \/><\/strong><a href=\"#lingua-japonesa\">Det japanska spr\u00e5ket<br \/><\/a><a href=\"#quem-e-luiz-rafael\">Vem \u00e4r Luiz Rafael?<br \/><\/a><a href=\"#programa-japones-online\">Japanskt onlineprogram<br \/><\/a><a href=\"#depoimento-aluno\">Studentutl\u00e5tande om det japanska onlineprogrammet<br \/><\/a><a href=\"#intensivao-japones\">Japansk intensiv<br \/><\/a><a href=\"#abertura-vagas\">Hur fungerar vakanser?<\/a><\/p>\n\n\n\n<p>Om du gillar japansk kultur i form av anime, tokusatsu, manga och filmer \u00e4r det h\u00e4r en bra anledning att b\u00f6rja titta p\u00e5 dem utan undertexter.<\/p>\n\n\n\n<p>Det beh\u00f6ver inte n\u00f6dv\u00e4ndigtvis vara dessa, men att resa, bo eller studera i Japan \u00e4r ocks\u00e5 en utm\u00e4rkt anledning att vilja l\u00e4ra sig det japanska spr\u00e5ket.<\/p>\n\n\n\n<p>Oavsett vad det \u00e4r, om du har best\u00e4mt dig f\u00f6r att l\u00e4ra dig japanska, kan den h\u00e4r kursen hj\u00e4lpa dig att uppn\u00e5 det m\u00e5let.<\/p>\n\n\n\n<h2 class=\"wp-block-heading\" id=\"lingua-japonesa\"><span style=\"color: #e5141b;\">Det japanska spr\u00e5ket<\/span><\/h2>\n\n\n\n<p><strong>L\u00e4ra sig japanska<\/strong> beh\u00f6ver inte vara s\u00e5 sv\u00e5rt som m\u00e5nga m\u00e4nniskor, inklusive jag sj\u00e4lv, f\u00f6rest\u00e4ller sig. Om du vet hur du ska studera p\u00e5 r\u00e4tt s\u00e4tt blir det mycket l\u00e4ttare f\u00f6r dig att l\u00e4ra dig.<\/p>\n\n\n\n<p>Naturligtvis <a href=\"https:\/\/pt.wikipedia.org\/wiki\/L%C3%ADngua_japonesa\" target=\"_blank\" rel=\"noopener noreferrer\">Japanskt spr\u00e5k<\/a> Det \u00e4r inte samma sak som om vi skulle l\u00e4ra oss engelska, f\u00f6r p\u00e5 engelska k\u00e4nner vi redan till orden, f\u00f6r att inte tala om att vi anv\u00e4nder m\u00e5nga av dem i v\u00e5rt dagliga liv, och med m\u00e5nga olika uttal.<\/p>\n\n\n\n<p>I japanska d\u00e4remot m\u00e5ste man definitivt b\u00f6rja om fr\u00e5n b\u00f6rjan f\u00f6r att kunna tala flytande. Det som verkligen \"g\u00f6r det sv\u00e5rt\" f\u00f6r nyb\u00f6rjare \u00e4r det japanska alfabetet\/ideogrammet, som det finns tre av:<\/p>\n\n\n\n<ul class=\"wp-block-list\"><li>Hiragana med 46 ideogram.<\/li><li>Katakana med 46 ideogram.<\/li><li>Kanji har tusentals ideogram, men de mest anv\u00e4nda \u00e4r cirka 2.500 kanji.<\/li><\/ul>\n\n\n\n<p>Vi har ocks\u00e5 romaji, som hj\u00e4lper oss att l\u00e4sa och uttala ideogrammen korrekt, och furigana, som vanligtvis skrivs i hiragana och ligger ovanp\u00e5 kanji och beskriver hur den uttalas.<\/p>\n\n\n\n<p>Det beh\u00f6ver inte vara s\u00e5 komplicerat att l\u00e4ra sig nihongo, eftersom <a href=\"https:\/\/comoaprenderjapones.net\/sv\/in\/aprenda-nihongo\/\" target=\"_blank\" rel=\"noreferrer noopener\">Sensei Luiz Rafael<\/a> s\u00e4ger att vi m\u00e5ste g\u00f6ra mycket input, dvs. allt vi tar emot, oavsett om det \u00e4r genom att l\u00e4sa eller lyssna.<\/p>\n\n\n<div class=\"gb-button-wrapper gb-button-wrapper-9eef6438\">\n\n<a class=\"gb-button gb-button-62a4c394 gb-button-text\" href=\"https:\/\/comoaprenderjapones.net\/sv\/in\/aprenda-nihongo\/\" target=\"_blank\" rel=\"nofollow noopener noreferrer\">Ta reda p\u00e5 mer om programmet genom att klicka h\u00e4r!<\/a>\n\n<\/div>\n\n\n<h2 class=\"wp-block-heading\" id=\"quem-e-luiz-rafael\"><span style=\"color: #e5141b;\">Vem \u00e4r \u5148\u751f Luiz Rafael?<\/span><\/h2>\n\n\n\n<div class=\"wp-block-image\"><figure class=\"alignleft\"><img data-recalc-dims=\"1\" decoding=\"async\" width=\"371\" height=\"267\" src=\"https:\/\/i0.wp.com\/comoaprenderjapones.net\/wp-content\/uploads\/2014\/10\/Luiz_Rafael_Programa_Japones_Online.png?resize=371%2C267&#038;ssl=1\" alt=\"Luiz Rafael skapare av det japanska onlineprogrammet\" class=\"wp-image-95\" title=\"Onlineprogram i japanska\" srcset=\"https:\/\/i0.wp.com\/comoaprenderjapones.net\/wp-content\/uploads\/2014\/10\/Luiz_Rafael_Programa_Japones_Online.png?w=371&amp;ssl=1 371w, https:\/\/i0.wp.com\/comoaprenderjapones.net\/wp-content\/uploads\/2014\/10\/Luiz_Rafael_Programa_Japones_Online.png?resize=300%2C215&amp;ssl=1 300w\" sizes=\"(max-width: 371px) 100vw, 371px\" \/><figcaption><strong>Luiz Rafael<\/strong> skapare av det japanska onlineprogrammet<\/figcaption><\/figure><\/div>\n\n\n\n<p>Luiz var en av tusentals m\u00e4nniskor som i ton\u00e5ren blev intresserad av japansk kultur, vare sig det handlade om manga, anime eller film, och best\u00e4mde sig f\u00f6r att l\u00e4ra sig japanska.<\/p>\n\n\n\n<p>Precis som de allra flesta m\u00e4nniskor b\u00f6rjade han p\u00e5 fel s\u00e4tt och trodde att han skulle bli flytande, men han fick inte tillfredsst\u00e4llande resultat av att delta i fysiska kurser.<\/p>\n\n\n\n<p>Det var d\u00e5 han letade efter r\u00e4tt s\u00e4tt att l\u00e4ra sig ett nytt spr\u00e5k, och vad mer \u00e4r, han satte det i praktiken f\u00f6r att se om det verkligen fungerade.<\/p>\n\n\n\n<p>Det otroliga \u00e4r att han lyckades med den h\u00e4r metoden och n\u00e5dde sitt m\u00e5l att tala japanska flytande.<\/p>\n\n\n\n<h2 class=\"has-text-align-left wp-block-heading\" id=\"programa-japones-online\"><span style=\"color: #e5141b;\">Japanskt onlineprogram<\/span><\/h2>\n\n\n\n<p>Med tanke p\u00e5 detta behov och frustrationen hos tusentals m\u00e4nniskor som vill l\u00e4ra sig nihongo best\u00e4mde Sensei sig f\u00f6r att <a href=\"https:\/\/comoaprenderjapones.net\/sv\/in\/aprenda-nihongo\/\" target=\"_blank\" rel=\"noreferrer noopener\">skapa en japansk spr\u00e5kkurs online<\/a> s\u00e5 att du kan l\u00e4ra dig mycket mer effektivt.<\/p>\n\n\n\n<p>Den metod som Sensei Luiz Rafael har utvecklat \u00e4r extremt effektiv. En av grundpelarna \u00e4r att du f\u00f6rst m\u00e5ste l\u00e4ra dig att l\u00e4sa f\u00f6r att kunna b\u00f6rja g\u00f6ra en massa input. Genom att l\u00e4ra sig hiragana och katakana kan du b\u00f6rja l\u00e4sa manga, b\u00f6cker och webbplatser.<\/p>\n\n\n\n<p>Senseis s\u00e4tt att undervisa \u00e4r inte bara b\u00e4ttre \u00e4n de flestas, utan du f\u00e5r ocks\u00e5 utm\u00e4rkt st\u00f6d. Han l\u00e5ter dig inte tappa modet, han skickar alltid nyheter, ber\u00e4ttelser och motivation s\u00e5 att du inte slutar studera f\u00f6r att n\u00e5 ditt m\u00e5l.<\/p>\n\n\n\n<p>Kursen fokuserar inte p\u00e5 grammatik, du l\u00e4r dig i din egen takt p\u00e5 en st\u00e4ngd webbplats bara f\u00f6r studenter och en gemenskap p\u00e5 portalen.<\/p>\n\n\n\n<h3 class=\"wp-block-heading\" id=\"depoimento-aluno\"><span style=\"color: #e5141b;\">Vittnesm\u00e5l: Japansk student p\u00e5 onlineprogrammet<\/span><\/h3>\n\n\n\n<p>Nedan hittar du Lu\u00eds Eduardo Nunes hj\u00e4rtliga vittnesm\u00e5l om kursen och vikten av att ta dina studier p\u00e5 allvar, plus Luiz metod, som \u00e4r mer \u00e4n bara en kurs. <a href=\"https:\/\/comoaprenderjapones.net\/sv\/japanskt-online-program\/\">Japansk kurs<\/a> och det effektivaste s\u00e4ttet att l\u00e4ra sig ett spr\u00e5k, titta:<\/p>\n\n\n\n<figure class=\"wp-block-embed is-type-video is-provider-youtube wp-block-embed-youtube wp-embed-aspect-16-9 wp-has-aspect-ratio\"><div class=\"wp-block-embed__wrapper\">\n<iframe title=\"Vikten av hur man studerar japanska (Lu\u00eds Eduardo Nunes) | Japanese Online Programme\" width=\"1200\" height=\"675\" src=\"https:\/\/www.youtube.com\/embed\/xwTbhm8ASq4?feature=oembed\" frameborder=\"0\" allow=\"accelerometer; autoplay; clipboard-write; encrypted-media; gyroscope; picture-in-picture\" allowfullscreen><\/iframe>\n<\/div><figcaption>Eduardo Nunes vittnesm\u00e5l - japanskt onlineprogram<\/figcaption><\/figure>\n\n\n\n<p>Som v\u00e4ntat har <a href=\"https:\/\/comoaprenderjapones.net\/sv\/in\/aprenda-nihongo\/\" target=\"_blank\" rel=\"noreferrer noopener\">Det japanska onlineprogrammet har begr\u00e4nsat antal platser<\/a> s\u00e5 att Sensei kan ge alla vederb\u00f6rlig uppm\u00e4rksamhet och svara p\u00e5 deras fr\u00e5gor.<\/p>\n\n\n\n<h2 class=\"wp-block-heading\" id=\"intensivao-japones\"><span style=\"color: #e5141b;\">Japansk intensiv<\/span><\/h2>\n\n\n\n<p>Varje \u00e5r ungef\u00e4r tv\u00e5 g\u00e5nger (eller mer) anordnar Luiz Rafael ett evenemang som kallas <strong>Japanska intensivkurser<\/strong> d\u00e4r han presenterar sin metodik f\u00f6r att l\u00e4ra sig japanska l\u00e4ttare och effektivare i en gratis minikurs.<\/p>\n\n\n\n<p>Det har redan h\u00e5llits n\u00e5gra intensivkurser i japanska hittills, s\u00e5 f\u00f6r att f\u00e5 reda p\u00e5 n\u00e4sta kurs klickar du bara h\u00e4r. <a href=\"https:\/\/comoaprenderjapones.net\/sv\/in\/aprenda-nihongo\/\" target=\"_blank\" rel=\"noreferrer noopener\">Klicka h\u00e4r<\/a>!<\/p>\n\n\n\n<p><em>Kom ih\u00e5g att den h\u00e4r h\u00e4ndelsen bara intr\u00e4ffar n\u00e5gra f\u00e5 g\u00e5nger per \u00e5r och att den kan vara \u00f6ver n\u00e4r du l\u00e4ser den h\u00e4r artikeln.<\/em><\/p>\n\n\n\n<div class=\"wp-block-image\"><figure class=\"aligncenter size-large\"><img data-recalc-dims=\"1\" decoding=\"async\" width=\"1024\" height=\"318\" src=\"https:\/\/i0.wp.com\/comoaprenderjapones.net\/wp-content\/uploads\/2021\/01\/Intensivao-japones-2021-janeiro.jpg?resize=1024%2C318&#038;ssl=1\" alt=\"Japanska onlineprogrammet Japanska Intensiv\" class=\"wp-image-3146\" srcset=\"https:\/\/i0.wp.com\/comoaprenderjapones.net\/wp-content\/uploads\/2021\/01\/Intensivao-japones-2021-janeiro.jpg?resize=1024%2C318&amp;ssl=1 1024w, https:\/\/i0.wp.com\/comoaprenderjapones.net\/wp-content\/uploads\/2021\/01\/Intensivao-japones-2021-janeiro.jpg?resize=300%2C93&amp;ssl=1 300w, https:\/\/i0.wp.com\/comoaprenderjapones.net\/wp-content\/uploads\/2021\/01\/Intensivao-japones-2021-janeiro.jpg?resize=768%2C239&amp;ssl=1 768w, https:\/\/i0.wp.com\/comoaprenderjapones.net\/wp-content\/uploads\/2021\/01\/Intensivao-japones-2021-janeiro.jpg?resize=150%2C47&amp;ssl=1 150w, https:\/\/i0.wp.com\/comoaprenderjapones.net\/wp-content\/uploads\/2021\/01\/Intensivao-japones-2021-janeiro.jpg?w=1045&amp;ssl=1 1045w\" sizes=\"(max-width: 1024px) 100vw, 1024px\" \/><figcaption>Japanska onlineprogrammet Japanska Intensiv<\/figcaption><\/figure><\/div>\n\n\n\n<p>Du beh\u00f6ver inte l\u00e4ngre leta p\u00e5 internet efter s\u00e4tt att l\u00e4ra dig japanska - med Japanese Online Programme f\u00e5r du en webbplats som endast \u00e4r tillg\u00e4nglig f\u00f6r medlemmar med videolektioner, handledningar, ljudfiler och mycket mer!<br \/><\/p>\n\n\n\n<p>Du kommer att f\u00e5 en serie gratisvideor som ber\u00e4ttar historien och metoden som anv\u00e4nds av \u305b\u3093\u305b\u3044 Luiz Rafael och hans resa till flytande nihongo.<\/p>\n\n\n\n<h3 class=\"wp-block-heading\" id=\"abertura-vagas\"><span style=\"color: #e5141b;\">Hur g\u00e5r det till n\u00e4r det g\u00e4ller lediga platser till Japanese Online Programme?<\/span><\/h3>\n\n\n\n<p>Om du har f\u00f6ljt NIHONGO-veckan, som vanligtvis varar en vecka eller mer, kommer du att visas hur Luiz undervisar med sin metodik och hur st\u00f6det kommer att fungera.<\/p>\n\n\n\n<p>Kursen varar i 9 m\u00e5nader, men du f\u00e5r ytterligare 9 m\u00e5nader, totalt 18 m\u00e5naders tillg\u00e5ng till kursen plus fullt st\u00f6d f\u00f6r att svara p\u00e5 alla dina fr\u00e5gor med teamet.<\/p>\n\n\n\n<p>Programmet har ocks\u00e5 en begr\u00e4nsning av antalet platser f\u00f6r att det ska vara m\u00f6jligt att ge varje student ett bra st\u00f6d.<\/p>\n\n\n\n<p>Observera att platserna vanligtvis tar slut p\u00e5 2 dagar och att de ocks\u00e5 \u00e4r \u00f6ppna i h\u00f6gst 3 dagar, \u00e4ven om platserna tar slut f\u00f6re den sista dagen.<\/p>\n\n\n\n<p>Om du \u00e4r intresserad av att l\u00e4ra dig japanska med den b\u00e4sta metoden i Brasilien, klicka p\u00e5 knappen nedan:<\/p>\n\n\n<div class=\"gb-button-wrapper gb-button-wrapper-f4deca25\">\n\n<a class=\"gb-button gb-button-7aa7f773 gb-button-text\" href=\"https:\/\/comoaprenderjapones.net\/sv\/in\/aprenda-nihongo\/\" target=\"_blank\" rel=\"nofollow noopener noreferrer\">Ta reda p\u00e5 hur de lediga platserna fungerar genom att klicka h\u00e4r!<\/a>\n\n<\/div>\n\n\n<p><strong>\u9811\u5f35\u3063\u3066<\/strong>!<\/p>\n\n<div style=\"font-size: 0px; height: 0px; line-height: 0px; margin: 0; padding: 0; clear: both;\"><\/div>","protected":false},"excerpt":{"rendered":"<p>Conhe\u00e7a o curso de japon\u00eas Programa Japon\u00eas Online do Sensei Luiz Rafael! \u3053\u3093\u306b\u3061\u306f! Est\u00e1 procurando um m\u00e9todo eficiente que te ensine do ZERO a ter um n\u00edvel de flu\u00eancia que possa consumir conte\u00fados totalmente em<\/p>","protected":false},"author":1,"featured_media":3155,"parent":0,"menu_order":0,"comment_status":"closed","ping_status":"closed","template":"","meta":{"footnotes":""},"class_list":["post-94","page","type-page","status-publish","has-post-thumbnail"],"jetpack-related-posts":[{"id":860,"url":"https:\/\/comoaprenderjapones.net\/sv\/japansk-express-onlinekurs\/","url_meta":{"origin":94,"position":0},"title":"Japanese Express: Onlinekurs i japanska","author":"Rafael Avelino","date":"14 de november de 2016","format":false,"excerpt":"Conhe\u00e7a curso online japon\u00eas expresso promete te ajudar a sair do zero no idioma japon\u00eas e tamb\u00e9m para quem tem viagem marcada para o Jap\u00e3o. CURSO N\u00c3O EST\u00c1 DISPONIVEL. Conhe\u00e7a o curso Completo do Sensei Luiz Rafael o ???? Programa Japon\u00eas Online! Quem gosta da cultura japonesa, seja animes, mangas,\u2026","rel":"","context":"Liknande inl\u00e4gg","block_context":{"text":"Liknande inl\u00e4gg","link":""},"img":{"alt_text":"Japon\u00eas Expresso curso online de japon\u00eas","src":"https:\/\/i0.wp.com\/comoaprenderjapones.net\/wp-content\/uploads\/2016\/11\/Japones_Expresso.jpg?fit=1200%2C696&ssl=1&resize=350%2C200","width":350,"height":200,"srcset":"https:\/\/i0.wp.com\/comoaprenderjapones.net\/wp-content\/uploads\/2016\/11\/Japones_Expresso.jpg?fit=1200%2C696&ssl=1&resize=350%2C200 1x, https:\/\/i0.wp.com\/comoaprenderjapones.net\/wp-content\/uploads\/2016\/11\/Japones_Expresso.jpg?fit=1200%2C696&ssl=1&resize=525%2C300 1.5x, https:\/\/i0.wp.com\/comoaprenderjapones.net\/wp-content\/uploads\/2016\/11\/Japones_Expresso.jpg?fit=1200%2C696&ssl=1&resize=700%2C400 2x, https:\/\/i0.wp.com\/comoaprenderjapones.net\/wp-content\/uploads\/2016\/11\/Japones_Expresso.jpg?fit=1200%2C696&ssl=1&resize=1050%2C600 3x"},"classes":[]},{"id":4016,"url":"https:\/\/comoaprenderjapones.net\/sv\/curso-japones-club-por-skdesu\/","url_meta":{"origin":94,"position":1},"title":"Curso Japon\u00eas Club por Skdesu","author":"Rafael Avelino","date":"2 de februari de 2023","format":false,"excerpt":"Advertorial Aprenda a L\u00edngua Japonesa com o Curso Japon\u00eas Club e Tenha a solu\u00e7\u00e3o definitiva para superar qualquer desafio! Mang\u00e1 Death Note Olha s\u00f3 o que voc\u00ea tem no Curso Japon\u00eas Club! + de 140 v\u00eddeo aulas em Alta Defini\u00e7\u00e3o Jogos e Atividades Interativas Pagamento \u00danico (N\u00e3o tem Mensalidades) Acesso\u2026","rel":"","context":"Liknande inl\u00e4gg","block_context":{"text":"Liknande inl\u00e4gg","link":""},"img":{"alt_text":"","src":"https:\/\/i0.wp.com\/comoaprenderjapones.net\/wp-content\/uploads\/2023\/02\/japones-club-advertorial.jpg?fit=1023%2C499&ssl=1&resize=350%2C200","width":350,"height":200,"srcset":"https:\/\/i0.wp.com\/comoaprenderjapones.net\/wp-content\/uploads\/2023\/02\/japones-club-advertorial.jpg?fit=1023%2C499&ssl=1&resize=350%2C200 1x, https:\/\/i0.wp.com\/comoaprenderjapones.net\/wp-content\/uploads\/2023\/02\/japones-club-advertorial.jpg?fit=1023%2C499&ssl=1&resize=525%2C300 1.5x, https:\/\/i0.wp.com\/comoaprenderjapones.net\/wp-content\/uploads\/2023\/02\/japones-club-advertorial.jpg?fit=1023%2C499&ssl=1&resize=700%2C400 2x"},"classes":[]},{"id":35,"url":"https:\/\/comoaprenderjapones.net\/sv\/pa\/","url_meta":{"origin":94,"position":2},"title":"Om","author":"Rafael Avelino","date":"24 de augusti de 2014","format":false,"excerpt":"Ol\u00e1 Minna! Sou Rafael admin deste site, como vai? Muito obrigado por visitar este site que pretende passar dicas de como aprender japon\u00eas para quem est\u00e1 iniciando, assim como eu. Vamos tentar abordar tudo que possa ajudar no seu aprendizado do idioma japon\u00eas, que vai desde animes,m\u00fasicas,mangas e tamb\u00e9m o\u2026","rel":"","context":"Liknande inl\u00e4gg","block_context":{"text":"Liknande inl\u00e4gg","link":""},"img":{"alt_text":"","src":"","width":0,"height":0},"classes":[]},{"id":179,"url":"https:\/\/comoaprenderjapones.net\/sv\/map-site\/","url_meta":{"origin":94,"position":3},"title":"Webbkarta","author":"Rafael Avelino","date":"31 de januari de 2015","format":false,"excerpt":"Mapa do Site Veja todos os artigos publicados aqui no Como Aprender Japon\u00eas","rel":"","context":"Liknande inl\u00e4gg","block_context":{"text":"Liknande inl\u00e4gg","link":""},"img":{"alt_text":"","src":"","width":0,"height":0},"classes":[]},{"id":2786,"url":"https:\/\/comoaprenderjapones.net\/sv\/folja\/","url_meta":{"origin":94,"position":4},"title":"F\u00f6lj","author":"Rafael Avelino","date":"12 de juni de 2020","format":false,"excerpt":"Para n\u00e3o perder alguma novidade ou dica logo em seguida vou indicar v\u00e1rias op\u00e7\u00f5es para que voc\u00ea acompanhe o comoaprenderjapones.net da maneira que desejar e que mais goste. Acompanhe pelo Feed Um dos meios mais tradicionais para voc\u00ea receber as novidades instantaneamente quando algo \u00e9 publicado por aqui. Feed do\u2026","rel":"","context":"Liknande inl\u00e4gg","block_context":{"text":"Liknande inl\u00e4gg","link":""},"img":{"alt_text":"Acompanhe pelo Feedly o comoaprenderjapones.net","src":"https:\/\/i0.wp.com\/comoaprenderjapones.net\/wp-content\/uploads\/2020\/06\/feedly-follow.png?resize=350%2C200&ssl=1","width":350,"height":200},"classes":[]},{"id":904,"url":"https:\/\/comoaprenderjapones.net\/sv\/fan-art-metod\/","url_meta":{"origin":94,"position":5},"title":"Fan Art Method 3.0 - Hur man ritar anime-karakt\u00e4rer","author":"Rafael Avelino","date":"15 de februari de 2017","format":false,"excerpt":"Aprenda a como desenhar personagem de animes mesmo sem ter o \u201cdom\u201d passo a passo com o m\u00e9todo fan art 3.0 criado pela Mayara Rodrigues.\u00a0 Quem gosta da cultura japonesa, principalmente pelos animes, mangas j\u00e1 teve a curiosidade de saber se \u00e9 poss\u00edvel aprender a desenhar aquele personagem favorito mesmo\u2026","rel":"","context":"Liknande inl\u00e4gg","block_context":{"text":"Liknande inl\u00e4gg","link":""},"img":{"alt_text":"M\u00e9todo Fan Art 3.0 \u2013 Desenhe seu personagem de anime favorito!","src":"https:\/\/i0.wp.com\/comoaprenderjapones.net\/wp-content\/uploads\/2020\/12\/Metod-Fan-Art-3-0-Desenhar-Animes.jpg?fit=1200%2C628&ssl=1&resize=350%2C200","width":350,"height":200,"srcset":"https:\/\/i0.wp.com\/comoaprenderjapones.net\/wp-content\/uploads\/2020\/12\/Metod-Fan-Art-3-0-Desenhar-Animes.jpg?fit=1200%2C628&ssl=1&resize=350%2C200 1x, https:\/\/i0.wp.com\/comoaprenderjapones.net\/wp-content\/uploads\/2020\/12\/Metod-Fan-Art-3-0-Desenhar-Animes.jpg?fit=1200%2C628&ssl=1&resize=525%2C300 1.5x, https:\/\/i0.wp.com\/comoaprenderjapones.net\/wp-content\/uploads\/2020\/12\/Metod-Fan-Art-3-0-Desenhar-Animes.jpg?fit=1200%2C628&ssl=1&resize=700%2C400 2x, https:\/\/i0.wp.com\/comoaprenderjapones.net\/wp-content\/uploads\/2020\/12\/Metod-Fan-Art-3-0-Desenhar-Animes.jpg?fit=1200%2C628&ssl=1&resize=1050%2C600 3x"},"classes":[]}],"jetpack_sharing_enabled":true,"amp_enabled":true,"_links":{"self":[{"href":"https:\/\/comoaprenderjapones.net\/sv\/wp-json\/wp\/v2\/pages\/94","targetHints":{"allow":["GET"]}}],"collection":[{"href":"https:\/\/comoaprenderjapones.net\/sv\/wp-json\/wp\/v2\/pages"}],"about":[{"href":"https:\/\/comoaprenderjapones.net\/sv\/wp-json\/wp\/v2\/types\/page"}],"author":[{"embeddable":true,"href":"https:\/\/comoaprenderjapones.net\/sv\/wp-json\/wp\/v2\/users\/1"}],"replies":[{"embeddable":true,"href":"https:\/\/comoaprenderjapones.net\/sv\/wp-json\/wp\/v2\/comments?post=94"}],"version-history":[{"count":0,"href":"https:\/\/comoaprenderjapones.net\/sv\/wp-json\/wp\/v2\/pages\/94\/revisions"}],"wp:featuredmedia":[{"embeddable":true,"href":"https:\/\/comoaprenderjapones.net\/sv\/wp-json\/wp\/v2\/media\/3155"}],"wp:attachment":[{"href":"https:\/\/comoaprenderjapones.net\/sv\/wp-json\/wp\/v2\/media?parent=94"}],"curies":[{"name":"wp","href":"https:\/\/api.w.org\/{rel}","templated":true}]}}