{"id":35,"date":"2014-08-24T22:16:39","date_gmt":"2014-08-24T22:16:39","guid":{"rendered":"https:\/\/comoaprenderjapones.net\/?page_id=35"},"modified":"2024-08-27T21:20:29","modified_gmt":"2024-08-28T00:20:29","slug":"uzerinde","status":"publish","type":"page","link":"https:\/\/comoaprenderjapones.net\/tr\/sobre\/","title":{"rendered":"Hakk\u0131nda"},"content":{"rendered":"<div class=\"5d69ed50a31945af2e1c7f3c16d2b79e\" data-index=\"2\" style=\"float: none; margin:0px;\">\n<script async src=\"https:\/\/pagead2.googlesyndication.com\/pagead\/js\/adsbygoogle.js?client=ca-pub-0652292147574552\"\r\n     crossorigin=\"anonymous\"><\/script>\r\n<!-- Ads responsivo Inicio Post CAJap -->\r\n<ins class=\"adsbygoogle\"\r\n     style=\"display:block\"\r\n     data-ad-client=\"ca-pub-0652292147574552\"\r\n     data-ad-slot=\"3298668993\"\r\n     data-ad-format=\"auto\"><\/ins>\r\n<script>\r\n     (adsbygoogle = window.adsbygoogle || []).push({});\r\n<\/script>\n<\/div>\n<p>Merhaba Minna!<\/p>\n<p>Ben bu sitenin y\u00f6neticisi Rafael, siz nas\u0131ls\u0131n\u0131z?<\/p>\n<p>hakk\u0131nda ipu\u00e7lar\u0131 vermeyi ama\u00e7layan bu siteyi ziyaret etti\u011finiz i\u00e7in \u00e7ok te\u015fekk\u00fcr ederiz. <a title=\"Japonca Nas\u0131l \u00d6\u011frenilir\" href=\"https:\/\/comoaprenderjapones.net\/tr\/japonca-nasil-ogreni%cc%87li%cc%87r\/\">japonca nasil \u00f6\u011freni\u0307li\u0307r<\/a> Benim gibi yeni ba\u015flayanlar i\u00e7in.<\/p>\n<p>Japonca \u00f6\u011frenmenize yard\u0131mc\u0131 olabilecek her \u015feye yakla\u015fmaya \u00e7al\u0131\u015faca\u011f\u0131z, bu animelerden, \u015fark\u0131lardan, mangalardan ve ayr\u0131ca nas\u0131l \u00f6\u011frenilece\u011fini \u00f6\u011frenmekten ba\u015fka bir \u015fey olmayan h\u0131zland\u0131r\u0131lm\u0131\u015f \u00f6\u011frenmeden ge\u00e7iyor.<\/p>\n<p>Sensei'imin \u00f6\u011fretim y\u00f6ntemine ve Nihongo ak\u0131c\u0131l\u0131\u011f\u0131na do\u011fru bu yolculukta \u00f6\u011frendiklerime dayan\u0131yor.<\/p>\n<p>Muhtemelen yaz\u0131da ya da aktard\u0131\u011f\u0131m ipu\u00e7lar\u0131nda baz\u0131 hatalar bulacaks\u0131n\u0131z, ancak yanl\u0131\u015f yapamazsan\u0131z, do\u011fru da yapamazs\u0131n\u0131z, de\u011fil mi?<\/p>\n<p>\u00c7ekinmeyin <a title=\"\u0130leti\u015fim\" href=\"https:\/\/comoaprenderjapones.net\/tr\/iletisim\/\">\u0130leti\u015fime ge\u00e7in<\/a> ipu\u00e7lar\u0131, \u00f6neriler ve hatta gerekirse beni d\u00fczeltmek i\u00e7in \ud83d\ude42<\/p>\n<p>Ziyaretiniz i\u00e7in tekrar te\u015fekk\u00fcrler!<\/p>\n\n<div style=\"font-size: 0px; height: 0px; line-height: 0px; margin: 0; padding: 0; clear: both;\"><\/div>","protected":false},"excerpt":{"rendered":"<p>Ol\u00e1 Minna! Sou Rafael admin deste site, como vai? Muito obrigado por visitar este site que pretende passar dicas de como aprender japon\u00eas para quem est\u00e1 iniciando, assim como eu. Vamos tentar abordar tudo que<\/p>","protected":false},"author":1,"featured_media":0,"parent":0,"menu_order":0,"comment_status":"closed","ping_status":"closed","template":"","meta":{"footnotes":""},"class_list":["post-35","page","type-page","status-publish"],"jetpack-related-posts":[{"id":860,"url":"https:\/\/comoaprenderjapones.net\/tr\/japones-expresso-curso-online-japones\/","url_meta":{"origin":35,"position":0},"title":"Japanese Express: \u00c7evrimi\u00e7i Japonca kursu","author":"Rafael Avelino","date":"14 de Kas\u0131m de 2016","format":false,"excerpt":"Conhe\u00e7a curso online japon\u00eas expresso promete te ajudar a sair do zero no idioma japon\u00eas e tamb\u00e9m para quem tem viagem marcada para o Jap\u00e3o. CURSO N\u00c3O EST\u00c1 DISPONIVEL. Conhe\u00e7a o curso Completo do Sensei Luiz Rafael o ???? Programa Japon\u00eas Online! Quem gosta da cultura japonesa, seja animes, mangas,\u2026","rel":"","context":"Benzer yaz\u0131","block_context":{"text":"Benzer yaz\u0131","link":""},"img":{"alt_text":"Japon\u00eas Expresso curso online de japon\u00eas","src":"https:\/\/i0.wp.com\/comoaprenderjapones.net\/wp-content\/uploads\/2016\/11\/Japones_Expresso.jpg?fit=1200%2C696&ssl=1&resize=350%2C200","width":350,"height":200,"srcset":"https:\/\/i0.wp.com\/comoaprenderjapones.net\/wp-content\/uploads\/2016\/11\/Japones_Expresso.jpg?fit=1200%2C696&ssl=1&resize=350%2C200 1x, https:\/\/i0.wp.com\/comoaprenderjapones.net\/wp-content\/uploads\/2016\/11\/Japones_Expresso.jpg?fit=1200%2C696&ssl=1&resize=525%2C300 1.5x, https:\/\/i0.wp.com\/comoaprenderjapones.net\/wp-content\/uploads\/2016\/11\/Japones_Expresso.jpg?fit=1200%2C696&ssl=1&resize=700%2C400 2x, https:\/\/i0.wp.com\/comoaprenderjapones.net\/wp-content\/uploads\/2016\/11\/Japones_Expresso.jpg?fit=1200%2C696&ssl=1&resize=1050%2C600 3x"},"classes":[]},{"id":2786,"url":"https:\/\/comoaprenderjapones.net\/tr\/acompanhe\/","url_meta":{"origin":35,"position":1},"title":"Takip et","author":"Rafael Avelino","date":"12 de Haziran de 2020","format":false,"excerpt":"Para n\u00e3o perder alguma novidade ou dica logo em seguida vou indicar v\u00e1rias op\u00e7\u00f5es para que voc\u00ea acompanhe o comoaprenderjapones.net da maneira que desejar e que mais goste. Acompanhe pelo Feed Um dos meios mais tradicionais para voc\u00ea receber as novidades instantaneamente quando algo \u00e9 publicado por aqui. Feed do\u2026","rel":"","context":"Benzer yaz\u0131","block_context":{"text":"Benzer yaz\u0131","link":""},"img":{"alt_text":"Acompanhe pelo Feedly o comoaprenderjapones.net","src":"https:\/\/i0.wp.com\/comoaprenderjapones.net\/wp-content\/uploads\/2020\/06\/feedly-follow.png?resize=350%2C200&ssl=1","width":350,"height":200},"classes":[]},{"id":94,"url":"https:\/\/comoaprenderjapones.net\/tr\/programa-japones-online\/","url_meta":{"origin":35,"position":2},"title":"Online Japonca Program\u0131 + \u00dccretsiz Japonca Yo\u011funla\u015ft\u0131r\u0131lm\u0131\u015f Etkinlik","author":"Rafael Avelino","date":"20 de Ekim de 2014","format":false,"excerpt":"Conhe\u00e7a o curso de japon\u00eas Programa Japon\u00eas Online do Sensei Luiz Rafael! \u3053\u3093\u306b\u3061\u306f! Est\u00e1 procurando um m\u00e9todo eficiente que te ensine do ZERO a ter um n\u00edvel de flu\u00eancia que possa consumir conte\u00fados totalmente em japon\u00eas? O m\u00e9todo criado pelo Luiz Rafael j\u00e1 passou por muitas atualiza\u00e7\u00f5es e est\u00e1 no\u2026","rel":"","context":"Benzer yaz\u0131","block_context":{"text":"Benzer yaz\u0131","link":""},"img":{"alt_text":"Programa Japon\u00eas Online - Intensiv\u00e3o de japon\u00eas","src":"https:\/\/i0.wp.com\/comoaprenderjapones.net\/wp-content\/uploads\/2021\/01\/programa-japones-online-intensivao-de-japones-2021.jpg?fit=1200%2C932&ssl=1&resize=350%2C200","width":350,"height":200,"srcset":"https:\/\/i0.wp.com\/comoaprenderjapones.net\/wp-content\/uploads\/2021\/01\/programa-japones-online-intensivao-de-japones-2021.jpg?fit=1200%2C932&ssl=1&resize=350%2C200 1x, https:\/\/i0.wp.com\/comoaprenderjapones.net\/wp-content\/uploads\/2021\/01\/programa-japones-online-intensivao-de-japones-2021.jpg?fit=1200%2C932&ssl=1&resize=525%2C300 1.5x, https:\/\/i0.wp.com\/comoaprenderjapones.net\/wp-content\/uploads\/2021\/01\/programa-japones-online-intensivao-de-japones-2021.jpg?fit=1200%2C932&ssl=1&resize=700%2C400 2x, https:\/\/i0.wp.com\/comoaprenderjapones.net\/wp-content\/uploads\/2021\/01\/programa-japones-online-intensivao-de-japones-2021.jpg?fit=1200%2C932&ssl=1&resize=1050%2C600 3x"},"classes":[]},{"id":179,"url":"https:\/\/comoaprenderjapones.net\/tr\/mapa-site\/","url_meta":{"origin":35,"position":3},"title":"Site Haritas\u0131","author":"Rafael Avelino","date":"31 de Ocak de 2015","format":false,"excerpt":"Mapa do Site Veja todos os artigos publicados aqui no Como Aprender Japon\u00eas","rel":"","context":"Benzer yaz\u0131","block_context":{"text":"Benzer yaz\u0131","link":""},"img":{"alt_text":"","src":"","width":0,"height":0},"classes":[]},{"id":4016,"url":"https:\/\/comoaprenderjapones.net\/tr\/curso-japones-club-por-skdesu\/","url_meta":{"origin":35,"position":4},"title":"Curso Japon\u00eas Club por Skdesu","author":"Rafael Avelino","date":"2 de \u015eubat de 2023","format":false,"excerpt":"Advertorial Aprenda a L\u00edngua Japonesa com o Curso Japon\u00eas Club e Tenha a solu\u00e7\u00e3o definitiva para superar qualquer desafio! Mang\u00e1 Death Note Olha s\u00f3 o que voc\u00ea tem no Curso Japon\u00eas Club! + de 140 v\u00eddeo aulas em Alta Defini\u00e7\u00e3o Jogos e Atividades Interativas Pagamento \u00danico (N\u00e3o tem Mensalidades) Acesso\u2026","rel":"","context":"Benzer yaz\u0131","block_context":{"text":"Benzer yaz\u0131","link":""},"img":{"alt_text":"","src":"https:\/\/i0.wp.com\/comoaprenderjapones.net\/wp-content\/uploads\/2023\/02\/japones-club-advertorial.jpg?fit=1023%2C499&ssl=1&resize=350%2C200","width":350,"height":200,"srcset":"https:\/\/i0.wp.com\/comoaprenderjapones.net\/wp-content\/uploads\/2023\/02\/japones-club-advertorial.jpg?fit=1023%2C499&ssl=1&resize=350%2C200 1x, https:\/\/i0.wp.com\/comoaprenderjapones.net\/wp-content\/uploads\/2023\/02\/japones-club-advertorial.jpg?fit=1023%2C499&ssl=1&resize=525%2C300 1.5x, https:\/\/i0.wp.com\/comoaprenderjapones.net\/wp-content\/uploads\/2023\/02\/japones-club-advertorial.jpg?fit=1023%2C499&ssl=1&resize=700%2C400 2x"},"classes":[]},{"id":904,"url":"https:\/\/comoaprenderjapones.net\/tr\/metodo-fan-art\/","url_meta":{"origin":35,"position":5},"title":"Fan Art Y\u00f6ntemi 3.0 - Anime Karakterleri Nas\u0131l \u00c7izilir","author":"Rafael Avelino","date":"15 de \u015eubat de 2017","format":false,"excerpt":"Aprenda a como desenhar personagem de animes mesmo sem ter o \u201cdom\u201d passo a passo com o m\u00e9todo fan art 3.0 criado pela Mayara Rodrigues.\u00a0 Quem gosta da cultura japonesa, principalmente pelos animes, mangas j\u00e1 teve a curiosidade de saber se \u00e9 poss\u00edvel aprender a desenhar aquele personagem favorito mesmo\u2026","rel":"","context":"Benzer yaz\u0131","block_context":{"text":"Benzer yaz\u0131","link":""},"img":{"alt_text":"M\u00e9todo Fan Art 3.0 \u2013 Desenhe seu personagem de anime favorito!","src":"https:\/\/i0.wp.com\/comoaprenderjapones.net\/wp-content\/uploads\/2020\/12\/Metod-Fan-Art-3-0-Desenhar-Animes.jpg?fit=1200%2C628&ssl=1&resize=350%2C200","width":350,"height":200,"srcset":"https:\/\/i0.wp.com\/comoaprenderjapones.net\/wp-content\/uploads\/2020\/12\/Metod-Fan-Art-3-0-Desenhar-Animes.jpg?fit=1200%2C628&ssl=1&resize=350%2C200 1x, https:\/\/i0.wp.com\/comoaprenderjapones.net\/wp-content\/uploads\/2020\/12\/Metod-Fan-Art-3-0-Desenhar-Animes.jpg?fit=1200%2C628&ssl=1&resize=525%2C300 1.5x, https:\/\/i0.wp.com\/comoaprenderjapones.net\/wp-content\/uploads\/2020\/12\/Metod-Fan-Art-3-0-Desenhar-Animes.jpg?fit=1200%2C628&ssl=1&resize=700%2C400 2x, https:\/\/i0.wp.com\/comoaprenderjapones.net\/wp-content\/uploads\/2020\/12\/Metod-Fan-Art-3-0-Desenhar-Animes.jpg?fit=1200%2C628&ssl=1&resize=1050%2C600 3x"},"classes":[]}],"jetpack_sharing_enabled":false,"amp_enabled":true,"_links":{"self":[{"href":"https:\/\/comoaprenderjapones.net\/tr\/wp-json\/wp\/v2\/pages\/35","targetHints":{"allow":["GET"]}}],"collection":[{"href":"https:\/\/comoaprenderjapones.net\/tr\/wp-json\/wp\/v2\/pages"}],"about":[{"href":"https:\/\/comoaprenderjapones.net\/tr\/wp-json\/wp\/v2\/types\/page"}],"author":[{"embeddable":true,"href":"https:\/\/comoaprenderjapones.net\/tr\/wp-json\/wp\/v2\/users\/1"}],"replies":[{"embeddable":true,"href":"https:\/\/comoaprenderjapones.net\/tr\/wp-json\/wp\/v2\/comments?post=35"}],"version-history":[{"count":0,"href":"https:\/\/comoaprenderjapones.net\/tr\/wp-json\/wp\/v2\/pages\/35\/revisions"}],"wp:attachment":[{"href":"https:\/\/comoaprenderjapones.net\/tr\/wp-json\/wp\/v2\/media?parent=35"}],"curies":[{"name":"wp","href":"https:\/\/api.w.org\/{rel}","templated":true}]}}