{"id":860,"date":"2016-11-14T21:13:15","date_gmt":"2016-11-14T23:13:15","guid":{"rendered":"https:\/\/comoaprenderjapones.net\/?page_id=860"},"modified":"2023-02-19T12:30:41","modified_gmt":"2023-02-19T15:30:41","slug":"japonca-ekspres-cevri%cc%87mi%cc%87ci%cc%87-kurs","status":"publish","type":"page","link":"https:\/\/comoaprenderjapones.net\/tr\/japones-expresso-curso-online-japones\/","title":{"rendered":"Japanese Express: \u00c7evrimi\u00e7i Japonca kursu"},"content":{"rendered":"<div class=\"5d69ed50a31945af2e1c7f3c16d2b79e\" data-index=\"2\" style=\"float: none; margin:0px;\">\n<script async src=\"https:\/\/pagead2.googlesyndication.com\/pagead\/js\/adsbygoogle.js?client=ca-pub-0652292147574552\"\r\n     crossorigin=\"anonymous\"><\/script>\r\n<!-- Ads responsivo Inicio Post CAJap -->\r\n<ins class=\"adsbygoogle\"\r\n     style=\"display:block\"\r\n     data-ad-client=\"ca-pub-0652292147574552\"\r\n     data-ad-slot=\"3298668993\"\r\n     data-ad-format=\"auto\"><\/ins>\r\n<script>\r\n     (adsbygoogle = window.adsbygoogle || []).push({});\r\n<\/script>\n<\/div>\n\n<p><em>\u00c7evrimi\u00e7i kurslar hakk\u0131nda bilgi edinin <strong>Japon Ekspresi<\/strong> Japonca \u00f6\u011frenmeye ba\u015flaman\u0131za ve Japonya'ya seyahat edeceklere yard\u0131mc\u0131 olmay\u0131 vaat ediyor.<\/em><\/p>\n\n\n\n<p class=\"has-background has-medium-font-size\" style=\"background-color:#f8c0c0\"><strong>KURS MEVCUT DE\u011eIL<\/strong>. Sensei Luiz Rafael'in kursunun tamam\u0131n\u0131 tan\u0131y\u0131n ???? <a href=\"https:\/\/comoaprenderjapones.net\/tr\/japonca-cevri%cc%87mi%cc%87ci%cc%87-program\/\" data-type=\"URL\" data-id=\"https:\/\/comoaprenderjapones.net\/programa-japones-online\/\">Japonca Online Program<\/a>!<\/p>\n\n\n\n<p>Japon k\u00fclt\u00fcr\u00fcnden ho\u015flanan herkes, anime, manga, filmler, J-dramalar veya bu k\u00fclt\u00fcr\u00fc benzersiz k\u0131lan di\u011fer bir\u00e7ok fakt\u00f6r olsun, bu tuhaf k\u00fclt\u00fcr\u00fcn tad\u0131n\u0131 daha da fazla \u00e7\u0131karmak i\u00e7in Japonca \u00f6\u011frenmeyi d\u00fc\u015f\u00fcnecektir.<\/p>\n\n\n\n<p>S\u0131f\u0131rdan ba\u015flayanlar ya da ba\u015flay\u0131p b\u0131rakanlar i\u00e7in en b\u00fcy\u00fck sorun, Nihongo'nun \u00f6\u011frenilmesi \u00e7ok zor hatta imkans\u0131z bir dil oldu\u011fu izlenimidir.<\/p>\n\n\n\n<p>Ama bu do\u011fru de\u011fil! Olan \u015fey, etkili bir \u015fekilde \u00e7al\u0131\u015fmak i\u00e7in do\u011fru metodolojiyi hen\u00fcz \u00f6\u011frenmemi\u015f olman\u0131zd\u0131r.<\/p>\n\n\n\n<p>Japonya'ya seyahat etmek ya da Japon dilini daha da derinlemesine ara\u015ft\u0131rmak i\u00e7in daha fazla motivasyona sahip olmak amac\u0131yla dilin temellerini h\u0131zl\u0131 bir \u015fekilde \u00f6\u011frenmek isteyenlere y\u00f6nelik, \u00e7ok fazla kabartmadan do\u011frudan konuya giren bir kursa sahip olmak harika olmaz m\u0131yd\u0131?<\/p>\n\n\n\n<p>\u0130\u015fte bu y\u00fczden \u5148\u751f Luiz <a href=\"https:\/\/comoaprenderjapones.net\/tr\/in\/curso-de-japones-gratis-agosto-de-2020\/\" target=\"_blank\" rel=\"noopener noreferrer\">Japonca ekspres kursu<\/a> Bu hedefe sahip olanlar ve Japonya'da ge\u00e7inmek i\u00e7in yeterince h\u0131zl\u0131 \u00f6\u011frenmeye ihtiya\u00e7 duyanlar i\u00e7in.<\/p>\n\n\n<div class=\"wp-block-image\">\n<figure class=\"aligncenter\"><img data-recalc-dims=\"1\" decoding=\"async\" width=\"960\" height=\"436\" src=\"https:\/\/i0.wp.com\/comoaprenderjapones.net\/wp-content\/uploads\/2016\/11\/Viagem_Japao_curso_japones_expresso.jpg?resize=960%2C436&#038;ssl=1\" alt=\"Japonya&#039;ya seyahat: Japonca ekspres kursu\" class=\"wp-image-865\" title=\"Japonya&#039;ya seyahat: Japonca ekspres kursu\" srcset=\"https:\/\/i0.wp.com\/comoaprenderjapones.net\/wp-content\/uploads\/2016\/11\/Viagem_Japao_curso_japones_expresso.jpg?w=960&amp;ssl=1 960w, https:\/\/i0.wp.com\/comoaprenderjapones.net\/wp-content\/uploads\/2016\/11\/Viagem_Japao_curso_japones_expresso.jpg?resize=300%2C136&amp;ssl=1 300w, https:\/\/i0.wp.com\/comoaprenderjapones.net\/wp-content\/uploads\/2016\/11\/Viagem_Japao_curso_japones_expresso.jpg?resize=768%2C349&amp;ssl=1 768w\" sizes=\"(max-width: 960px) 100vw, 960px\" \/><\/figure>\n<\/div>\n\n\n<h2 class=\"wp-block-heading\" id=\"o-que-e-o-curso-japones-expresso\">Japonca Ekspres Kursu nedir?<\/h2>\n\n\n\n<p>S\u0131f\u0131rdan ba\u015flayabilece\u011finiz ve video dersler arac\u0131l\u0131\u011f\u0131yla Japonca dilini \u00e7ok daha verimli ve h\u0131zl\u0131 bir \u015fekilde \u00f6\u011frenebilece\u011finiz, \u00f6\u011frencilere \u00f6zel kapal\u0131 bir kurstur.<\/p>\n\n\n\n<p>Ama bu YEN\u0130 <a href=\"https:\/\/comoaprenderjapones.net\/tr\/in\/curso-de-japones-gratis-agosto-de-2020\/\" target=\"_blank\" rel=\"noopener noreferrer\">\u00e7evrimi\u00e7i Japonca kursu<\/a> di\u011ferinden \u00f6nemli bir fark\u0131 var: 6 hafta s\u00fcr\u00fcyor, yani neredeyse bir bu\u00e7uk ay.<\/p>\n\n\n\n<h3 class=\"wp-block-heading\" id=\"para-quem-e-esse-curso\">Bu kurs kimler i\u00e7in?<\/h3>\n\n\n\n<p>Kurs, herkesin dilin temellerini \u00f6\u011frenebilmesi i\u00e7in m\u00fcmk\u00fcn oldu\u011funca do\u011frudan, basit ve kolay olmay\u0131 ama\u00e7lamaktad\u0131r.<\/p>\n\n\n\n<p>Ki\u015fi d\u00fc\u015f\u00fcn\u00fclerek olu\u015fturulmu\u015ftur:<\/p>\n\n\n\n<ul class=\"wp-block-list\">\n<li>Kaybedecek zaman\u0131n\u0131z yok ve Japonya'da temel ileti\u015fim becerilerine sahip olmak i\u00e7in acilen en az\u0131ndan temel bilgileri \u00f6\u011frenmeniz gerekiyor<\/li>\n\n\n\n<li>Dil hakk\u0131nda hi\u00e7bir \u015fey bilmeyen ve temel bilgileri hemen \u00f6\u011frenmek isteyenler i\u00e7in, b\u00f6ylece \u00e7al\u0131\u015fmalar\u0131na devam etmek i\u00e7in \u00e7ok daha fazla motivasyona sahip olurlar.<\/li>\n<\/ul>\n\n\n\n<p>Express Japanese, h\u0131zl\u0131 ve daha k\u0131sa s\u00fcrede tatmin edici sonu\u00e7lar veren \u00e7evrimi\u00e7i bir Japonca kursu arayan bu t\u00fcr insanlara odaklanm\u0131\u015ft\u0131r.<\/p>\n\n\n\n<p>Bu bir <strong>Japonya'ya seyahat edecekler i\u00e7in Japonca kursu<\/strong> yak\u0131nda veya dilin temellerini h\u0131zl\u0131 bir \u015fekilde \u00f6\u011frenmek istiyorsan\u0131z.<\/p>\n\n\n\n<p class=\"has-text-align-center\"><a class=\"fasc-button fasc-size-large fasc-type-flat fasc-rounded-medium ico-fa fasc-ico-before fa-play-circle\" style=\"background-color: #e43f42; color: #ffffff;\" target=\"_blank\" rel=\"noopener noreferrer\" href=\"https:\/\/comoaprenderjapones.net\/tr\/in\/curso-de-japones-gratis-agosto-de-2020\/\">Kurs hakk\u0131nda daha fazla bilgi almak i\u00e7in buraya t\u0131klay\u0131n!<\/a><\/p>\n\n\n\n<h3 class=\"wp-block-heading\" id=\"qual-o-conteudo-do-curso\">Kursun i\u00e7eri\u011fi nedir?<\/h3>\n\n\n\n<p>Her zamanki gibi, kurs 100% \u00e7evrimi\u00e7i olarak sadece \u00f6\u011frenciler i\u00e7in kapal\u0131 bir sitede verilmektedir:<\/p>\n\n\n\n<ul class=\"wp-block-list\">\n<li>Sorular\u0131n\u0131z\u0131 yan\u0131tlamaya haz\u0131r bir ekip<\/li>\n\n\n\n<li>Portala eri\u015fmek i\u00e7in bir kullan\u0131c\u0131 ad\u0131 ve \u015fifre alacaks\u0131n\u0131z<\/li>\n\n\n\n<li>Ana dili \u0130ngilizce olan ki\u015filerle ileti\u015fim kurman\u0131z i\u00e7in temel olu\u015fturmaya odaklanan i\u00e7erik<\/li>\n\n\n\n<li>Video derslerde h\u0131zl\u0131 ve kolay bir \u015fekilde \u00f6\u011frenmeniz i\u00e7in 6 konu art\u0131 bonuslar ve indirilebilir \u00e7al\u0131\u015fma notlar\u0131 bulunmaktad\u0131r<\/li>\n<\/ul>\n\n\n\n<p>Her derste, destek ekibinin m\u00fcmk\u00fcn olan en k\u0131sa s\u00fcrede yan\u0131tlamas\u0131 i\u00e7in yoruma benzer bir soru b\u0131rakabileceksiniz.<\/p>\n\n\n\n<h2 class=\"wp-block-heading\" id=\"quem-e-o-criador-do-curso-japones-expresso\">Japon ekspres kursunun yarat\u0131c\u0131s\u0131 kimdir?<\/h2>\n\n\n<div class=\"wp-block-image\">\n<figure class=\"alignleft\"><img data-recalc-dims=\"1\" decoding=\"async\" width=\"300\" height=\"244\" src=\"https:\/\/i0.wp.com\/comoaprenderjapones.net\/wp-content\/uploads\/2016\/11\/Luiz_Rafael_Curso_Japones_Expresso.jpg?resize=300%2C244&#038;ssl=1\" alt=\"Luiz Rafael Japonca Ekspres Kursu\" class=\"wp-image-863\" title=\"Luiz Rafael Japonca Ekspres Kursu\"\/><\/figure>\n<\/div>\n\n\n<p>Kurs, \u5148\u751f Luiz Rafael taraf\u0131ndan olu\u015fturuldu, ayn\u0131 zamanda <a href=\"https:\/\/comoaprenderjapones.net\/tr\/japonca-cevri%cc%87mi%cc%87ci%cc%87-program\/\">\u00e7evrimi\u00e7i Japonca program\u0131<\/a>Binlerce insan\u0131n Japonya'da en az\u0131ndan dilin temelleriyle \"idare edebilmek\" i\u00e7in h\u0131zl\u0131 sonu\u00e7lar istedi\u011fi bir bo\u015flu\u011fu doldurmak i\u00e7in buraday\u0131m.<\/p>\n\n\n\n<p>Luiz, 15 ya\u015f\u0131ndan beri Japonca \u00f6\u011freniyor ve dil \u00f6\u011frenimi alan\u0131nda \u00e7ok fazla deneyime sahip.<\/p>\n\n\n\n<h3 class=\"wp-block-heading\" id=\"o-curso-japones-expresso-e-para-mim\">Japonca ekspres kursu benim i\u00e7in uygun mu?<\/h3>\n\n\n\n<p>Yak\u0131nda Japonya'ya seyahat edecekseniz veya Japonca dilinin temellerini h\u0131zl\u0131 bir \u015fekilde \u00f6\u011frenmek istiyorsan\u0131z, bu kurs tam size g\u00f6re!<\/p>\n\n\n\n<p>Basit derslerle, ilgilenen herkes al\u0131\u015fveri\u015f yapmak, trene binmek, bir yerliye te\u015fekk\u00fcr etmek gibi Japonya'da ge\u00e7inmeye yetecek kadar \u015feyi kolayca \u00f6\u011frenebilir.<\/p>\n\n\n\n<p>Seyahat ederken ihtiya\u00e7 duyaca\u011f\u0131n\u0131z temel bilgileri \u00f6\u011frenmekle ilgileniyorsan\u0131z veya s\u0131f\u0131rdan ba\u015flay\u0131p dilin temellerini h\u0131zl\u0131ca \u00f6\u011frenmek istiyorsan\u0131z, bu kurs kesinlikle sizin i\u00e7in!<\/p>\n\n\n\n<h3 class=\"wp-block-heading\" id=\"mais-informacao\">Daha fazla bilgi<\/h3>\n\n\n\n<p>Kay\u0131t, destek ve \u00e7ok daha fazlas\u0131 hakk\u0131nda daha fazla bilgi edinmek istiyorsan\u0131z, a\u015fa\u011f\u0131daki d\u00fc\u011fmeye t\u0131klay\u0131n:<\/p>\n\n\n\n<p class=\"has-text-align-center\"><a class=\"fasc-button fasc-size-large fasc-type-flat fasc-rounded-medium ico-fa fasc-ico-before fa-mail-forward\" style=\"background-color: #e43f42; color: #ffffff;\" target=\"_blank\" rel=\"noopener noreferrer\" href=\"https:\/\/comoaprenderjapones.net\/tr\/in\/curso-de-japones-gratis-agosto-de-2020\/\">Buraya t\u0131klayarak Japanese Express kursu hakk\u0131nda daha fazla bilgi edinin!<\/a><\/p>\n\n<div style=\"font-size: 0px; height: 0px; line-height: 0px; margin: 0; padding: 0; clear: both;\"><\/div>","protected":false},"excerpt":{"rendered":"<p>Conhe\u00e7a curso online japon\u00eas expresso promete te ajudar a sair do zero no idioma japon\u00eas e tamb\u00e9m para quem tem viagem marcada para o Jap\u00e3o. CURSO N\u00c3O EST\u00c1 DISPONIVEL. Conhe\u00e7a o curso Completo do Sensei<\/p>","protected":false},"author":1,"featured_media":861,"parent":0,"menu_order":0,"comment_status":"closed","ping_status":"closed","template":"","meta":{"footnotes":""},"class_list":["post-860","page","type-page","status-publish","has-post-thumbnail"],"jetpack-related-posts":[{"id":94,"url":"https:\/\/comoaprenderjapones.net\/tr\/programa-japones-online\/","url_meta":{"origin":860,"position":0},"title":"Online Japonca Program\u0131 + \u00dccretsiz Japonca Yo\u011funla\u015ft\u0131r\u0131lm\u0131\u015f Etkinlik","author":"Rafael Avelino","date":"20 de Ekim de 2014","format":false,"excerpt":"Conhe\u00e7a o curso de japon\u00eas Programa Japon\u00eas Online do Sensei Luiz Rafael! \u3053\u3093\u306b\u3061\u306f! Est\u00e1 procurando um m\u00e9todo eficiente que te ensine do ZERO a ter um n\u00edvel de flu\u00eancia que possa consumir conte\u00fados totalmente em japon\u00eas? O m\u00e9todo criado pelo Luiz Rafael j\u00e1 passou por muitas atualiza\u00e7\u00f5es e est\u00e1 no\u2026","rel":"","context":"Benzer yaz\u0131","block_context":{"text":"Benzer yaz\u0131","link":""},"img":{"alt_text":"Programa Japon\u00eas Online - Intensiv\u00e3o de japon\u00eas","src":"https:\/\/i0.wp.com\/comoaprenderjapones.net\/wp-content\/uploads\/2021\/01\/programa-japones-online-intensivao-de-japones-2021.jpg?fit=1200%2C932&ssl=1&resize=350%2C200","width":350,"height":200,"srcset":"https:\/\/i0.wp.com\/comoaprenderjapones.net\/wp-content\/uploads\/2021\/01\/programa-japones-online-intensivao-de-japones-2021.jpg?fit=1200%2C932&ssl=1&resize=350%2C200 1x, https:\/\/i0.wp.com\/comoaprenderjapones.net\/wp-content\/uploads\/2021\/01\/programa-japones-online-intensivao-de-japones-2021.jpg?fit=1200%2C932&ssl=1&resize=525%2C300 1.5x, https:\/\/i0.wp.com\/comoaprenderjapones.net\/wp-content\/uploads\/2021\/01\/programa-japones-online-intensivao-de-japones-2021.jpg?fit=1200%2C932&ssl=1&resize=700%2C400 2x, https:\/\/i0.wp.com\/comoaprenderjapones.net\/wp-content\/uploads\/2021\/01\/programa-japones-online-intensivao-de-japones-2021.jpg?fit=1200%2C932&ssl=1&resize=1050%2C600 3x"},"classes":[]},{"id":4016,"url":"https:\/\/comoaprenderjapones.net\/tr\/curso-japones-club-por-skdesu\/","url_meta":{"origin":860,"position":1},"title":"Curso Japon\u00eas Club por Skdesu","author":"Rafael Avelino","date":"2 de \u015eubat de 2023","format":false,"excerpt":"Advertorial Aprenda a L\u00edngua Japonesa com o Curso Japon\u00eas Club e Tenha a solu\u00e7\u00e3o definitiva para superar qualquer desafio! Mang\u00e1 Death Note Olha s\u00f3 o que voc\u00ea tem no Curso Japon\u00eas Club! + de 140 v\u00eddeo aulas em Alta Defini\u00e7\u00e3o Jogos e Atividades Interativas Pagamento \u00danico (N\u00e3o tem Mensalidades) Acesso\u2026","rel":"","context":"Benzer yaz\u0131","block_context":{"text":"Benzer yaz\u0131","link":""},"img":{"alt_text":"","src":"https:\/\/i0.wp.com\/comoaprenderjapones.net\/wp-content\/uploads\/2023\/02\/japones-club-advertorial.jpg?fit=1023%2C499&ssl=1&resize=350%2C200","width":350,"height":200,"srcset":"https:\/\/i0.wp.com\/comoaprenderjapones.net\/wp-content\/uploads\/2023\/02\/japones-club-advertorial.jpg?fit=1023%2C499&ssl=1&resize=350%2C200 1x, https:\/\/i0.wp.com\/comoaprenderjapones.net\/wp-content\/uploads\/2023\/02\/japones-club-advertorial.jpg?fit=1023%2C499&ssl=1&resize=525%2C300 1.5x, https:\/\/i0.wp.com\/comoaprenderjapones.net\/wp-content\/uploads\/2023\/02\/japones-club-advertorial.jpg?fit=1023%2C499&ssl=1&resize=700%2C400 2x"},"classes":[]},{"id":35,"url":"https:\/\/comoaprenderjapones.net\/tr\/sobre\/","url_meta":{"origin":860,"position":2},"title":"Hakk\u0131nda","author":"Rafael Avelino","date":"24 de A\u011fustos de 2014","format":false,"excerpt":"Ol\u00e1 Minna! Sou Rafael admin deste site, como vai? Muito obrigado por visitar este site que pretende passar dicas de como aprender japon\u00eas para quem est\u00e1 iniciando, assim como eu. Vamos tentar abordar tudo que possa ajudar no seu aprendizado do idioma japon\u00eas, que vai desde animes,m\u00fasicas,mangas e tamb\u00e9m o\u2026","rel":"","context":"Benzer yaz\u0131","block_context":{"text":"Benzer yaz\u0131","link":""},"img":{"alt_text":"","src":"","width":0,"height":0},"classes":[]},{"id":179,"url":"https:\/\/comoaprenderjapones.net\/tr\/mapa-site\/","url_meta":{"origin":860,"position":3},"title":"Site Haritas\u0131","author":"Rafael Avelino","date":"31 de Ocak de 2015","format":false,"excerpt":"Mapa do Site Veja todos os artigos publicados aqui no Como Aprender Japon\u00eas","rel":"","context":"Benzer yaz\u0131","block_context":{"text":"Benzer yaz\u0131","link":""},"img":{"alt_text":"","src":"","width":0,"height":0},"classes":[]},{"id":2786,"url":"https:\/\/comoaprenderjapones.net\/tr\/acompanhe\/","url_meta":{"origin":860,"position":4},"title":"Takip et","author":"Rafael Avelino","date":"12 de Haziran de 2020","format":false,"excerpt":"Para n\u00e3o perder alguma novidade ou dica logo em seguida vou indicar v\u00e1rias op\u00e7\u00f5es para que voc\u00ea acompanhe o comoaprenderjapones.net da maneira que desejar e que mais goste. Acompanhe pelo Feed Um dos meios mais tradicionais para voc\u00ea receber as novidades instantaneamente quando algo \u00e9 publicado por aqui. Feed do\u2026","rel":"","context":"Benzer yaz\u0131","block_context":{"text":"Benzer yaz\u0131","link":""},"img":{"alt_text":"Acompanhe pelo Feedly o comoaprenderjapones.net","src":"https:\/\/i0.wp.com\/comoaprenderjapones.net\/wp-content\/uploads\/2020\/06\/feedly-follow.png?resize=350%2C200&ssl=1","width":350,"height":200},"classes":[]},{"id":904,"url":"https:\/\/comoaprenderjapones.net\/tr\/metodo-fan-art\/","url_meta":{"origin":860,"position":5},"title":"Fan Art Y\u00f6ntemi 3.0 - Anime Karakterleri Nas\u0131l \u00c7izilir","author":"Rafael Avelino","date":"15 de \u015eubat de 2017","format":false,"excerpt":"Aprenda a como desenhar personagem de animes mesmo sem ter o \u201cdom\u201d passo a passo com o m\u00e9todo fan art 3.0 criado pela Mayara Rodrigues.\u00a0 Quem gosta da cultura japonesa, principalmente pelos animes, mangas j\u00e1 teve a curiosidade de saber se \u00e9 poss\u00edvel aprender a desenhar aquele personagem favorito mesmo\u2026","rel":"","context":"Benzer yaz\u0131","block_context":{"text":"Benzer yaz\u0131","link":""},"img":{"alt_text":"M\u00e9todo Fan Art 3.0 \u2013 Desenhe seu personagem de anime favorito!","src":"https:\/\/i0.wp.com\/comoaprenderjapones.net\/wp-content\/uploads\/2020\/12\/Metod-Fan-Art-3-0-Desenhar-Animes.jpg?fit=1200%2C628&ssl=1&resize=350%2C200","width":350,"height":200,"srcset":"https:\/\/i0.wp.com\/comoaprenderjapones.net\/wp-content\/uploads\/2020\/12\/Metod-Fan-Art-3-0-Desenhar-Animes.jpg?fit=1200%2C628&ssl=1&resize=350%2C200 1x, https:\/\/i0.wp.com\/comoaprenderjapones.net\/wp-content\/uploads\/2020\/12\/Metod-Fan-Art-3-0-Desenhar-Animes.jpg?fit=1200%2C628&ssl=1&resize=525%2C300 1.5x, https:\/\/i0.wp.com\/comoaprenderjapones.net\/wp-content\/uploads\/2020\/12\/Metod-Fan-Art-3-0-Desenhar-Animes.jpg?fit=1200%2C628&ssl=1&resize=700%2C400 2x, https:\/\/i0.wp.com\/comoaprenderjapones.net\/wp-content\/uploads\/2020\/12\/Metod-Fan-Art-3-0-Desenhar-Animes.jpg?fit=1200%2C628&ssl=1&resize=1050%2C600 3x"},"classes":[]}],"jetpack_sharing_enabled":true,"amp_enabled":true,"_links":{"self":[{"href":"https:\/\/comoaprenderjapones.net\/tr\/wp-json\/wp\/v2\/pages\/860","targetHints":{"allow":["GET"]}}],"collection":[{"href":"https:\/\/comoaprenderjapones.net\/tr\/wp-json\/wp\/v2\/pages"}],"about":[{"href":"https:\/\/comoaprenderjapones.net\/tr\/wp-json\/wp\/v2\/types\/page"}],"author":[{"embeddable":true,"href":"https:\/\/comoaprenderjapones.net\/tr\/wp-json\/wp\/v2\/users\/1"}],"replies":[{"embeddable":true,"href":"https:\/\/comoaprenderjapones.net\/tr\/wp-json\/wp\/v2\/comments?post=860"}],"version-history":[{"count":0,"href":"https:\/\/comoaprenderjapones.net\/tr\/wp-json\/wp\/v2\/pages\/860\/revisions"}],"wp:featuredmedia":[{"embeddable":true,"href":"https:\/\/comoaprenderjapones.net\/tr\/wp-json\/wp\/v2\/media\/861"}],"wp:attachment":[{"href":"https:\/\/comoaprenderjapones.net\/tr\/wp-json\/wp\/v2\/media?parent=860"}],"curies":[{"name":"wp","href":"https:\/\/api.w.org\/{rel}","templated":true}]}}