{"id":9,"date":"2014-08-24T02:32:54","date_gmt":"2014-08-24T02:32:54","guid":{"rendered":"https:\/\/comoaprenderjapones.net\/?page_id=9"},"modified":"2022-02-07T19:38:46","modified_gmt":"2022-02-07T22:38:46","slug":"gi%cc%87zli%cc%87li%cc%87k-poli%cc%87ti%cc%87kasi","status":"publish","type":"page","link":"https:\/\/comoaprenderjapones.net\/tr\/politica-de-privacidade\/","title":{"rendered":"Gizlilik Politikas\u0131"},"content":{"rendered":"<div class=\"5d69ed50a31945af2e1c7f3c16d2b79e\" data-index=\"2\" style=\"float: none; margin:0px;\">\n<script async src=\"https:\/\/pagead2.googlesyndication.com\/pagead\/js\/adsbygoogle.js?client=ca-pub-0652292147574552\"\r\n     crossorigin=\"anonymous\"><\/script>\r\n<!-- Ads responsivo Inicio Post CAJap -->\r\n<ins class=\"adsbygoogle\"\r\n     style=\"display:block\"\r\n     data-ad-client=\"ca-pub-0652292147574552\"\r\n     data-ad-slot=\"3298668993\"\r\n     data-ad-format=\"auto\"><\/ins>\r\n<script>\r\n     (adsbygoogle = window.adsbygoogle || []).push({});\r\n<\/script>\n<\/div>\n\n<p>Bu Gizlilik Politikas\u0131, bu siteyi ziyaret edenlerin ve hizmetlerimizi kullananlar\u0131n ki\u015fisel verilerinin gizlili\u011fini, mahremiyetini ve korunmas\u0131n\u0131 sa\u011flamak, bu t\u00fcr bilgileri kay\u0131p, k\u00f6t\u00fcye kullan\u0131m, yetkisiz eri\u015fim, de\u011fi\u015fiklik ve imhadan korumak i\u00e7in haz\u0131rlanm\u0131\u015ft\u0131r.<\/p>\n\n\n\n<h2 class=\"wp-block-heading\" id=\"1-coleta-e-uso-das-informacoes\">1. Bilgi Toplama ve Kullanma<\/h2>\n\n\n\n<p>Bu Siteye eri\u015fim, ziyaret\u00e7iyi tan\u0131mlayabilecek ve kullan\u0131c\u0131lar\u0131m\u0131zla ileti\u015fim kurulmas\u0131n\u0131 sa\u011flayacak bilgilerin talep edilece\u011fi ziyaret\u00e7i kayd\u0131na ba\u011fl\u0131 olabilir. Kullan\u0131c\u0131, verilerini sa\u011flamaya karar vererek, bu Politikan\u0131n \u015fartlar\u0131n\u0131 bildi\u011fini ve kabul etti\u011fini beyan eder. Site ayr\u0131ca, \u00e7erezler arac\u0131l\u0131\u011f\u0131yla, IP adresi ve eri\u015filen sayfa dahil olmak \u00fczere taray\u0131c\u0131n\u0131n faaliyetleri hakk\u0131nda bilgi al\u0131r ve otomatik olarak depolar. Bu faaliyet kay\u0131tlar\u0131 (loglar) yaln\u0131zca istatistiksel ama\u00e7lar ve sa\u011flanan hizmetlerin \u00f6l\u00e7\u00fcmleri i\u00e7in kullan\u0131lacakt\u0131r.<\/p>\n\n\n\n<h3 class=\"wp-block-heading\" id=\"cookies-e-web-beacons\">\u00c7erezler ve Web \u0130\u015faret\u00e7ileri<\/h3>\n\n\n\n<p>Biz kullan\u0131yoruz&nbsp;<a style=\"font-weight: inherit; font-style: inherit; color: #469db9;\" href=\"https:\/\/pt.wikipedia.org\/wiki\/Cookie\" target=\"_blank\" rel=\"noopener\">kurabiyeler<\/a>&nbsp;ziyaret etti\u011finizde ki\u015fisel tercihleriniz gibi bilgileri saklamak i\u00e7in&nbsp;<strong>Japonca Nas\u0131l \u00d6\u011frenilir<\/strong>. Bu, basit bir a\u00e7\u0131l\u0131r pencere veya forumlar gibi sa\u011flad\u0131\u011f\u0131m\u0131z \u00e7e\u015fitli hizmetlerdeki bir ba\u011flant\u0131y\u0131 i\u00e7erebilir.<\/p>\n\n\n\n<p>Google, yeni&nbsp;<a style=\"font-weight: inherit; font-style: inherit; color: #469db9;\" href=\"https:\/\/www.doubleclick.com\/privacy\/faq.aspx?ctx=tltp\" target=\"_blank\" rel=\"noopener\">DART \u00e7erezi<\/a>&nbsp;ilgi alanlar\u0131n\u0131za ve blogumuzu ve web'deki di\u011fer siteleri ziyaretinize dayal\u0131 reklamlar sunmak i\u00e7in. Google reklam sayfas\u0131n\u0131 ve \u015firketin polislik program\u0131n\u0131 ziyaret ederek DART \u00e7erezinin kullan\u0131m\u0131n\u0131 devre d\u0131\u015f\u0131 b\u0131rakabilirsiniz.<\/p>\n\n\n\n<p>Kullan\u0131c\u0131, toplanan bilgilerin a\u015fa\u011f\u0131daki ama\u00e7larla kullan\u0131laca\u011f\u0131n\u0131 bilir ve kabul eder: (a) yeni i\u00e7erik, haberler ve etkinlikler hakk\u0131nda bilgi vermek; (b) ileti\u015fim bilgilerini g\u00fcncellemek; (c) kullan\u0131c\u0131n\u0131n Sitede gezinmesi s\u0131ras\u0131nda kullan\u0131labilirli\u011fi ve etkile\u015fimli deneyimi optimize etmek; (d) kullan\u0131c\u0131lar\u0131n kimli\u011fini belirtmeden genel istatistikleri ayr\u0131nt\u0131l\u0131 olarak haz\u0131rlamak; (e) kullan\u0131c\u0131lar\u0131n \u015f\u00fcphelerine ve taleplerine yan\u0131t vermek; ve (f) yasal veya adli kararlara uymak. Ayr\u0131ca, \u00f6zellikle doland\u0131r\u0131c\u0131l\u0131k, hacker sald\u0131r\u0131lar\u0131, sistem de\u011fi\u015fiklikleri veya di\u011fer kullan\u0131c\u0131lar\u0131n korunan bilgilerine ve kay\u0131t verilerine uygunsuz eri\u015fim \u015f\u00fcphesi oldu\u011funda, hukuki veya cezai su\u00e7lar\u0131n soru\u015fturulmas\u0131 durumunda bu t\u00fcr kay\u0131tlar\u0131 bireysel olarak kullanma hakk\u0131m\u0131z\u0131 sakl\u0131 tutar\u0131z.<\/p>\n\n\n\n<h2 class=\"wp-block-heading\" id=\"2-guarda-e-responsabilidade-pelas-informacoes-coletadas\">2. Toplanan Bilgilerin Saklanmas\u0131 ve Hesap Verebilirli\u011fi<\/h2>\n\n\n\n<p>Kullan\u0131c\u0131lar taraf\u0131ndan sa\u011flanan her t\u00fcrl\u00fc bilgi, en kat\u0131 g\u00fcvenlik ve g\u00fcvenilirlik standartlar\u0131na uygun olarak elde edilecek ve saklanacakt\u0131r. Bize sa\u011flanan bilgilerin b\u00fct\u00fcnl\u00fc\u011f\u00fcn\u00fc korumak i\u00e7in elimizden gelen \u00e7abay\u0131 g\u00f6sterece\u011fiz, bu nedenle \u00fc\u00e7\u00fcnc\u00fc taraflar\u0131n eri\u015fiminden ve\/veya kullan\u0131m\u0131ndan kaynaklanan zararlardan sorumlu de\u011filiz. Toplanan bilgilere eri\u015fim \u00e7al\u0131\u015fanlar ve yetkili ki\u015filerle s\u0131n\u0131rland\u0131r\u0131lm\u0131\u015ft\u0131r. S\u00f6z konusu bilgileri i\u015fbu Gizlilik Politikas\u0131'na ayk\u0131r\u0131 olarak usuls\u00fcz kullananlar, y\u00fcr\u00fcrl\u00fckteki yasal tedbirler hari\u00e7 olmak \u00fczere, idari ve disiplin yapt\u0131r\u0131mlar\u0131na tabi olacakt\u0131r. Yasal veya adli bir karar olmad\u0131k\u00e7a, bu Sitede kay\u0131tl\u0131 kullan\u0131c\u0131lar\u0131n bilgileri asla \u00fc\u00e7\u00fcnc\u00fc \u015fah\u0131slara aktar\u0131lmayacak veya topland\u0131klar\u0131 ama\u00e7lar d\u0131\u015f\u0131nda kullan\u0131lmayacakt\u0131r. Toplanan t\u00fcm ki\u015fisel veriler bu Sitenin veri taban\u0131na dahil edilecek ve Site y\u00f6neticisi bunlardan sorumlu olacakt\u0131r.<\/p>\n\n\n\n<h2 class=\"wp-block-heading\" id=\"3-informacoes-opinioes-e-conteudos-gerados-por-terceiros\">3. \u00dc\u00e7\u00fcnc\u00fc Taraflarca Olu\u015fturulan Bilgi, G\u00f6r\u00fc\u015f ve \u0130\u00e7erikler<\/h2>\n\n\n\n<p>Bu Site, yorumlar, bilgi al\u0131\u015fveri\u015fi, \u00fc\u00e7\u00fcnc\u00fc taraflarca olu\u015fturulan i\u00e7eri\u011fin yay\u0131nlanmas\u0131 ve reklamlar\u0131n yay\u0131lmas\u0131 yoluyla ziyaret\u00e7ilerin\/kullan\u0131c\u0131lar\u0131n kat\u0131l\u0131m\u0131n\u0131 sa\u011flar. Ziyaret\u00e7iler, kullan\u0131c\u0131lar ve reklam verenler, ahlak d\u0131\u015f\u0131, yasad\u0131\u015f\u0131, \u0131rk\u00e7\u0131, karalay\u0131c\u0131, yaralay\u0131c\u0131, pornografik, su\u00e7 te\u015fkil eden veya yazar\u0131n haklar\u0131n\u0131 ihlal eden herhangi bir bilgi, g\u00f6r\u00fc\u015f veya i\u00e7erik yay\u0131nlamamalar\u0131 gerekti\u011finin bilincindedir. Ayr\u0131ca, kay\u0131t amac\u0131yla talep edilen ki\u015fisel bilgiler haricinde, bu Sitede sa\u011flanan veya serbest\u00e7e yay\u0131nlanan herhangi bir bilgi, i\u00e7erik veya g\u00f6r\u00fc\u015f\u00fcn BU G\u0130ZL\u0130L\u0130K POL\u0130T\u0130KASI TARAFINDAN G\u0130ZLENEMEYECE\u011e\u0130N\u0130 VEYA KORUNAMAYACA\u011eINI ve di\u011fer ziyaret\u00e7iler ve kullan\u0131c\u0131lar taraf\u0131ndan serbest\u00e7e eri\u015filebilece\u011fini ve g\u00f6r\u00fcnt\u00fclenebilece\u011fini bilmektesiniz. Ayr\u0131ca, yasalara, ahlaka ve iyi geleneklere sayg\u0131s\u0131zl\u0131k eden \u00fcr\u00fcn, hizmet veya etkinliklerin reklamlar\u0131 veya herhangi bir \u015fekilde yay\u0131lmas\u0131 da yasakt\u0131r. Bu Siteden sorumlu olanlar, \u00fc\u00e7\u00fcnc\u00fc taraflarca olu\u015fturulan bilgi, g\u00f6r\u00fc\u015f ve i\u00e7erikten veya Site arac\u0131l\u0131\u011f\u0131yla if\u015fa edilen \u00fcr\u00fcn, hizmet veya etkinliklerin kalitesi veya do\u011frulu\u011fundan sorumlu de\u011fildir.  Ahlaka ayk\u0131r\u0131 veya yasad\u0131\u015f\u0131 her t\u00fcrl\u00fc g\u00f6sterim, \u00e7o\u011faltma veya yay\u0131n bu sitenin organizat\u00f6rlerine bildirilmelidir ve derhal kald\u0131r\u0131lacakt\u0131r. Bildirim, sahadan sorumlu ki\u015filerin adresine iletilmelidir.<\/p>\n\n\n\n<h2 class=\"wp-block-heading\" id=\"4-responsabilidade-dos-usuarios\">4. Kullan\u0131c\u0131lar\u0131n Sorumlulu\u011fu<\/h2>\n\n\n\n<p>\u015eifresini ve eri\u015fim giri\u015fini saklamak kullan\u0131c\u0131n\u0131n sorumlulu\u011fundad\u0131r. \u00d6zel tarihler, isimler veya say\u0131 dizileri gibi belirgin parolalar\u0131n kullan\u0131lmas\u0131n\u0131 \u00f6nermiyoruz. Kullan\u0131c\u0131 \u015fifresinin k\u0131r\u0131ld\u0131\u011f\u0131n\u0131 fark ederse veya bundan \u015f\u00fcphelenirse, \u015fifresini kay\u0131t sayfas\u0131nda de\u011fi\u015ftirmelidir. \u00c7ocuklar\u0131n \u00e7evrimi\u00e7i gizlili\u011fini korumaya kararl\u0131y\u0131z. Re\u015fit olmayanlar\u0131n kayd\u0131 yaln\u0131zca sitenin e\u011fitim i\u00e7erikli k\u0131s\u0131tl\u0131 alanlar\u0131na kat\u0131l\u0131m amac\u0131yla yap\u0131lacakt\u0131r. Re\u015fit olmayanlar\u0131n verileri yaln\u0131zca sorgulara, akademik sorulara, okullardaki derslerin planlanmas\u0131na veya genel istatistik nedenlerine yan\u0131t vermek i\u00e7in kullan\u0131lacakt\u0131r. Ayr\u0131ca, re\u015fit olmayanlar\u0131n her zaman, herhangi bir zamanda kayd\u0131n iptalini talep edebilecek olan velilerinin rehberli\u011fi ve g\u00f6zetimi alt\u0131nda olmalar\u0131n\u0131 tavsiye ederiz. Bu Politika s\u00fcrekli iyile\u015ftirme ve geli\u015ftirmeye tabidir. Bu nedenle, periyodik olarak isti\u015fare edilmesini tavsiye ediyoruz.<\/p>\n\n<div style=\"font-size: 0px; height: 0px; line-height: 0px; margin: 0; padding: 0; clear: both;\"><\/div>","protected":false},"excerpt":{"rendered":"<p>Esta Pol\u00edtica de Privacidade foi elaborada visando zelar pela confidencialidade, privacidade e prote\u00e7\u00e3o dos dados pessoais dos visitantes deste site e dos usu\u00e1rios de nossos servi\u00e7os, protegendo essas informa\u00e7\u00f5es de perdas, uso impr\u00f3prio, acesso n\u00e3o<\/p>","protected":false},"author":1,"featured_media":0,"parent":0,"menu_order":0,"comment_status":"closed","ping_status":"closed","template":"","meta":{"footnotes":""},"class_list":["post-9","page","type-page","status-publish"],"jetpack-related-posts":[{"id":4016,"url":"https:\/\/comoaprenderjapones.net\/tr\/curso-japones-club-por-skdesu\/","url_meta":{"origin":9,"position":0},"title":"Curso Japon\u00eas Club por Skdesu","author":"Rafael Avelino","date":"2 de \u015eubat de 2023","format":false,"excerpt":"Advertorial Aprenda a L\u00edngua Japonesa com o Curso Japon\u00eas Club e Tenha a solu\u00e7\u00e3o definitiva para superar qualquer desafio! Mang\u00e1 Death Note Olha s\u00f3 o que voc\u00ea tem no Curso Japon\u00eas Club! + de 140 v\u00eddeo aulas em Alta Defini\u00e7\u00e3o Jogos e Atividades Interativas Pagamento \u00danico (N\u00e3o tem Mensalidades) Acesso\u2026","rel":"","context":"Benzer yaz\u0131","block_context":{"text":"Benzer yaz\u0131","link":""},"img":{"alt_text":"","src":"https:\/\/i0.wp.com\/comoaprenderjapones.net\/wp-content\/uploads\/2023\/02\/japones-club-advertorial.jpg?fit=1023%2C499&ssl=1&resize=350%2C200","width":350,"height":200,"srcset":"https:\/\/i0.wp.com\/comoaprenderjapones.net\/wp-content\/uploads\/2023\/02\/japones-club-advertorial.jpg?fit=1023%2C499&ssl=1&resize=350%2C200 1x, https:\/\/i0.wp.com\/comoaprenderjapones.net\/wp-content\/uploads\/2023\/02\/japones-club-advertorial.jpg?fit=1023%2C499&ssl=1&resize=525%2C300 1.5x, https:\/\/i0.wp.com\/comoaprenderjapones.net\/wp-content\/uploads\/2023\/02\/japones-club-advertorial.jpg?fit=1023%2C499&ssl=1&resize=700%2C400 2x"},"classes":[]},{"id":179,"url":"https:\/\/comoaprenderjapones.net\/tr\/mapa-site\/","url_meta":{"origin":9,"position":1},"title":"Site Haritas\u0131","author":"Rafael Avelino","date":"31 de Ocak de 2015","format":false,"excerpt":"Mapa do Site Veja todos os artigos publicados aqui no Como Aprender Japon\u00eas","rel":"","context":"Benzer yaz\u0131","block_context":{"text":"Benzer yaz\u0131","link":""},"img":{"alt_text":"","src":"","width":0,"height":0},"classes":[]},{"id":860,"url":"https:\/\/comoaprenderjapones.net\/tr\/japones-expresso-curso-online-japones\/","url_meta":{"origin":9,"position":2},"title":"Japanese Express: \u00c7evrimi\u00e7i Japonca kursu","author":"Rafael Avelino","date":"14 de Kas\u0131m de 2016","format":false,"excerpt":"Conhe\u00e7a curso online japon\u00eas expresso promete te ajudar a sair do zero no idioma japon\u00eas e tamb\u00e9m para quem tem viagem marcada para o Jap\u00e3o. CURSO N\u00c3O EST\u00c1 DISPONIVEL. Conhe\u00e7a o curso Completo do Sensei Luiz Rafael o ???? Programa Japon\u00eas Online! Quem gosta da cultura japonesa, seja animes, mangas,\u2026","rel":"","context":"Benzer yaz\u0131","block_context":{"text":"Benzer yaz\u0131","link":""},"img":{"alt_text":"Japon\u00eas Expresso curso online de japon\u00eas","src":"https:\/\/i0.wp.com\/comoaprenderjapones.net\/wp-content\/uploads\/2016\/11\/Japones_Expresso.jpg?fit=1200%2C696&ssl=1&resize=350%2C200","width":350,"height":200,"srcset":"https:\/\/i0.wp.com\/comoaprenderjapones.net\/wp-content\/uploads\/2016\/11\/Japones_Expresso.jpg?fit=1200%2C696&ssl=1&resize=350%2C200 1x, https:\/\/i0.wp.com\/comoaprenderjapones.net\/wp-content\/uploads\/2016\/11\/Japones_Expresso.jpg?fit=1200%2C696&ssl=1&resize=525%2C300 1.5x, https:\/\/i0.wp.com\/comoaprenderjapones.net\/wp-content\/uploads\/2016\/11\/Japones_Expresso.jpg?fit=1200%2C696&ssl=1&resize=700%2C400 2x, https:\/\/i0.wp.com\/comoaprenderjapones.net\/wp-content\/uploads\/2016\/11\/Japones_Expresso.jpg?fit=1200%2C696&ssl=1&resize=1050%2C600 3x"},"classes":[]},{"id":2786,"url":"https:\/\/comoaprenderjapones.net\/tr\/acompanhe\/","url_meta":{"origin":9,"position":3},"title":"Takip et","author":"Rafael Avelino","date":"12 de Haziran de 2020","format":false,"excerpt":"Para n\u00e3o perder alguma novidade ou dica logo em seguida vou indicar v\u00e1rias op\u00e7\u00f5es para que voc\u00ea acompanhe o comoaprenderjapones.net da maneira que desejar e que mais goste. Acompanhe pelo Feed Um dos meios mais tradicionais para voc\u00ea receber as novidades instantaneamente quando algo \u00e9 publicado por aqui. Feed do\u2026","rel":"","context":"Benzer yaz\u0131","block_context":{"text":"Benzer yaz\u0131","link":""},"img":{"alt_text":"Acompanhe pelo Feedly o comoaprenderjapones.net","src":"https:\/\/i0.wp.com\/comoaprenderjapones.net\/wp-content\/uploads\/2020\/06\/feedly-follow.png?resize=350%2C200&ssl=1","width":350,"height":200},"classes":[]},{"id":35,"url":"https:\/\/comoaprenderjapones.net\/tr\/sobre\/","url_meta":{"origin":9,"position":4},"title":"Hakk\u0131nda","author":"Rafael Avelino","date":"24 de A\u011fustos de 2014","format":false,"excerpt":"Ol\u00e1 Minna! Sou Rafael admin deste site, como vai? Muito obrigado por visitar este site que pretende passar dicas de como aprender japon\u00eas para quem est\u00e1 iniciando, assim como eu. Vamos tentar abordar tudo que possa ajudar no seu aprendizado do idioma japon\u00eas, que vai desde animes,m\u00fasicas,mangas e tamb\u00e9m o\u2026","rel":"","context":"Benzer yaz\u0131","block_context":{"text":"Benzer yaz\u0131","link":""},"img":{"alt_text":"","src":"","width":0,"height":0},"classes":[]},{"id":94,"url":"https:\/\/comoaprenderjapones.net\/tr\/programa-japones-online\/","url_meta":{"origin":9,"position":5},"title":"Online Japonca Program\u0131 + \u00dccretsiz Japonca Yo\u011funla\u015ft\u0131r\u0131lm\u0131\u015f Etkinlik","author":"Rafael Avelino","date":"20 de Ekim de 2014","format":false,"excerpt":"Conhe\u00e7a o curso de japon\u00eas Programa Japon\u00eas Online do Sensei Luiz Rafael! \u3053\u3093\u306b\u3061\u306f! Est\u00e1 procurando um m\u00e9todo eficiente que te ensine do ZERO a ter um n\u00edvel de flu\u00eancia que possa consumir conte\u00fados totalmente em japon\u00eas? O m\u00e9todo criado pelo Luiz Rafael j\u00e1 passou por muitas atualiza\u00e7\u00f5es e est\u00e1 no\u2026","rel":"","context":"Benzer yaz\u0131","block_context":{"text":"Benzer yaz\u0131","link":""},"img":{"alt_text":"Programa Japon\u00eas Online - Intensiv\u00e3o de japon\u00eas","src":"https:\/\/i0.wp.com\/comoaprenderjapones.net\/wp-content\/uploads\/2021\/01\/programa-japones-online-intensivao-de-japones-2021.jpg?fit=1200%2C932&ssl=1&resize=350%2C200","width":350,"height":200,"srcset":"https:\/\/i0.wp.com\/comoaprenderjapones.net\/wp-content\/uploads\/2021\/01\/programa-japones-online-intensivao-de-japones-2021.jpg?fit=1200%2C932&ssl=1&resize=350%2C200 1x, https:\/\/i0.wp.com\/comoaprenderjapones.net\/wp-content\/uploads\/2021\/01\/programa-japones-online-intensivao-de-japones-2021.jpg?fit=1200%2C932&ssl=1&resize=525%2C300 1.5x, https:\/\/i0.wp.com\/comoaprenderjapones.net\/wp-content\/uploads\/2021\/01\/programa-japones-online-intensivao-de-japones-2021.jpg?fit=1200%2C932&ssl=1&resize=700%2C400 2x, https:\/\/i0.wp.com\/comoaprenderjapones.net\/wp-content\/uploads\/2021\/01\/programa-japones-online-intensivao-de-japones-2021.jpg?fit=1200%2C932&ssl=1&resize=1050%2C600 3x"},"classes":[]}],"jetpack_sharing_enabled":false,"amp_enabled":true,"_links":{"self":[{"href":"https:\/\/comoaprenderjapones.net\/tr\/wp-json\/wp\/v2\/pages\/9","targetHints":{"allow":["GET"]}}],"collection":[{"href":"https:\/\/comoaprenderjapones.net\/tr\/wp-json\/wp\/v2\/pages"}],"about":[{"href":"https:\/\/comoaprenderjapones.net\/tr\/wp-json\/wp\/v2\/types\/page"}],"author":[{"embeddable":true,"href":"https:\/\/comoaprenderjapones.net\/tr\/wp-json\/wp\/v2\/users\/1"}],"replies":[{"embeddable":true,"href":"https:\/\/comoaprenderjapones.net\/tr\/wp-json\/wp\/v2\/comments?post=9"}],"version-history":[{"count":0,"href":"https:\/\/comoaprenderjapones.net\/tr\/wp-json\/wp\/v2\/pages\/9\/revisions"}],"wp:attachment":[{"href":"https:\/\/comoaprenderjapones.net\/tr\/wp-json\/wp\/v2\/media?parent=9"}],"curies":[{"name":"wp","href":"https:\/\/api.w.org\/{rel}","templated":true}]}}