{"id":904,"date":"2017-02-15T20:39:01","date_gmt":"2017-02-15T22:39:01","guid":{"rendered":"https:\/\/comoaprenderjapones.net\/?page_id=904"},"modified":"2022-09-05T15:01:47","modified_gmt":"2022-09-05T18:01:47","slug":"metodo-fan-art","status":"publish","type":"page","link":"https:\/\/comoaprenderjapones.net\/tr\/metodo-fan-art\/","title":{"rendered":"Fan Art Y\u00f6ntemi 3.0 - Anime Karakterleri Nas\u0131l \u00c7izilir"},"content":{"rendered":"<div class=\"5d69ed50a31945af2e1c7f3c16d2b79e\" data-index=\"2\" style=\"float: none; margin:0px;\">\n<script async src=\"https:\/\/pagead2.googlesyndication.com\/pagead\/js\/adsbygoogle.js?client=ca-pub-0652292147574552\"\r\n     crossorigin=\"anonymous\"><\/script>\r\n<!-- Ads responsivo Inicio Post CAJap -->\r\n<ins class=\"adsbygoogle\"\r\n     style=\"display:block\"\r\n     data-ad-client=\"ca-pub-0652292147574552\"\r\n     data-ad-slot=\"3298668993\"\r\n     data-ad-format=\"auto\"><\/ins>\r\n<script>\r\n     (adsbygoogle = window.adsbygoogle || []).push({});\r\n<\/script>\n<\/div>\n\n<div class=\"addthis_inline_share_toolbox\"><\/div>\n\n\n\n<p><em>Nas\u0131l yap\u0131laca\u011f\u0131n\u0131 \u00f6\u011frenin <strong>anime karakterleri nas\u0131l \u00e7izilir<\/strong> \"hediyeye\" sahip olmadan bile ad\u0131m ad\u0131m <strong>hayran sanat metodu 3.0 <\/strong>taraf\u0131ndan olu\u015fturulmu\u015ftur<strong> <\/strong>Mayara Rodrigues.\u00a0<\/em><\/p>\n\n\n\n<p>Japon k\u00fclt\u00fcr\u00fcn\u00fc, \u00f6zellikle de anime ve mangay\u0131 sevenler, \u00e7izime yak\u0131nl\u0131k duymadan, \u00e7izim \"yetene\u011fine\" sahip olmadan da o favori karakteri \u00e7izmeyi \u00f6\u011frenmenin m\u00fcmk\u00fcn olup olmad\u0131\u011f\u0131n\u0131 merak etmi\u015flerdir.<\/p>\n\n\n\n<p>En b\u00fcy\u00fck sorun, iyi bir y\u00f6ntem ya da pratik bir \u015fekilde \u00f6\u011fretebilecek biri olmadan kendi ba\u015f\u0131n\u0131za \u00f6\u011frenmenin zor olmas\u0131d\u0131r.<\/p>\n\n\n\n\n\n\n<p>\u0130\u015fte bu d\u00fc\u015f\u00fcnceyle <a href=\"https:\/\/comoaprenderjapones.net\/tr\/in\/conheca-o-metodo-fan-art\/\" target=\"_blank\" rel=\"noopener\">Mayara basit bir y\u00f6ntem olu\u015fturmaya karar verdi<\/a>Ger\u00e7ekten neyin \u00f6nemli oldu\u011funa odaklanan pratik bir yakla\u015f\u0131md\u0131r.<\/p>\n\n\n\n<h2 class=\"wp-block-heading\">Hayran Sanat\u0131 Nedir?<\/h2>\n\n\n\n<p>Biliyor musun? <strong>hayran sanati nedi\u0307r<\/strong>? A\u015fa\u011f\u0131da bununla ilgili k\u0131sa bir a\u00e7\u0131klamaya bak\u0131n ve ayr\u0131ca daha fazla bilgi edinin <a href=\"https:\/\/comoaprenderjapones.net\/tr\/metodo-fan-art\/\">Hayran Sanat\u0131 Y\u00f6ntemi<\/a> Brezilya'da anime \u00e7izmeyi \u00f6\u011frenmek isteyenler i\u00e7in \u00e7ok pop\u00fcler olan:<\/p>\n\n\n\n<blockquote class=\"wp-block-quote is-layout-flow wp-block-quote-is-layout-flow\"><p>Fanart, fan art veya Hayran sanat\u0131, hayranlar taraf\u0131ndan yarat\u0131lan ve herkes\u00e7e bilinen bir karakter, fantezi, e\u015fya veya esere dayanan bir sanat eseridir. Bu terim hem belirli kitap(lar)daki karakterlerin hayranlar\u0131 taraf\u0131ndan yap\u0131lan sanata hem de \u00e7izgi roman, film ve\/veya video oyunlar\u0131 gibi g\u00f6rsel medyadan t\u00fcretilen sanata uygulanabilir. Genellikle amat\u00f6r sanat\u00e7\u0131lar veya \u00e7al\u0131\u015fmalar\u0131 i\u00e7in \u00f6deme yap\u0131lmayan sanat\u00e7\u0131lar taraf\u0131ndan yap\u0131lan sanat eserlerini ifade eder. Hayranlar\u0131n orijinal eser hakk\u0131nda kendi hayal g\u00fc\u00e7leriyle yapt\u0131klar\u0131 \u00e7al\u0131\u015fmalard\u0131r.<br \/>Kaynak:&nbsp;<a href=\"https:\/\/pt.wikipedia.org\/wiki\/Fanart\" target=\"_blank\" rel=\"noopener\">Vikipedi<\/a><\/p><\/blockquote>\n\n\n\n<p>\u015eimdi bu kursun ne oldu\u011funu ve ayr\u0131ca yarat\u0131c\u0131s\u0131n\u0131 ve bunu yapan ve onaylayanlar\u0131n referanslar\u0131n\u0131 \u00f6\u011frenelim.<\/p>\n\n\n\n<h2 class=\"wp-block-heading\">Hayran Sanat\u0131 Y\u00f6ntemi Nedir?<\/h2>\n\n\n\n<p>En sevdikleri anime karakterini \u00e7ok fazla karma\u015f\u0131kl\u0131k olmadan nas\u0131l \u00e7izeceklerini \u00f6\u011frenmek isteyen insanlara ad\u0131m ad\u0131m iyi a\u00e7\u0131klanm\u0131\u015f ve didaktik bir \u015fekilde \u00f6\u011fretmek i\u00e7in olu\u015fturulmu\u015f bir y\u00f6ntem.<\/p>\n\n\n\n<p>Animenin orijinal yazar\u0131n\u0131n yaratt\u0131\u011f\u0131 karakteri nas\u0131l \u00e7izdi\u011fine benzer \u015fekilde \u00e7izmeyi \u00f6\u011frenin.<\/p>\n\n\n\n<h3 class=\"wp-block-heading\"><strong>Mayara Rodrigues yarat\u0131c\u0131<\/strong> tabii ki<\/h3>\n\n\n<div class=\"wp-block-image\">\n<figure class=\"alignleft\"><a href=\"https:\/\/comoaprenderjapones.net\/tr\/in\/conheca-o-metodo-fan-art\/\" rel=\"nofollow noopener\"><img data-recalc-dims=\"1\" decoding=\"async\" width=\"300\" height=\"247\" src=\"https:\/\/i0.wp.com\/comoaprenderjapones.net\/wp-content\/uploads\/2018\/09\/Mayara-Rodrigues.png?resize=300%2C247&#038;ssl=1\" alt=\"Mayara Rodrigues Fan Art Metodu&#039;nun yarat\u0131c\u0131s\u0131\" class=\"wp-image-2430\" srcset=\"https:\/\/i0.wp.com\/comoaprenderjapones.net\/wp-content\/uploads\/2018\/09\/Mayara-Rodrigues.png?resize=300%2C247&amp;ssl=1 300w, https:\/\/i0.wp.com\/comoaprenderjapones.net\/wp-content\/uploads\/2018\/09\/Mayara-Rodrigues.png?w=543&amp;ssl=1 543w\" sizes=\"(max-width: 300px) 100vw, 300px\" \/><\/a><figcaption><strong>Mayara Rodrigues<\/strong> Fan Art Y\u00f6ntemi'nin yarat\u0131c\u0131s\u0131<\/figcaption><\/figure>\n<\/div>\n\n\n<p><strong>Mayara Rodrigues<\/strong>Bir\u00e7ok Brezilyal\u0131 gibi o da animelere ilgi duymaya ba\u015flad\u0131 ve favorisi Digimon'du. Bu ona favori karakterlerini nas\u0131l \u00e7izece\u011fini \u00f6\u011frenme arzusu verdi.<\/p>\n\n\n\n<p>En b\u00fcy\u00fck sorun, \u00e7izim yapmaya \u00e7al\u0131\u015f\u0131rken \u00e7ok fazla geli\u015fmemesi ve ayr\u0131ca bir \u00e7izim kursunun \u00e7ok ucuz olmamas\u0131 ve evine yak\u0131n olmamas\u0131yd\u0131.<\/p>\n\n\n\n<p>Daha sonra nas\u0131l \u00e7izim yap\u0131laca\u011f\u0131n\u0131 \u00f6\u011freten dergiler almaya ba\u015flad\u0131, genellikle Japon y\u00f6ntemleri.<\/p>\n\n\n\n<p>Bir\u00e7ok beyin f\u0131rt\u0131nas\u0131ndan sonra, uzun bir s\u00fcre sonra, y\u0131llar sonra, bir animenin nas\u0131l \u00e7izilece\u011fini ger\u00e7ekten anlad\u0131.<\/p>\n\n\n\n<p class=\"has-text-align-center\"><a class=\"fasc-button fasc-size-large fasc-type-popout fasc-rounded-medium ico-fa fasc-ico-before fa-youtube-play\" style=\"background-color: #cc2f1a; color: #ffffff;\" target=\"_blank\" rel=\"nofollow noopener\" href=\"https:\/\/comoaprenderjapones.net\/tr\/in\/conheca-historia-da-mayara-rodrigues\/\">Buraya t\u0131klayarak tarih\u00e7esi hakk\u0131nda daha fazla bilgi edinin!<\/a><\/p>\n\n\n\n<h3 class=\"wp-block-heading\">Fan Art Y\u00f6nteminin i\u00e7eri\u011fi nedir?<\/h3>\n\n\n\n<p>Kurs sona ermiyor, \u00e7\u00fcnk\u00fc do\u011frudan ger\u00e7ekten \u00f6nemli olana gidiyor, sadece kursun \u00e7evrimi\u00e7i oldu\u011fu konular\u0131 g\u00f6r\u00fcyor <strong>hayran sanat metodu 3.0<\/strong> var:<\/p>\n\n\n\n<ol class=\"wp-block-list\"><li>G\u00f6r\u00fcnt\u00fc Analizi<\/li><li>\u00c7izim teknikleri<\/li><li>Y\u00fcz Anatomisi + A\u00e7\u0131 Varyasyonlar\u0131<\/li><li>Beden ve Hareket Anatomisi<\/li><li>Anime\/manga sa\u00e7\u0131 yapman\u0131n s\u0131rr\u0131...<\/li><li>Karakterinizin m\u00fckemmel elleri ve ayaklar\u0131...<\/li><li>Karakter Kost\u00fcmleri Tasarlama<\/li><li>Kalem \u00c7izimlerinin Tamamlanmas\u0131<\/li><li>Resme giri\u015f + I\u015f\u0131k ve G\u00f6lge<\/li><\/ol>\n\n\n\n<h3 class=\"wp-block-heading\">Hayran Sanat\u0131 Y\u00f6ntemi 3.0'\u0131n Bonuslar\u0131<\/h3>\n\n\n\n<p>Ve ayr\u0131ca gelenek olarak <strong>+ 5 bonus<\/strong> tasar\u0131mlar\u0131n\u0131z\u0131 daha da geli\u015ftirmek i\u00e7in:<\/p>\n\n\n\n<ul class=\"wp-block-list\"><li>G\u00f6z \u00e7izmenin s\u0131rr\u0131<\/li><li>Is\u0131tma ve g\u00f6sterge<\/li><li>T\u00fcm kurs mod\u00fcllerini tek bir \u00e7izimde kullanma<\/li><li>\u00d6zel \u00d6\u011frenci Grubuna Eri\u015fim<\/li><li>Tamamlama Sertifikas\u0131<\/li><\/ul>\n\n\n<div class=\"wp-block-image\">\n<figure class=\"aligncenter\"><img data-recalc-dims=\"1\" decoding=\"async\" width=\"900\" height=\"475\" src=\"https:\/\/i0.wp.com\/comoaprenderjapones.net\/wp-content\/uploads\/2017\/02\/Area_de_Membros_Metodo_fan_art.jpg?resize=900%2C475&#038;ssl=1\" alt=\"\u00dcye alan\u0131 Y\u00f6ntem hayran sanat\u0131\" class=\"wp-image-906\" srcset=\"https:\/\/i0.wp.com\/comoaprenderjapones.net\/wp-content\/uploads\/2017\/02\/Area_de_Membros_Metodo_fan_art.jpg?w=900&amp;ssl=1 900w, https:\/\/i0.wp.com\/comoaprenderjapones.net\/wp-content\/uploads\/2017\/02\/Area_de_Membros_Metodo_fan_art.jpg?resize=300%2C158&amp;ssl=1 300w, https:\/\/i0.wp.com\/comoaprenderjapones.net\/wp-content\/uploads\/2017\/02\/Area_de_Membros_Metodo_fan_art.jpg?resize=768%2C405&amp;ssl=1 768w\" sizes=\"(max-width: 900px) 100vw, 900px\" \/><\/figure>\n<\/div>\n\n\n<p>Ayr\u0131ca, kurs yazar\u0131yla ilgili sorular\u0131n\u0131z i\u00e7in kapal\u0131 bir Facebook grubunuz olacak.<\/p>\n\n\n\n<p>A\u00e7\u0131k\u00e7as\u0131 mucize yok ama her g\u00fcn pratik yaparak ve k\u0131sa s\u00fcrede ne kadar h\u0131zl\u0131 ilerledi\u011finizi g\u00f6rerek konuyu anlayanlarla birlikte pratik bir \u015fekilde \u00f6\u011frenece\u011finiz kesin.<\/p>\n\n\n\n<h2 class=\"wp-block-heading\">Anime karakterleri \u00e7izmeyi \u00f6\u011frenecek miyim?<\/h2>\n\n\n\n<p>Do\u011frudan konuya giren basit bir \u015fekilde \u00f6\u011frenmek isteyenler i\u00e7in, b\u00f6ylece anime karakterlerini nas\u0131l \u00e7izeceklerini zaten biliyorlar, o zaman <strong>hayran sanati y\u00f6ntemi\u0307 \u00e7ali\u015fmalari<\/strong> ve sizin i\u00e7in idealdir!<\/p>\n\n\n\n<p>Mayara'n\u0131n halihaz\u0131rda m\u00fckemmel sonu\u00e7lar alan ve en sevdikleri anime karakterlerini \u00e7izmeyi \u00f6\u011frenme hayallerini ger\u00e7ekle\u015ftiren \u00f6\u011frencilerine a\u015fa\u011f\u0131dan g\u00f6z at\u0131n.<\/p>\n\n\n\n<h3 class=\"wp-block-heading\">\u00d6\u011frenci referanslar\u0131<\/h3>\n\n\n\n<p>\u00d6\u011frencilerinin en sevdikleri anime karakterlerini \u00e7izmi\u015f olman\u0131n mutlulu\u011funu g\u00f6steren referanslar\u0131n\u0131 g\u00f6r\u00fcn:<br \/><\/p>\n\n\n<div class=\"message_box announce\"><p><\/p>\n<blockquote><p>Kurs i\u00e7in tebrikler Mayara, \u00e7ok iyi buldum. \u015eimdiden birka\u00e7 arkada\u015f\u0131ma tavsiye ettim, buna de\u011fer. Sadede gelirsek, \u015fu anda 4. mod\u00fcldeyim ve eski \u00e7izimlerimle \u015fimdiki aras\u0131nda sa\u00e7ma bir fark var, her ge\u00e7en g\u00fcn daha iyiye gidiyorum. Tebrikler ve ba\u015far\u0131lar dilerim. Bjs<\/p>\n<p><strong>Jo\u00e3o Gabriel Alvarenga<\/strong><\/p><\/blockquote>\n<p><\/p><\/div>\n\n\n<div class=\"message_box announce\"><p><\/p>\n<blockquote><p>Euuu Eren Yeager'\u0131 \u00e7izmek i\u00e7in deli oluyordum!!!! Jaaa biraz kopyalam\u0131\u015ft\u0131m ama bug\u00fcn bakmadan \u00e7izdim!!!! Kursta \u00f6\u011fretti\u011finiz her \u015feyi takip ediyorum!<br \/>\n\u00c7ok mutluyum dmais, yak\u0131nda odama koymak i\u00e7in bir poster daha yapaca\u011f\u0131m hehehe! Te\u015fekk\u00fcrler Mayy, kursun harika!<\/p>\n<p><strong>Marcos Vinicius Viana<\/strong><\/p><\/blockquote>\n<p><\/p><\/div>\n\n\n\n<p>\u00d6\u011frencilerinizin tasar\u0131mlar\u0131n\u0131 a\u015fa\u011f\u0131da g\u00f6stererek elde ettikleri sonu\u00e7lar\u0131n referanslar\u0131na da bak\u0131n:<br \/><\/p>\n\n\n<div class=\"tab_widget wp_shortcodes_tabs\"><ul class=\"wps_tabs\"><li><a href=\"#\" data-tab=\"tab-0-depoimento-jonathan\">Jonathan'\u0131n Tan\u0131kl\u0131\u011f\u0131<\/a><\/li><li><a href=\"#\" data-tab=\"tab-1-depoimento-adson\">Referans Adson<\/a><\/li><li><a href=\"#\" data-tab=\"tab-2-depoimento-mika\">Referans Mika<\/a><\/li><\/ul><div class=\"tab_container\"><div id=\"tab-0-depoimento-jonathan\" class=\"tab_content clearfix\"><img data-recalc-dims=\"1\" decoding=\"async\" class=\"size-full wp-image-909 aligncenter\" src=\"https:\/\/i0.wp.com\/comoaprenderjapones.net\/wp-content\/uploads\/2017\/02\/Metodo_fan_art_desenho_aluno-7.jpg?resize=509%2C626&#038;ssl=1\" alt=\"\" width=\"509\" height=\"626\" srcset=\"https:\/\/i0.wp.com\/comoaprenderjapones.net\/wp-content\/uploads\/2017\/02\/Metodo_fan_art_desenho_aluno-7.jpg?w=509&amp;ssl=1 509w, https:\/\/i0.wp.com\/comoaprenderjapones.net\/wp-content\/uploads\/2017\/02\/Metodo_fan_art_desenho_aluno-7.jpg?resize=244%2C300&amp;ssl=1 244w\" sizes=\"(max-width: 509px) 100vw, 509px\" \/>Jonathan'\u0131n Hayran Sanat\u0131 Y\u00f6ntemine \u0130li\u015fkin G\u00f6r\u00fc\u015fleri<\/div><div id=\"tab-1-depoimento-adson\" class=\"tab_content clearfix\"><img data-recalc-dims=\"1\" decoding=\"async\" class=\"size-full wp-image-910 aligncenter\" src=\"https:\/\/i0.wp.com\/comoaprenderjapones.net\/wp-content\/uploads\/2017\/02\/Metodo_fan_art_desenhoaluno7.jpg?resize=495%2C515&#038;ssl=1\" alt=\"\" width=\"495\" height=\"515\" srcset=\"https:\/\/i0.wp.com\/comoaprenderjapones.net\/wp-content\/uploads\/2017\/02\/Metodo_fan_art_desenhoaluno7.jpg?w=495&amp;ssl=1 495w, https:\/\/i0.wp.com\/comoaprenderjapones.net\/wp-content\/uploads\/2017\/02\/Metodo_fan_art_desenhoaluno7.jpg?resize=288%2C300&amp;ssl=1 288w\" sizes=\"(max-width: 495px) 100vw, 495px\" \/>Adson'un Hayran Sanat\u0131 Y\u00f6ntemi \u00dczerine G\u00f6r\u00fc\u015fleri<\/div><div id=\"tab-2-depoimento-mika\" class=\"tab_content clearfix\"><\/p>\n<p><img data-recalc-dims=\"1\" decoding=\"async\" class=\"size-full wp-image-914 aligncenter\" src=\"https:\/\/i0.wp.com\/comoaprenderjapones.net\/wp-content\/uploads\/2017\/02\/Metodo_Fan_Art_desenhoaluno5.jpg?resize=516%2C546&#038;ssl=1\" alt=\"\" width=\"516\" height=\"546\" srcset=\"https:\/\/i0.wp.com\/comoaprenderjapones.net\/wp-content\/uploads\/2017\/02\/Metodo_Fan_Art_desenhoaluno5.jpg?w=516&amp;ssl=1 516w, https:\/\/i0.wp.com\/comoaprenderjapones.net\/wp-content\/uploads\/2017\/02\/Metodo_Fan_Art_desenhoaluno5.jpg?resize=284%2C300&amp;ssl=1 284w\" sizes=\"(max-width: 516px) 100vw, 516px\" \/><\/p>\n<p>Mika'n\u0131n hayran sanat\u0131 y\u00f6ntemiyle ilgili a\u00e7\u0131klamas\u0131.<\/p>\n<p><\/div><\/div><\/div><div class=\"clear\"><\/div>\n\n\n\n<h2 class=\"wp-block-heading\">Hayran Sanat\u0131 Y\u00f6ntemi i\u015fe yar\u0131yor mu?<\/h2>\n\n\n\n<p>Kesinlikle! E\u011fer daha \u00f6nce <a href=\"https:\/\/comoaprenderjapones.net\/tr\/metodo-fan-art\/#depoimentos-dos-alunos\">\u00f6\u011frenci\u0307 referanslari<\/a> Mayara Rodrigues'in basit ve iyi didaktik bir \u015fekilde aktarman\u0131n yan\u0131 s\u0131ra ne konu\u015ftu\u011funu\/yapt\u0131\u011f\u0131n\u0131 bildi\u011fini zaten fark ettim.<\/p>\n\n\n\n<p>\u00d6\u011frendi\u011finiz her \u015feyi kolayca ve fazla zaman kaybetmeden geli\u015ftirebilmeniz ve uygulamaya koyabilmeniz i\u00e7in mod\u00fcllere ayr\u0131lm\u0131\u015f video dersleri izleyeceksiniz.<\/p>\n\n\n\n<p>Daha \u00f6nce hi\u00e7 \u00e7izim yapmam\u0131\u015f olsan\u0131z bile, \u015fimdi anime karakterleri \u00e7izmeye ba\u015flamak i\u00e7in teknikleri pratik olarak \u00f6\u011frenebilece\u011finize ikna oldunuz mu?<\/p>\n\n\n\n<p class=\"has-text-align-center\"><a class=\"fasc-button fasc-size-large fasc-type-glossy fasc-rounded-medium ico-fa fasc-ico-before fa-share-square-o\" style=\"background-color: #48aa3f; color: #ffffff;\" target=\"_blank\" rel=\"nofollow noopener\" href=\"https:\/\/comoaprenderjapones.net\/tr\/in\/conheca-o-metodo-fan-art\/\">Y\u00f6ntem ve g\u00fcn\u00fcm\u00fczde neden bu kadar pop\u00fcler oldu\u011fu hakk\u0131nda \u015e\u0130MD\u0130 bilgi edinin!<\/a><\/p>\n\n\n\n<h2 class=\"wp-block-heading\">S\u0131k\u00e7a Sorulan Sorular<\/h2>\n\n\n<div id=\"rank-math-faq\" class=\"rank-math-block\">\n<div class=\"rank-math-list\">\n<div id=\"faq-question-1662400697637\" class=\"rank-math-list-item\">\n<h3 class=\"rank-math-question\"><strong>Kurs benim i\u00e7in uygun mu?<\/strong><\/h3>\n<div class=\"rank-math-answer\">\n\n<p>E\u011fer 8 ya\u015f\u0131nda, 16 ya\u015f\u0131nda ya da 40 ya\u015f\u0131ndaysan\u0131z (ka\u00e7 ya\u015f\u0131nda oldu\u011funuz \u00f6nemli de\u011fil) ve anime ve manga karakterleri \u00e7izmeyi \u00f6\u011frenmek istiyorsan\u0131z, bu kurs tam size g\u00f6re!<\/p>\n\n<\/div>\n<\/div>\n<div id=\"faq-question-1662400711600\" class=\"rank-math-list-item\">\n<h3 class=\"rank-math-question\"><strong>Fan Art y\u00f6nteminde neler var?<\/strong><\/h3>\n<div class=\"rank-math-answer\">\n\n<p>35'in \u00fczerinde video dersin yan\u0131 s\u0131ra sesler ve metinler de bulunmaktad\u0131r.<\/p>\n\n<\/div>\n<\/div>\n<div id=\"faq-question-1662400722590\" class=\"rank-math-list-item\">\n<h3 class=\"rank-math-question\"><strong>Kursa eri\u015fim s\u00fcresi ne kadard\u0131r?<\/strong><\/h3>\n<div class=\"rank-math-answer\">\n\n<p>Eri\u015fim \u00f6m\u00fcr boyu, yani s\u00fcresizdir.<\/p>\n\n<\/div>\n<\/div>\n<div id=\"faq-question-1662400736069\" class=\"rank-math-list-item\">\n<h3 class=\"rank-math-question\"><strong>Kursu taksitle \u00f6deyebilir miyim?<\/strong><\/h3>\n<div class=\"rank-math-answer\">\n\n<p>Evet, Fan Art Method 3.0 kursunu kredi kart\u0131n\u0131za 10 kata kadar y\u00fckleyebilirsiniz. \u0130sterseniz 2 kredi kart\u0131 bile kullanabilirsiniz.<\/p>\n\n<\/div>\n<\/div>\n<div id=\"faq-question-1662400747920\" class=\"rank-math-list-item\">\n<h3 class=\"rank-math-question\"><strong>Hayran Sanat\u0131 Y\u00f6ntemini sat\u0131n almak g\u00fcvenli mi?<\/strong><\/h3>\n<div class=\"rank-math-answer\">\n\n<p>Evet.\u00a0<a href=\"https:\/\/comoaprenderjapones.net\/tr\/in\/comprar-metodo-fan-art-3-0-ck\/\" target=\"_blank\" rel=\"noreferrer noopener\">\u00d6deme yapmak i\u00e7in Hotmart platformu<\/a>\u00a0ki bu \u00e7ok g\u00fcvenlidir.<\/p>\n\n<\/div>\n<\/div>\n<div id=\"faq-question-1662400768520\" class=\"rank-math-list-item\">\n<h3 class=\"rank-math-question\"><strong>Sorular\u0131ma nereden cevap alabilirim?<\/strong><\/h3>\n<div class=\"rank-math-answer\">\n\n<p>\u015e\u00fcphelerinizi gidermeniz i\u00e7in bir Whatsapp deste\u011fi var.<\/p>\n\n<\/div>\n<\/div>\n<div id=\"faq-question-1662400782852\" class=\"rank-math-list-item\">\n<h3 class=\"rank-math-question\"><strong>Kurs i\u00e7in bir \u015feye ihtiyac\u0131m var m\u0131?<\/strong><\/h3>\n<div class=\"rank-math-answer\">\n\n<p>Bir internet ba\u011flant\u0131s\u0131 ve kursta g\u00f6sterilecek di\u011fer \u015feylerin yan\u0131 s\u0131ra kalem gibi basit \u015feyler.<\/p>\n\n<\/div>\n<\/div>\n<div id=\"faq-question-1662400805354\" class=\"rank-math-list-item\">\n<h3 class=\"rank-math-question\"><strong>Kursun bir sertifikas\u0131 var m\u0131?<\/strong><\/h3>\n<div class=\"rank-math-answer\">\n\n<p>Evet, bir kurs tamamlama sertifikas\u0131 var.<\/p>\n\n<\/div>\n<\/div>\n<div id=\"faq-question-1662400813086\" class=\"rank-math-list-item\">\n<h3 class=\"rank-math-question\"><strong>Kurs garantili mi?<\/strong><\/h3>\n<div class=\"rank-math-answer\">\n\n<p>Evet, garanti ko\u015fulsuz 7 g\u00fcnd\u00fcr, b\u00f6ylece kursu be\u011fenmezseniz toplam tutar\u0131n iadesi ile paran\u0131z\u0131 geri isteyebilirsiniz.<\/p>\n\n<\/div>\n<\/div>\n<\/div>\n<\/div>\n\n\n<p><strong>\u0130pucunu be\u011fendiniz mi? A\u015fa\u011f\u0131daki butonlara t\u0131klayarak arkada\u015flar\u0131n\u0131zla payla\u015f\u0131n!<\/strong><\/p>\n\n<div style=\"font-size: 0px; height: 0px; line-height: 0px; margin: 0; padding: 0; clear: both;\"><\/div>","protected":false},"excerpt":{"rendered":"<p>Aprenda a como desenhar personagem de animes mesmo sem ter o \u201cdom\u201d passo a passo com o m\u00e9todo fan art 3.0 criado pela Mayara Rodrigues.\u00a0 Quem gosta da cultura japonesa, principalmente pelos animes, mangas j\u00e1<\/p>","protected":false},"author":1,"featured_media":3028,"parent":0,"menu_order":0,"comment_status":"closed","ping_status":"closed","template":"","meta":{"footnotes":""},"class_list":["post-904","page","type-page","status-publish","has-post-thumbnail"],"jetpack-related-posts":[],"jetpack_sharing_enabled":true,"amp_enabled":true,"_links":{"self":[{"href":"https:\/\/comoaprenderjapones.net\/tr\/wp-json\/wp\/v2\/pages\/904","targetHints":{"allow":["GET"]}}],"collection":[{"href":"https:\/\/comoaprenderjapones.net\/tr\/wp-json\/wp\/v2\/pages"}],"about":[{"href":"https:\/\/comoaprenderjapones.net\/tr\/wp-json\/wp\/v2\/types\/page"}],"author":[{"embeddable":true,"href":"https:\/\/comoaprenderjapones.net\/tr\/wp-json\/wp\/v2\/users\/1"}],"replies":[{"embeddable":true,"href":"https:\/\/comoaprenderjapones.net\/tr\/wp-json\/wp\/v2\/comments?post=904"}],"version-history":[{"count":0,"href":"https:\/\/comoaprenderjapones.net\/tr\/wp-json\/wp\/v2\/pages\/904\/revisions"}],"wp:featuredmedia":[{"embeddable":true,"href":"https:\/\/comoaprenderjapones.net\/tr\/wp-json\/wp\/v2\/media\/3028"}],"wp:attachment":[{"href":"https:\/\/comoaprenderjapones.net\/tr\/wp-json\/wp\/v2\/media?parent=904"}],"curies":[{"name":"wp","href":"https:\/\/api.w.org\/{rel}","templated":true}]}}