{"id":94,"date":"2014-10-20T14:59:33","date_gmt":"2014-10-20T16:59:33","guid":{"rendered":"https:\/\/comoaprenderjapones.net\/?page_id=94"},"modified":"2022-02-07T19:04:36","modified_gmt":"2022-02-07T22:04:36","slug":"japonca-cevri%cc%87mi%cc%87ci%cc%87-program","status":"publish","type":"page","link":"https:\/\/comoaprenderjapones.net\/tr\/programa-japones-online\/","title":{"rendered":"Online Japonca Program\u0131 + \u00dccretsiz Japonca Yo\u011funla\u015ft\u0131r\u0131lm\u0131\u015f Etkinlik"},"content":{"rendered":"<div class=\"5d69ed50a31945af2e1c7f3c16d2b79e\" data-index=\"2\" style=\"float: none; margin:0px;\">\n<script async src=\"https:\/\/pagead2.googlesyndication.com\/pagead\/js\/adsbygoogle.js?client=ca-pub-0652292147574552\"\r\n     crossorigin=\"anonymous\"><\/script>\r\n<!-- Ads responsivo Inicio Post CAJap -->\r\n<ins class=\"adsbygoogle\"\r\n     style=\"display:block\"\r\n     data-ad-client=\"ca-pub-0652292147574552\"\r\n     data-ad-slot=\"3298668993\"\r\n     data-ad-format=\"auto\"><\/ins>\r\n<script>\r\n     (adsbygoogle = window.adsbygoogle || []).push({});\r\n<\/script>\n<\/div>\n\n<p><em>Japonca kursunu tan\u0131y\u0131n <strong>Japonca Online Program<\/strong> Sensei Luiz Rafael'den!<\/em><\/p>\n\n\n\n<p>\u3053\u3093\u306b\u3061\u306f! Size SIFIR'dan tamamen Japonca i\u00e7erik t\u00fcketebilece\u011finiz bir ak\u0131c\u0131l\u0131k seviyesine kadar \u00f6\u011fretecek etkili bir y\u00f6ntem mi ar\u0131yorsunuz?<\/p>\n\n\n\n<p>Luiz Rafael taraf\u0131ndan olu\u015fturulan y\u00f6ntem bir\u00e7ok g\u00fcncellemeden ge\u00e7mi\u015ftir ve y\u0131llard\u0131r piyasadad\u0131r ve \u015fu anda (2021) en iyi ve en eksiksiz \u00e7evrimi\u00e7i Japonca kurslar\u0131ndan biridir.<\/p>\n\n\n\n<p class=\"has-background\" style=\"background-color:#fff2f2\"><strong>Makale \u00d6zeti<br \/><\/strong><a href=\"#lingua-japonesa\">Japon dili<br \/><\/a><a href=\"#quem-e-luiz-rafael\">Luiz Rafael kimdir?<br \/><\/a><a href=\"#programa-japones-online\">Japonca Online Program<br \/><\/a><a href=\"#depoimento-aluno\">Online Japonca Program\u0131 \u00d6\u011frenci G\u00f6r\u00fc\u015fleri<br \/><\/a><a href=\"#intensivao-japones\">Yo\u011fun Japonca<br \/><\/a><a href=\"#abertura-vagas\">Bo\u015f pozisyonlar nas\u0131l \u00e7al\u0131\u015f\u0131r?<\/a><\/p>\n\n\n\n<p>Anime, tokusatsu, manga ve filmler nedeniyle Japon k\u00fclt\u00fcr\u00fcn\u00fc seviyorsan\u0131z, bu onlar\u0131 altyaz\u0131s\u0131z izlemeye ba\u015flamak i\u00e7in iyi bir neden.<\/p>\n\n\n\n<p>Mutlaka bunlar olmak zorunda de\u011fildir, ancak Japonya'da seyahat etmek, ya\u015famak veya okumak da Japonca \u00f6\u011frenmek i\u00e7in m\u00fckemmel bir nedendir.<\/p>\n\n\n\n<p>Ne olursa olsun, Japonca \u00f6\u011frenmeye karar verdiyseniz, bu kurs bu hedefe ula\u015fman\u0131za yard\u0131mc\u0131 olabilir.<\/p>\n\n\n\n<h2 class=\"wp-block-heading\" id=\"lingua-japonesa\"><span style=\"color: #e5141b;\">Japon dili<\/span><\/h2>\n\n\n\n<p><strong>Japonca \u00d6\u011frenmek<\/strong> ben de dahil olmak \u00fczere bir\u00e7ok insan\u0131n hayal etti\u011fi kadar zor olmak zorunda de\u011fildir. Do\u011fru \u00e7al\u0131\u015fma y\u00f6ntemini bilmek \u00f6\u011frenmenizi \u00e7ok daha kolay hale getirir.<\/p>\n\n\n\n<p>Tabii ki <a href=\"https:\/\/pt.wikipedia.org\/wiki\/L%C3%ADngua_japonesa\" target=\"_blank\" rel=\"noopener noreferrer\">Japon dili<\/a> Bu, \u0130ngilizce \u00f6\u011frenmekle ayn\u0131 \u015fey de\u011fil, \u00e7\u00fcnk\u00fc \u0130ngilizcede kelimelere zaten a\u015finay\u0131z, bir\u00e7o\u011funu g\u00fcnl\u00fck hayat\u0131m\u0131zda ve bir\u00e7ok telaffuzla kulland\u0131\u011f\u0131m\u0131zdan bahsetmiyorum bile.<\/p>\n\n\n\n<p>Japonca'da ise ak\u0131c\u0131 konu\u015fabilmek i\u00e7in kesinlikle s\u0131f\u0131rdan ba\u015flaman\u0131z gerekir. Yeni ba\u015flayanlar i\u00e7in i\u015fi ger\u00e7ekten \"zorla\u015ft\u0131ran\" \u015fey, \u00fc\u00e7 tane olan Japon alfabesi\/ideogram\u0131d\u0131r:<\/p>\n\n\n\n<ul class=\"wp-block-list\"><li>46 ideograml\u0131 Hiragana.<\/li><li>46 ideograml\u0131 Katakana.<\/li><li>Kanjinin binlerce ideogram\u0131 vard\u0131r, ancak en yayg\u0131n kullan\u0131lanlar yakla\u015f\u0131k 2.500 kanjidir.<\/li><\/ul>\n\n\n\n<p>Ayr\u0131ca ideogramlar\u0131 do\u011fru okumam\u0131za ve telaffuz etmemize yard\u0131mc\u0131 olan romaji ve genellikle hiragana ile yaz\u0131lan ve nas\u0131l telaffuz edildi\u011fini a\u00e7\u0131klayan kanjinin \u00fcst\u00fcnde yer alan furigana da vard\u0131r.<\/p>\n\n\n\n<p>Nihongo \u00f6\u011frenmek o kadar da karma\u015f\u0131k olmak zorunda de\u011fil. <a href=\"https:\/\/comoaprenderjapones.net\/tr\/in\/aprenda-nihongo\/\" target=\"_blank\" rel=\"noreferrer noopener\">Sensei Luiz Rafael<\/a> \u00e7ok fazla girdi yapmam\u0131z gerekti\u011fini s\u00f6yl\u00fcyor, yani ister okuyarak ister dinleyerek olsun, ald\u0131\u011f\u0131m\u0131z her \u015feyi.<\/p>\n\n\n<div class=\"gb-button-wrapper gb-button-wrapper-9eef6438\">\n\n<a class=\"gb-button gb-button-62a4c394 gb-button-text\" href=\"https:\/\/comoaprenderjapones.net\/tr\/in\/aprenda-nihongo\/\" target=\"_blank\" rel=\"nofollow noopener noreferrer\">Program hakk\u0131nda daha fazla bilgi i\u00e7in buraya t\u0131klay\u0131n!<\/a>\n\n<\/div>\n\n\n<h2 class=\"wp-block-heading\" id=\"quem-e-luiz-rafael\"><span style=\"color: #e5141b;\">\u5148\u751f Luiz Rafael kimdir?<\/span><\/h2>\n\n\n\n<div class=\"wp-block-image\"><figure class=\"alignleft\"><img data-recalc-dims=\"1\" decoding=\"async\" width=\"371\" height=\"267\" src=\"https:\/\/i0.wp.com\/comoaprenderjapones.net\/wp-content\/uploads\/2014\/10\/Luiz_Rafael_Programa_Japones_Online.png?resize=371%2C267&#038;ssl=1\" alt=\"Luiz Rafael Japon \u00c7evrimi\u00e7i Program\u0131n\u0131n yarat\u0131c\u0131s\u0131\" class=\"wp-image-95\" title=\"Japonca Online Program\" srcset=\"https:\/\/i0.wp.com\/comoaprenderjapones.net\/wp-content\/uploads\/2014\/10\/Luiz_Rafael_Programa_Japones_Online.png?w=371&amp;ssl=1 371w, https:\/\/i0.wp.com\/comoaprenderjapones.net\/wp-content\/uploads\/2014\/10\/Luiz_Rafael_Programa_Japones_Online.png?resize=300%2C215&amp;ssl=1 300w\" sizes=\"(max-width: 371px) 100vw, 371px\" \/><figcaption><strong>Luiz Rafael<\/strong> Japonca Online Program\u0131n\u0131n yarat\u0131c\u0131s\u0131<\/figcaption><\/figure><\/div>\n\n\n\n<p>Luiz, gen\u00e7li\u011finde manga, anime veya film gibi Japon k\u00fclt\u00fcr\u00fcne ilgi duyan ve Japonca \u00f6\u011frenmeye karar veren binlerce insandan biriydi.<\/p>\n\n\n\n<p>\u0130nsanlar\u0131n b\u00fcy\u00fck \u00e7o\u011funlu\u011fu gibi o da ak\u0131c\u0131 konu\u015faca\u011f\u0131na inanarak yanl\u0131\u015f yoldan ba\u015flad\u0131, ancak s\u0131n\u0131f kurslar\u0131na kat\u0131larak tatmin edici sonu\u00e7lar alamad\u0131.<\/p>\n\n\n\n<p>\u0130\u015fte o zaman yeni bir dil \u00f6\u011frenmenin do\u011fru yolunu arad\u0131 ve dahas\u0131, ger\u00e7ekten i\u015fe yaray\u0131p yaramad\u0131\u011f\u0131n\u0131 g\u00f6rmek i\u00e7in bunu uygulamaya koydu.<\/p>\n\n\n\n<p>\u0130nan\u0131lmaz olan \u015fey ise bu y\u00f6ntemle ba\u015far\u0131l\u0131 olmas\u0131 ve Japoncay\u0131 ak\u0131c\u0131 bir \u015fekilde konu\u015fma hedefine ula\u015fmas\u0131.<\/p>\n\n\n\n<h2 class=\"has-text-align-left wp-block-heading\" id=\"programa-japones-online\"><span style=\"color: #e5141b;\">Japonca Online Program<\/span><\/h2>\n\n\n\n<p>Bu ihtiyac\u0131 ve nihongo \u00f6\u011frenmek isteyen binlerce insan\u0131n ya\u015fad\u0131\u011f\u0131 hayal k\u0131r\u0131kl\u0131\u011f\u0131n\u0131 d\u00fc\u015f\u00fcnen Sensei <a href=\"https:\/\/comoaprenderjapones.net\/tr\/in\/aprenda-nihongo\/\" target=\"_blank\" rel=\"noreferrer noopener\">\u00e7evrimi\u00e7i bir Japonca dil kursu olu\u015fturun<\/a> B\u00f6ylece \u00e7ok daha verimli bir \u015fekilde \u00f6\u011frenebilirsiniz.<\/p>\n\n\n\n<p>Sensei Luiz Rafael taraf\u0131ndan geli\u015ftirilen y\u00f6ntem son derece etkilidir. Bunun temellerinden biri, \u00e7ok fazla girdi yapmaya ba\u015flamak i\u00e7in \u00f6ncelikle okumay\u0131 \u00f6\u011frenmeniz gerekti\u011fidir. Hiragana ve katakana \u00f6\u011frenerek manga, kitap ve web sitelerini okumaya ba\u015flayabilirsiniz.<\/p>\n\n\n\n<p>Sensei'in \u00f6\u011fretme \u015fekli \u00e7o\u011fu ki\u015fiden daha iyi olmakla kalmaz, ayn\u0131 zamanda m\u00fckemmel bir destek de al\u0131rs\u0131n\u0131z. Cesaretinizin k\u0131r\u0131lmas\u0131na izin vermez, size her zaman haberler, hikayeler ve motivasyon g\u00f6nderir, b\u00f6ylece hedefinize ula\u015fmak i\u00e7in \u00e7al\u0131\u015fmay\u0131 b\u0131rakmazs\u0131n\u0131z.<\/p>\n\n\n\n<p>Kurs dilbilgisine odaklanm\u0131yor, sadece \u00f6\u011frenciler i\u00e7in kapal\u0131 bir sitede ve portaldaki bir toplulukta kendi h\u0131z\u0131n\u0131zda \u00f6\u011freniyorsunuz.<\/p>\n\n\n\n<h3 class=\"wp-block-heading\" id=\"depoimento-aluno\"><span style=\"color: #e5141b;\">Referans: Japonca Online Program \u00f6\u011frencisi<\/span><\/h3>\n\n\n\n<p>A\u015fa\u011f\u0131da Lu\u00eds Eduardo Nunes'in kurs ve \u00e7al\u0131\u015fmalar\u0131n\u0131z\u0131 ciddiye alman\u0131n \u00f6nemi hakk\u0131ndaki samimi g\u00f6r\u00fc\u015flerini ve Luiz'in bir kurstan \u00e7ok daha fazlas\u0131 olan y\u00f6ntemini bulacaks\u0131n\u0131z. <a href=\"https:\/\/comoaprenderjapones.net\/tr\/japonca-cevri%cc%87mi%cc%87ci%cc%87-program\/\">Japonca kursu<\/a> ve bir dili \u00f6\u011frenmenin en etkili yolu, izle:<\/p>\n\n\n\n<figure class=\"wp-block-embed is-type-video is-provider-youtube wp-block-embed-youtube wp-embed-aspect-16-9 wp-has-aspect-ratio\"><div class=\"wp-block-embed__wrapper\">\n<iframe title=\"Japonca \u00f6\u011frenmenin \u00f6nemi (Lu\u00eds Eduardo Nunes) | Online Japonca Program\u0131\" width=\"1200\" height=\"675\" src=\"https:\/\/www.youtube.com\/embed\/xwTbhm8ASq4?feature=oembed\" frameborder=\"0\" allow=\"accelerometer; autoplay; clipboard-write; encrypted-media; gyroscope; picture-in-picture\" allowfullscreen><\/iframe>\n<\/div><figcaption>Eduardo Nunes'in G\u00f6r\u00fc\u015fleri - Japonca Online Program<\/figcaption><\/figure>\n\n\n\n<p>Beklendi\u011fi gibi <a href=\"https:\/\/comoaprenderjapones.net\/tr\/in\/aprenda-nihongo\/\" target=\"_blank\" rel=\"noreferrer noopener\">Online Japonca program\u0131nda s\u0131n\u0131rl\u0131 say\u0131da yer var<\/a> B\u00f6ylece Sensei herkese gereken ilgiyi g\u00f6sterebilecek ve sorular\u0131n\u0131 yan\u0131tlayabilecektir.<\/p>\n\n\n\n<h2 class=\"wp-block-heading\" id=\"intensivao-japones\"><span style=\"color: #e5141b;\">Yo\u011fun Japonca<\/span><\/h2>\n\n\n\n<p>Luiz Rafael her y\u0131l yakla\u015f\u0131k iki kez (ya da daha fazla) <strong>Japonca yo\u011funla\u015ft\u0131r\u0131lm\u0131\u015f<\/strong> Japonca'y\u0131 daha kolay ve verimli bir \u015fekilde \u00f6\u011frenmeye y\u00f6nelik metodolojisini \u00fccretsiz bir mini kursta sunuyor.<\/p>\n\n\n\n<p>\u015eimdiye kadar birka\u00e7 Japonca dil yo\u011funla\u015ft\u0131rmas\u0131 yap\u0131ld\u0131, bu nedenle bir sonraki hakk\u0131nda bilgi edinmek i\u00e7in buraya t\u0131klay\u0131n. <a href=\"https:\/\/comoaprenderjapones.net\/tr\/in\/aprenda-nihongo\/\" target=\"_blank\" rel=\"noreferrer noopener\">buraya t\u0131klay\u0131n<\/a>!<\/p>\n\n\n\n<p><em>Bu etkinli\u011fin y\u0131lda sadece birka\u00e7 kez ger\u00e7ekle\u015fti\u011fini ve siz bu makaleyi okudu\u011funuzda sona ermi\u015f olabilece\u011fini unutmay\u0131n.<\/em><\/p>\n\n\n\n<div class=\"wp-block-image\"><figure class=\"aligncenter size-large\"><img data-recalc-dims=\"1\" decoding=\"async\" width=\"1024\" height=\"318\" src=\"https:\/\/i0.wp.com\/comoaprenderjapones.net\/wp-content\/uploads\/2021\/01\/Intensivao-japones-2021-janeiro.jpg?resize=1024%2C318&#038;ssl=1\" alt=\"Online Japonca Program\u0131 Yo\u011fun Japonca\" class=\"wp-image-3146\" srcset=\"https:\/\/i0.wp.com\/comoaprenderjapones.net\/wp-content\/uploads\/2021\/01\/Intensivao-japones-2021-janeiro.jpg?resize=1024%2C318&amp;ssl=1 1024w, https:\/\/i0.wp.com\/comoaprenderjapones.net\/wp-content\/uploads\/2021\/01\/Intensivao-japones-2021-janeiro.jpg?resize=300%2C93&amp;ssl=1 300w, https:\/\/i0.wp.com\/comoaprenderjapones.net\/wp-content\/uploads\/2021\/01\/Intensivao-japones-2021-janeiro.jpg?resize=768%2C239&amp;ssl=1 768w, https:\/\/i0.wp.com\/comoaprenderjapones.net\/wp-content\/uploads\/2021\/01\/Intensivao-japones-2021-janeiro.jpg?resize=150%2C47&amp;ssl=1 150w, https:\/\/i0.wp.com\/comoaprenderjapones.net\/wp-content\/uploads\/2021\/01\/Intensivao-japones-2021-janeiro.jpg?w=1045&amp;ssl=1 1045w\" sizes=\"(max-width: 1024px) 100vw, 1024px\" \/><figcaption>Online Japonca Program\u0131 Yo\u011fun Japonca<\/figcaption><\/figure><\/div>\n\n\n\n<p>Art\u0131k Japonca \u00f6\u011frenmenin yollar\u0131n\u0131 internette aramak yok, Japonca Online Program\u0131 ile video dersler, ders notlar\u0131, sesler ve \u00e7ok daha fazlas\u0131n\u0131 i\u00e7eren \u00fcyelere \u00f6zel bir web sitesine sahip olacaks\u0131n\u0131z!<br \/><\/p>\n\n\n\n<p>\u305b\u3093\u305b\u3044 Luiz Rafael'in hikayesini ve kulland\u0131\u011f\u0131 y\u00f6ntemi ve nihongoda ak\u0131c\u0131l\u0131\u011fa giden yolculu\u011funu anlatan bir dizi \u00fccretsiz video alacaks\u0131n\u0131z.<\/p>\n\n\n\n<h3 class=\"wp-block-heading\" id=\"abertura-vagas\"><span style=\"color: #e5141b;\">Online Japonca Program\u0131 i\u00e7in i\u015f ilanlar\u0131 nas\u0131l i\u015fliyor?<\/span><\/h3>\n\n\n\n<p>Genellikle bir hafta veya daha uzun s\u00fcren NIHONGO haftas\u0131n\u0131 takip ettiyseniz, Luiz'in metodolojisini nas\u0131l \u00f6\u011fretti\u011fini ve deste\u011fin nas\u0131l \u00e7al\u0131\u015faca\u011f\u0131n\u0131 g\u00f6receksiniz.<\/p>\n\n\n\n<p>Kurs 9 ay s\u00fcrmektedir, ancak 9 ay daha, toplamda 18 ay kursa eri\u015fim hakk\u0131 ve ekiple birlikte t\u00fcm sorular\u0131n\u0131z\u0131 yan\u0131tlamak i\u00e7in tam destek al\u0131rs\u0131n\u0131z.<\/p>\n\n\n\n<p>Her \u00f6\u011frenciye m\u00fckemmel destek sa\u011flanabilmesi i\u00e7in program\u0131n kontenjan say\u0131s\u0131 da s\u0131n\u0131rl\u0131d\u0131r.<\/p>\n\n\n\n<p>Yerlerin genellikle 2 g\u00fcn i\u00e7inde t\u00fckendi\u011fini ve son g\u00fcnden \u00f6nce t\u00fckenmesine ra\u011fmen en fazla 3 g\u00fcn boyunca a\u00e7\u0131k oldu\u011funu l\u00fctfen unutmay\u0131n.<\/p>\n\n\n\n<p>Brezilya'daki en iyi metodoloji ile Japonca \u00f6\u011frenmekle ilgileniyorsan\u0131z, a\u015fa\u011f\u0131daki d\u00fc\u011fmeye t\u0131klay\u0131n:<\/p>\n\n\n<div class=\"gb-button-wrapper gb-button-wrapper-f4deca25\">\n\n<a class=\"gb-button gb-button-7aa7f773 gb-button-text\" href=\"https:\/\/comoaprenderjapones.net\/tr\/in\/aprenda-nihongo\/\" target=\"_blank\" rel=\"nofollow noopener noreferrer\">Bo\u015f pozisyonlar\u0131n nas\u0131l i\u015fledi\u011fini buraya t\u0131klayarak \u00f6\u011frenin!<\/a>\n\n<\/div>\n\n\n<p><strong>\u5f35\u3063\u3066<\/strong>!<\/p>\n\n<div style=\"font-size: 0px; height: 0px; line-height: 0px; margin: 0; padding: 0; clear: both;\"><\/div>","protected":false},"excerpt":{"rendered":"<p>Conhe\u00e7a o curso de japon\u00eas Programa Japon\u00eas Online do Sensei Luiz Rafael! \u3053\u3093\u306b\u3061\u306f! Est\u00e1 procurando um m\u00e9todo eficiente que te ensine do ZERO a ter um n\u00edvel de flu\u00eancia que possa consumir conte\u00fados totalmente em<\/p>","protected":false},"author":1,"featured_media":3155,"parent":0,"menu_order":0,"comment_status":"closed","ping_status":"closed","template":"","meta":{"footnotes":""},"class_list":["post-94","page","type-page","status-publish","has-post-thumbnail"],"jetpack-related-posts":[],"jetpack_sharing_enabled":true,"amp_enabled":true,"_links":{"self":[{"href":"https:\/\/comoaprenderjapones.net\/tr\/wp-json\/wp\/v2\/pages\/94","targetHints":{"allow":["GET"]}}],"collection":[{"href":"https:\/\/comoaprenderjapones.net\/tr\/wp-json\/wp\/v2\/pages"}],"about":[{"href":"https:\/\/comoaprenderjapones.net\/tr\/wp-json\/wp\/v2\/types\/page"}],"author":[{"embeddable":true,"href":"https:\/\/comoaprenderjapones.net\/tr\/wp-json\/wp\/v2\/users\/1"}],"replies":[{"embeddable":true,"href":"https:\/\/comoaprenderjapones.net\/tr\/wp-json\/wp\/v2\/comments?post=94"}],"version-history":[{"count":0,"href":"https:\/\/comoaprenderjapones.net\/tr\/wp-json\/wp\/v2\/pages\/94\/revisions"}],"wp:featuredmedia":[{"embeddable":true,"href":"https:\/\/comoaprenderjapones.net\/tr\/wp-json\/wp\/v2\/media\/3155"}],"wp:attachment":[{"href":"https:\/\/comoaprenderjapones.net\/tr\/wp-json\/wp\/v2\/media?parent=94"}],"curies":[{"name":"wp","href":"https:\/\/api.w.org\/{rel}","templated":true}]}}