{"id":2786,"date":"2020-06-12T00:13:06","date_gmt":"2020-06-12T03:13:06","guid":{"rendered":"https:\/\/comoaprenderjapones.net\/?page_id=2786"},"modified":"2021-02-18T00:01:51","modified_gmt":"2021-02-18T03:01:51","slug":"%d1%81%d0%bb%d1%96%d0%b4%d1%83%d0%b2%d0%b0%d1%82%d0%b8","status":"publish","type":"page","link":"https:\/\/comoaprenderjapones.net\/uk\/acompanhe\/","title":{"rendered":"\u041f\u0456\u0434\u043f\u0438\u0448\u0456\u0442\u044c\u0441\u044f"},"content":{"rendered":"<div class=\"5a4d3b3d943a37c0cac9c2436bf33570\" data-index=\"2\" style=\"float: none; margin:0px;\">\n<script async src=\"https:\/\/pagead2.googlesyndication.com\/pagead\/js\/adsbygoogle.js?client=ca-pub-0652292147574552\"\r\n     crossorigin=\"anonymous\"><\/script>\r\n<!-- Ads responsivo Inicio Post CAJap -->\r\n<ins class=\"adsbygoogle\"\r\n     style=\"display:block\"\r\n     data-ad-client=\"ca-pub-0652292147574552\"\r\n     data-ad-slot=\"3298668993\"\r\n     data-ad-format=\"auto\"><\/ins>\r\n<script>\r\n     (adsbygoogle = window.adsbygoogle || []).push({});\r\n<\/script>\n<\/div>\n\n<p>\u0429\u043e\u0431 \u0432\u0438 \u043d\u0435 \u043f\u0440\u043e\u043f\u0443\u0441\u0442\u0438\u043b\u0438 \u043d\u0456\u0447\u043e\u0433\u043e \u043d\u043e\u0432\u043e\u0433\u043e \u0456 \u043d\u0435 \u043f\u0440\u043e\u043f\u0443\u0441\u0442\u0438\u043b\u0438 \u0436\u043e\u0434\u043d\u043e\u0457 \u043f\u043e\u0440\u0430\u0434\u0438, \u044f \u0432\u043a\u0430\u0436\u0443 \u043a\u0456\u043b\u044c\u043a\u0430 \u0432\u0430\u0440\u0456\u0430\u043d\u0442\u0456\u0432 \u0434\u043b\u044f \u0432\u0430\u0441 <strong>\u0441\u043b\u0456\u0434\u043a\u0443\u0439\u0442\u0435 \u0437\u0430 comoaprenderjapones.net<\/strong> \u0442\u0430\u043a, \u044f\u043a \u0432\u0438 \u0445\u043e\u0447\u0435\u0442\u0435 \u0456 \u044f\u043a \u0432\u0430\u043c \u0431\u0456\u043b\u044c\u0448\u0435 \u043f\u043e\u0434\u043e\u0431\u0430\u0454\u0442\u044c\u0441\u044f.<\/p>\n\n\n\n<h2 class=\"wp-block-heading\">\u0421\u043b\u0456\u0434\u043a\u0443\u0439\u0442\u0435 \u0437\u0430 \u0441\u0442\u0440\u0456\u0447\u043a\u043e\u044e<\/h2>\n\n\n\n<p>\u041e\u0434\u0438\u043d \u0437 \u043d\u0430\u0439\u0431\u0456\u043b\u044c\u0448 \u0442\u0440\u0430\u0434\u0438\u0446\u0456\u0439\u043d\u0438\u0445 \u0441\u043f\u043e\u0441\u043e\u0431\u0456\u0432 \u043c\u0438\u0442\u0442\u0454\u0432\u043e \u043e\u0442\u0440\u0438\u043c\u0443\u0432\u0430\u0442\u0438 \u043d\u043e\u0432\u0438\u043d\u0438, \u043a\u043e\u043b\u0438 \u0449\u043e\u0441\u044c \u043f\u0443\u0431\u043b\u0456\u043a\u0443\u0454\u0442\u044c\u0441\u044f \u0442\u0443\u0442.<\/p>\n\n\n\n<p>Comoaprenderjapones Feed <a rel=\"noreferrer noopener\" href=\"https:\/\/comoaprenderjapones.net\/uk\/feed\/\" target=\"_blank\">https:\/\/comoaprenderjapones.net\/feed\/<\/a><\/p>\n\n\n\n<p>\u042f\u043a\u0449\u043e \u0432\u0438 \u0445\u043e\u0447\u0435\u0442\u0435, \u0432\u0438 \u0442\u0430\u043a\u043e\u0436 \u043c\u043e\u0436\u0435\u0442\u0435 \u043f\u0456\u0434\u043f\u0438\u0441\u0430\u0442\u0438\u0441\u044f \u043d\u0430 Feedly:<\/p>\n\n\n\n<div class=\"wp-block-image\"><figure class=\"aligncenter size-large\"><a href=\"https:\/\/feedly.com\/i\/subscription\/feed\/https:\/\/comoaprenderjapones.net\/feed\/\" target=\"_blank\" rel=\"noopener noreferrer\"><img data-recalc-dims=\"1\" decoding=\"async\" width=\"262\" height=\"112\" src=\"https:\/\/i0.wp.com\/comoaprenderjapones.net\/wp-content\/uploads\/2020\/06\/feedly-follow.png?resize=262%2C112&#038;ssl=1\" alt=\"\u041f\u0456\u0434\u043f\u0438\u0448\u0456\u0442\u044c\u0441\u044f \u043d\u0430 Feedly howtolearnjapones.net\" class=\"wp-image-2789\"\/><\/a><\/figure><\/div>\n\n\n\n<h2 class=\"wp-block-heading\">\u0421\u043e\u0446\u0456\u0430\u043b\u044c\u043d\u0456 \u043c\u0435\u0440\u0435\u0436\u0456<\/h2>\n\n\n\n<p>\u0441\u043f\u043e\u0441\u0456\u0431, \u043d\u0430\u0439\u0431\u0456\u043b\u044c\u0448 \u0432\u0456\u0434\u043e\u043c\u0438\u0439 \u0441\u044c\u043e\u0433\u043e\u0434\u043d\u0456 \u0437\u0430\u0432\u0434\u044f\u043a\u0438 \u043f\u043e\u043f\u0443\u043b\u044f\u0440\u043d\u043e\u0441\u0442\u0456 \u0442\u0430\u043a\u0438\u0445 \u0441\u0430\u0439\u0442\u0456\u0432, \u044f\u043a Facebook, Twitter \u0442\u043e\u0449\u043e.<\/p>\n\n\n\n<p>\u041d\u0430 <strong>\u0422\u0435\u043b\u0435\u0433\u0440\u0430\u043c\u0430<\/strong> \u0432\u0438 \u0437\u0430\u0432\u0436\u0434\u0438 \u0432 \u043f\u043e\u0448\u0443\u043a\u0430\u0445 \u0441\u0442\u0430\u0442\u0435\u0439, \u0432\u0456\u0434\u0435\u043e, \u043a\u043e\u043d\u0442\u0435\u043d\u0442\u0443, \u043f\u043e\u0432'\u044f\u0437\u0430\u043d\u043e\u0433\u043e \u0437 \u0432\u0438\u0432\u0447\u0435\u043d\u043d\u044f\u043c \u044f\u043f\u043e\u043d\u0441\u044c\u043a\u043e\u0457 \u043c\u043e\u0432\u0438, \u0430 \u0442\u0430\u043a\u043e\u0436 \u0431\u0435\u0437\u043a\u043e\u0448\u0442\u043e\u0432\u043d\u0438\u0445 \u043d\u0430\u0432\u0447\u0430\u043b\u044c\u043d\u0438\u0445 \u043c\u0430\u0442\u0435\u0440\u0456\u0430\u043b\u0456\u0432, \u044f\u043a\u0456 \u043c\u043e\u0436\u043d\u0430 \u0437\u0430\u0432\u0430\u043d\u0442\u0430\u0436\u0438\u0442\u0438:<\/p>\n\n\n\n<p class=\"has-text-align-center\"><a rel=\"noreferrer noopener\" href=\"https:\/\/t.me\/comoaprenderjapones\" target=\"_blank\">&gt;&gt;\u0422\u0435\u043b\u0435\u0433\u0440\u0430\u043c-\u043a\u0430\u043d\u0430\u043b<\/a><\/p>\n\n\n\n<p>\u0423 \u043d\u0430\u0432\u0435\u0434\u0435\u043d\u0438\u0445 \u043d\u0438\u0436\u0447\u0435 \u0441\u043e\u0446\u0456\u0430\u043b\u044c\u043d\u0438\u0445 \u043c\u0435\u0440\u0435\u0436\u0430\u0445 \u0442\u0430\u043a\u043e\u0436 \u0434\u0456\u044e\u0442\u044c \u0442\u0456 \u0436 \u0441\u0430\u043c\u0456 \u043c\u0456\u0440\u043a\u0443\u0432\u0430\u043d\u043d\u044f, \u0430\u043b\u0435 \u0443 \u0432\u0438\u0433\u043b\u044f\u0434\u0456 \u043e\u0431\u043c\u0435\u0436\u0435\u043d\u044c, \u0432\u0441\u0442\u0430\u043d\u043e\u0432\u043b\u0435\u043d\u0438\u0445 \u0441\u0430\u0439\u0442\u043e\u043c:<\/p>\n\n\n\n<p class=\"has-text-align-center\"><a href=\"https:\/\/www.instagram.com\/comoaprenderjapones\/\" target=\"_blank\" rel=\"noreferrer noopener\">\u041f\u0456\u0434\u043f\u0438\u0441\u0443\u0439\u0442\u0435\u0441\u044c \u043d\u0430 Instagram<\/a><\/p>\n\n\n\n<p class=\"has-text-align-center\"><a href=\"https:\/\/br.pinterest.com\/comoaprenderjapones\/\" target=\"_blank\" rel=\"noreferrer noopener\">\u041f\u0456\u0434\u043f\u0438\u0441\u0443\u0439\u0442\u0435\u0441\u044c \u043d\u0430 Pinterest<\/a><\/p>\n\n\n\n<p class=\"has-text-align-center\"><a href=\"https:\/\/twitter.com\/aprendernihon\" target=\"_blank\" rel=\"noreferrer noopener\">\u041f\u0456\u0434\u043f\u0438\u0441\u0443\u0439\u0442\u0435\u0441\u044c \u043d\u0430 Twitter<\/a><\/p>\n\n\n\n<p class=\"has-text-align-center\"><a rel=\"noreferrer noopener\" href=\"https:\/\/www.facebook.com\/comoaprenderjapones\" target=\"_blank\">\u041f\u043e\u0434\u043e\u0431\u0430\u0454\u0442\u044c\u0441\u044f \u0441\u0442\u043e\u0440\u0456\u043d\u043a\u0430 \u0443 Facebook <\/a><\/p>\n\n\n\n<p>\u041f\u0456\u0434\u043f\u0438\u0448\u0456\u0442\u044c\u0441\u044f <a href=\"https:\/\/www.youtube.com\/channel\/UCjxodUsYbBfqO3eZE2UMDZw?sub_confirmation=1\" target=\"_blank\" rel=\"noreferrer noopener\">\u043f\u0456\u0434\u043f\u0438\u0441\u0430\u0432\u0448\u0438\u0441\u044c \u043d\u0430 \u043a\u0430\u043d\u0430\u043b comoaprederjapones<\/a> \u043d\u0430 Youtube:<\/p>\n\n\n\n<div align=\"center\"><div class=\"g-ytsubscribe\" data-channelid=\"UCjxodUsYbBfqO3eZE2UMDZw\" data-layout=\"full\" data-count=\"default\"><\/div><\/div>\n\n\n\n<p>\u0414\u044f\u043a\u0443\u0454\u043c\u043e \u0437\u0430 \u0456\u043d\u0442\u0435\u0440\u0435\u0441 \u0434\u043e \u0441\u0430\u0439\u0442\u0443. \u0421\u043f\u043e\u0434\u0456\u0432\u0430\u044e\u0441\u044f, \u0432\u0456\u043d \u0441\u0442\u0430\u043d\u0435 \u0432\u0430\u043c \u0443 \u043f\u0440\u0438\u0433\u043e\u0434\u0456, \u0456 \u043d\u0435 \u0437\u0430\u0431\u0443\u0434\u044c\u0442\u0435 \u0432\u043a\u0430\u0437\u0430\u0442\u0438 \u0439\u043e\u0433\u043e \u0441\u0432\u043e\u0457\u043c \u0434\u0440\u0443\u0437\u044f\u043c!<\/p>\n\n<div style=\"font-size: 0px; height: 0px; line-height: 0px; margin: 0; padding: 0; clear: both;\"><\/div>","protected":false},"excerpt":{"rendered":"<p>Para n\u00e3o perder alguma novidade ou dica logo em seguida vou indicar v\u00e1rias op\u00e7\u00f5es para que voc\u00ea acompanhe o comoaprenderjapones.net da maneira que desejar e que mais goste. Acompanhe pelo Feed Um dos meios mais<\/p>","protected":false},"author":1,"featured_media":0,"parent":0,"menu_order":0,"comment_status":"closed","ping_status":"closed","template":"","meta":{"footnotes":""},"class_list":["post-2786","page","type-page","status-publish"],"jetpack-related-posts":[],"jetpack_sharing_enabled":true,"amp_enabled":true,"_links":{"self":[{"href":"https:\/\/comoaprenderjapones.net\/uk\/wp-json\/wp\/v2\/pages\/2786","targetHints":{"allow":["GET"]}}],"collection":[{"href":"https:\/\/comoaprenderjapones.net\/uk\/wp-json\/wp\/v2\/pages"}],"about":[{"href":"https:\/\/comoaprenderjapones.net\/uk\/wp-json\/wp\/v2\/types\/page"}],"author":[{"embeddable":true,"href":"https:\/\/comoaprenderjapones.net\/uk\/wp-json\/wp\/v2\/users\/1"}],"replies":[{"embeddable":true,"href":"https:\/\/comoaprenderjapones.net\/uk\/wp-json\/wp\/v2\/comments?post=2786"}],"version-history":[{"count":0,"href":"https:\/\/comoaprenderjapones.net\/uk\/wp-json\/wp\/v2\/pages\/2786\/revisions"}],"wp:attachment":[{"href":"https:\/\/comoaprenderjapones.net\/uk\/wp-json\/wp\/v2\/media?parent=2786"}],"curies":[{"name":"wp","href":"https:\/\/api.w.org\/{rel}","templated":true}]}}