{"id":904,"date":"2017-02-15T20:39:01","date_gmt":"2017-02-15T22:39:01","guid":{"rendered":"https:\/\/comoaprenderjapones.net\/?page_id=904"},"modified":"2022-09-05T15:01:47","modified_gmt":"2022-09-05T18:01:47","slug":"metodo-fan-art","status":"publish","type":"page","link":"https:\/\/comoaprenderjapones.net\/vi\/metodo-fan-art\/","title":{"rendered":"M\u00e9todo Fan Art 3.0 &#8211; Como Desenhar Personagem de Animes"},"content":{"rendered":"<div class=\"3f06cfaed421c312d090106fe7464974\" data-index=\"2\" style=\"float: none; margin:0px;\">\n<script async src=\"https:\/\/pagead2.googlesyndication.com\/pagead\/js\/adsbygoogle.js?client=ca-pub-0652292147574552\"\r\n     crossorigin=\"anonymous\"><\/script>\r\n<!-- Ads responsivo Inicio Post CAJap -->\r\n<ins class=\"adsbygoogle\"\r\n     style=\"display:block\"\r\n     data-ad-client=\"ca-pub-0652292147574552\"\r\n     data-ad-slot=\"3298668993\"\r\n     data-ad-format=\"auto\"><\/ins>\r\n<script>\r\n     (adsbygoogle = window.adsbygoogle || []).push({});\r\n<\/script>\n<\/div>\n\n<div class=\"addthis_inline_share_toolbox\"><\/div>\n\n\n\n<p><em>Aprenda a <strong>como desenhar personagem de animes<\/strong> mesmo sem ter o \u201cdom\u201d passo a passo com o <strong>m\u00e9todo fan art 3.0 <\/strong>criado pela<strong> <\/strong>Mayara Rodrigues.\u00a0<\/em><\/p>\n\n\n\n<p>Quem gosta da cultura japonesa, principalmente pelos animes, mangas j\u00e1 teve a curiosidade de saber se \u00e9 poss\u00edvel aprender a desenhar aquele personagem favorito mesmo sem ter afinidade, o &#8220;dom&#8221; de desenhar.<\/p>\n\n\n\n<p>O grande problema \u00e9 que sem um bom m\u00e9todo ou algu\u00e9m que possa ensinar de modo pratico fica complicado aprender por conta pr\u00f3pria.<\/p>\n\n\n\n\n\n\n<p>Foi pensando nisso que a <a href=\"https:\/\/comoaprenderjapones.net\/vi\/in\/conheca-o-metodo-fan-art\/\" target=\"_blank\" rel=\"noopener\">Mayara resolveu criar um m\u00e9todo simples<\/a>, pr\u00e1tico e que foque no que realmente \u00e9 importante.<\/p>\n\n\n\n<h2 class=\"wp-block-heading\">O que \u00e9 Fan Art?<\/h2>\n\n\n\n<p>Voc\u00ea sabe <strong>o que \u00e9 uma fan art<\/strong>? Veja abaixo uma breve explica\u00e7\u00e3o sobre e tamb\u00e9m logo a seguir conhe\u00e7a mais sobre o <a href=\"https:\/\/comoaprenderjapones.net\/vi\/metodo-fan-art\/\">M\u00e9todo Fan Art<\/a> que est\u00e1 muito popular no Brasil para quem quer aprender a desenhar anime:<\/p>\n\n\n\n<blockquote class=\"wp-block-quote is-layout-flow wp-block-quote-is-layout-flow\"><p>Fanart, f\u00e3-arte ou ainda Fanarte \u00e9 uma obra de arte baseada em um personagem, fantasia, item ou obra notoriamente conhecida, que foi criada por f\u00e3s. O termo pode ser aplicado tanto \u00e0 arte feita por f\u00e3s de personagens de determinado(s) livro(s), como tamb\u00e9m arte derivada de m\u00eddias visuais, como quadrinhos, filmes e\/ou Video games. Geralmente se refere a obras de arte de artistas amadores ou artistas n\u00e3o pagos por seu trabalho. \u00c9 um trabalho feito por f\u00e3s de sua pr\u00f3pria imagina\u00e7\u00e3o sobre a obra original.<br \/>Fonte:&nbsp;<a href=\"https:\/\/pt.wikipedia.org\/wiki\/Fanart\" target=\"_blank\" rel=\"noopener\">Wikipedia<\/a><\/p><\/blockquote>\n\n\n\n<p>Vamos agora conhecer o que \u00e9 esse curso e tamb\u00e9m a sua criadora mais depoimentos de quem fez e aprovou.<\/p>\n\n\n\n<h2 class=\"wp-block-heading\">O que \u00e9 o M\u00e9todo Fan Art?<\/h2>\n\n\n\n<p>Um m\u00e9todo criado para ensinar as pessoas que pretendem aprender a desenhar o seu personagem favorito de animes sem muita complica\u00e7\u00e3o em um passo a passo bem explicado e did\u00e1tico.<\/p>\n\n\n\n<p>Aprenda a desenhar semelhante h\u00e1 como o autor original do anime desenha o personagem que criou.<\/p>\n\n\n\n<h3 class=\"wp-block-heading\"><strong>Mayara Rodrigues criadora<\/strong> do curso<\/h3>\n\n\n<div class=\"wp-block-image\">\n<figure class=\"alignleft\"><a href=\"https:\/\/comoaprenderjapones.net\/vi\/in\/conheca-o-metodo-fan-art\/\" rel=\"nofollow noopener\"><img data-recalc-dims=\"1\" decoding=\"async\" width=\"300\" height=\"247\" src=\"https:\/\/i0.wp.com\/comoaprenderjapones.net\/wp-content\/uploads\/2018\/09\/Mayara-Rodrigues.png?resize=300%2C247&#038;ssl=1\" alt=\"Mayara Rodrigues criadora do M\u00e9todo fan Art\" class=\"wp-image-2430\" srcset=\"https:\/\/i0.wp.com\/comoaprenderjapones.net\/wp-content\/uploads\/2018\/09\/Mayara-Rodrigues.png?resize=300%2C247&amp;ssl=1 300w, https:\/\/i0.wp.com\/comoaprenderjapones.net\/wp-content\/uploads\/2018\/09\/Mayara-Rodrigues.png?w=543&amp;ssl=1 543w\" sizes=\"(max-width: 300px) 100vw, 300px\" \/><\/a><figcaption><strong>Mayara Rodrigues<\/strong> criadora do M\u00e9todo fan Art<\/figcaption><\/figure>\n<\/div>\n\n\n<p><strong>Mayara Rodrigues<\/strong>, assim como muitos brasileiros, come\u00e7ou a se interessar por animes e seu favorito era o Digimon e com isso surgiu a vontade de aprender a desenhar os seus personagens favoritos.<\/p>\n\n\n\n<p>O Grande problema \u00e9 que ela n\u00e3o evolu\u00eda muito ao tentar desenhar e tamb\u00e9m um curso de desenho n\u00e3o era muito barato e nem pr\u00f3ximo de sua casa.<\/p>\n\n\n\n<p>Ela come\u00e7ou ent\u00e3o a comprar revistas que ensinavam a desenhar, geralmente m\u00e9todos japoneses.<\/p>\n\n\n\n<p>Depois de muito quebrar a cabe\u00e7a foi ent\u00e3o que depois de um bom tempo, muitos anos, que ela foi realmente entendo como desenhar um anime.<\/p>\n\n\n\n<p class=\"has-text-align-center\"><a class=\"fasc-button fasc-size-large fasc-type-popout fasc-rounded-medium ico-fa fasc-ico-before fa-youtube-play\" style=\"background-color: #cc2f1a; color: #ffffff;\" target=\"_blank\" rel=\"nofollow noopener\" href=\"https:\/\/comoaprenderjapones.net\/vi\/in\/conheca-historia-da-mayara-rodrigues\/\">Saiba mais detalhes de sua hist\u00f3ria clicando aqui!<\/a><\/p>\n\n\n\n<h3 class=\"wp-block-heading\">Qual \u00e9 o conte\u00fado do M\u00e9todo Fan Art?<\/h3>\n\n\n\n<p>O curso n\u00e3o fica enrolando, pois vai direto ao que realmente interessa veja s\u00f3 os os t\u00f3picos que o curso online <strong>m\u00e9todo fan art 3.0<\/strong> tem:<\/p>\n\n\n\n<ol class=\"wp-block-list\"><li>An\u00e1lise de Imagens<\/li><li>T\u00e9cnicas de esbo\u00e7o<\/li><li>Anatomia de Rosto + Varia\u00e7\u00f5es de \u00c2ngulo<\/li><li>Anatomia de Corpo e Movimentos<\/li><li>O segredo de fazer cabelos de anime\/mang\u00e1\u2026<\/li><li>M\u00e3os e p\u00e9s perfeitos do seu personagem\u2026<\/li><li>Desenhando Roupas dos Personagens<\/li><li>Finalizando desenhos com Caneta<\/li><li>Introdu\u00e7\u00e3o a pintura + Luz e Sombra<\/li><\/ol>\n\n\n\n<h3 class=\"wp-block-heading\">B\u00f4nus do M\u00e9todo Fan Art 3.0<\/h3>\n\n\n\n<p>E tamb\u00e9m como de costumes <strong>+ 5 b\u00f4nus<\/strong> para aprimorar ainda mais os seus desenhos:<\/p>\n\n\n\n<ul class=\"wp-block-list\"><li>O segredo de desenhar olhos<\/li><li>Aquecimento e tra\u00e7o<\/li><li>Usando todos os m\u00f3dulos do curso em um desenho<\/li><li>Acesso ao Grupo Exclusivo de Alunos<\/li><li>Certificado de Conclus\u00e3o<\/li><\/ul>\n\n\n<div class=\"wp-block-image\">\n<figure class=\"aligncenter\"><img data-recalc-dims=\"1\" decoding=\"async\" width=\"900\" height=\"475\" src=\"https:\/\/i0.wp.com\/comoaprenderjapones.net\/wp-content\/uploads\/2017\/02\/Area_de_Membros_Metodo_fan_art.jpg?resize=900%2C475&#038;ssl=1\" alt=\"Area de Membros M\u00e9todo fan art\" class=\"wp-image-906\" srcset=\"https:\/\/i0.wp.com\/comoaprenderjapones.net\/wp-content\/uploads\/2017\/02\/Area_de_Membros_Metodo_fan_art.jpg?w=900&amp;ssl=1 900w, https:\/\/i0.wp.com\/comoaprenderjapones.net\/wp-content\/uploads\/2017\/02\/Area_de_Membros_Metodo_fan_art.jpg?resize=300%2C158&amp;ssl=1 300w, https:\/\/i0.wp.com\/comoaprenderjapones.net\/wp-content\/uploads\/2017\/02\/Area_de_Membros_Metodo_fan_art.jpg?resize=768%2C405&amp;ssl=1 768w\" sizes=\"(max-width: 900px) 100vw, 900px\" \/><\/figure>\n<\/div>\n\n\n<p>Voc\u00ea tamb\u00e9m ter\u00e1 um grupo fechado no Facebook para eventuais d\u00favidas com a autora do curso.<\/p>\n\n\n\n<p>Evidente que n\u00e3o existe milagre, mas com toda certeza voc\u00ea aprender\u00e1 de forma pratica com quem entende do assunto praticando todos os dias e vendo em pouco tempo&nbsp;como est\u00e1 progredindo r\u00e1pido.<\/p>\n\n\n\n<h2 class=\"wp-block-heading\">Vou aprender a como desenhar personagem de animes?<\/h2>\n\n\n\n<p>Para quem quer aprender de uma forma simples e que v\u00e1 direto ao ponto para j\u00e1 come\u00e7ar a saber como desenhar personagem de animes, ent\u00e3o o <strong>m\u00e9todo fan art funciona<\/strong> e \u00e9 ideal para voc\u00ea!<\/p>\n\n\n\n<p>Confira abaixo os alunos da Mayara que j\u00e1 est\u00e3o obtendo excelentes resultados e realizando seu sonho de aprender a desenhar seus personagens favoritos de animes.<\/p>\n\n\n\n<h3 class=\"wp-block-heading\">Depoimentos dos alunos<\/h3>\n\n\n\n<p>Veja depoimentos feitos pelos seus alunos demostrando a felicidade de ter desenhando seus personagens de animes favoritos:<br \/><\/p>\n\n\n<div class=\"message_box announce\"><p><\/p>\n<blockquote><p>Parab\u00e9ns pelo curso Mayara, achei muito bom. J\u00e1 recomendei para v\u00e1rios amigos, vale apena. Bem direto ao ponto, j\u00e1 estou no 4\u00ba m\u00f3dulo e a diferen\u00e7a \u00e9 absurda dos meus desenhos antigos pra agora, cada dia estou ficando melhor. Parab\u00e9ns de verdade e sucesso pra voc\u00ea. Bjs<\/p>\n<p><strong>Jo\u00e3o Gabriel Alvarenga<\/strong><\/p><\/blockquote>\n<p><\/p><\/div>\n\n\n<div class=\"message_box announce\"><p><\/p>\n<blockquote><p>Euuu ficava loucooo querendo desenhar o Eren Yeager!!! Jaaa tinha copiado alguns por cimaa, mas hojeee eu desenhei ele sem nem olhaar!!! Seguindo tudo o que voc\u00ea ensinou no Curso!!!<br \/>\nTooo feliz dmais, vou fazer ate um p\u00f4ster logoo mais pra colocar aqui no meu quarto hehehe!! Obrigado Mayy, seu curso \u00e9 fodaaa!!!<\/p>\n<p><strong>Marcos Vinicius Viana<\/strong><\/p><\/blockquote>\n<p><\/p><\/div>\n\n\n\n<p>Veja tamb\u00e9m os depoimentos dos resultados que seus alunos tiveram mostrando seus desenhos logo abaixo:<br \/><\/p>\n\n\n<div class=\"tab_widget wp_shortcodes_tabs\"><ul class=\"wps_tabs\"><li><a href=\"#\" data-tab=\"tab-0-depoimento-jonathan\">Depoimento Jonathan<\/a><\/li><li><a href=\"#\" data-tab=\"tab-1-depoimento-adson\">Depoimento Adson<\/a><\/li><li><a href=\"#\" data-tab=\"tab-2-depoimento-mika\">Depoimento Mika<\/a><\/li><\/ul><div class=\"tab_container\"><div id=\"tab-0-depoimento-jonathan\" class=\"tab_content clearfix\"><img data-recalc-dims=\"1\" decoding=\"async\" class=\"size-full wp-image-909 aligncenter\" src=\"https:\/\/i0.wp.com\/comoaprenderjapones.net\/wp-content\/uploads\/2017\/02\/Metodo_fan_art_desenho_aluno-7.jpg?resize=509%2C626&#038;ssl=1\" alt=\"\" width=\"509\" height=\"626\" srcset=\"https:\/\/i0.wp.com\/comoaprenderjapones.net\/wp-content\/uploads\/2017\/02\/Metodo_fan_art_desenho_aluno-7.jpg?w=509&amp;ssl=1 509w, https:\/\/i0.wp.com\/comoaprenderjapones.net\/wp-content\/uploads\/2017\/02\/Metodo_fan_art_desenho_aluno-7.jpg?resize=244%2C300&amp;ssl=1 244w\" sizes=\"(max-width: 509px) 100vw, 509px\" \/>Depoimento Jonathan sobre o M\u00e9todo fan Art<\/div><div id=\"tab-1-depoimento-adson\" class=\"tab_content clearfix\"><img data-recalc-dims=\"1\" decoding=\"async\" class=\"size-full wp-image-910 aligncenter\" src=\"https:\/\/i0.wp.com\/comoaprenderjapones.net\/wp-content\/uploads\/2017\/02\/Metodo_fan_art_desenhoaluno7.jpg?resize=495%2C515&#038;ssl=1\" alt=\"\" width=\"495\" height=\"515\" srcset=\"https:\/\/i0.wp.com\/comoaprenderjapones.net\/wp-content\/uploads\/2017\/02\/Metodo_fan_art_desenhoaluno7.jpg?w=495&amp;ssl=1 495w, https:\/\/i0.wp.com\/comoaprenderjapones.net\/wp-content\/uploads\/2017\/02\/Metodo_fan_art_desenhoaluno7.jpg?resize=288%2C300&amp;ssl=1 288w\" sizes=\"(max-width: 495px) 100vw, 495px\" \/>Depoimento Adson sobre o M\u00e9todo fan art<\/div><div id=\"tab-2-depoimento-mika\" class=\"tab_content clearfix\"><\/p>\n<p><img data-recalc-dims=\"1\" decoding=\"async\" class=\"size-full wp-image-914 aligncenter\" src=\"https:\/\/i0.wp.com\/comoaprenderjapones.net\/wp-content\/uploads\/2017\/02\/Metodo_Fan_Art_desenhoaluno5.jpg?resize=516%2C546&#038;ssl=1\" alt=\"\" width=\"516\" height=\"546\" srcset=\"https:\/\/i0.wp.com\/comoaprenderjapones.net\/wp-content\/uploads\/2017\/02\/Metodo_Fan_Art_desenhoaluno5.jpg?w=516&amp;ssl=1 516w, https:\/\/i0.wp.com\/comoaprenderjapones.net\/wp-content\/uploads\/2017\/02\/Metodo_Fan_Art_desenhoaluno5.jpg?resize=284%2C300&amp;ssl=1 284w\" sizes=\"(max-width: 516px) 100vw, 516px\" \/><\/p>\n<p>Depoimento de Mika sobre o m\u00e9todo fan art.<\/p>\n<p><\/div><\/div><\/div><div class=\"clear\"><\/div>\n\n\n\n<h2 class=\"wp-block-heading\">O M\u00e9todo Fan Art funciona?<\/h2>\n\n\n\n<p>Com certeza! Se voc\u00ea j\u00e1 viu os <a href=\"https:\/\/comoaprenderjapones.net\/vi\/metodo-fan-art\/#depoimentos-dos-alunos\">depoimentos dos alunos<\/a> j\u00e1 percebeu que al\u00e9m de passar de uma forma simples e bem did\u00e1tica a Mayara Rodrigues sabe do que est\u00e1 falando\/fazendo.<\/p>\n\n\n\n<p>Voc\u00ea assistir\u00e1 v\u00eddeos aulas dividas em m\u00f3dulos para que v\u00e1 evoluindo e j\u00e1 colocando em pratica tudo o que aprendeu de forma f\u00e1cil e sem perder muito tempo.<\/p>\n\n\n\n<p>Ficou convencido que mesmo que voc\u00ea nunca tenha desenhado antes poder\u00e1 de forma pratica aprender as t\u00e9cnicas para come\u00e7ar agora a desenhar personagens de animes?!<\/p>\n\n\n\n<p class=\"has-text-align-center\"><a class=\"fasc-button fasc-size-large fasc-type-glossy fasc-rounded-medium ico-fa fasc-ico-before fa-share-square-o\" style=\"background-color: #48aa3f; color: #ffffff;\" target=\"_blank\" rel=\"nofollow noopener\" href=\"https:\/\/comoaprenderjapones.net\/vi\/in\/conheca-o-metodo-fan-art\/\">Conhe\u00e7a AGORA o M\u00e9todo e porque ele \u00e9 t\u00e3o popular hoje em dia!<\/a><\/p>\n\n\n\n<h2 class=\"wp-block-heading\">Perguntas frequentes<\/h2>\n\n\n<div id=\"rank-math-faq\" class=\"rank-math-block\">\n<div class=\"rank-math-list\">\n<div id=\"faq-question-1662400697637\" class=\"rank-math-list-item\">\n<h3 class=\"rank-math-question\"><strong>O curso serve para mim?<\/strong><\/h3>\n<div class=\"rank-math-answer\">\n\n<p>Se voc\u00ea tem 8 anos, 16 anos ou at\u00e9 40 anos (n\u00e3o importa a idade) e tem desejo de aprender a desenhar personagens de anim\u00eas e mang\u00e1s, ent\u00e3o esse curso \u00e9 para voc\u00ea!<\/p>\n\n<\/div>\n<\/div>\n<div id=\"faq-question-1662400711600\" class=\"rank-math-list-item\">\n<h3 class=\"rank-math-question\"><strong>O que vem no m\u00e9todo Fan Art?<\/strong><\/h3>\n<div class=\"rank-math-answer\">\n\n<p>S\u00e3o mais de 35 v\u00eddeos aulas mais \u00e1udios e textos.<\/p>\n\n<\/div>\n<\/div>\n<div id=\"faq-question-1662400722590\" class=\"rank-math-list-item\">\n<h3 class=\"rank-math-question\"><strong>Qual o per\u00edodo de acesso ao curso?<\/strong><\/h3>\n<div class=\"rank-math-answer\">\n\n<p>O acesso \u00e9 vital\u00edcio, ou seja, por tempo indeterminado.<\/p>\n\n<\/div>\n<\/div>\n<div id=\"faq-question-1662400736069\" class=\"rank-math-list-item\">\n<h3 class=\"rank-math-question\"><strong>Posso parcelar o pagamento do curso?<\/strong><\/h3>\n<div class=\"rank-math-answer\">\n\n<p>Sim, pode parcelar o curso M\u00e9todo Fan Art 3.0 em at\u00e9 10x no cart\u00e3o de cr\u00e9dito. Pode at\u00e9 usar 2 cart\u00f5es de cr\u00e9dito se quiser.<\/p>\n\n<\/div>\n<\/div>\n<div id=\"faq-question-1662400747920\" class=\"rank-math-list-item\">\n<h3 class=\"rank-math-question\"><strong>\u00c9 seguro comprar o M\u00e9todo Fan Art?<\/strong><\/h3>\n<div class=\"rank-math-answer\">\n\n<p>Sim, \u00e9 utilizado a\u00a0<a href=\"https:\/\/comoaprenderjapones.net\/vi\/in\/comprar-metodo-fan-art-3-0-ck\/\" target=\"_blank\" rel=\"noreferrer noopener\">plataforma da Hotmart para fazer o pagamento<\/a>\u00a0que \u00e9 muito segura.<\/p>\n\n<\/div>\n<\/div>\n<div id=\"faq-question-1662400768520\" class=\"rank-math-list-item\">\n<h3 class=\"rank-math-question\"><strong>Onde posso tirar minhas d\u00favidas?<\/strong><\/h3>\n<div class=\"rank-math-answer\">\n\n<p>Tem um suporte via Whatsapp para voc\u00ea tirar suas d\u00favidas.<\/p>\n\n<\/div>\n<\/div>\n<div id=\"faq-question-1662400782852\" class=\"rank-math-list-item\">\n<h3 class=\"rank-math-question\"><strong>Preciso de algo para o curso?<\/strong><\/h3>\n<div class=\"rank-math-answer\">\n\n<p>Uma conex\u00e3o com a internet e coisas simples como l\u00e1pis entre outros que ser\u00e3o mostrados no curso.<\/p>\n\n<\/div>\n<\/div>\n<div id=\"faq-question-1662400805354\" class=\"rank-math-list-item\">\n<h3 class=\"rank-math-question\"><strong>O curso tem certificado?<\/strong><\/h3>\n<div class=\"rank-math-answer\">\n\n<p>Sim, tem certificado de conclus\u00e3o do curso.<\/p>\n\n<\/div>\n<\/div>\n<div id=\"faq-question-1662400813086\" class=\"rank-math-list-item\">\n<h3 class=\"rank-math-question\"><strong>O curso tem garantia?<\/strong><\/h3>\n<div class=\"rank-math-answer\">\n\n<p>Sim, a garantia \u00e9 incondicional de 7 dias para caso n\u00e3o goste do curso poder pedir seu dinheiro de volta, com a devolu\u00e7\u00e3o do valor total.<\/p>\n\n<\/div>\n<\/div>\n<\/div>\n<\/div>\n\n\n<p><strong>Gostou da dica? Compartilhe com seu amigos clicando nos bot\u00f5es abaixo!<\/strong><\/p>\n\n<div style=\"font-size: 0px; height: 0px; line-height: 0px; margin: 0; padding: 0; clear: both;\"><\/div>","protected":false},"excerpt":{"rendered":"<p>Aprenda a como desenhar personagem de animes mesmo sem ter o \u201cdom\u201d passo a passo com o m\u00e9todo fan art 3.0 criado pela Mayara Rodrigues.\u00a0 Quem gosta da cultura japonesa, principalmente pelos animes, mangas j\u00e1<\/p>","protected":false},"author":1,"featured_media":3028,"parent":0,"menu_order":0,"comment_status":"closed","ping_status":"closed","template":"","meta":{"footnotes":""},"class_list":["post-904","page","type-page","status-publish","has-post-thumbnail"],"jetpack-related-posts":[{"id":94,"url":"https:\/\/comoaprenderjapones.net\/vi\/programa-japones-online\/","url_meta":{"origin":904,"position":0},"title":"Programa Japon\u00eas Online + Evento gr\u00e1tis Intensiv\u00e3o de japon\u00eas","author":"Rafael Avelino","date":"20 de Th\u00e1ng 10 de 2014","format":false,"excerpt":"Conhe\u00e7a o curso de japon\u00eas Programa Japon\u00eas Online do Sensei Luiz Rafael! \u3053\u3093\u306b\u3061\u306f! Est\u00e1 procurando um m\u00e9todo eficiente que te ensine do ZERO a ter um n\u00edvel de flu\u00eancia que possa consumir conte\u00fados totalmente em japon\u00eas? O m\u00e9todo criado pelo Luiz Rafael j\u00e1 passou por muitas atualiza\u00e7\u00f5es e est\u00e1 no\u2026","rel":"","context":"B\u00e0i t\u01b0\u01a1ng t\u1ef1","block_context":{"text":"B\u00e0i t\u01b0\u01a1ng t\u1ef1","link":""},"img":{"alt_text":"Programa Japon\u00eas Online - Intensiv\u00e3o de japon\u00eas","src":"https:\/\/i0.wp.com\/comoaprenderjapones.net\/wp-content\/uploads\/2021\/01\/programa-japones-online-intensivao-de-japones-2021.jpg?fit=1200%2C932&ssl=1&resize=350%2C200","width":350,"height":200,"srcset":"https:\/\/i0.wp.com\/comoaprenderjapones.net\/wp-content\/uploads\/2021\/01\/programa-japones-online-intensivao-de-japones-2021.jpg?fit=1200%2C932&ssl=1&resize=350%2C200 1x, https:\/\/i0.wp.com\/comoaprenderjapones.net\/wp-content\/uploads\/2021\/01\/programa-japones-online-intensivao-de-japones-2021.jpg?fit=1200%2C932&ssl=1&resize=525%2C300 1.5x, https:\/\/i0.wp.com\/comoaprenderjapones.net\/wp-content\/uploads\/2021\/01\/programa-japones-online-intensivao-de-japones-2021.jpg?fit=1200%2C932&ssl=1&resize=700%2C400 2x, https:\/\/i0.wp.com\/comoaprenderjapones.net\/wp-content\/uploads\/2021\/01\/programa-japones-online-intensivao-de-japones-2021.jpg?fit=1200%2C932&ssl=1&resize=1050%2C600 3x"},"classes":[]},{"id":35,"url":"https:\/\/comoaprenderjapones.net\/vi\/sobre\/","url_meta":{"origin":904,"position":1},"title":"Sobre","author":"Rafael Avelino","date":"24 de Th\u00e1ng 8 de 2014","format":false,"excerpt":"Ol\u00e1 Minna! Sou Rafael admin deste site, como vai? Muito obrigado por visitar este site que pretende passar dicas de como aprender japon\u00eas para quem est\u00e1 iniciando, assim como eu. Vamos tentar abordar tudo que possa ajudar no seu aprendizado do idioma japon\u00eas, que vai desde animes,m\u00fasicas,mangas e tamb\u00e9m o\u2026","rel":"","context":"B\u00e0i t\u01b0\u01a1ng t\u1ef1","block_context":{"text":"B\u00e0i t\u01b0\u01a1ng t\u1ef1","link":""},"img":{"alt_text":"","src":"","width":0,"height":0},"classes":[]},{"id":860,"url":"https:\/\/comoaprenderjapones.net\/vi\/japones-expresso-curso-online-japones\/","url_meta":{"origin":904,"position":2},"title":"Japon\u00eas Expresso: Curso online de japon\u00eas","author":"Rafael Avelino","date":"14 de Th\u00e1ng m\u01b0\u1eddi m\u1ed9t de 2016","format":false,"excerpt":"Conhe\u00e7a curso online japon\u00eas expresso promete te ajudar a sair do zero no idioma japon\u00eas e tamb\u00e9m para quem tem viagem marcada para o Jap\u00e3o. CURSO N\u00c3O EST\u00c1 DISPONIVEL. Conhe\u00e7a o curso Completo do Sensei Luiz Rafael o ???? Programa Japon\u00eas Online! Quem gosta da cultura japonesa, seja animes, mangas,\u2026","rel":"","context":"B\u00e0i t\u01b0\u01a1ng t\u1ef1","block_context":{"text":"B\u00e0i t\u01b0\u01a1ng t\u1ef1","link":""},"img":{"alt_text":"Japon\u00eas Expresso curso online de japon\u00eas","src":"https:\/\/i0.wp.com\/comoaprenderjapones.net\/wp-content\/uploads\/2016\/11\/Japones_Expresso.jpg?fit=1200%2C696&ssl=1&resize=350%2C200","width":350,"height":200,"srcset":"https:\/\/i0.wp.com\/comoaprenderjapones.net\/wp-content\/uploads\/2016\/11\/Japones_Expresso.jpg?fit=1200%2C696&ssl=1&resize=350%2C200 1x, https:\/\/i0.wp.com\/comoaprenderjapones.net\/wp-content\/uploads\/2016\/11\/Japones_Expresso.jpg?fit=1200%2C696&ssl=1&resize=525%2C300 1.5x, https:\/\/i0.wp.com\/comoaprenderjapones.net\/wp-content\/uploads\/2016\/11\/Japones_Expresso.jpg?fit=1200%2C696&ssl=1&resize=700%2C400 2x, https:\/\/i0.wp.com\/comoaprenderjapones.net\/wp-content\/uploads\/2016\/11\/Japones_Expresso.jpg?fit=1200%2C696&ssl=1&resize=1050%2C600 3x"},"classes":[]}],"jetpack_sharing_enabled":true,"amp_enabled":true,"_links":{"self":[{"href":"https:\/\/comoaprenderjapones.net\/vi\/wp-json\/wp\/v2\/pages\/904","targetHints":{"allow":["GET"]}}],"collection":[{"href":"https:\/\/comoaprenderjapones.net\/vi\/wp-json\/wp\/v2\/pages"}],"about":[{"href":"https:\/\/comoaprenderjapones.net\/vi\/wp-json\/wp\/v2\/types\/page"}],"author":[{"embeddable":true,"href":"https:\/\/comoaprenderjapones.net\/vi\/wp-json\/wp\/v2\/users\/1"}],"replies":[{"embeddable":true,"href":"https:\/\/comoaprenderjapones.net\/vi\/wp-json\/wp\/v2\/comments?post=904"}],"version-history":[{"count":0,"href":"https:\/\/comoaprenderjapones.net\/vi\/wp-json\/wp\/v2\/pages\/904\/revisions"}],"wp:featuredmedia":[{"embeddable":true,"href":"https:\/\/comoaprenderjapones.net\/vi\/wp-json\/wp\/v2\/media\/3028"}],"wp:attachment":[{"href":"https:\/\/comoaprenderjapones.net\/vi\/wp-json\/wp\/v2\/media?parent=904"}],"curies":[{"name":"wp","href":"https:\/\/api.w.org\/{rel}","templated":true}]}}