{"id":94,"date":"2014-10-20T14:59:33","date_gmt":"2014-10-20T16:59:33","guid":{"rendered":"https:\/\/comoaprenderjapones.net\/?page_id=94"},"modified":"2022-02-07T19:04:36","modified_gmt":"2022-02-07T22:04:36","slug":"programa-japones-online","status":"publish","type":"page","link":"https:\/\/comoaprenderjapones.net\/vi\/programa-japones-online\/","title":{"rendered":"Programa Japon\u00eas Online + Evento gr\u00e1tis Intensiv\u00e3o de japon\u00eas"},"content":{"rendered":"<div class=\"3f06cfaed421c312d090106fe7464974\" data-index=\"2\" style=\"float: none; margin:0px;\">\n<script async src=\"https:\/\/pagead2.googlesyndication.com\/pagead\/js\/adsbygoogle.js?client=ca-pub-0652292147574552\"\r\n     crossorigin=\"anonymous\"><\/script>\r\n<!-- Ads responsivo Inicio Post CAJap -->\r\n<ins class=\"adsbygoogle\"\r\n     style=\"display:block\"\r\n     data-ad-client=\"ca-pub-0652292147574552\"\r\n     data-ad-slot=\"3298668993\"\r\n     data-ad-format=\"auto\"><\/ins>\r\n<script>\r\n     (adsbygoogle = window.adsbygoogle || []).push({});\r\n<\/script>\n<\/div>\n\n<p><em>Conhe\u00e7a o curso de japon\u00eas <strong>Programa Japon\u00eas Online<\/strong> do Sensei Luiz Rafael!<\/em><\/p>\n\n\n\n<p>\u3053\u3093\u306b\u3061\u306f! Est\u00e1 procurando um m\u00e9todo eficiente que te ensine do ZERO a ter um n\u00edvel de flu\u00eancia que possa consumir conte\u00fados totalmente em japon\u00eas?<\/p>\n\n\n\n<p>O m\u00e9todo criado pelo Luiz Rafael j\u00e1 passou por muitas atualiza\u00e7\u00f5es e est\u00e1 no mercado h\u00e1 anos e atualmente (2021) \u00e9 um dos melhores e mais completos cursos de japon\u00eas online.<\/p>\n\n\n\n<p class=\"has-background\" style=\"background-color:#fff2f2\"><strong>Sum\u00e1rio do Artigo<br \/><\/strong><a href=\"#lingua-japonesa\">A l\u00edngua japonesa<br \/><\/a><a href=\"#quem-e-luiz-rafael\">Quem \u00e9 Luiz Rafael?<br \/><\/a><a href=\"#programa-japones-online\">Programa japon\u00eas Online<br \/><\/a><a href=\"#depoimento-aluno\">Depoimento de Aluno do Programa Japon\u00eas Online<br \/><\/a><a href=\"#intensivao-japones\">Intensiv\u00e3o de japon\u00eas<br \/><\/a><a href=\"#abertura-vagas\">Como funciona a abertura de vagas?<\/a><\/p>\n\n\n\n<p>Se voc\u00ea gosta da cultura japonesa por causa dos animes, Tokusatsu, mangas, filmes esse \u00e9 um bom motivo para come\u00e7ar a assisti-los sem legenda.<\/p>\n\n\n\n<p>N\u00e3o precisa ser necessariamente esses, mas viajar, morar, estudar no Jap\u00e3o tamb\u00e9m \u00e9 um excelente motivo para querer aprender a l\u00edngua japonesa.<\/p>\n\n\n\n<p>N\u00e3o importa qual seja, se decidiu aprender o idioma japon\u00eas esse curso pode te ajudar a conquistar esse objetivo.<\/p>\n\n\n\n<h2 class=\"wp-block-heading\" id=\"lingua-japonesa\"><span style=\"color: #e5141b;\">A l\u00edngua japonesa<\/span><\/h2>\n\n\n\n<p><strong>Aprender japon\u00eas<\/strong> n\u00e3o precisa ser t\u00e3o dif\u00edcil como muitos, at\u00e9 eu mesmo, imaginam. Sabendo o jeito certo de estudar, facilita muito para seu aprendizado.<\/p>\n\n\n\n<p>Evidente que a <a href=\"https:\/\/pt.wikipedia.org\/wiki\/L%C3%ADngua_japonesa\" target=\"_blank\" rel=\"noopener noreferrer\">l\u00edngua japonesa<\/a> n\u00e3o \u00e9 igual a se fossemos aprender ingl\u00eas, pois no idioma ingl\u00eas j\u00e1 estamos familiarizados com as palavras, sem contar que usamos muitas no dia a dia, e com muitas pronuncias.<\/p>\n\n\n\n<p>J\u00e1 no japon\u00eas definitivamente temos que come\u00e7ar do zero para chegar a t\u00e3o sonhada flu\u00eancia. O que \u201cdificulta\u201d mesmo para os iniciantes \u00e9 o alfabeto\/ideograma japon\u00eas que s\u00e3o tr\u00eas:<\/p>\n\n\n\n<ul class=\"wp-block-list\"><li>Hiragana com 46 ideogramas.<\/li><li>Katakana com 46 ideogramas.<\/li><li>Kanji que possui milhares de ideogramas, por\u00e9m os mais usados s\u00e3o aproximadamente uns 2500 kanjis.<\/li><\/ul>\n\n\n\n<p>Temos tamb\u00e9m o romaji que ajuda a lermos e pronunciamos da forma correta os ideogramas e o furigana que geralmente est\u00e1 escrito em hiragana e fica em cima dos kanjis descrevendo como \u00e9 pronunciado.<\/p>\n\n\n\n<p>N\u00e3o precisa ser assim t\u00e3o complicado aprender nihongo, como o <a href=\"https:\/\/comoaprenderjapones.net\/vi\/in\/aprenda-nihongo\/\" target=\"_blank\" rel=\"noreferrer noopener\">Sensei Luiz Rafael<\/a> diz que precisamos fazer muito input, ou seja, tudo que recebemos seja lendo, ouvindo.<\/p>\n\n\n<div class=\"gb-button-wrapper gb-button-wrapper-9eef6438\">\n\n<a class=\"gb-button gb-button-62a4c394 gb-button-text\" href=\"https:\/\/comoaprenderjapones.net\/vi\/in\/aprenda-nihongo\/\" target=\"_blank\" rel=\"nofollow noopener noreferrer\">Conhe\u00e7a mais sobre o Programa Clicando Aqui!<\/a>\n\n<\/div>\n\n\n<h2 class=\"wp-block-heading\" id=\"quem-e-luiz-rafael\"><span style=\"color: #e5141b;\">Quem \u00e9 \u5148\u751f Luiz Rafael?<\/span><\/h2>\n\n\n\n<div class=\"wp-block-image\"><figure class=\"alignleft\"><img data-recalc-dims=\"1\" decoding=\"async\" width=\"371\" height=\"267\" src=\"https:\/\/i0.wp.com\/comoaprenderjapones.net\/wp-content\/uploads\/2014\/10\/Luiz_Rafael_Programa_Japones_Online.png?resize=371%2C267&#038;ssl=1\" alt=\"Luiz Rafael criador do Programa Japon\u00eas Online\" class=\"wp-image-95\" title=\"Programa Japon\u00eas Online\" srcset=\"https:\/\/i0.wp.com\/comoaprenderjapones.net\/wp-content\/uploads\/2014\/10\/Luiz_Rafael_Programa_Japones_Online.png?w=371&amp;ssl=1 371w, https:\/\/i0.wp.com\/comoaprenderjapones.net\/wp-content\/uploads\/2014\/10\/Luiz_Rafael_Programa_Japones_Online.png?resize=300%2C215&amp;ssl=1 300w\" sizes=\"(max-width: 371px) 100vw, 371px\" \/><figcaption><strong>Luiz Rafael<\/strong> criador do Programa Japon\u00eas Online<\/figcaption><\/figure><\/div>\n\n\n\n<p>O Luiz foi mais uma das milhares de pessoas que quando adolescente come\u00e7ou a despertar interesse pela cultura japonesa, seja manga, animes, filmes e resolveu que aprenderia japon\u00eas.<\/p>\n\n\n\n<p>Assim como a grande maioria, come\u00e7ou do jeito errado acreditando que chegaria a flu\u00eancia, por\u00e9m n\u00e3o obteve resultados satisfat\u00f3rios frequentando cursos presenciais.<\/p>\n\n\n\n<p>Foi ent\u00e3o que procurou um jeito certo para aprender um novo idioma, e o melhor colocou em pr\u00e1tica para verificar se realmente funcionava.<\/p>\n\n\n\n<p>O incr\u00edvel \u00e9 que ele teve sucesso com esse m\u00e9todo e chegou ao seu objetivo que era falar japon\u00eas fluentemente.<\/p>\n\n\n\n<h2 class=\"has-text-align-left wp-block-heading\" id=\"programa-japones-online\"><span style=\"color: #e5141b;\">Programa japon\u00eas Online<\/span><\/h2>\n\n\n\n<p>Pensando nessa necessidade e na frustra\u00e7\u00e3o de milhares de pessoas que querem aprender nihongo o Sensei resolveu <a href=\"https:\/\/comoaprenderjapones.net\/vi\/in\/aprenda-nihongo\/\" target=\"_blank\" rel=\"noreferrer noopener\">criar um&nbsp;curso de l\u00edngua japonesa online<\/a> para que voc\u00ea aprenda com muito mais efici\u00eancia.<\/p>\n\n\n\n<p>O m\u00e9todo desenvolvido pelo Sensei Luiz Rafael \u00e9 extremamente eficiente. Um dos pilares \u00e9 que voc\u00ea primeiramente precisa aprender a ler para come\u00e7ar a fazer muito input. Aprendendo hiragana e katakana voc\u00ea j\u00e1 pode come\u00e7ar a ler mangas, livros, sites.<\/p>\n\n\n\n<p>Al\u00e9m do modo de ensino do Sensei ser muito bom do que a maioria, voc\u00ea ter\u00e1 um excelente suporte. Ele n\u00e3o deixa que voc\u00ea desanime, sempre vai enviar not\u00edcias, hist\u00f3rias, motiva\u00e7\u00f5es para que voc\u00ea n\u00e3o deixe de estudar para alcan\u00e7ar seu objetivo.<\/p>\n\n\n\n<p>O curso n\u00e3o \u00e9 focado em gramatica, voc\u00ea aprende no seu ritmo em um site fechado s\u00f3 para alunos e uma comunidade no portal.<\/p>\n\n\n\n<h3 class=\"wp-block-heading\" id=\"depoimento-aluno\"><span style=\"color: #e5141b;\">Depoimento: Aluno do Programa Japon\u00eas Online<\/span><\/h3>\n\n\n\n<p>Abaixo voc\u00ea ver\u00e1 o depoimento sincero do&nbsp;Lu\u00eds Eduardo Nunes sobre o curso e a import\u00e2ncia de levar a s\u00e9rio os estudos mais o m\u00e9todo do Luiz que \u00e9 mais do que um <a href=\"https:\/\/comoaprenderjapones.net\/vi\/programa-japones-online\/\">curso de japon\u00eas<\/a> e a maneira mais eficiente de estudar um idioma, assista:<\/p>\n\n\n\n<figure class=\"wp-block-embed is-type-video is-provider-youtube wp-block-embed-youtube wp-embed-aspect-16-9 wp-has-aspect-ratio\"><div class=\"wp-block-embed__wrapper\">\n<iframe title=\"A import\u00e2ncia do como estudar japon\u00eas (Lu\u00eds Eduardo Nunes) | Programa Japon\u00eas Online\" width=\"1200\" height=\"675\" src=\"https:\/\/www.youtube.com\/embed\/xwTbhm8ASq4?feature=oembed\" frameborder=\"0\" allow=\"accelerometer; autoplay; clipboard-write; encrypted-media; gyroscope; picture-in-picture\" allowfullscreen><\/iframe>\n<\/div><figcaption>Depoimento Eduardo Nunes &#8211; Programa Japon\u00eas Online<\/figcaption><\/figure>\n\n\n\n<p>Como era de se esperar o <a href=\"https:\/\/comoaprenderjapones.net\/vi\/in\/aprenda-nihongo\/\" target=\"_blank\" rel=\"noreferrer noopener\">Programa Japon\u00eas online tem vagas limitas<\/a> para que o Sensei possa dar a devida aten\u00e7\u00e3o a todos e tirar suas d\u00favidas.<\/p>\n\n\n\n<h2 class=\"wp-block-heading\" id=\"intensivao-japones\"><span style=\"color: #e5141b;\">Intensiv\u00e3o de japon\u00eas<\/span><\/h2>\n\n\n\n<p>Todo ano cerca de duas vezes (ou mais) o Luiz Rafael realiza o evento chamado de <strong>intensiv\u00e3o de japon\u00eas<\/strong> em que por meio de um minicurso gr\u00e1tis apresenta sua metodologia para que voc\u00ea aprenda japon\u00eas com mais facilidade e efici\u00eancia.<\/p>\n\n\n\n<p>At\u00e9 o momento j\u00e1 aconteceram alguns intensiv\u00f5es da l\u00edngua japonesa, para ficar sabendo do pr\u00f3ximo \u00e9 s\u00f3 <a href=\"https:\/\/comoaprenderjapones.net\/vi\/in\/aprenda-nihongo\/\" target=\"_blank\" rel=\"noreferrer noopener\">clicar aqui<\/a>!<\/p>\n\n\n\n<p><em>Lembrando que esse evento acontece somente poucas vezes no ano e pode ser que dependendo de quando voc\u00ea esteja lendo esse artigo ele j\u00e1 tenha acabado.<\/em><\/p>\n\n\n\n<div class=\"wp-block-image\"><figure class=\"aligncenter size-large\"><img data-recalc-dims=\"1\" decoding=\"async\" width=\"1024\" height=\"318\" src=\"https:\/\/i0.wp.com\/comoaprenderjapones.net\/wp-content\/uploads\/2021\/01\/Intensivao-japones-2021-janeiro.jpg?resize=1024%2C318&#038;ssl=1\" alt=\"Intensiv\u00e3o de japon\u00eas do Programa japon\u00eas Online\" class=\"wp-image-3146\" srcset=\"https:\/\/i0.wp.com\/comoaprenderjapones.net\/wp-content\/uploads\/2021\/01\/Intensivao-japones-2021-janeiro.jpg?resize=1024%2C318&amp;ssl=1 1024w, https:\/\/i0.wp.com\/comoaprenderjapones.net\/wp-content\/uploads\/2021\/01\/Intensivao-japones-2021-janeiro.jpg?resize=300%2C93&amp;ssl=1 300w, https:\/\/i0.wp.com\/comoaprenderjapones.net\/wp-content\/uploads\/2021\/01\/Intensivao-japones-2021-janeiro.jpg?resize=768%2C239&amp;ssl=1 768w, https:\/\/i0.wp.com\/comoaprenderjapones.net\/wp-content\/uploads\/2021\/01\/Intensivao-japones-2021-janeiro.jpg?resize=150%2C47&amp;ssl=1 150w, https:\/\/i0.wp.com\/comoaprenderjapones.net\/wp-content\/uploads\/2021\/01\/Intensivao-japones-2021-janeiro.jpg?w=1045&amp;ssl=1 1045w\" sizes=\"(max-width: 1024px) 100vw, 1024px\" \/><figcaption>Intensiv\u00e3o de japon\u00eas do Programa japon\u00eas Online<\/figcaption><\/figure><\/div>\n\n\n\n<p>Chega de ficar procurando na internet como aprender japon\u00eas, com o Programa Japon\u00eas Online voc\u00ea ter\u00e1 um site fechado s\u00f3 para membros com v\u00eddeos aulas, apostilas, \u00e1udios e muito mais!<br \/><\/p>\n\n\n\n<p>Voc\u00ea receber\u00e1 uma s\u00e9rie de v\u00eddeos gratuitos contando a hist\u00f3ria e o m\u00e9todo usado pelo \u305b\u3093\u305b\u3044&nbsp;Luiz Rafael e sua jornada para chegar a flu\u00eancia em nihongo.<\/p>\n\n\n\n<h3 class=\"wp-block-heading\" id=\"abertura-vagas\"><span style=\"color: #e5141b;\">Como funciona a abertura de vagas do Programa Japon\u00eas Online?<\/span><\/h3>\n\n\n\n<p>Se voc\u00ea acompanhou a semana do NIHONGO que geralmente dura 1 semana ou mais \u00e9 mostrado como \u00e9 que o Luiz ensina com sua metodologia e tamb\u00e9m como funcionar\u00e1 o suporte<\/p>\n\n\n\n<p>O curso tem dura\u00e7\u00e3o de 9 meses, por\u00e9m voc\u00ea ganha mais 9 meses que totalizam 18 meses de acesso ao curso mais total apoio para tirar todas as suas d\u00favidas com a equipe.<\/p>\n\n\n\n<p>O programa tamb\u00e9m conta com o limite de vagas para que seja poss\u00edvel prestar um suporte de excelente qualidade para cada aluno.<\/p>\n\n\n\n<p>Lembrando que as vagas geralmente acabam em 2 dias e tamb\u00e9m ficam abertas at\u00e9 no m\u00e1ximo 3 dias, por\u00e9m as vagas se esgotam antes do \u00faltimo dia.<\/p>\n\n\n\n<p>Se tem interesse em aprender japon\u00eas com a melhor metodologia do brasil clique no bot\u00e3o abaixo:<\/p>\n\n\n<div class=\"gb-button-wrapper gb-button-wrapper-f4deca25\">\n\n<a class=\"gb-button gb-button-7aa7f773 gb-button-text\" href=\"https:\/\/comoaprenderjapones.net\/vi\/in\/aprenda-nihongo\/\" target=\"_blank\" rel=\"nofollow noopener noreferrer\">Saiba Como Funciona a Abertura de Vagas clicando Aqui!<\/a>\n\n<\/div>\n\n\n<p><strong>\u9811\u5f35\u3063\u3066<\/strong>!<\/p>\n\n<div style=\"font-size: 0px; height: 0px; line-height: 0px; margin: 0; padding: 0; clear: both;\"><\/div>","protected":false},"excerpt":{"rendered":"<p>Conhe\u00e7a o curso de japon\u00eas Programa Japon\u00eas Online do Sensei Luiz Rafael! \u3053\u3093\u306b\u3061\u306f! Est\u00e1 procurando um m\u00e9todo eficiente que te ensine do ZERO a ter um n\u00edvel de flu\u00eancia que possa consumir conte\u00fados totalmente em<\/p>","protected":false},"author":1,"featured_media":3155,"parent":0,"menu_order":0,"comment_status":"closed","ping_status":"closed","template":"","meta":{"footnotes":""},"class_list":["post-94","page","type-page","status-publish","has-post-thumbnail"],"jetpack-related-posts":[{"id":860,"url":"https:\/\/comoaprenderjapones.net\/vi\/japones-expresso-curso-online-japones\/","url_meta":{"origin":94,"position":0},"title":"Japon\u00eas Expresso: Curso online de japon\u00eas","author":"Rafael Avelino","date":"14 de Th\u00e1ng m\u01b0\u1eddi m\u1ed9t de 2016","format":false,"excerpt":"Conhe\u00e7a curso online japon\u00eas expresso promete te ajudar a sair do zero no idioma japon\u00eas e tamb\u00e9m para quem tem viagem marcada para o Jap\u00e3o. CURSO N\u00c3O EST\u00c1 DISPONIVEL. Conhe\u00e7a o curso Completo do Sensei Luiz Rafael o ???? Programa Japon\u00eas Online! Quem gosta da cultura japonesa, seja animes, mangas,\u2026","rel":"","context":"B\u00e0i t\u01b0\u01a1ng t\u1ef1","block_context":{"text":"B\u00e0i t\u01b0\u01a1ng t\u1ef1","link":""},"img":{"alt_text":"Japon\u00eas Expresso curso online de japon\u00eas","src":"https:\/\/i0.wp.com\/comoaprenderjapones.net\/wp-content\/uploads\/2016\/11\/Japones_Expresso.jpg?fit=1200%2C696&ssl=1&resize=350%2C200","width":350,"height":200,"srcset":"https:\/\/i0.wp.com\/comoaprenderjapones.net\/wp-content\/uploads\/2016\/11\/Japones_Expresso.jpg?fit=1200%2C696&ssl=1&resize=350%2C200 1x, https:\/\/i0.wp.com\/comoaprenderjapones.net\/wp-content\/uploads\/2016\/11\/Japones_Expresso.jpg?fit=1200%2C696&ssl=1&resize=525%2C300 1.5x, https:\/\/i0.wp.com\/comoaprenderjapones.net\/wp-content\/uploads\/2016\/11\/Japones_Expresso.jpg?fit=1200%2C696&ssl=1&resize=700%2C400 2x, https:\/\/i0.wp.com\/comoaprenderjapones.net\/wp-content\/uploads\/2016\/11\/Japones_Expresso.jpg?fit=1200%2C696&ssl=1&resize=1050%2C600 3x"},"classes":[]},{"id":4016,"url":"https:\/\/comoaprenderjapones.net\/vi\/curso-japones-club-por-skdesu\/","url_meta":{"origin":94,"position":1},"title":"Curso Japon\u00eas Club por Skdesu","author":"Rafael Avelino","date":"2 de Th\u00e1ng 2 de 2023","format":false,"excerpt":"Advertorial Aprenda a L\u00edngua Japonesa com o Curso Japon\u00eas Club e Tenha a solu\u00e7\u00e3o definitiva para superar qualquer desafio! Mang\u00e1 Death Note Olha s\u00f3 o que voc\u00ea tem no Curso Japon\u00eas Club! + de 140 v\u00eddeo aulas em Alta Defini\u00e7\u00e3o Jogos e Atividades Interativas Pagamento \u00danico (N\u00e3o tem Mensalidades) Acesso\u2026","rel":"","context":"B\u00e0i t\u01b0\u01a1ng t\u1ef1","block_context":{"text":"B\u00e0i t\u01b0\u01a1ng t\u1ef1","link":""},"img":{"alt_text":"","src":"https:\/\/i0.wp.com\/comoaprenderjapones.net\/wp-content\/uploads\/2023\/02\/japones-club-advertorial.jpg?fit=1023%2C499&ssl=1&resize=350%2C200","width":350,"height":200,"srcset":"https:\/\/i0.wp.com\/comoaprenderjapones.net\/wp-content\/uploads\/2023\/02\/japones-club-advertorial.jpg?fit=1023%2C499&ssl=1&resize=350%2C200 1x, https:\/\/i0.wp.com\/comoaprenderjapones.net\/wp-content\/uploads\/2023\/02\/japones-club-advertorial.jpg?fit=1023%2C499&ssl=1&resize=525%2C300 1.5x, https:\/\/i0.wp.com\/comoaprenderjapones.net\/wp-content\/uploads\/2023\/02\/japones-club-advertorial.jpg?fit=1023%2C499&ssl=1&resize=700%2C400 2x"},"classes":[]},{"id":35,"url":"https:\/\/comoaprenderjapones.net\/vi\/sobre\/","url_meta":{"origin":94,"position":2},"title":"Sobre","author":"Rafael Avelino","date":"24 de Th\u00e1ng 8 de 2014","format":false,"excerpt":"Ol\u00e1 Minna! Sou Rafael admin deste site, como vai? Muito obrigado por visitar este site que pretende passar dicas de como aprender japon\u00eas para quem est\u00e1 iniciando, assim como eu. Vamos tentar abordar tudo que possa ajudar no seu aprendizado do idioma japon\u00eas, que vai desde animes,m\u00fasicas,mangas e tamb\u00e9m o\u2026","rel":"","context":"B\u00e0i t\u01b0\u01a1ng t\u1ef1","block_context":{"text":"B\u00e0i t\u01b0\u01a1ng t\u1ef1","link":""},"img":{"alt_text":"","src":"","width":0,"height":0},"classes":[]},{"id":179,"url":"https:\/\/comoaprenderjapones.net\/vi\/mapa-site\/","url_meta":{"origin":94,"position":3},"title":"Mapa do Site","author":"Rafael Avelino","date":"31 de Th\u00e1ng 1 de 2015","format":false,"excerpt":"Mapa do Site Veja todos os artigos publicados aqui no Como Aprender Japon\u00eas","rel":"","context":"B\u00e0i t\u01b0\u01a1ng t\u1ef1","block_context":{"text":"B\u00e0i t\u01b0\u01a1ng t\u1ef1","link":""},"img":{"alt_text":"","src":"","width":0,"height":0},"classes":[]},{"id":2786,"url":"https:\/\/comoaprenderjapones.net\/vi\/acompanhe\/","url_meta":{"origin":94,"position":4},"title":"Acompanhe","author":"Rafael Avelino","date":"12 de Th\u00e1ng 6 de 2020","format":false,"excerpt":"Para n\u00e3o perder alguma novidade ou dica logo em seguida vou indicar v\u00e1rias op\u00e7\u00f5es para que voc\u00ea acompanhe o comoaprenderjapones.net da maneira que desejar e que mais goste. Acompanhe pelo Feed Um dos meios mais tradicionais para voc\u00ea receber as novidades instantaneamente quando algo \u00e9 publicado por aqui. Feed do\u2026","rel":"","context":"B\u00e0i t\u01b0\u01a1ng t\u1ef1","block_context":{"text":"B\u00e0i t\u01b0\u01a1ng t\u1ef1","link":""},"img":{"alt_text":"Acompanhe pelo Feedly o comoaprenderjapones.net","src":"https:\/\/i0.wp.com\/comoaprenderjapones.net\/wp-content\/uploads\/2020\/06\/feedly-follow.png?resize=350%2C200&ssl=1","width":350,"height":200},"classes":[]},{"id":904,"url":"https:\/\/comoaprenderjapones.net\/vi\/metodo-fan-art\/","url_meta":{"origin":94,"position":5},"title":"M\u00e9todo Fan Art 3.0 &#8211; Como Desenhar Personagem de Animes","author":"Rafael Avelino","date":"15 de Th\u00e1ng 2 de 2017","format":false,"excerpt":"Aprenda a como desenhar personagem de animes mesmo sem ter o \u201cdom\u201d passo a passo com o m\u00e9todo fan art 3.0 criado pela Mayara Rodrigues.\u00a0 Quem gosta da cultura japonesa, principalmente pelos animes, mangas j\u00e1 teve a curiosidade de saber se \u00e9 poss\u00edvel aprender a desenhar aquele personagem favorito mesmo\u2026","rel":"","context":"B\u00e0i t\u01b0\u01a1ng t\u1ef1","block_context":{"text":"B\u00e0i t\u01b0\u01a1ng t\u1ef1","link":""},"img":{"alt_text":"M\u00e9todo Fan Art 3.0 \u2013 Desenhe seu personagem de anime favorito!","src":"https:\/\/i0.wp.com\/comoaprenderjapones.net\/wp-content\/uploads\/2020\/12\/Metod-Fan-Art-3-0-Desenhar-Animes.jpg?fit=1200%2C628&ssl=1&resize=350%2C200","width":350,"height":200,"srcset":"https:\/\/i0.wp.com\/comoaprenderjapones.net\/wp-content\/uploads\/2020\/12\/Metod-Fan-Art-3-0-Desenhar-Animes.jpg?fit=1200%2C628&ssl=1&resize=350%2C200 1x, https:\/\/i0.wp.com\/comoaprenderjapones.net\/wp-content\/uploads\/2020\/12\/Metod-Fan-Art-3-0-Desenhar-Animes.jpg?fit=1200%2C628&ssl=1&resize=525%2C300 1.5x, https:\/\/i0.wp.com\/comoaprenderjapones.net\/wp-content\/uploads\/2020\/12\/Metod-Fan-Art-3-0-Desenhar-Animes.jpg?fit=1200%2C628&ssl=1&resize=700%2C400 2x, https:\/\/i0.wp.com\/comoaprenderjapones.net\/wp-content\/uploads\/2020\/12\/Metod-Fan-Art-3-0-Desenhar-Animes.jpg?fit=1200%2C628&ssl=1&resize=1050%2C600 3x"},"classes":[]}],"jetpack_sharing_enabled":true,"amp_enabled":true,"_links":{"self":[{"href":"https:\/\/comoaprenderjapones.net\/vi\/wp-json\/wp\/v2\/pages\/94","targetHints":{"allow":["GET"]}}],"collection":[{"href":"https:\/\/comoaprenderjapones.net\/vi\/wp-json\/wp\/v2\/pages"}],"about":[{"href":"https:\/\/comoaprenderjapones.net\/vi\/wp-json\/wp\/v2\/types\/page"}],"author":[{"embeddable":true,"href":"https:\/\/comoaprenderjapones.net\/vi\/wp-json\/wp\/v2\/users\/1"}],"replies":[{"embeddable":true,"href":"https:\/\/comoaprenderjapones.net\/vi\/wp-json\/wp\/v2\/comments?post=94"}],"version-history":[{"count":0,"href":"https:\/\/comoaprenderjapones.net\/vi\/wp-json\/wp\/v2\/pages\/94\/revisions"}],"wp:featuredmedia":[{"embeddable":true,"href":"https:\/\/comoaprenderjapones.net\/vi\/wp-json\/wp\/v2\/media\/3155"}],"wp:attachment":[{"href":"https:\/\/comoaprenderjapones.net\/vi\/wp-json\/wp\/v2\/media?parent=94"}],"curies":[{"name":"wp","href":"https:\/\/api.w.org\/{rel}","templated":true}]}}