{"id":860,"date":"2016-11-14T21:13:15","date_gmt":"2016-11-14T23:13:15","guid":{"rendered":"https:\/\/comoaprenderjapones.net\/?page_id=860"},"modified":"2023-02-19T12:30:41","modified_gmt":"2023-02-19T15:30:41","slug":"japones-expresso-curso-online-japones","status":"publish","type":"page","link":"https:\/\/comoaprenderjapones.net\/zh_cn\/japones-expresso-curso-online-japones\/","title":{"rendered":"Japon\u00eas Expresso: Curso online de japon\u00eas"},"content":{"rendered":"<div class=\"7e456065ddfc52bba92c3508f25583df\" data-index=\"2\" style=\"float: none; margin:0px;\">\n<script async src=\"https:\/\/pagead2.googlesyndication.com\/pagead\/js\/adsbygoogle.js?client=ca-pub-0652292147574552\"\r\n     crossorigin=\"anonymous\"><\/script>\r\n<!-- Ads responsivo Inicio Post CAJap -->\r\n<ins class=\"adsbygoogle\"\r\n     style=\"display:block\"\r\n     data-ad-client=\"ca-pub-0652292147574552\"\r\n     data-ad-slot=\"3298668993\"\r\n     data-ad-format=\"auto\"><\/ins>\r\n<script>\r\n     (adsbygoogle = window.adsbygoogle || []).push({});\r\n<\/script>\n<\/div>\n\n<p><em>Conhe\u00e7a curso online <strong>japon\u00eas expresso<\/strong> promete te ajudar a sair do zero no idioma japon\u00eas e tamb\u00e9m para quem tem viagem marcada para o Jap\u00e3o.<\/em><\/p>\n\n\n\n<p class=\"has-background has-medium-font-size\" style=\"background-color:#f8c0c0\"><strong>CURSO N\u00c3O EST\u00c1 DISPONIVEL<\/strong>. Conhe\u00e7a o curso Completo do Sensei Luiz Rafael o ???? <a href=\"https:\/\/comoaprenderjapones.net\/zh_cn\/%e6%97%a5%e8%af%ad%e5%9c%a8%e7%ba%bf%e8%af%be%e7%a8%8b\/\" data-type=\"URL\" data-id=\"https:\/\/comoaprenderjapones.net\/programa-japones-online\/\">\u65e5\u8bed\u5728\u7ebf\u8bfe\u7a0b<\/a>!<\/p>\n\n\n\n<p>Quem gosta da cultura japonesa, seja animes, mangas, filmes, J-dramas e muitos outros fatores que fazem dessa cultura \u00fanica, j\u00e1 deve ter passado pela cabe\u00e7a de aprender o idioma japon\u00eas para aproveitar ainda mais essa cultura peculiar.<\/p>\n\n\n\n<p>O grande problema para quem est\u00e1 come\u00e7ando do zero, ou at\u00e9 come\u00e7ou e parou, \u00e9 que a impress\u00e3o \u00e9 de que o nihongo \u00e9 um idioma muito dif\u00edcil ou at\u00e9 imposs\u00edvel de se aprender.<\/p>\n\n\n\n<p>Por\u00e9m isso n\u00e3o \u00e9 verdade! O que acontece \u00e9 que voc\u00ea ainda n\u00e3o aprendeu a metodologia correta para estudar com efici\u00eancia.<\/p>\n\n\n\n<p>N\u00e3o seria excelente um curso que v\u00e1 direto ao ponto sem enrola\u00e7\u00e3o voltado para quem quer aprender rapidamente a base do idioma para tanto viajar para o Jap\u00e3o ou ter mais motiva\u00e7\u00e3o para se aprofundar ainda mais na l\u00edngua japonesa?<\/p>\n\n\n\n<p>Foi por esse motivo que o \u5148\u751f Luiz criou o <a href=\"https:\/\/comoaprenderjapones.net\/zh_cn\/in\/curso-de-japones-gratis-agosto-de-2020\/\" target=\"_blank\" rel=\"noopener noreferrer\">curso japon\u00eas expresso<\/a> para quem tem esse objetivo e precisa aprender rapidamente o suficiente para poder se virar no Jap\u00e3o.<\/p>\n\n\n<div class=\"wp-block-image\">\n<figure class=\"aligncenter\"><img data-recalc-dims=\"1\" decoding=\"async\" width=\"960\" height=\"436\" src=\"https:\/\/i0.wp.com\/comoaprenderjapones.net\/wp-content\/uploads\/2016\/11\/Viagem_Japao_curso_japones_expresso.jpg?resize=960%2C436&#038;ssl=1\" alt=\"Viagem ao Jap\u00e3o: curso japon\u00eas expresso\" class=\"wp-image-865\" title=\"Viagem ao Jap\u00e3o: curso japon\u00eas expresso\" srcset=\"https:\/\/i0.wp.com\/comoaprenderjapones.net\/wp-content\/uploads\/2016\/11\/Viagem_Japao_curso_japones_expresso.jpg?w=960&amp;ssl=1 960w, https:\/\/i0.wp.com\/comoaprenderjapones.net\/wp-content\/uploads\/2016\/11\/Viagem_Japao_curso_japones_expresso.jpg?resize=300%2C136&amp;ssl=1 300w, https:\/\/i0.wp.com\/comoaprenderjapones.net\/wp-content\/uploads\/2016\/11\/Viagem_Japao_curso_japones_expresso.jpg?resize=768%2C349&amp;ssl=1 768w\" sizes=\"(max-width: 960px) 100vw, 960px\" \/><\/figure>\n<\/div>\n\n\n<h2 class=\"wp-block-heading\" id=\"o-que-e-o-curso-japones-expresso\">O que \u00e9 o Curso japon\u00eas Expresso?<\/h2>\n\n\n\n<p>\u00c9 um curso fechado&nbsp;exclusivo para alunos em que por meio de v\u00eddeo aulas poder\u00e1 sair do zero e aprender com muito mais efici\u00eancia o idioma japon\u00eas rapidamente.<\/p>\n\n\n\n<p>Por\u00e9m esse NOVO <a href=\"https:\/\/comoaprenderjapones.net\/zh_cn\/in\/curso-de-japones-gratis-agosto-de-2020\/\" target=\"_blank\" rel=\"noopener noreferrer\">curso online de japon\u00eas<\/a> tem um grande diferencial com rela\u00e7\u00e3o ao outro, ele tem dura\u00e7\u00e3o de 6 semanas, ou seja, 1 m\u00eas e meio praticamente.<\/p>\n\n\n\n<h3 class=\"wp-block-heading\" id=\"para-quem-e-esse-curso\">Para quem \u00e9 esse curso?<\/h3>\n\n\n\n<p>O curso tem como objetivo ser o mais direto, simples e f\u00e1cil poss\u00edvel para que qualquer pessoa possa aprender o b\u00e1sico da l\u00edngua.<\/p>\n\n\n\n<p>Ele foi criado pensando na pessoa que:<\/p>\n\n\n\n<ul class=\"wp-block-list\">\n<li>N\u00e3o tem tempo a perder e precisa com urg\u00eancia aprender pelo menos o b\u00e1sico para poder ter uma comunica\u00e7\u00e3o essencial no Jap\u00e3o<\/li>\n\n\n\n<li>Para aquela pessoa que n\u00e3o sabe nada do idioma \u00e9 quer aprender logo a base para ter muito mais motiva\u00e7\u00e3o em continuar com seus estudos<\/li>\n<\/ul>\n\n\n\n<p>O japon\u00eas expresso \u00e9 muito focado nesses tipos de pessoa que procuram um curso de japon\u00eas online que seja r\u00e1pido e traga resultados satisfat\u00f3rios em menos tempo.<\/p>\n\n\n\n<p>\u00c9 um <strong>curso de japon\u00eas para quem vai viajar para o Jap\u00e3o<\/strong> em breve ou quer aprender a base rapidamente da l\u00edngua.<\/p>\n\n\n\n<p class=\"has-text-align-center\"><a class=\"fasc-button fasc-size-large fasc-type-flat fasc-rounded-medium ico-fa fasc-ico-before fa-play-circle\" style=\"background-color: #e43f42; color: #ffffff;\" target=\"_blank\" rel=\"noopener noreferrer\" href=\"https:\/\/comoaprenderjapones.net\/zh_cn\/in\/curso-de-japones-gratis-agosto-de-2020\/\">Conhe\u00e7a agora como \u00e9 o curso clicando aqui!<\/a><\/p>\n\n\n\n<h3 class=\"wp-block-heading\" id=\"qual-o-conteudo-do-curso\">Qual o conte\u00fado do curso?<\/h3>\n\n\n\n<p>Como de costume o curso \u00e9 100% online em um site fechado somente para alunos e conta com:<\/p>\n\n\n\n<ul class=\"wp-block-list\">\n<li>Uma equipe preparada para tirar suas d\u00favidas<\/li>\n\n\n\n<li>Voc\u00ea receber\u00e1 login e senha para acessar o portal<\/li>\n\n\n\n<li>Conte\u00fado focado em trazer uma base para que voc\u00ea possa se comunicar com nativos<\/li>\n\n\n\n<li>S\u00e3o 6 t\u00f3picos mais b\u00f4nus para voc\u00ea aprender rapidamente e de forma simplificada em v\u00eddeos aulas mais apostilas para download<\/li>\n<\/ul>\n\n\n\n<p>Em cada aula voc\u00ea ter\u00e1 a possibilidade de deixar sua d\u00favida, semelhante a um coment\u00e1rio, para que a equipe de suporte responda o mais breve poss\u00edvel.<\/p>\n\n\n\n<h2 class=\"wp-block-heading\" id=\"quem-e-o-criador-do-curso-japones-expresso\">Quem \u00e9 o criador do curso japon\u00eas expresso?<\/h2>\n\n\n<div class=\"wp-block-image\">\n<figure class=\"alignleft\"><img data-recalc-dims=\"1\" decoding=\"async\" width=\"300\" height=\"244\" src=\"https:\/\/i0.wp.com\/comoaprenderjapones.net\/wp-content\/uploads\/2016\/11\/Luiz_Rafael_Curso_Japones_Expresso.jpg?resize=300%2C244&#038;ssl=1\" alt=\"Luiz Rafael Curso Japon\u00eas Expresso\" class=\"wp-image-863\" title=\"Luiz Rafael Curso Japon\u00eas Expresso\"\/><\/figure>\n<\/div>\n\n\n<p>O curso foi criado pelo \u5148\u751f Luiz Rafael, tamb\u00e9m criador do <a href=\"https:\/\/comoaprenderjapones.net\/zh_cn\/%e6%97%a5%e8%af%ad%e5%9c%a8%e7%ba%bf%e8%af%be%e7%a8%8b\/\">programa japon\u00eas online<\/a>, para preencher uma lacuna no qual milhares de pessoas querem resultados r\u00e1pidos para no m\u00ednimo poderem \u201csobreviver\u201d com o b\u00e1sico do idioma no Jap\u00e3o.<\/p>\n\n\n\n<p>O Luiz j\u00e1 estuda a l\u00edngua japonesa desde os seus 15 anos de idade e conta com muita experi\u00eancia na \u00e1rea do aprendizado de idiomas.<\/p>\n\n\n\n<h3 class=\"wp-block-heading\" id=\"o-curso-japones-expresso-e-para-mim\">O curso japon\u00eas expresso \u00e9 para mim?<\/h3>\n\n\n\n<p>Se voc\u00ea vai fazer uma viagem em breve para o Jap\u00e3o ou quer aprender rapidamente a base do idioma japon\u00eas, ent\u00e3o esse curso \u00e9 para voc\u00ea!<\/p>\n\n\n\n<p>Com aulas simples para qualquer pessoa que tenha interesse aprender facilmente o suficiente para se virar no Jap\u00e3o, como por exemplo fazer compras, pegar o trem, agradecer a um nativo, etc.<\/p>\n\n\n\n<p>Se \u00e9 de seu interesse aprender com muita efici\u00eancia o b\u00e1sico para manter uma conversa\u00e7\u00e3o do que voc\u00ea vai precisar na sua viagem ou quer sair do zero e rapidamente aprender a base da l\u00edngua, ent\u00e3o definitivamente esse curso \u00e9 ideal para voc\u00ea!<\/p>\n\n\n\n<h3 class=\"wp-block-heading\" id=\"mais-informacao\">Mais informa\u00e7\u00e3o<\/h3>\n\n\n\n<p>Se quiser saber mais detalhadamente como funciona a inscri\u00e7\u00e3o,suporte e muitos mais clique no bot\u00e3o abaixo:<\/p>\n\n\n\n<p class=\"has-text-align-center\"><a class=\"fasc-button fasc-size-large fasc-type-flat fasc-rounded-medium ico-fa fasc-ico-before fa-mail-forward\" style=\"background-color: #e43f42; color: #ffffff;\" target=\"_blank\" rel=\"noopener noreferrer\" href=\"https:\/\/comoaprenderjapones.net\/zh_cn\/in\/curso-de-japones-gratis-agosto-de-2020\/\">Conhe\u00e7a agora o curso japon\u00eas expresso clicando aqui!<\/a><\/p>\n\n<div style=\"font-size: 0px; height: 0px; line-height: 0px; margin: 0; padding: 0; clear: both;\"><\/div>","protected":false},"excerpt":{"rendered":"<p>Conhe\u00e7a curso online japon\u00eas expresso promete te ajudar a sair do zero no idioma japon\u00eas e tamb\u00e9m para quem tem viagem marcada para o Jap\u00e3o. CURSO N\u00c3O EST\u00c1 DISPONIVEL. Conhe\u00e7a o curso Completo do Sensei<\/p>","protected":false},"author":1,"featured_media":861,"parent":0,"menu_order":0,"comment_status":"closed","ping_status":"closed","template":"","meta":{"footnotes":""},"class_list":["post-860","page","type-page","status-publish","has-post-thumbnail"],"jetpack-related-posts":[{"id":94,"url":"https:\/\/comoaprenderjapones.net\/zh_cn\/%e6%97%a5%e8%af%ad%e5%9c%a8%e7%ba%bf%e8%af%be%e7%a8%8b\/","url_meta":{"origin":860,"position":0},"title":"\u65e5\u8bed\u5728\u7ebf\u8bfe\u7a0b + \u514d\u8d39\u65e5\u8bed\u5f3a\u5316\u6d3b\u52a8","author":"Rafael Avelino","date":"20 de 10 \u6708 de 2014","format":false,"excerpt":"Conhe\u00e7a o curso de japon\u00eas Programa Japon\u00eas Online do Sensei Luiz Rafael! \u3053\u3093\u306b\u3061\u306f! Est\u00e1 procurando um m\u00e9todo eficiente que te ensine do ZERO a ter um n\u00edvel de flu\u00eancia que possa consumir conte\u00fados totalmente em japon\u00eas? O m\u00e9todo criado pelo Luiz Rafael j\u00e1 passou por muitas atualiza\u00e7\u00f5es e est\u00e1 no\u2026","rel":"","context":"\u7c7b\u4f3c\u6587\u7ae0","block_context":{"text":"\u7c7b\u4f3c\u6587\u7ae0","link":""},"img":{"alt_text":"Programa Japon\u00eas Online - Intensiv\u00e3o de japon\u00eas","src":"https:\/\/i0.wp.com\/comoaprenderjapones.net\/wp-content\/uploads\/2021\/01\/programa-japones-online-intensivao-de-japones-2021.jpg?fit=1200%2C932&ssl=1&resize=350%2C200","width":350,"height":200,"srcset":"https:\/\/i0.wp.com\/comoaprenderjapones.net\/wp-content\/uploads\/2021\/01\/programa-japones-online-intensivao-de-japones-2021.jpg?fit=1200%2C932&ssl=1&resize=350%2C200 1x, https:\/\/i0.wp.com\/comoaprenderjapones.net\/wp-content\/uploads\/2021\/01\/programa-japones-online-intensivao-de-japones-2021.jpg?fit=1200%2C932&ssl=1&resize=525%2C300 1.5x, https:\/\/i0.wp.com\/comoaprenderjapones.net\/wp-content\/uploads\/2021\/01\/programa-japones-online-intensivao-de-japones-2021.jpg?fit=1200%2C932&ssl=1&resize=700%2C400 2x, https:\/\/i0.wp.com\/comoaprenderjapones.net\/wp-content\/uploads\/2021\/01\/programa-japones-online-intensivao-de-japones-2021.jpg?fit=1200%2C932&ssl=1&resize=1050%2C600 3x"},"classes":[]},{"id":4016,"url":"https:\/\/comoaprenderjapones.net\/zh_cn\/curso-japones-club-por-skdesu\/","url_meta":{"origin":860,"position":1},"title":"Curso Japon\u00eas Club por Skdesu","author":"Rafael Avelino","date":"2 de 2 \u6708 de 2023","format":false,"excerpt":"Advertorial Aprenda a L\u00edngua Japonesa com o Curso Japon\u00eas Club e Tenha a solu\u00e7\u00e3o definitiva para superar qualquer desafio! Mang\u00e1 Death Note Olha s\u00f3 o que voc\u00ea tem no Curso Japon\u00eas Club! + de 140 v\u00eddeo aulas em Alta Defini\u00e7\u00e3o Jogos e Atividades Interativas Pagamento \u00danico (N\u00e3o tem Mensalidades) Acesso\u2026","rel":"","context":"\u7c7b\u4f3c\u6587\u7ae0","block_context":{"text":"\u7c7b\u4f3c\u6587\u7ae0","link":""},"img":{"alt_text":"","src":"https:\/\/i0.wp.com\/comoaprenderjapones.net\/wp-content\/uploads\/2023\/02\/japones-club-advertorial.jpg?fit=1023%2C499&ssl=1&resize=350%2C200","width":350,"height":200,"srcset":"https:\/\/i0.wp.com\/comoaprenderjapones.net\/wp-content\/uploads\/2023\/02\/japones-club-advertorial.jpg?fit=1023%2C499&ssl=1&resize=350%2C200 1x, https:\/\/i0.wp.com\/comoaprenderjapones.net\/wp-content\/uploads\/2023\/02\/japones-club-advertorial.jpg?fit=1023%2C499&ssl=1&resize=525%2C300 1.5x, https:\/\/i0.wp.com\/comoaprenderjapones.net\/wp-content\/uploads\/2023\/02\/japones-club-advertorial.jpg?fit=1023%2C499&ssl=1&resize=700%2C400 2x"},"classes":[]},{"id":35,"url":"https:\/\/comoaprenderjapones.net\/zh_cn\/sobre\/","url_meta":{"origin":860,"position":2},"title":"\u5173\u4e8e","author":"Rafael Avelino","date":"24 de 8 \u6708 de 2014","format":false,"excerpt":"Ol\u00e1 Minna! Sou Rafael admin deste site, como vai? Muito obrigado por visitar este site que pretende passar dicas de como aprender japon\u00eas para quem est\u00e1 iniciando, assim como eu. Vamos tentar abordar tudo que possa ajudar no seu aprendizado do idioma japon\u00eas, que vai desde animes,m\u00fasicas,mangas e tamb\u00e9m o\u2026","rel":"","context":"\u7c7b\u4f3c\u6587\u7ae0","block_context":{"text":"\u7c7b\u4f3c\u6587\u7ae0","link":""},"img":{"alt_text":"","src":"","width":0,"height":0},"classes":[]},{"id":179,"url":"https:\/\/comoaprenderjapones.net\/zh_cn\/mapa-site\/","url_meta":{"origin":860,"position":3},"title":"Mapa do Site","author":"Rafael Avelino","date":"31 de 1 \u6708 de 2015","format":false,"excerpt":"Mapa do Site Veja todos os artigos publicados aqui no Como Aprender Japon\u00eas","rel":"","context":"\u7c7b\u4f3c\u6587\u7ae0","block_context":{"text":"\u7c7b\u4f3c\u6587\u7ae0","link":""},"img":{"alt_text":"","src":"","width":0,"height":0},"classes":[]},{"id":904,"url":"https:\/\/comoaprenderjapones.net\/zh_cn\/%e7%b2%89%e4%b8%9d%e8%89%ba%e6%9c%af%e6%b3%95\/","url_meta":{"origin":860,"position":4},"title":"\u7c89\u4e1d\u827a\u672f\u6cd5 3.0 - \u5982\u4f55\u7ed8\u5236\u52a8\u6f2b\u4eba\u7269","author":"Rafael Avelino","date":"15 de 2 \u6708 de 2017","format":false,"excerpt":"Aprenda a como desenhar personagem de animes mesmo sem ter o \u201cdom\u201d passo a passo com o m\u00e9todo fan art 3.0 criado pela Mayara Rodrigues.\u00a0 Quem gosta da cultura japonesa, principalmente pelos animes, mangas j\u00e1 teve a curiosidade de saber se \u00e9 poss\u00edvel aprender a desenhar aquele personagem favorito mesmo\u2026","rel":"","context":"\u7c7b\u4f3c\u6587\u7ae0","block_context":{"text":"\u7c7b\u4f3c\u6587\u7ae0","link":""},"img":{"alt_text":"M\u00e9todo Fan Art 3.0 \u2013 Desenhe seu personagem de anime favorito!","src":"https:\/\/i0.wp.com\/comoaprenderjapones.net\/wp-content\/uploads\/2020\/12\/Metod-Fan-Art-3-0-Desenhar-Animes.jpg?fit=1200%2C628&ssl=1&resize=350%2C200","width":350,"height":200,"srcset":"https:\/\/i0.wp.com\/comoaprenderjapones.net\/wp-content\/uploads\/2020\/12\/Metod-Fan-Art-3-0-Desenhar-Animes.jpg?fit=1200%2C628&ssl=1&resize=350%2C200 1x, https:\/\/i0.wp.com\/comoaprenderjapones.net\/wp-content\/uploads\/2020\/12\/Metod-Fan-Art-3-0-Desenhar-Animes.jpg?fit=1200%2C628&ssl=1&resize=525%2C300 1.5x, https:\/\/i0.wp.com\/comoaprenderjapones.net\/wp-content\/uploads\/2020\/12\/Metod-Fan-Art-3-0-Desenhar-Animes.jpg?fit=1200%2C628&ssl=1&resize=700%2C400 2x, https:\/\/i0.wp.com\/comoaprenderjapones.net\/wp-content\/uploads\/2020\/12\/Metod-Fan-Art-3-0-Desenhar-Animes.jpg?fit=1200%2C628&ssl=1&resize=1050%2C600 3x"},"classes":[]},{"id":2786,"url":"https:\/\/comoaprenderjapones.net\/zh_cn\/acompanhe\/","url_meta":{"origin":860,"position":5},"title":"Acompanhe","author":"Rafael Avelino","date":"12 de 6 \u6708 de 2020","format":false,"excerpt":"Para n\u00e3o perder alguma novidade ou dica logo em seguida vou indicar v\u00e1rias op\u00e7\u00f5es para que voc\u00ea acompanhe o comoaprenderjapones.net da maneira que desejar e que mais goste. Acompanhe pelo Feed Um dos meios mais tradicionais para voc\u00ea receber as novidades instantaneamente quando algo \u00e9 publicado por aqui. Feed do\u2026","rel":"","context":"\u7c7b\u4f3c\u6587\u7ae0","block_context":{"text":"\u7c7b\u4f3c\u6587\u7ae0","link":""},"img":{"alt_text":"Acompanhe pelo Feedly o comoaprenderjapones.net","src":"https:\/\/i0.wp.com\/comoaprenderjapones.net\/wp-content\/uploads\/2020\/06\/feedly-follow.png?resize=350%2C200&ssl=1","width":350,"height":200},"classes":[]}],"jetpack_sharing_enabled":true,"amp_enabled":true,"_links":{"self":[{"href":"https:\/\/comoaprenderjapones.net\/zh_cn\/wp-json\/wp\/v2\/pages\/860","targetHints":{"allow":["GET"]}}],"collection":[{"href":"https:\/\/comoaprenderjapones.net\/zh_cn\/wp-json\/wp\/v2\/pages"}],"about":[{"href":"https:\/\/comoaprenderjapones.net\/zh_cn\/wp-json\/wp\/v2\/types\/page"}],"author":[{"embeddable":true,"href":"https:\/\/comoaprenderjapones.net\/zh_cn\/wp-json\/wp\/v2\/users\/1"}],"replies":[{"embeddable":true,"href":"https:\/\/comoaprenderjapones.net\/zh_cn\/wp-json\/wp\/v2\/comments?post=860"}],"version-history":[{"count":0,"href":"https:\/\/comoaprenderjapones.net\/zh_cn\/wp-json\/wp\/v2\/pages\/860\/revisions"}],"wp:featuredmedia":[{"embeddable":true,"href":"https:\/\/comoaprenderjapones.net\/zh_cn\/wp-json\/wp\/v2\/media\/861"}],"wp:attachment":[{"href":"https:\/\/comoaprenderjapones.net\/zh_cn\/wp-json\/wp\/v2\/media?parent=860"}],"curies":[{"name":"wp","href":"https:\/\/api.w.org\/{rel}","templated":true}]}}