{"id":9,"date":"2014-08-24T02:32:54","date_gmt":"2014-08-24T02:32:54","guid":{"rendered":"https:\/\/comoaprenderjapones.net\/?page_id=9"},"modified":"2022-02-07T19:38:46","modified_gmt":"2022-02-07T22:38:46","slug":"%e9%9a%90%e7%a7%81%e6%94%bf%e7%ad%96","status":"publish","type":"page","link":"https:\/\/comoaprenderjapones.net\/zh_cn\/politica-de-privacidade\/","title":{"rendered":"\u9690\u79c1\u653f\u7b56"},"content":{"rendered":"<div class=\"7e456065ddfc52bba92c3508f25583df\" data-index=\"2\" style=\"float: none; margin:0px;\">\n<script async src=\"https:\/\/pagead2.googlesyndication.com\/pagead\/js\/adsbygoogle.js?client=ca-pub-0652292147574552\"\r\n     crossorigin=\"anonymous\"><\/script>\r\n<!-- Ads responsivo Inicio Post CAJap -->\r\n<ins class=\"adsbygoogle\"\r\n     style=\"display:block\"\r\n     data-ad-client=\"ca-pub-0652292147574552\"\r\n     data-ad-slot=\"3298668993\"\r\n     data-ad-format=\"auto\"><\/ins>\r\n<script>\r\n     (adsbygoogle = window.adsbygoogle || []).push({});\r\n<\/script>\n<\/div>\n\n<p>\u5236\u5b9a\u672c\u9690\u79c1\u653f\u7b56\u7684\u76ee\u7684\u662f\u786e\u4fdd\u672c\u7f51\u7ad9\u8bbf\u95ee\u8005\u548c\u6211\u4eec\u670d\u52a1\u7528\u6237\u7684\u4e2a\u4eba\u6570\u636e\u7684\u4fdd\u5bc6\u6027\u3001\u9690\u79c1\u6027\u548c\u4fdd\u62a4\u6027\uff0c\u4fdd\u62a4\u8fd9\u4e9b\u4fe1\u606f\u514d\u906d\u4e22\u5931\u3001\u4e0d\u5f53\u4f7f\u7528\u3001\u672a\u7ecf\u6388\u6743\u7684\u8bbf\u95ee\u3001\u7be1\u6539\u548c\u7834\u574f\u3002<\/p>\n\n\n\n<h2 class=\"wp-block-heading\" id=\"1-coleta-e-uso-das-informacoes\">1.\u4fe1\u606f\u7684\u6536\u96c6\u548c\u4f7f\u7528<\/h2>\n\n\n\n<p>\u8bbf\u95ee\u672c\u7f51\u7ad9\u53ef\u80fd\u9700\u8981\u8bbf\u95ee\u8005\u8fdb\u884c\u6ce8\u518c\uff0c\u6ce8\u518c\u65f6\u8bbf\u95ee\u8005\u5c06\u88ab\u8981\u6c42\u63d0\u4f9b\u80fd\u591f\u8bc6\u522b\u5176\u8eab\u4efd\u7684\u4fe1\u606f\uff0c\u4ee5\u4fbf\u4e0e\u6211\u4eec\u7684\u7528\u6237\u53d6\u5f97\u8054\u7cfb\u3002\u901a\u8fc7\u51b3\u5b9a\u63d0\u4f9b\u5176\u6570\u636e\uff0c\u7528\u6237\u58f0\u660e\u4ed6\u4eec\u4e86\u89e3\u5e76\u63a5\u53d7\u672c\u653f\u7b56\u7684\u6761\u6b3e\u3002\u672c\u7f51\u7ad9\u8fd8\u901a\u8fc7 cookies \u81ea\u52a8\u63a5\u6536\u5e76\u5b58\u50a8\u6709\u5173\u6d4f\u89c8\u5668\u6d3b\u52a8\u7684\u4fe1\u606f\uff0c\u5305\u62ec IP \u5730\u5740\u548c\u8bbf\u95ee\u7684\u9875\u9762\u3002\u8fd9\u4e9b\u6d3b\u52a8\u8bb0\u5f55\uff08\u65e5\u5fd7\uff09\u4ec5\u7528\u4e8e\u7edf\u8ba1\u76ee\u7684\u548c\u8861\u91cf\u6240\u63d0\u4f9b\u7684\u670d\u52a1\u3002<\/p>\n\n\n\n<h3 class=\"wp-block-heading\" id=\"cookies-e-web-beacons\">Cookies \u548c\u7f51\u7edc\u4fe1\u6807<\/h3>\n\n\n\n<p>\u6211\u4eec\u4f7f\u7528&nbsp;<a style=\"font-weight: inherit; font-style: inherit; color: #469db9;\" href=\"https:\/\/pt.wikipedia.org\/wiki\/Cookie\" target=\"_blank\" rel=\"noopener\">\u997c\u5e72<\/a>&nbsp;\u5f53\u60a8\u8bbf\u95ee\u672c\u7f51\u7ad9\u65f6\uff0c\u6211\u4eec\u4f1a\u5c06\u60a8\u7684\u4e2a\u4eba\u504f\u597d\u7b49\u4fe1\u606f\u50a8\u5b58\u8d77\u6765\u3002&nbsp;<strong>\u5982\u4f55\u5b66\u4e60\u65e5\u8bed<\/strong>.\u8fd9\u53ef\u80fd\u5305\u62ec\u4e00\u4e2a\u7b80\u5355\u7684\u5f39\u51fa\u5f0f\u7a97\u53e3\uff0c\u6216\u6211\u4eec\u63d0\u4f9b\u7684\u5404\u79cd\u670d\u52a1\uff08\u5982\u8bba\u575b\uff09\u4e2d\u7684\u94fe\u63a5\u3002<\/p>\n\n\n\n<p>\u8c37\u6b4c\u5229\u7528\u65b0\u7684&nbsp;<a style=\"font-weight: inherit; font-style: inherit; color: #469db9;\" href=\"https:\/\/www.doubleclick.com\/privacy\/faq.aspx?ctx=tltp\" target=\"_blank\" rel=\"noopener\">DART cookie<\/a>&nbsp;\u6839\u636e\u60a8\u7684\u5174\u8da3\u7231\u597d\u4ee5\u53ca\u60a8\u5bf9\u6211\u4eec\u535a\u5ba2\u548c\u5176\u4ed6\u7f51\u5740\u7684\u8bbf\u95ee\u60c5\u51b5\u5411\u60a8\u663e\u793a\u5e7f\u544a\u3002\u60a8\u53ef\u4ee5\u8bbf\u95ee\u8c37\u6b4c\u5e7f\u544a\u9875\u9762\u548c\u8be5\u516c\u53f8\u7684\u76d1\u7ba1\u8ba1\u5212\uff0c\u9009\u62e9\u4e0d\u4f7f\u7528 DART cookie\u3002<\/p>\n\n\n\n<p>\u7528\u6237\u77e5\u6653\u5e76\u540c\u610f\u6240\u6536\u96c6\u7684\u4fe1\u606f\u5c06\u7528\u4e8e\u4ee5\u4e0b\u76ee\u7684\uff1a(a) \u901a\u77e5\u65b0\u5185\u5bb9\u3001\u65b0\u95fb\u548c\u6d3b\u52a8\uff1b(b) \u66f4\u65b0\u8054\u7cfb\u4fe1\u606f\uff1b(c) \u4f18\u5316\u7528\u6237\u6d4f\u89c8\u7f51\u7ad9\u65f6\u7684\u53ef\u7528\u6027\u548c\u4e92\u52a8\u4f53\u9a8c\uff1b(d) \u7f16\u5236\u4e00\u822c\u7edf\u8ba1\u6570\u636e\uff0c\u4f46\u4e0d\u8bc6\u522b\u7528\u6237\u8eab\u4efd\uff1b(e) \u7b54\u590d\u7528\u6237\u7684\u8be2\u95ee\u548c\u8bf7\u6c42\uff1b(f) \u9075\u5b88\u6cd5\u5f8b\u6216\u53f8\u6cd5\u88c1\u51b3\u3002\u6211\u4eec\u8fd8\u4fdd\u7559\u5728\u8c03\u67e5\u6c11\u4e8b\u6216\u5211\u4e8b\u72af\u7f6a\u65f6\uff0c\u7279\u522b\u662f\u5728\u6000\u7591\u5b58\u5728\u6b3a\u8bc8\u3001\u9ed1\u5ba2\u653b\u51fb\u3001\u7be1\u6539\u7cfb\u7edf\u6216\u4e0d\u5f53\u8bbf\u95ee\u5176\u4ed6\u7528\u6237\u7684\u53d7\u4fdd\u62a4\u4fe1\u606f\u548c\u6ce8\u518c\u6570\u636e\u7684\u60c5\u51b5\u4e0b\uff0c\u5728\u4e2a\u522b\u57fa\u7840\u4e0a\u4f7f\u7528\u8fd9\u4e9b\u8bb0\u5f55\u7684\u6743\u5229\u3002<\/p>\n\n\n\n<h2 class=\"wp-block-heading\" id=\"2-guarda-e-responsabilidade-pelas-informacoes-coletadas\">2.\u6240\u6536\u96c6\u4fe1\u606f\u7684\u5b89\u5168\u4fdd\u7ba1\u548c\u8d23\u4efb<\/h2>\n\n\n\n<p>\u7528\u6237\u63d0\u4f9b\u7684\u4efb\u4f55\u4fe1\u606f\u90fd\u5c06\u6309\u7167\u6700\u4e25\u683c\u7684\u5b89\u5168\u548c\u53ef\u9760\u6027\u6807\u51c6\u83b7\u53d6\u548c\u5b58\u50a8\u3002\u6211\u4eec\u5c06\u5c3d\u6700\u5927\u52aa\u529b\u7ef4\u62a4\u6240\u63d0\u4f9b\u4fe1\u606f\u7684\u5b8c\u6574\u6027\uff0c\u56e0\u6b64\u6211\u4eec\u4e0d\u5bf9\u7b2c\u4e09\u65b9\u8bbf\u95ee\u548c\/\u6216\u4f7f\u7528\u8fd9\u4e9b\u4fe1\u606f\u6240\u9020\u6210\u7684\u4efb\u4f55\u635f\u5bb3\u8d1f\u8d23\u3002\u53ea\u6709\u5458\u5de5\u548c\u83b7\u5f97\u6388\u6743\u7684\u4eba\u5458\u624d\u80fd\u8bbf\u95ee\u6240\u6536\u96c6\u7684\u4fe1\u606f\u3002\u8fdd\u53cd\u672c\u9690\u79c1\u653f\u7b56\u6ee5\u7528\u4fe1\u606f\u8005\u5c06\u53d7\u5230\u884c\u653f\u548c\u7eaa\u5f8b\u5904\u5206\uff0c\u4f46\u4e0d\u6392\u9664\u9002\u7528\u7684\u6cd5\u5f8b\u63aa\u65bd\u3002\u9664\u975e\u6709\u6cd5\u5f8b\u6216\u53f8\u6cd5\u547d\u4ee4\uff0c\u5426\u5219\u672c\u7f51\u7ad9\u6ce8\u518c\u7528\u6237\u7684\u4fe1\u606f\u7edd\u4e0d\u4f1a\u8f6c\u8ba9\u7ed9\u7b2c\u4e09\u65b9\uff0c\u4e5f\u4e0d\u4f1a\u7528\u4e8e\u6536\u96c6\u4fe1\u606f\u4e4b\u5916\u7684\u5176\u4ed6\u76ee\u7684\u3002\u6240\u6709\u6536\u96c6\u5230\u7684\u4e2a\u4eba\u6570\u636e\u90fd\u5c06\u7eb3\u5165\u672c\u7f51\u7ad9\u6570\u636e\u5e93\uff0c\u7531\u672c\u7f51\u7ad9\u7ba1\u7406\u5458\u8d1f\u8d23\u7ba1\u7406\u3002<\/p>\n\n\n\n<h2 class=\"wp-block-heading\" id=\"3-informacoes-opinioes-e-conteudos-gerados-por-terceiros\">3.\u7b2c\u4e09\u65b9\u751f\u6210\u7684\u4fe1\u606f\u3001\u610f\u89c1\u548c\u5185\u5bb9<\/h2>\n\n\n\n<p>\u672c\u7f51\u7ad9\u5141\u8bb8\u8bbf\u95ee\u8005\/\u7528\u6237\u901a\u8fc7\u53d1\u8868\u8bc4\u8bba\u3001\u4ea4\u6362\u4fe1\u606f\u3001\u53d1\u5e03\u7531\u7b2c\u4e09\u65b9\u751f\u6210\u7684\u5185\u5bb9\u548c\u5e7f\u544a\u7b49\u65b9\u5f0f\u53c2\u4e0e\u3002\u8bbf\u95ee\u8005\u3001\u7528\u6237\u548c\u5e7f\u544a\u5546\u5728\u6b64\u88ab\u544a\u77e5\uff0c\u4e0d\u5f97\u53d1\u5e03\u4e0d\u9053\u5fb7\u3001\u975e\u6cd5\u3001\u79cd\u65cf\u4e3b\u4e49\u3001\u8bfd\u8c24\u3001\u4e2d\u4f24\u3001\u8272\u60c5\u3001\u72af\u7f6a\u6216\u4efb\u4f55\u4fb5\u72af\u4f5c\u8005\u6743\u5229\u7684\u4fe1\u606f\u3001\u610f\u89c1\u6216\u5185\u5bb9\u3002\u4ed6\u4eec\u8fd8\u77e5\u9053\uff0c\u5728\u672c\u7f51\u7ad9\u4e0a\u81ea\u7531\u63d0\u4f9b\u6216\u53d1\u8868\u7684\u4fe1\u606f\u3001\u5185\u5bb9\u6216\u89c2\u70b9\uff0c\u9664\u6ce8\u518c\u65f6\u8981\u6c42\u63d0\u4f9b\u7684\u4e2a\u4eba\u4fe1\u606f\u5916\uff0c\u5747\u4e0d\u53d7\u672c\u9690\u79c1\u653f\u7b56\u7684\u4fdd\u5bc6\u6216\u4fdd\u62a4\uff0c\u5176\u4ed6\u8bbf\u95ee\u8005\u548c\u7528\u6237\u53ef\u81ea\u7531\u8bbf\u95ee\u548c\u67e5\u770b\u3002\u6b64\u5916\uff0c\u7981\u6b62\u5ba3\u4f20\u6216\u63a8\u5e7f\u4efb\u4f55\u4e0d\u5c0a\u91cd\u6cd5\u5f8b\u3001\u9053\u5fb7\u548c\u826f\u597d\u98ce\u4fd7\u7684\u4ea7\u54c1\u3001\u670d\u52a1\u6216\u6d3b\u52a8\u3002\u672c\u7f51\u7ad9\u8d1f\u8d23\u4eba\u4e0d\u5bf9\u7b2c\u4e09\u65b9\u751f\u6210\u7684\u4fe1\u606f\u3001\u610f\u89c1\u548c\u5185\u5bb9\u8d1f\u8d23\uff0c\u4e5f\u4e0d\u5bf9\u901a\u8fc7\u672c\u7f51\u7ad9\u5ba3\u4f20\u7684\u4ea7\u54c1\u3001\u670d\u52a1\u6216\u6d3b\u52a8\u7684\u8d28\u91cf\u6216\u771f\u5b9e\u6027\u8d1f\u8d23\u3002  \u4efb\u4f55\u4e0d\u9053\u5fb7\u6216\u975e\u6cd5\u7684\u8868\u73b0\u5f62\u5f0f\u3001\u590d\u5236\u6216\u53d1\u5e03\u90fd\u5fc5\u987b\u901a\u77e5\u672c\u7f51\u7ad9\u7684\u7ec4\u7ec7\u8005\uff0c\u5e76\u7acb\u5373\u4e88\u4ee5\u5220\u9664\u3002\u901a\u77e5\u5e94\u53d1\u9001\u81f3\u7f51\u7ad9\u8d1f\u8d23\u4eba\u7684\u5730\u5740\u3002<\/p>\n\n\n\n<h2 class=\"wp-block-heading\" id=\"4-responsabilidade-dos-usuarios\">4.\u7528\u6237\u8d23\u4efb<\/h2>\n\n\n\n<p>\u7528\u6237\u6709\u8d23\u4efb\u4fdd\u62a4\u81ea\u5df1\u7684\u5bc6\u7801\u548c\u767b\u5f55\u4fe1\u606f\u3002\u6211\u4eec\u4e0d\u5efa\u8bae\u4f7f\u7528\u660e\u663e\u7684\u5bc6\u7801\uff0c\u5982\u7279\u6b8a\u65e5\u671f\u3001\u59d3\u540d\u6216\u6570\u5b57\u5e8f\u5217\u3002\u5982\u679c\u7528\u6237\u610f\u8bc6\u5230\u6216\u6000\u7591\u81ea\u5df1\u7684\u5bc6\u7801\u88ab\u53d1\u73b0\uff0c\u5e94\u5728\u6ce8\u518c\u9875\u9762\u4e0a\u66f4\u6539\u5bc6\u7801\u3002\u6211\u4eec\u81f4\u529b\u4e8e\u4fdd\u62a4\u513f\u7ae5\u7684\u7f51\u4e0a\u9690\u79c1\u3002\u4efb\u4f55\u672a\u6210\u5e74\u4eba\u6ce8\u518c\u7684\u76ee\u7684\u4ec5\u9650\u4e8e\u53c2\u4e0e\u7f51\u7ad9\u4e0a\u5177\u6709\u6559\u80b2\u5185\u5bb9\u7684\u9650\u5236\u533a\u57df\u3002\u513f\u7ae5\u6570\u636e\u4ec5\u7528\u4e8e\u56de\u7b54\u8be2\u95ee\u3001\u5b66\u672f\u95ee\u9898\u3001\u9884\u8ba2\u5b66\u6821\u8bb2\u5ea7\u6216\u4e00\u822c\u7edf\u8ba1\u76ee\u7684\u3002\u6211\u4eec\u8fd8\u5efa\u8bae\u672a\u6210\u5e74\u4eba\u59cb\u7ec8\u5728\u5176\u76d1\u62a4\u4eba\u7684\u6307\u5bfc\u548c\u76d1\u7763\u4e0b\u4f7f\u7528\u7f51\u7ad9\uff0c\u76d1\u62a4\u4eba\u53ef\u968f\u65f6\u8981\u6c42\u53d6\u6d88\u5176\u6ce8\u518c\u3002\u672c\u653f\u7b56\u5c06\u4e0d\u65ad\u6539\u8fdb\u548c\u5b8c\u5584\u3002\u56e0\u6b64\uff0c\u6211\u4eec\u5efa\u8bae\u60a8\u5b9a\u671f\u67e5\u770b\u3002<\/p>\n\n<div style=\"font-size: 0px; height: 0px; line-height: 0px; margin: 0; padding: 0; clear: both;\"><\/div>","protected":false},"excerpt":{"rendered":"<p>Esta Pol\u00edtica de Privacidade foi elaborada visando zelar pela confidencialidade, privacidade e prote\u00e7\u00e3o dos dados pessoais dos visitantes deste site e dos usu\u00e1rios de nossos servi\u00e7os, protegendo essas informa\u00e7\u00f5es de perdas, uso impr\u00f3prio, acesso n\u00e3o<\/p>","protected":false},"author":1,"featured_media":0,"parent":0,"menu_order":0,"comment_status":"closed","ping_status":"closed","template":"","meta":{"footnotes":""},"class_list":["post-9","page","type-page","status-publish"],"jetpack-related-posts":[],"jetpack_sharing_enabled":false,"amp_enabled":true,"_links":{"self":[{"href":"https:\/\/comoaprenderjapones.net\/zh_cn\/wp-json\/wp\/v2\/pages\/9","targetHints":{"allow":["GET"]}}],"collection":[{"href":"https:\/\/comoaprenderjapones.net\/zh_cn\/wp-json\/wp\/v2\/pages"}],"about":[{"href":"https:\/\/comoaprenderjapones.net\/zh_cn\/wp-json\/wp\/v2\/types\/page"}],"author":[{"embeddable":true,"href":"https:\/\/comoaprenderjapones.net\/zh_cn\/wp-json\/wp\/v2\/users\/1"}],"replies":[{"embeddable":true,"href":"https:\/\/comoaprenderjapones.net\/zh_cn\/wp-json\/wp\/v2\/comments?post=9"}],"version-history":[{"count":0,"href":"https:\/\/comoaprenderjapones.net\/zh_cn\/wp-json\/wp\/v2\/pages\/9\/revisions"}],"wp:attachment":[{"href":"https:\/\/comoaprenderjapones.net\/zh_cn\/wp-json\/wp\/v2\/media?parent=9"}],"curies":[{"name":"wp","href":"https:\/\/api.w.org\/{rel}","templated":true}]}}