{"id":94,"date":"2014-10-20T14:59:33","date_gmt":"2014-10-20T16:59:33","guid":{"rendered":"https:\/\/comoaprenderjapones.net\/?page_id=94"},"modified":"2022-02-07T19:04:36","modified_gmt":"2022-02-07T22:04:36","slug":"%e6%97%a5%e8%af%ad%e5%9c%a8%e7%ba%bf%e8%af%be%e7%a8%8b","status":"publish","type":"page","link":"https:\/\/comoaprenderjapones.net\/zh_cn\/programa-japones-online\/","title":{"rendered":"\u65e5\u8bed\u5728\u7ebf\u8bfe\u7a0b + \u514d\u8d39\u65e5\u8bed\u5f3a\u5316\u6d3b\u52a8"},"content":{"rendered":"<div class=\"7e456065ddfc52bba92c3508f25583df\" data-index=\"2\" style=\"float: none; margin:0px;\">\n<script async src=\"https:\/\/pagead2.googlesyndication.com\/pagead\/js\/adsbygoogle.js?client=ca-pub-0652292147574552\"\r\n     crossorigin=\"anonymous\"><\/script>\r\n<!-- Ads responsivo Inicio Post CAJap -->\r\n<ins class=\"adsbygoogle\"\r\n     style=\"display:block\"\r\n     data-ad-client=\"ca-pub-0652292147574552\"\r\n     data-ad-slot=\"3298668993\"\r\n     data-ad-format=\"auto\"><\/ins>\r\n<script>\r\n     (adsbygoogle = window.adsbygoogle || []).push({});\r\n<\/script>\n<\/div>\n\n<p><em>\u4e86\u89e3\u65e5\u8bed\u8bfe\u7a0b <strong>\u65e5\u8bed\u5728\u7ebf\u8bfe\u7a0b<\/strong> \u6765\u81ea\u8def\u6613\u65af-\u62c9\u6590\u5c14\u8001\u5e08\uff01<\/em><\/p>\n\n\n\n<p>\u3053\u3093\u306b\u3061\u306f\uff01\u60a8\u662f\u5426\u6b63\u5728\u5bfb\u627e\u4e00\u79cd\u9ad8\u6548\u7684\u65b9\u6cd5\uff0c\u5c06\u60a8\u4ece\u96f6\u57fa\u7840\u6559\u5230\u53ef\u4ee5\u5b8c\u5168\u4f7f\u7528\u65e5\u8bed\u9605\u8bfb\u5185\u5bb9\u7684\u6d41\u5229\u6c34\u5e73\uff1f<\/p>\n\n\n\n<p>\u8def\u6613\u65af-\u62c9\u6590\u5c14\u521b\u5efa\u7684\u65b9\u6cd5\u7ecf\u8fc7\u591a\u6b21\u66f4\u65b0\uff0c\u5df2\u5728\u5e02\u573a\u4e0a\u9500\u552e\u591a\u5e74\uff0c\u76ee\u524d\uff082021 \u5e74\uff09\u662f\u6700\u597d\u3001\u6700\u5b8c\u6574\u7684\u5728\u7ebf\u65e5\u8bed\u8bfe\u7a0b\u4e4b\u4e00\u3002<\/p>\n\n\n\n<p class=\"has-background\" style=\"background-color:#fff2f2\"><strong>\u6587\u7ae0\u6458\u8981<br \/><\/strong><a href=\"#lingua-japonesa\">\u65e5\u8bed<br \/><\/a><a href=\"#quem-e-luiz-rafael\">\u8def\u6613\u65af-\u62c9\u6590\u5c14\u662f\u8c01\uff1f<br \/><\/a><a href=\"#programa-japones-online\">\u65e5\u8bed\u5728\u7ebf\u8bfe\u7a0b<br \/><\/a><a href=\"#depoimento-aluno\">\u65e5\u8bed\u5728\u7ebf\u8bfe\u7a0b\u5b66\u751f\u611f\u8a00<br \/><\/a><a href=\"#intensivao-japones\">\u65e5\u8bed\u5f3a\u5316<br \/><\/a><a href=\"#abertura-vagas\">\u7a7a\u7f3a\u804c\u4f4d\u5982\u4f55\u8fd0\u4f5c\uff1f<\/a><\/p>\n\n\n\n<p>\u5982\u679c\u60a8\u559c\u6b22\u65e5\u672c\u6587\u5316\uff0c\u559c\u6b22\u52a8\u6f2b\u3001\u6b66\u4fa0\u3001\u6f2b\u753b\u548c\u7535\u5f71\uff0c\u8fd9\u5c31\u662f\u60a8\u5f00\u59cb\u89c2\u770b\u65e0\u5b57\u5e55\u7535\u5f71\u7684\u597d\u7406\u7531\u3002<\/p>\n\n\n\n<p>\u4e0d\u4e00\u5b9a\u662f\u8fd9\u4e9b\uff0c\u5728\u65e5\u672c\u65c5\u884c\u3001\u751f\u6d3b\u6216\u5b66\u4e60\u4e5f\u662f\u5b66\u4e60\u65e5\u8bed\u7684\u7edd\u4f73\u7406\u7531\u3002<\/p>\n\n\n\n<p>\u65e0\u8bba\u5982\u4f55\uff0c\u53ea\u8981\u60a8\u51b3\u5b9a\u5b66\u4e60\u65e5\u8bed\uff0c\u672c\u8bfe\u7a0b\u5c31\u80fd\u5e2e\u52a9\u60a8\u5b9e\u73b0\u76ee\u6807\u3002<\/p>\n\n\n\n<h2 class=\"wp-block-heading\" id=\"lingua-japonesa\"><span style=\"color: #e5141b;\">\u65e5\u8bed<\/span><\/h2>\n\n\n\n<p><strong>\u5b66\u4e60\u65e5\u8bed<\/strong> \u5e76\u4e0d\u50cf\u5f88\u591a\u4eba\uff08\u5305\u62ec\u6211\u81ea\u5df1\uff09\u60f3\u8c61\u7684\u90a3\u6837\u56f0\u96be\u3002\u638c\u63e1\u6b63\u786e\u7684\u5b66\u4e60\u65b9\u6cd5\u4f1a\u8ba9\u4f60\u5b66\u5f97\u66f4\u8f7b\u677e\u3002<\/p>\n\n\n\n<p>\u5f53\u7136 <a href=\"https:\/\/pt.wikipedia.org\/wiki\/L%C3%ADngua_japonesa\" target=\"_blank\" rel=\"noopener noreferrer\">\u65e5\u8bed<\/a> \u8fd9\u4e0e\u6211\u4eec\u5b66\u4e60\u82f1\u8bed\u4e0d\u540c\uff0c\u56e0\u4e3a\u5728\u82f1\u8bed\u4e2d\uff0c\u6211\u4eec\u5df2\u7ecf\u719f\u6089\u4e86\u8fd9\u4e9b\u5355\u8bcd\uff0c\u66f4\u4e0d\u7528\u8bf4\u6211\u4eec\u5728\u65e5\u5e38\u751f\u6d3b\u4e2d\u4f1a\u7528\u5230\u5f88\u591a\u5355\u8bcd\uff0c\u800c\u4e14\u6709\u5f88\u591a\u53d1\u97f3\u3002<\/p>\n\n\n\n<p>\u800c\u65e5\u8bed\u5219\u7edd\u5bf9\u9700\u8981\u4ece\u96f6\u5f00\u59cb\uff0c\u624d\u80fd\u8bf4\u5f97\u6d41\u5229\u3002\u771f\u6b63 \"\u96be\u5012 \"\u521d\u5b66\u8005\u7684\u662f\u65e5\u8bed\u5b57\u6bcd\/\u8c61\u5f62\u6587\u5b57\uff0c\u5171\u6709\u4e09\u79cd\uff1a<\/p>\n\n\n\n<ul class=\"wp-block-list\"><li>\u5e73\u5047\u540d\u6709 46 \u4e2a\u8868\u610f\u6587\u5b57\u3002<\/li><li>\u7247\u5047\u540d\u6709 46 \u4e2a\u8868\u610f\u6587\u5b57\u3002<\/li><li>\u6c49\u5b57\u6709\u6570\u5343\u4e2a\u8868\u610f\u6587\u5b57\uff0c\u4f46\u6700\u5e38\u7528\u7684\u7ea6\u6709 2,500 \u4e2a\u6c49\u5b57\u3002<\/li><\/ul>\n\n\n\n<p>\u6211\u4eec\u8fd8\u6709\u7f57\u9a6c\u5b57\u548c\u5047\u540d\uff0c\u7f57\u9a6c\u5b57\u5e2e\u52a9\u6211\u4eec\u6b63\u786e\u9605\u8bfb\u548c\u53d1\u97f3\uff0c\u5047\u540d\u901a\u5e38\u7528\u5e73\u5047\u540d\u4e66\u5199\uff0c\u4f4d\u4e8e\u6c49\u5b57\u4e4b\u4e0a\uff0c\u63cf\u8ff0\u6c49\u5b57\u7684\u53d1\u97f3\u3002<\/p>\n\n\n\n<p>\u5b66\u4e60\u65e5\u672c\u8bed\u5e76\u4e0d\u590d\u6742\uff0c\u56e0\u4e3a <a href=\"https:\/\/comoaprenderjapones.net\/zh_cn\/in\/aprenda-nihongo\/\" target=\"_blank\" rel=\"noreferrer noopener\">\u8def\u6613\u65af-\u62c9\u6590\u5c14\u8001\u5e08<\/a> \u8bf4\uff0c\u6211\u4eec\u9700\u8981\u5927\u91cf\u8f93\u5165\uff0c\u5373\u6211\u4eec\u63a5\u6536\u5230\u7684\u4e00\u5207\uff0c\u65e0\u8bba\u662f\u901a\u8fc7\u9605\u8bfb\u8fd8\u662f\u8046\u542c\u3002<\/p>\n\n\n<div class=\"gb-button-wrapper gb-button-wrapper-9eef6438\">\n\n<a class=\"gb-button gb-button-62a4c394 gb-button-text\" href=\"https:\/\/comoaprenderjapones.net\/zh_cn\/in\/aprenda-nihongo\/\" target=\"_blank\" rel=\"nofollow noopener noreferrer\">\u70b9\u51fb\u6b64\u5904\u4e86\u89e3\u8be5\u8ba1\u5212\u7684\u66f4\u591a\u4fe1\u606f\uff01<\/a>\n\n<\/div>\n\n\n<h2 class=\"wp-block-heading\" id=\"quem-e-luiz-rafael\"><span style=\"color: #e5141b;\">\u8c01\u662f\u8def\u6613\u65af-\u62c9\u6590\u5c14\u5148\u751f\uff1f<\/span><\/h2>\n\n\n\n<div class=\"wp-block-image\"><figure class=\"alignleft\"><img data-recalc-dims=\"1\" decoding=\"async\" width=\"371\" height=\"267\" src=\"https:\/\/i0.wp.com\/comoaprenderjapones.net\/wp-content\/uploads\/2014\/10\/Luiz_Rafael_Programa_Japones_Online.png?resize=371%2C267&#038;ssl=1\" alt=\"Luiz Rafael \u65e5\u672c\u5728\u7ebf\u8ba1\u5212\u7684\u521b\u5efa\u8005\" class=\"wp-image-95\" title=\"\u65e5\u8bed\u5728\u7ebf\u8bfe\u7a0b\" srcset=\"https:\/\/i0.wp.com\/comoaprenderjapones.net\/wp-content\/uploads\/2014\/10\/Luiz_Rafael_Programa_Japones_Online.png?w=371&amp;ssl=1 371w, https:\/\/i0.wp.com\/comoaprenderjapones.net\/wp-content\/uploads\/2014\/10\/Luiz_Rafael_Programa_Japones_Online.png?resize=300%2C215&amp;ssl=1 300w\" sizes=\"(max-width: 371px) 100vw, 371px\" \/><figcaption><strong>\u8def\u6613\u65af-\u62c9\u6590\u5c14<\/strong> \u65e5\u8bed\u5728\u7ebf\u8ba1\u5212\u7684\u521b\u5efa\u8005<\/figcaption><\/figure><\/div>\n\n\n\n<p>\u8def\u6613\u65af\u662f\u6210\u5343\u4e0a\u4e07\u4eba\u4e2d\u7684\u4e00\u5458\uff0c\u4ed6\u5728\u5341\u51e0\u5c81\u65f6\u5c31\u5bf9\u65e5\u672c\u6587\u5316\uff08\u65e0\u8bba\u662f\u6f2b\u753b\u3001\u52a8\u753b\u8fd8\u662f\u7535\u5f71\uff09\u4ea7\u751f\u4e86\u5174\u8da3\uff0c\u5e76\u51b3\u5b9a\u5b66\u4e60\u65e5\u8bed\u3002<\/p>\n\n\n\n<p>\u548c\u7edd\u5927\u591a\u6570\u4eba\u4e00\u6837\uff0c\u4ed6\u4e00\u5f00\u59cb\u4e5f\u8d70\u9519\u4e86\u8def\uff0c\u8ba4\u4e3a\u81ea\u5df1\u4f1a\u53d8\u5f97\u6d41\u5229\uff0c\u4f46\u53c2\u52a0\u9762\u6388\u8bfe\u7a0b\u7684\u6548\u679c\u5e76\u4e0d\u7406\u60f3\u3002<\/p>\n\n\n\n<p>\u4e8e\u662f\uff0c\u4ed6\u5f00\u59cb\u5bfb\u627e\u5b66\u4e60\u65b0\u8bed\u8a00\u7684\u6b63\u786e\u65b9\u6cd5\uff0c\u5e76\u4ed8\u8bf8\u5b9e\u8df5\uff0c\u770b\u770b\u662f\u5426\u771f\u7684\u6709\u6548\u3002<\/p>\n\n\n\n<p>\u4ee4\u4eba\u96be\u4ee5\u7f6e\u4fe1\u7684\u662f\uff0c\u4ed6\u7528\u8fd9\u79cd\u65b9\u6cd5\u53d6\u5f97\u4e86\u6210\u529f\uff0c\u8fbe\u5230\u4e86\u6d41\u5229\u8bf4\u65e5\u8bed\u7684\u76ee\u6807\u3002<\/p>\n\n\n\n<h2 class=\"has-text-align-left wp-block-heading\" id=\"programa-japones-online\"><span style=\"color: #e5141b;\">\u65e5\u8bed\u5728\u7ebf\u8bfe\u7a0b<\/span><\/h2>\n\n\n\n<p>\u8003\u8651\u5230\u8fd9\u4e00\u9700\u6c42\u4ee5\u53ca\u6210\u5343\u4e0a\u4e07\u60f3\u8981\u5b66\u4e60\u65e5\u672c\u8bed\u7684\u4eba\u7684\u82e6\u607c\uff0c\u8001\u5e08\u51b3\u5b9a <a href=\"https:\/\/comoaprenderjapones.net\/zh_cn\/in\/aprenda-nihongo\/\" target=\"_blank\" rel=\"noreferrer noopener\">\u521b\u5efa\u5728\u7ebf\u65e5\u8bed\u8bfe\u7a0b<\/a> \u8fd9\u6837\u4f60\u5c31\u80fd\u66f4\u9ad8\u6548\u5730\u5b66\u4e60\u3002<\/p>\n\n\n\n<p>\u8def\u6613\u65af-\u62c9\u6590\u5c14\u8001\u5e08\u5f00\u53d1\u7684\u65b9\u6cd5\u975e\u5e38\u6709\u6548\u3002\u5176\u4e2d\u4e00\u4e2a\u652f\u67f1\u662f\uff0c\u9996\u5148\u8981\u5b66\u4f1a\u9605\u8bfb\uff0c\u624d\u80fd\u5f00\u59cb\u5927\u91cf\u8f93\u5165\u3002\u901a\u8fc7\u5b66\u4e60\u5e73\u5047\u540d\u548c\u7247\u5047\u540d\uff0c\u60a8\u53ef\u4ee5\u5f00\u59cb\u9605\u8bfb\u6f2b\u753b\u3001\u4e66\u7c4d\u548c\u7f51\u7ad9\u3002<\/p>\n\n\n\n<p>Sensei \u4e0d\u4ec5\u6559\u5b66\u65b9\u6cd5\u6bd4\u5927\u591a\u6570\u4eba\u90fd\u597d\uff0c\u800c\u4e14\u8fd8\u80fd\u4e3a\u4f60\u63d0\u4f9b\u51fa\u8272\u7684\u652f\u6301\u3002\u4ed6\u4e0d\u4f1a\u8ba9\u4f60\u6c14\u9981\uff0c\u4ed6\u4f1a\u7ecf\u5e38\u7ed9\u4f60\u53d1\u9001\u65b0\u95fb\u3001\u6545\u4e8b\u548c\u6fc0\u52b1\uff0c\u8ba9\u4f60\u4e0d\u4f1a\u505c\u6b62\u5b66\u4e60\uff0c\u4ee5\u5b9e\u73b0\u81ea\u5df1\u7684\u76ee\u6807\u3002<\/p>\n\n\n\n<p>\u8bfe\u7a0b\u7684\u91cd\u70b9\u4e0d\u5728\u4e8e\u8bed\u6cd5\uff0c\u4f60\u53ef\u4ee5\u5728\u4e00\u4e2a\u53ea\u9762\u5411\u5b66\u751f\u7684\u5c01\u95ed\u7f51\u7ad9\u548c\u4e00\u4e2a\u95e8\u6237\u7f51\u7ad9\u793e\u533a\u4e0a\u6309\u7167\u81ea\u5df1\u7684\u8282\u594f\u5b66\u4e60\u3002<\/p>\n\n\n\n<h3 class=\"wp-block-heading\" id=\"depoimento-aluno\"><span style=\"color: #e5141b;\">\u63a8\u8350\u4fe1\uff1a\u65e5\u8bed\u5728\u7ebf\u8bfe\u7a0b\u5b66\u751f<\/span><\/h3>\n\n\n\n<p>\u4ee5\u4e0b\u662f\u8def\u6613\u65af-\u7231\u5fb7\u534e\u591a-\u52aa\u5185\u65af\uff08Lu\u00eds Eduardo Nunes\uff09\u5bf9\u8bfe\u7a0b\u548c\u8ba4\u771f\u5b66\u4e60\u91cd\u8981\u6027\u7684\u8877\u5fc3\u611f\u8a00\uff0c\u4ee5\u53ca\u8def\u6613\u65af\u7684\u65b9\u6cd5\uff0c\u8fd9\u4e0d\u4ec5\u4ec5\u662f\u4e00\u95e8\u8bfe\u7a0b\u3002 <a href=\"https:\/\/comoaprenderjapones.net\/zh_cn\/%e6%97%a5%e8%af%ad%e5%9c%a8%e7%ba%bf%e8%af%be%e7%a8%8b\/\">\u65e5\u8bed\u8bfe\u7a0b<\/a> \u4ee5\u53ca\u5b66\u4e60\u8bed\u8a00\u6700\u6709\u6548\u7684\u65b9\u6cd5\uff0c\u770b\uff1a<\/p>\n\n\n\n<figure class=\"wp-block-embed is-type-video is-provider-youtube wp-block-embed-youtube wp-embed-aspect-16-9 wp-has-aspect-ratio\"><div class=\"wp-block-embed__wrapper\">\n<iframe title=\"\u5982\u4f55\u5b66\u4e60\u65e5\u8bed\u7684\u91cd\u8981\u6027 (Lu\u00eds Eduardo Nunes) | \u65e5\u8bed\u5728\u7ebf\u8bfe\u7a0b\" width=\"1200\" height=\"675\" src=\"https:\/\/www.youtube.com\/embed\/xwTbhm8ASq4?feature=oembed\" frameborder=\"0\" allow=\"accelerometer; autoplay; clipboard-write; encrypted-media; gyroscope; picture-in-picture\" allowfullscreen><\/iframe>\n<\/div><figcaption>Eduardo Nunes \u8bc1\u8a00 - \u65e5\u8bed\u5728\u7ebf\u8bfe\u7a0b<\/figcaption><\/figure>\n\n\n\n<p>\u6b63\u5982\u9884\u671f\u7684\u90a3\u6837 <a href=\"https:\/\/comoaprenderjapones.net\/zh_cn\/in\/aprenda-nihongo\/\" target=\"_blank\" rel=\"noreferrer noopener\">\u5728\u7ebf\u65e5\u8bed\u8bfe\u7a0b\u540d\u989d\u6709\u9650<\/a> \u8fd9\u6837\u8001\u5e08\u5c31\u80fd\u7ed9\u4e88\u6bcf\u4e2a\u4eba\u5e94\u6709\u7684\u5173\u6ce8\uff0c\u5e76\u56de\u7b54\u4ed6\u4eec\u7684\u95ee\u9898\u3002<\/p>\n\n\n\n<h2 class=\"wp-block-heading\" id=\"intensivao-japones\"><span style=\"color: #e5141b;\">\u65e5\u8bed\u5f3a\u5316<\/span><\/h2>\n\n\n\n<p>\u8def\u6613\u65af-\u62c9\u6590\u5c14\u6bcf\u5e74\u90fd\u4f1a\u7ec4\u7ec7\u4e24\u6b21\uff08\u6216\u66f4\u591a\uff09\u540d\u4e3a <strong>\u65e5\u8bed\u5f3a\u5316\u8bfe\u7a0b<\/strong> \u5728\u8fd9\u4e00\u514d\u8d39\u8ff7\u4f60\u8bfe\u7a0b\u4e2d\uff0c\u4ed6\u4ecb\u7ecd\u4e86\u66f4\u8f7b\u677e\u3001\u66f4\u9ad8\u6548\u5730\u5b66\u4e60\u65e5\u8bed\u7684\u65b9\u6cd5\u3002<\/p>\n\n\n\n<p>\u76ee\u524d\u5df2\u7ecf\u4e3e\u529e\u4e86\u51e0\u671f\u65e5\u8bed\u5f3a\u5316\u73ed\uff0c\u5982\u9700\u4e86\u89e3\u4e0b\u4e00\u671f\u7684\u60c5\u51b5\uff0c\u8bf7\u70b9\u51fb\u6b64\u5904\u3002 <a href=\"https:\/\/comoaprenderjapones.net\/zh_cn\/in\/aprenda-nihongo\/\" target=\"_blank\" rel=\"noreferrer noopener\">\u70b9\u51fb\u6b64\u5904<\/a>!<\/p>\n\n\n\n<p><em>\u8bf7\u8bb0\u4f4f\uff0c\u8fd9\u9879\u6d3b\u52a8\u6bcf\u5e74\u53ea\u4e3e\u884c\u51e0\u6b21\uff0c\u5f53\u60a8\u8bfb\u5230\u8fd9\u7bc7\u6587\u7ae0\u65f6\u53ef\u80fd\u5df2\u7ecf\u7ed3\u675f\u4e86\u3002<\/em><\/p>\n\n\n\n<div class=\"wp-block-image\"><figure class=\"aligncenter size-large\"><img data-recalc-dims=\"1\" decoding=\"async\" width=\"1024\" height=\"318\" src=\"https:\/\/i0.wp.com\/comoaprenderjapones.net\/wp-content\/uploads\/2021\/01\/Intensivao-japones-2021-janeiro.jpg?resize=1024%2C318&#038;ssl=1\" alt=\"\u5728\u7ebf\u65e5\u8bed\u8bfe\u7a0b \u65e5\u8bed\u5f3a\u5316\" class=\"wp-image-3146\" srcset=\"https:\/\/i0.wp.com\/comoaprenderjapones.net\/wp-content\/uploads\/2021\/01\/Intensivao-japones-2021-janeiro.jpg?resize=1024%2C318&amp;ssl=1 1024w, https:\/\/i0.wp.com\/comoaprenderjapones.net\/wp-content\/uploads\/2021\/01\/Intensivao-japones-2021-janeiro.jpg?resize=300%2C93&amp;ssl=1 300w, https:\/\/i0.wp.com\/comoaprenderjapones.net\/wp-content\/uploads\/2021\/01\/Intensivao-japones-2021-janeiro.jpg?resize=768%2C239&amp;ssl=1 768w, https:\/\/i0.wp.com\/comoaprenderjapones.net\/wp-content\/uploads\/2021\/01\/Intensivao-japones-2021-janeiro.jpg?resize=150%2C47&amp;ssl=1 150w, https:\/\/i0.wp.com\/comoaprenderjapones.net\/wp-content\/uploads\/2021\/01\/Intensivao-japones-2021-janeiro.jpg?w=1045&amp;ssl=1 1045w\" sizes=\"(max-width: 1024px) 100vw, 1024px\" \/><figcaption>\u5728\u7ebf\u65e5\u8bed\u8bfe\u7a0b \u65e5\u8bed\u5f3a\u5316<\/figcaption><\/figure><\/div>\n\n\n\n<p>\u901a\u8fc7\u65e5\u8bed\u5728\u7ebf\u8bfe\u7a0b\uff0c\u60a8\u5c06\u62e5\u6709\u4e00\u4e2a\u5305\u542b\u89c6\u9891\u8bfe\u7a0b\u3001\u8bb2\u4e49\u3001\u97f3\u9891\u7b49\u5185\u5bb9\u7684\u4f1a\u5458\u4e13\u7528\u7f51\u7ad9\uff0c\u65e0\u9700\u518d\u5728\u4e92\u8054\u7f51\u4e0a\u641c\u7d22\u5b66\u4e60\u65e5\u8bed\u7684\u65b9\u6cd5\uff01<br \/><\/p>\n\n\n\n<p>\u60a8\u5c06\u6536\u5230\u4e00\u7cfb\u5217\u514d\u8d39\u89c6\u9891\uff0c\u4e86\u89e3 \u305b\u3093\u305b\u3044 Luiz Rafael \u7684\u6545\u4e8b\u548c\u65b9\u6cd5\uff0c\u4ee5\u53ca\u4ed6\u6d41\u5229\u5b66\u4e60\u65e5\u672c\u8bed\u7684\u5386\u7a0b\u3002<\/p>\n\n\n\n<h3 class=\"wp-block-heading\" id=\"abertura-vagas\"><span style=\"color: #e5141b;\">\u65e5\u8bed\u5728\u7ebf\u8bfe\u7a0b\u7684\u7a7a\u7f3a\u804c\u4f4d\u662f\u5982\u4f55\u4ea7\u751f\u7684\uff1f<\/span><\/h3>\n\n\n\n<p>\u5982\u679c\u60a8\u53c2\u52a0\u4e86\u901a\u5e38\u4e3a\u671f\u4e00\u5468\u6216\u66f4\u957f\u65f6\u95f4\u7684 NIHONGO \u5468\u6d3b\u52a8\uff0c\u60a8\u5c31\u4f1a\u4e86\u89e3\u5230\u8def\u6613\u65af\u662f\u5982\u4f55\u7528\u4ed6\u7684\u65b9\u6cd5\u8bba\u8fdb\u884c\u6559\u5b66\u7684\uff0c\u4ee5\u53ca\u652f\u6301\u5c06\u5982\u4f55\u53d1\u6325\u4f5c\u7528\u3002<\/p>\n\n\n\n<p>\u8bfe\u7a0b\u4e3a\u671f 9 \u4e2a\u6708\uff0c\u4f46\u60a8\u8fd8\u5c06\u83b7\u5f97 9 \u4e2a\u6708\u5171\u8ba1 18 \u4e2a\u6708\u7684\u8bfe\u7a0b\u4f7f\u7528\u6743\uff0c\u4ee5\u53ca\u4e0e\u56e2\u961f\u4e00\u8d77\u56de\u7b54\u60a8\u6240\u6709\u95ee\u9898\u7684\u5168\u9762\u652f\u6301\u3002<\/p>\n\n\n\n<p>\u6b64\u5916\uff0c\u8be5\u8ba1\u5212\u8fd8\u89c4\u5b9a\u4e86\u540d\u989d\u9650\u5236\uff0c\u4ee5\u4fbf\u4e3a\u6bcf\u4e2a\u5b66\u751f\u63d0\u4f9b\u826f\u597d\u7684\u652f\u6301\u3002<\/p>\n\n\n\n<p>\u8bf7\u6ce8\u610f\uff0c\u540d\u989d\u901a\u5e38\u5728\u4e24\u5929\u5185\u7528\u5b8c\uff0c\u5f00\u653e\u65f6\u95f4\u4e5f\u6700\u957f\u4e3a 3 \u5929\uff0c\u4f46\u5728\u6700\u540e\u4e00\u5929\u4e4b\u524d\u540d\u989d\u5c31\u4f1a\u7528\u5b8c\u3002<\/p>\n\n\n\n<p>\u5982\u679c\u60a8\u6709\u5174\u8da3\u901a\u8fc7\u5df4\u897f\u6700\u597d\u7684\u65b9\u6cd5\u5b66\u4e60\u65e5\u8bed\uff0c\u8bf7\u70b9\u51fb\u4e0b\u9762\u7684\u6309\u94ae\uff1a<\/p>\n\n\n<div class=\"gb-button-wrapper gb-button-wrapper-f4deca25\">\n\n<a class=\"gb-button gb-button-7aa7f773 gb-button-text\" href=\"https:\/\/comoaprenderjapones.net\/zh_cn\/in\/aprenda-nihongo\/\" target=\"_blank\" rel=\"nofollow noopener noreferrer\">\u70b9\u51fb\u6b64\u5904\u4e86\u89e3\u7a7a\u7f3a\u804c\u4f4d\u7684\u5de5\u4f5c\u65b9\u5f0f\uff01<\/a>\n\n<\/div>\n\n\n<p><strong>\u9811\u5f35\u3063\u3066<\/strong>!<\/p>\n\n<div style=\"font-size: 0px; height: 0px; line-height: 0px; margin: 0; padding: 0; clear: both;\"><\/div>","protected":false},"excerpt":{"rendered":"<p>Conhe\u00e7a o curso de japon\u00eas Programa Japon\u00eas Online do Sensei Luiz Rafael! \u3053\u3093\u306b\u3061\u306f! Est\u00e1 procurando um m\u00e9todo eficiente que te ensine do ZERO a ter um n\u00edvel de flu\u00eancia que possa consumir conte\u00fados totalmente em<\/p>","protected":false},"author":1,"featured_media":3155,"parent":0,"menu_order":0,"comment_status":"closed","ping_status":"closed","template":"","meta":{"footnotes":""},"class_list":["post-94","page","type-page","status-publish","has-post-thumbnail"],"jetpack-related-posts":[{"id":860,"url":"https:\/\/comoaprenderjapones.net\/zh_cn\/japones-expresso-curso-online-japones\/","url_meta":{"origin":94,"position":0},"title":"Japon\u00eas Expresso: Curso online de japon\u00eas","author":"Rafael Avelino","date":"14 de 11 \u6708 de 2016","format":false,"excerpt":"Conhe\u00e7a curso online japon\u00eas expresso promete te ajudar a sair do zero no idioma japon\u00eas e tamb\u00e9m para quem tem viagem marcada para o Jap\u00e3o. CURSO N\u00c3O EST\u00c1 DISPONIVEL. Conhe\u00e7a o curso Completo do Sensei Luiz Rafael o ???? Programa Japon\u00eas Online! Quem gosta da cultura japonesa, seja animes, mangas,\u2026","rel":"","context":"\u7c7b\u4f3c\u6587\u7ae0","block_context":{"text":"\u7c7b\u4f3c\u6587\u7ae0","link":""},"img":{"alt_text":"Japon\u00eas Expresso curso online de japon\u00eas","src":"https:\/\/i0.wp.com\/comoaprenderjapones.net\/wp-content\/uploads\/2016\/11\/Japones_Expresso.jpg?fit=1200%2C696&ssl=1&resize=350%2C200","width":350,"height":200,"srcset":"https:\/\/i0.wp.com\/comoaprenderjapones.net\/wp-content\/uploads\/2016\/11\/Japones_Expresso.jpg?fit=1200%2C696&ssl=1&resize=350%2C200 1x, https:\/\/i0.wp.com\/comoaprenderjapones.net\/wp-content\/uploads\/2016\/11\/Japones_Expresso.jpg?fit=1200%2C696&ssl=1&resize=525%2C300 1.5x, https:\/\/i0.wp.com\/comoaprenderjapones.net\/wp-content\/uploads\/2016\/11\/Japones_Expresso.jpg?fit=1200%2C696&ssl=1&resize=700%2C400 2x, https:\/\/i0.wp.com\/comoaprenderjapones.net\/wp-content\/uploads\/2016\/11\/Japones_Expresso.jpg?fit=1200%2C696&ssl=1&resize=1050%2C600 3x"},"classes":[]},{"id":4016,"url":"https:\/\/comoaprenderjapones.net\/zh_cn\/curso-japones-club-por-skdesu\/","url_meta":{"origin":94,"position":1},"title":"Curso Japon\u00eas Club por Skdesu","author":"Rafael Avelino","date":"2 de 2 \u6708 de 2023","format":false,"excerpt":"Advertorial Aprenda a L\u00edngua Japonesa com o Curso Japon\u00eas Club e Tenha a solu\u00e7\u00e3o definitiva para superar qualquer desafio! Mang\u00e1 Death Note Olha s\u00f3 o que voc\u00ea tem no Curso Japon\u00eas Club! + de 140 v\u00eddeo aulas em Alta Defini\u00e7\u00e3o Jogos e Atividades Interativas Pagamento \u00danico (N\u00e3o tem Mensalidades) Acesso\u2026","rel":"","context":"\u7c7b\u4f3c\u6587\u7ae0","block_context":{"text":"\u7c7b\u4f3c\u6587\u7ae0","link":""},"img":{"alt_text":"","src":"https:\/\/i0.wp.com\/comoaprenderjapones.net\/wp-content\/uploads\/2023\/02\/japones-club-advertorial.jpg?fit=1023%2C499&ssl=1&resize=350%2C200","width":350,"height":200,"srcset":"https:\/\/i0.wp.com\/comoaprenderjapones.net\/wp-content\/uploads\/2023\/02\/japones-club-advertorial.jpg?fit=1023%2C499&ssl=1&resize=350%2C200 1x, https:\/\/i0.wp.com\/comoaprenderjapones.net\/wp-content\/uploads\/2023\/02\/japones-club-advertorial.jpg?fit=1023%2C499&ssl=1&resize=525%2C300 1.5x, https:\/\/i0.wp.com\/comoaprenderjapones.net\/wp-content\/uploads\/2023\/02\/japones-club-advertorial.jpg?fit=1023%2C499&ssl=1&resize=700%2C400 2x"},"classes":[]},{"id":35,"url":"https:\/\/comoaprenderjapones.net\/zh_cn\/sobre\/","url_meta":{"origin":94,"position":2},"title":"\u5173\u4e8e","author":"Rafael Avelino","date":"24 de 8 \u6708 de 2014","format":false,"excerpt":"Ol\u00e1 Minna! Sou Rafael admin deste site, como vai? Muito obrigado por visitar este site que pretende passar dicas de como aprender japon\u00eas para quem est\u00e1 iniciando, assim como eu. Vamos tentar abordar tudo que possa ajudar no seu aprendizado do idioma japon\u00eas, que vai desde animes,m\u00fasicas,mangas e tamb\u00e9m o\u2026","rel":"","context":"\u7c7b\u4f3c\u6587\u7ae0","block_context":{"text":"\u7c7b\u4f3c\u6587\u7ae0","link":""},"img":{"alt_text":"","src":"","width":0,"height":0},"classes":[]},{"id":179,"url":"https:\/\/comoaprenderjapones.net\/zh_cn\/mapa-site\/","url_meta":{"origin":94,"position":3},"title":"Mapa do Site","author":"Rafael Avelino","date":"31 de 1 \u6708 de 2015","format":false,"excerpt":"Mapa do Site Veja todos os artigos publicados aqui no Como Aprender Japon\u00eas","rel":"","context":"\u7c7b\u4f3c\u6587\u7ae0","block_context":{"text":"\u7c7b\u4f3c\u6587\u7ae0","link":""},"img":{"alt_text":"","src":"","width":0,"height":0},"classes":[]},{"id":2786,"url":"https:\/\/comoaprenderjapones.net\/zh_cn\/acompanhe\/","url_meta":{"origin":94,"position":4},"title":"Acompanhe","author":"Rafael Avelino","date":"12 de 6 \u6708 de 2020","format":false,"excerpt":"Para n\u00e3o perder alguma novidade ou dica logo em seguida vou indicar v\u00e1rias op\u00e7\u00f5es para que voc\u00ea acompanhe o comoaprenderjapones.net da maneira que desejar e que mais goste. Acompanhe pelo Feed Um dos meios mais tradicionais para voc\u00ea receber as novidades instantaneamente quando algo \u00e9 publicado por aqui. Feed do\u2026","rel":"","context":"\u7c7b\u4f3c\u6587\u7ae0","block_context":{"text":"\u7c7b\u4f3c\u6587\u7ae0","link":""},"img":{"alt_text":"Acompanhe pelo Feedly o comoaprenderjapones.net","src":"https:\/\/i0.wp.com\/comoaprenderjapones.net\/wp-content\/uploads\/2020\/06\/feedly-follow.png?resize=350%2C200&ssl=1","width":350,"height":200},"classes":[]},{"id":9,"url":"https:\/\/comoaprenderjapones.net\/zh_cn\/politica-de-privacidade\/","url_meta":{"origin":94,"position":5},"title":"\u9690\u79c1\u653f\u7b56","author":"Rafael Avelino","date":"24 de 8 \u6708 de 2014","format":false,"excerpt":"Esta Pol\u00edtica de Privacidade foi elaborada visando zelar pela confidencialidade, privacidade e prote\u00e7\u00e3o dos dados pessoais dos visitantes deste site e dos usu\u00e1rios de nossos servi\u00e7os, protegendo essas informa\u00e7\u00f5es de perdas, uso impr\u00f3prio, acesso n\u00e3o autorizado, altera\u00e7\u00e3o e destrui\u00e7\u00e3o. 1. Coleta e Uso das Informa\u00e7\u00f5es O acesso a este Site\u2026","rel":"","context":"\u7c7b\u4f3c\u6587\u7ae0","block_context":{"text":"\u7c7b\u4f3c\u6587\u7ae0","link":""},"img":{"alt_text":"","src":"","width":0,"height":0},"classes":[]}],"jetpack_sharing_enabled":true,"amp_enabled":true,"_links":{"self":[{"href":"https:\/\/comoaprenderjapones.net\/zh_cn\/wp-json\/wp\/v2\/pages\/94","targetHints":{"allow":["GET"]}}],"collection":[{"href":"https:\/\/comoaprenderjapones.net\/zh_cn\/wp-json\/wp\/v2\/pages"}],"about":[{"href":"https:\/\/comoaprenderjapones.net\/zh_cn\/wp-json\/wp\/v2\/types\/page"}],"author":[{"embeddable":true,"href":"https:\/\/comoaprenderjapones.net\/zh_cn\/wp-json\/wp\/v2\/users\/1"}],"replies":[{"embeddable":true,"href":"https:\/\/comoaprenderjapones.net\/zh_cn\/wp-json\/wp\/v2\/comments?post=94"}],"version-history":[{"count":0,"href":"https:\/\/comoaprenderjapones.net\/zh_cn\/wp-json\/wp\/v2\/pages\/94\/revisions"}],"wp:featuredmedia":[{"embeddable":true,"href":"https:\/\/comoaprenderjapones.net\/zh_cn\/wp-json\/wp\/v2\/media\/3155"}],"wp:attachment":[{"href":"https:\/\/comoaprenderjapones.net\/zh_cn\/wp-json\/wp\/v2\/media?parent=94"}],"curies":[{"name":"wp","href":"https:\/\/api.w.org\/{rel}","templated":true}]}}